{"id":12606,"date":"2024-09-17T14:06:31","date_gmt":"2024-09-17T12:06:31","guid":{"rendered":"https:\/\/www.pewag.com\/?page_id=12606"},"modified":"2026-03-26T16:43:53","modified_gmt":"2026-03-26T15:43:53","slug":"odtlacok","status":"publish","type":"page","link":"https:\/\/www.pewag.com\/sk\/odtlacok\/","title":{"rendered":"Odtla\u010dok"},"content":{"rendered":"<div\n\tclass=\"scroll-my-24 wrapper-contained mt-0 mb-0 pt-0 pb-20 max-sm:pb-16 w-full\"\n\t>\n\t<\/div>\n\n<div\n\tclass=\"scroll-my-24 wrapper-contained mt-20 mb-4 pt-0 pb-0 w-full\"\n\t>\n\t<h2\tdata-slug=\"xn-tlaov-informcie-yjb2k32a\"\n\tclass=\"font-display text-balance font-synthesis-none scroll-m-20 break-words hyphens-auto text-6xl md:text-7xl leading-tight text-start text-black [&amp;&gt;a]:text-blue-700\"\n>\n\tTla\u010dov\u00e9 inform\u00e1cie<\/h2><\/div>\n\n<div\n\tclass=\"scroll-my-24 wrapper-contained mt-8 mb-4 pt-0 pb-0 w-full\"\n\t>\n\t<p class=\"font-sans [&amp;&gt;a]:underline font-synthesis-none break-words hyphens-auto text-base leading-normal text-start text-black [&amp;&gt;a]:text-blue-700\">\n\t<strong>Zodpovedn\u00fd za t\u00fato webov\u00fa str\u00e1nku<\/strong><br>pewag International GmbH<br>Schleppe-Platz 8<br>9020 Klagenfurt, Austria<br>Telef\u00f3n: +43 505011 &#8211; 0<br>Fax: +43 505011 &#8211; 400<br>E-mail: <a href=\"mailto:office-pwg(at)pewag-group.com\">office-pwg(at)pewag-group.com<\/a><br>Website: <a href=\"http:\/\/www.pewag-group.com\/\">www.pewag-group.com<\/a><br><br><strong>Pr\u00e1vne inform\u00e1cie<\/strong><br>Pr\u00e1vna forma: Gesellschaft mit beschr\u00e4nkter Haftung<br>S\u00eddlo: Klagenfurt<br>Obchodn\u00e9 \u010d\u00edslo: FN 142147 s<br>Registrov\u00fd s\u00fad: Krajsk\u00fd s\u00fad v Klagenfurte<br>Da\u0148ov\u00e9 identifika\u010dn\u00e9 \u010d\u00edslo: ATU40923809<br>Texty a obr\u00e1zky<br>\u00a9 pewag International GmbH<br><br><strong>Realiz\u00e1cia<\/strong><br>pewag International GmbH a <a href=\"http:\/\/engarde.net\/\">EN GARDE<\/a><\/p><\/div>\n\n<div\n\tclass=\"scroll-my-24 wrapper-contained mt-20 mb-4 pt-0 pb-0 w-full\"\n\t\t\tid=\"general-terms\"\n\t>\n\t<h2\tdata-slug=\"xn-veobecn-obchodn-podmienky-hici854a\"\n\tclass=\"font-display text-balance font-synthesis-none scroll-m-20 break-words hyphens-auto text-6xl md:text-7xl leading-tight text-start text-black [&amp;&gt;a]:text-blue-700\"\n>\n\tV\u0161eobecn\u00e9 obchodn\u00e9 podmienky<\/h2><\/div>\n\n<div\n\tclass=\"scroll-my-24 wrapper-contained mt-0 mb-4 pt-0 pb-20 w-full\"\n\t>\n\t<p class=\"font-sans [&amp;&gt;a]:underline font-synthesis-none break-words hyphens-auto text-base leading-normal text-start text-black [&amp;&gt;a]:text-blue-700\">\n\tNa tejto str\u00e1nke n\u00e1jdete v\u0161eobecn\u00e9 obchodn\u00e9 podmienky v\u0161etk\u00fdch prev\u00e1dzkovate\u013eov na www.pewag.com<br><br><strong><strong>V\u0161eobecn\u00e9 dodacie a platobn\u00e9 podmienky<\/strong><\/strong><br><a href=\"https:\/\/www.pewag.com\/wp-content\/uploads\/2026\/03\/2015-PCS_-Vseobecne-obchodni-podminky.pdf\" id=\"22579\">V\u0161eobecn\u00e9 obchodn\u00ed podm\u00ednky<\/a><br><a href=\"https:\/\/www.pewag.com\/wp-content\/uploads\/2026\/03\/CZ-garance-pewag-finalni-verze-cz1.pdf\" id=\"22580\">Garancni podminky<\/a><br><a href=\"https:\/\/www.pewag.com\/wp-content\/uploads\/2026\/03\/obchodni_podminky_pewag_czech.pdf\" id=\"22581\">Obchodn\u00ed Podm\u00ednky &#8211;  pewag Czech s.r.o.<br><\/a><a href=\"https:\/\/www.pewag.com\/wp-content\/uploads\/2024\/09\/GENERAL-TERMS-AND-CONDITIONS-OF-SALE-AND-DELIVERY-of-pewag-International-GmbH-.pdf\" target=\"_blank\" rel=\"noreferrer noopener\">General Terms of delivery and payment pewag International GmbH<br><\/a><a href=\"https:\/\/www.pewag.com\/wp-content\/uploads\/2024\/09\/GENERAL-TERMS-AND-CONDTIONS-OF-SALES-AND-DELIVERY-of-pewag-austria-GmbH-.pdf\" target=\"_blank\" rel=\"noreferrer noopener\">General Terms of delivery and payment pewag austria GmbH<br><\/a><a href=\"https:\/\/www.pewag.com\/wp-content\/uploads\/2024\/09\/GENERAL-TERMS-AND-CONDITIONS-OF-SALE-AND-DELIVERY-of-pewag-Schneeketten-GmbH-.pdf\" target=\"_blank\" rel=\"noreferrer noopener\">General Terms of delivery and payment pewag Schneeketten GmbH<br><\/a><a href=\"https:\/\/www.pewag.com\/wp-content\/uploads\/2024\/09\/GENERAL-TERMS-AND-CONDITIONS-OF-SALE-AND-DELIVERY-of-pewag-austria-Vertriebsgesellschaft-mbH-.pdf\" target=\"_blank\" rel=\"noreferrer noopener\">General Terms of delivery and payment pewag austria Vertriebsgesellschaft GmbH<br><\/a><a href=\"https:\/\/www.pewag.com\/wp-content\/uploads\/2024\/09\/General-Terms-and-Conditions-of-Supply-of-pewag-engineering-GmbH-.pdf\" target=\"_blank\" rel=\"noreferrer noopener\">General Terms of delivery and payment pewag Engineering GmbH<br><\/a><br><strong><strong>V\u0161eobecn\u00e9 n\u00e1kupn\u00e9 podmienky<\/strong><\/strong><br><a href=\"https:\/\/www.pewag.com\/wp-content\/uploads\/2024\/09\/GENERAL-TERMS-AND-CONDITIONS-OF-PURCHASE-of-pewag-International-GmbH-.pdf\" target=\"_blank\" rel=\"noreferrer noopener\">General Terms of purchasing pewag International GmbH<\/a><br><a href=\"https:\/\/www.pewag.com\/wp-content\/uploads\/2024\/11\/General-Terms-and-conditions_Purchasing_PWA-rein.pdf\" target=\"_blank\" rel=\"noreferrer noopener\">General Terms of purchasing pewag austria GmbH<br><\/a><a href=\"https:\/\/www.pewag.com\/wp-content\/uploads\/2024\/09\/GENERAL-TERMS-AND-CONDITIONS-OF-PURCHASE-of-pewag-Schneeketten-GmbH-.pdf\" target=\"_blank\" rel=\"noreferrer noopener\">General Terms of purchasing pewag Schneeketten GmbH<\/a><br><a href=\"https:\/\/www.pewag.com\/wp-content\/uploads\/2024\/09\/GENERAL-TERMS-AND-CONDITIONS-OF-PURCHASE-of-pewag-austria-Vertriebsgesellschaft-mbH-.pdf\" target=\"_blank\" rel=\"noreferrer noopener\">General Terms of purchasing pewag austria Vertriebs GmbH<\/a><br><a href=\"https:\/\/www.pewag.com\/wp-content\/uploads\/2024\/09\/GENERAL-PURCHASE-CONDITIONS-of-pewag-engineering-GmbH-.pdf\" target=\"_blank\" rel=\"noreferrer noopener\">General Terms of purchasing pewag Engineering GmbH<\/a><\/p><\/div>","protected":false},"excerpt":{"rendered":"","protected":false},"author":8,"featured_media":0,"parent":0,"menu_order":0,"comment_status":"closed","ping_status":"closed","template":"","meta":{"pewag_navigation_theme_dark_use":true,"footnotes":""},"content-types":[27],"class_list":["post-12606","page","type-page","status-publish","hentry","content-type-legal-content"],"yoast_head":"<!-- This site is optimized with the Yoast SEO plugin v27.4 - https:\/\/yoast.com\/product\/yoast-seo-wordpress\/ -->\n<title>Odtla\u010dok - pewag<\/title>\n<meta name=\"robots\" content=\"index, follow, max-snippet:-1, max-image-preview:large, max-video-preview:-1\" \/>\n<link rel=\"canonical\" href=\"https:\/\/www.pewag.com\/sk\/odtlacok\/\" \/>\n<meta property=\"og:locale\" content=\"sk_SK\" \/>\n<meta property=\"og:type\" content=\"article\" \/>\n<meta property=\"og:title\" content=\"Odtla\u010dok - pewag\" \/>\n<meta property=\"og:url\" content=\"https:\/\/www.pewag.com\/sk\/odtlacok\/\" \/>\n<meta property=\"og:site_name\" content=\"pewag\" \/>\n<meta property=\"article:modified_time\" content=\"2026-03-26T15:43:53+00:00\" \/>\n<meta name=\"twitter:card\" content=\"summary_large_image\" \/>\n<meta name=\"twitter:label1\" content=\"Est. reading time\" \/>\n\t<meta name=\"twitter:data1\" content=\"1 minute\" \/>\n<script type=\"application\/ld+json\" class=\"yoast-schema-graph\">{\"@context\":\"https:\\\/\\\/schema.org\",\"@graph\":[{\"@type\":\"WebPage\",\"@id\":\"https:\\\/\\\/www.pewag.com\\\/sk\\\/odtlacok\\\/\",\"url\":\"https:\\\/\\\/www.pewag.com\\\/sk\\\/odtlacok\\\/\",\"name\":\"Odtla\u010dok - pewag\",\"isPartOf\":{\"@id\":\"https:\\\/\\\/www.pewag.com\\\/#website\"},\"datePublished\":\"2024-09-17T12:06:31+00:00\",\"dateModified\":\"2026-03-26T15:43:53+00:00\",\"breadcrumb\":{\"@id\":\"https:\\\/\\\/www.pewag.com\\\/sk\\\/odtlacok\\\/#breadcrumb\"},\"inLanguage\":\"sk-SK\",\"potentialAction\":[{\"@type\":\"ReadAction\",\"target\":[\"https:\\\/\\\/www.pewag.com\\\/sk\\\/odtlacok\\\/\"]}]},{\"@type\":\"BreadcrumbList\",\"@id\":\"https:\\\/\\\/www.pewag.com\\\/sk\\\/odtlacok\\\/#breadcrumb\",\"itemListElement\":[{\"@type\":\"ListItem\",\"position\":1,\"name\":\"Home\",\"item\":\"https:\\\/\\\/www.pewag.com\\\/sk\\\/\"},{\"@type\":\"ListItem\",\"position\":2,\"name\":\"Odtla\u010dok\"}]},{\"@type\":\"WebSite\",\"@id\":\"https:\\\/\\\/www.pewag.com\\\/#website\",\"url\":\"https:\\\/\\\/www.pewag.com\\\/\",\"name\":\"pewag\",\"description\":\"\",\"potentialAction\":[{\"@type\":\"SearchAction\",\"target\":{\"@type\":\"EntryPoint\",\"urlTemplate\":\"https:\\\/\\\/www.pewag.com\\\/?s={search_term_string}\"},\"query-input\":{\"@type\":\"PropertyValueSpecification\",\"valueRequired\":true,\"valueName\":\"search_term_string\"}}],\"inLanguage\":\"sk-SK\"}]}<\/script>\n<!-- \/ Yoast SEO plugin. -->","yoast_head_json":{"title":"Odtla\u010dok - pewag","robots":{"index":"index","follow":"follow","max-snippet":"max-snippet:-1","max-image-preview":"max-image-preview:large","max-video-preview":"max-video-preview:-1"},"canonical":"https:\/\/www.pewag.com\/sk\/odtlacok\/","og_locale":"sk_SK","og_type":"article","og_title":"Odtla\u010dok - pewag","og_url":"https:\/\/www.pewag.com\/sk\/odtlacok\/","og_site_name":"pewag","article_modified_time":"2026-03-26T15:43:53+00:00","twitter_card":"summary_large_image","twitter_misc":{"Est. reading time":"1 minute"},"schema":{"@context":"https:\/\/schema.org","@graph":[{"@type":"WebPage","@id":"https:\/\/www.pewag.com\/sk\/odtlacok\/","url":"https:\/\/www.pewag.com\/sk\/odtlacok\/","name":"Odtla\u010dok - pewag","isPartOf":{"@id":"https:\/\/www.pewag.com\/#website"},"datePublished":"2024-09-17T12:06:31+00:00","dateModified":"2026-03-26T15:43:53+00:00","breadcrumb":{"@id":"https:\/\/www.pewag.com\/sk\/odtlacok\/#breadcrumb"},"inLanguage":"sk-SK","potentialAction":[{"@type":"ReadAction","target":["https:\/\/www.pewag.com\/sk\/odtlacok\/"]}]},{"@type":"BreadcrumbList","@id":"https:\/\/www.pewag.com\/sk\/odtlacok\/#breadcrumb","itemListElement":[{"@type":"ListItem","position":1,"name":"Home","item":"https:\/\/www.pewag.com\/sk\/"},{"@type":"ListItem","position":2,"name":"Odtla\u010dok"}]},{"@type":"WebSite","@id":"https:\/\/www.pewag.com\/#website","url":"https:\/\/www.pewag.com\/","name":"pewag","description":"","potentialAction":[{"@type":"SearchAction","target":{"@type":"EntryPoint","urlTemplate":"https:\/\/www.pewag.com\/?s={search_term_string}"},"query-input":{"@type":"PropertyValueSpecification","valueRequired":true,"valueName":"search_term_string"}}],"inLanguage":"sk-SK"}]}},"_links":{"self":[{"href":"https:\/\/www.pewag.com\/sk\/wp-json\/wp\/v2\/pages\/12606","targetHints":{"allow":["GET"]}}],"collection":[{"href":"https:\/\/www.pewag.com\/sk\/wp-json\/wp\/v2\/pages"}],"about":[{"href":"https:\/\/www.pewag.com\/sk\/wp-json\/wp\/v2\/types\/page"}],"author":[{"embeddable":true,"href":"https:\/\/www.pewag.com\/sk\/wp-json\/wp\/v2\/users\/8"}],"replies":[{"embeddable":true,"href":"https:\/\/www.pewag.com\/sk\/wp-json\/wp\/v2\/comments?post=12606"}],"version-history":[{"count":6,"href":"https:\/\/www.pewag.com\/sk\/wp-json\/wp\/v2\/pages\/12606\/revisions"}],"predecessor-version":[{"id":22686,"href":"https:\/\/www.pewag.com\/sk\/wp-json\/wp\/v2\/pages\/12606\/revisions\/22686"}],"wp:attachment":[{"href":"https:\/\/www.pewag.com\/sk\/wp-json\/wp\/v2\/media?parent=12606"}],"wp:term":[{"taxonomy":"content-type","embeddable":true,"href":"https:\/\/www.pewag.com\/sk\/wp-json\/wp\/v2\/content-types?post=12606"}],"curies":[{"name":"wp","href":"https:\/\/api.w.org\/{rel}","templated":true}]}}