{"id":12121,"date":"2024-08-26T13:32:08","date_gmt":"2024-08-26T11:32:08","guid":{"rendered":"https:\/\/www.pewag.com\/?page_id=12121"},"modified":"2025-01-23T15:45:45","modified_gmt":"2025-01-23T14:45:45","slug":"novinky","status":"publish","type":"page","link":"https:\/\/www.pewag.com\/sk\/o-nas\/novinky\/","title":{"rendered":"Novinky"},"content":{"rendered":"<div\n\tclass=\"scroll-my-24 bg-blue-50 wrapper-contained-wide mt-0 mb-0 pt-0 pb-8 w-full\"\n\t>\n\t<\/div>\n\n<div\n\tclass=\"scroll-my-24 bg-blue-50 wrapper-contained-wide mt-0 mb-0 pt-20 max-sm:pt-16 pb-8 w-full\"\n\t>\n\t<div class='text-md\/5 flex items-baseline gap-1.5 [&amp;&gt;*:nth-child(n+3)]:truncate text-gray-700'><a href='https:\/\/www.pewag.com\/sk\/' aria-label='Home link'>\n\t\t\t<svg xmlns='http:\/\/www.w3.org\/2000\/svg' width='12' height='12' viewBox='0 0 12 12' fill='none'><path d='M2 10.667h2v-4h4v4h2v-6l-4-3-4 3v6ZM.667 12V4L6 0l5.333 4v8H6.667V8H5.333v4H.667Z' fill='currentColor'\/><\/svg> <span><a href=\" https:\/\/www.pewag.com\/sk\/ \">Home<\/a><\/span>\n\t\t<\/a><\/div><\/div>\n\n<div\n\tclass=\"scroll-my-24 wrapper-contained-wide mt-12 max-sm:mt-8 mb-4 pt-0 pb-20 w-full\"\n\t>\n\t<div>\n\t\t\t<div class=\"flex flex-wrap gap-2 items-start\">\n\t\t\t<div class=\"flex flex-wrap items-center justify-between gap-y-8 mb-5\" >\n\t\n\t<div class=\"w-full flex flex-row flex-wrap gap-2\">\n\t\t<a\thref=\"?page=1&amp;year-filter=2024\"class=\"font-sans transition duration-300 flex w-fit items-center focus-visible:ring focus:outline-none text-lg disabled:cursor-default [&amp;&gt;svg]:flex-none max-w-full px-6 border [&amp;&gt;svg]:size-5 gap-2 py-2 rounded-full text-blue-800 border-gray-200 hover:text-blue-900 hover:border-gray-300 disabled:text-gray-300 disabled:border-gray-300 disabled:border focus-visible:ring-blue-500\/30 button\">\n\t\t\t<span class=\"min-w-0 break-words hyphens-auto\">2024<\/span>\n\t\n\t<\/a>\t<\/div>\n<\/div>\n\t\t\t<a\thref=\"https:\/\/www.pewag.com\/sk\/o-nas\/novinky\/\"class=\"font-sans transition duration-300 flex w-fit items-center focus-visible:ring focus:outline-none text-lg disabled:cursor-default [&amp;&gt;svg]:flex-none max-w-full px-8 border [&amp;&gt;svg]:size-5 gap-2 py-2 rounded-full text-white bg-red-700 border-red-700 hover:bg-red-800 hover:border-red-800 disabled:bg-gray-300 disabled:border-gray-300 focus-visible:ring-red-500\/30 button mb-5\">\n\t\t\t<span class=\"min-w-0 break-words hyphens-auto\">Reset<\/span>\n\t\n\t<\/a>\t\t<\/div>\n\t\n\t<div class=\"flex flex-wrap items-center justify-between gap-y-8 mb-5\" >\n\t\n\t<div class=\"w-full flex flex-row flex-wrap gap-2\">\n\t\t<a\thref=\"?page=1&amp;category-filter=175\"class=\"font-sans transition duration-300 flex w-fit items-center focus-visible:ring focus:outline-none text-lg disabled:cursor-default [&amp;&gt;svg]:flex-none max-w-full px-6 border [&amp;&gt;svg]:size-5 gap-2 py-2 rounded-full text-blue-800 border-gray-200 hover:text-blue-900 hover:border-gray-300 disabled:text-gray-300 disabled:border-gray-300 disabled:border focus-visible:ring-blue-500\/30 button\">\n\t\t\t<span class=\"min-w-0 break-words hyphens-auto\">Udr\u017eate\u013enos\u0165<\/span>\n\t\n\t<\/a><a\thref=\"?page=1&amp;category-filter=176\"class=\"font-sans transition duration-300 flex w-fit items-center focus-visible:ring focus:outline-none text-lg disabled:cursor-default [&amp;&gt;svg]:flex-none max-w-full px-6 border [&amp;&gt;svg]:size-5 gap-2 py-2 rounded-full text-blue-800 border-gray-200 hover:text-blue-900 hover:border-gray-300 disabled:text-gray-300 disabled:border-gray-300 disabled:border focus-visible:ring-blue-500\/30 button\">\n\t\t\t<span class=\"min-w-0 break-words hyphens-auto\">Kari\u00e9ra<\/span>\n\t\n\t<\/a><a\thref=\"?page=1&amp;category-filter=177\"class=\"font-sans transition duration-300 flex w-fit items-center focus-visible:ring focus:outline-none text-lg disabled:cursor-default [&amp;&gt;svg]:flex-none max-w-full px-6 border [&amp;&gt;svg]:size-5 gap-2 py-2 rounded-full text-blue-800 border-gray-200 hover:text-blue-900 hover:border-gray-300 disabled:text-gray-300 disabled:border-gray-300 disabled:border focus-visible:ring-blue-500\/30 button\">\n\t\t\t<span class=\"min-w-0 break-words hyphens-auto\">Inov\u00e1cie<\/span>\n\t\n\t<\/a>\t<\/div>\n<\/div>\n\t<div\n\t\tid=\"featured-content-es-98\"\n\t\tclass=\"grid gap-6 grid-cols-1 sm:grid-cols-2 md:grid-cols-3\"\n\t\taria-live=\"polite\"\n\t>\n\t\t<a class=\"w-full md:max-w-md overflow-hidden group text-start text-black\" href=\"https:\/\/www.pewag.com\/sk\/news\/tvorime-buducnost-zodpovednosti\/\">\n\t<picture\n\t\t\tclass=\"w-full !block bg-gray-100 overflow-hidden\"\n\t>\n\t\t\t\t\t\t\t\n\t<img\n\t\tsrc=\"https:\/\/www.pewag.com\/wp-content\/uploads\/2024\/11\/IMG_1584_bearb-1-1024x671.jpg\"\n\t\talt=\"\"\n\t\tclass=\"object-cover object-center w-full aspect-3\/2 group-hover:scale-110 transition-transform duration-300\"\n\t\/>\n<\/picture>\n\t<div class=\"py-4 pr-2\">\n\t\t<button\tclass=\"font-sans transition duration-300 flex w-fit items-center focus-visible:ring focus:outline-none text-lg disabled:cursor-default [&amp;&gt;svg]:flex-none max-w-full leading-tight cursor-pointer [&amp;&gt;svg]:size-6 gap-3 text-left button mt-2 !text-bold !font-display [&amp;&gt;svg]:size-5\">\n\t\t\t<span class=\"min-w-0 break-words hyphens-auto\">Tvor\u00edme bud\u00facnos\u0165 zodpovednosti<\/span>\n\t\n\t<svg xmlns='http:\/\/www.w3.org\/2000\/svg' width='24' height='24' viewBox='0 0 24 24' fill='none'><circle cx='12' cy='12' r='12' fill='#E20031'\/><path fill-rule='evenodd' clip-rule='evenodd' d='m13.757 6.697 4.773 4.773a.75.75 0 0 1 0 1.06l-4.773 4.774a.75.75 0 0 1-1.06-1.061l3.492-3.493H5.25v-1.5h10.94l-3.493-3.492a.75.75 0 1 1 1.06-1.061Z' fill='#fff'\/><\/svg><\/button><p class=\"font-sans [&amp;&gt;a]:underline font-synthesis-none break-words hyphens-auto text-base leading-normal mt-2\">\n\tV spolo\u010dnosti pewag (group) nie je udr\u017eate\u013enos\u0165 len amb\u00edciou &#8211; je to zodpovednos\u0165.<\/p>\t<\/div>\n<\/a><a class=\"w-full md:max-w-md overflow-hidden group text-start text-black\" href=\"https:\/\/www.pewag.com\/sk\/news\/pridajte-sa-k-pewagu-a-formujte-buducnost\/\">\n\t<picture\n\t\t\tclass=\"w-full !block bg-gray-100 overflow-hidden\"\n\t>\n\t\t\t\t\t\t\t\n\t<img\n\t\tsrc=\"https:\/\/www.pewag.com\/wp-content\/uploads\/2024\/11\/csm_Lehrling01_94a834ad9c.jpg\"\n\t\talt=\"\"\n\t\tclass=\"object-cover object-center w-full aspect-3\/2 group-hover:scale-110 transition-transform duration-300\"\n\t\/>\n<\/picture>\n\t<div class=\"py-4 pr-2\">\n\t\t<button\tclass=\"font-sans transition duration-300 flex w-fit items-center focus-visible:ring focus:outline-none text-lg disabled:cursor-default [&amp;&gt;svg]:flex-none max-w-full leading-tight cursor-pointer [&amp;&gt;svg]:size-6 gap-3 text-left button mt-2 !text-bold !font-display [&amp;&gt;svg]:size-5\">\n\t\t\t<span class=\"min-w-0 break-words hyphens-auto\">Pridajte sa k pewagu a formujte bud\u00facnos\u0165<\/span>\n\t\n\t<svg xmlns='http:\/\/www.w3.org\/2000\/svg' width='24' height='24' viewBox='0 0 24 24' fill='none'><circle cx='12' cy='12' r='12' fill='#E20031'\/><path fill-rule='evenodd' clip-rule='evenodd' d='m13.757 6.697 4.773 4.773a.75.75 0 0 1 0 1.06l-4.773 4.774a.75.75 0 0 1-1.06-1.061l3.492-3.493H5.25v-1.5h10.94l-3.493-3.492a.75.75 0 1 1 1.06-1.061Z' fill='#fff'\/><\/svg><\/button><p class=\"font-sans [&amp;&gt;a]:underline font-synthesis-none break-words hyphens-auto text-base leading-normal mt-2\">\n\tV spolo\u010dnosti pewag ver\u00edme, \u017ee inov\u00e1cie a remeseln\u00e1 zru\u010dnos\u0165 s\u00fa z\u00e1kladom \u00faspechu. <\/p>\t<\/div>\n<\/a><a class=\"w-full md:max-w-md overflow-hidden group text-start text-black\" href=\"https:\/\/www.pewag.com\/sk\/news\/inovacie-v-pewag\/\">\n\t<picture\n\t\t\tclass=\"w-full !block bg-gray-100 overflow-hidden\"\n\t>\n\t\t\t\t\t\t\t\n\t<img\n\t\tsrc=\"https:\/\/www.pewag.com\/wp-content\/uploads\/2024\/08\/928552495f37e7c33a3ce2567de52549.jpg\"\n\t\talt=\"\"\n\t\tclass=\"object-cover object-center w-full aspect-3\/2 group-hover:scale-110 transition-transform duration-300\"\n\t\/>\n<\/picture>\n\t<div class=\"py-4 pr-2\">\n\t\t<button\tclass=\"font-sans transition duration-300 flex w-fit items-center focus-visible:ring focus:outline-none text-lg disabled:cursor-default [&amp;&gt;svg]:flex-none max-w-full leading-tight cursor-pointer [&amp;&gt;svg]:size-6 gap-3 text-left button mt-2 !text-bold !font-display [&amp;&gt;svg]:size-5\">\n\t\t\t<span class=\"min-w-0 break-words hyphens-auto\">Inov\u00e1cie v pewag<\/span>\n\t\n\t<svg xmlns='http:\/\/www.w3.org\/2000\/svg' width='24' height='24' viewBox='0 0 24 24' fill='none'><circle cx='12' cy='12' r='12' fill='#E20031'\/><path fill-rule='evenodd' clip-rule='evenodd' d='m13.757 6.697 4.773 4.773a.75.75 0 0 1 0 1.06l-4.773 4.774a.75.75 0 0 1-1.06-1.061l3.492-3.493H5.25v-1.5h10.94l-3.493-3.492a.75.75 0 1 1 1.06-1.061Z' fill='#fff'\/><\/svg><\/button><p class=\"font-sans [&amp;&gt;a]:underline font-synthesis-none break-words hyphens-auto text-base leading-normal mt-2\">\n\tV spolo\u010dnosti pewag je n\u00e1\u0161 inovat\u00edvny duch poh\u00e1\u0148an\u00fd hlbok\u00fdm pochopen\u00edm n\u00e1\u0161ho dedi\u010dstva. <\/p>\t<\/div>\n<\/a>\t<\/div>\n\n\t\n\t\n\t<\/div><\/div>","protected":false},"excerpt":{"rendered":"","protected":false},"author":8,"featured_media":0,"parent":12074,"menu_order":0,"comment_status":"closed","ping_status":"closed","template":"","meta":{"pewag_navigation_theme_dark_use":true,"footnotes":""},"content-types":[24],"class_list":["post-12121","page","type-page","status-publish","hentry","content-type-about-pewag"],"yoast_head":"<!-- This site is optimized with the Yoast SEO plugin v27.2 - https:\/\/yoast.com\/product\/yoast-seo-wordpress\/ -->\n<title>Novinky - pewag<\/title>\n<meta name=\"robots\" content=\"index, follow, max-snippet:-1, max-image-preview:large, max-video-preview:-1\" \/>\n<link rel=\"canonical\" href=\"https:\/\/www.pewag.com\/sk\/o-nas\/novinky\/\" \/>\n<meta property=\"og:locale\" content=\"sk_SK\" \/>\n<meta property=\"og:type\" content=\"article\" \/>\n<meta property=\"og:title\" content=\"Novinky - pewag\" \/>\n<meta property=\"og:url\" content=\"https:\/\/www.pewag.com\/sk\/o-nas\/novinky\/\" \/>\n<meta property=\"og:site_name\" content=\"pewag\" \/>\n<meta property=\"article:modified_time\" content=\"2025-01-23T14:45:45+00:00\" \/>\n<meta name=\"twitter:card\" content=\"summary_large_image\" \/>\n<meta name=\"twitter:label1\" content=\"Est. reading time\" \/>\n\t<meta name=\"twitter:data1\" content=\"2 minutes\" \/>\n<script type=\"application\/ld+json\" class=\"yoast-schema-graph\">{\"@context\":\"https:\/\/schema.org\",\"@graph\":[{\"@type\":\"WebPage\",\"@id\":\"https:\/\/www.pewag.com\/sk\/o-nas\/novinky\/\",\"url\":\"https:\/\/www.pewag.com\/sk\/o-nas\/novinky\/\",\"name\":\"Novinky - pewag\",\"isPartOf\":{\"@id\":\"https:\/\/www.pewag.com\/#website\"},\"datePublished\":\"2024-08-26T11:32:08+00:00\",\"dateModified\":\"2025-01-23T14:45:45+00:00\",\"breadcrumb\":{\"@id\":\"https:\/\/www.pewag.com\/sk\/o-nas\/novinky\/#breadcrumb\"},\"inLanguage\":\"sk-SK\",\"potentialAction\":[{\"@type\":\"ReadAction\",\"target\":[\"https:\/\/www.pewag.com\/sk\/o-nas\/novinky\/\"]}]},{\"@type\":\"BreadcrumbList\",\"@id\":\"https:\/\/www.pewag.com\/sk\/o-nas\/novinky\/#breadcrumb\",\"itemListElement\":[{\"@type\":\"ListItem\",\"position\":1,\"name\":\"Home\",\"item\":\"https:\/\/www.pewag.com\/sk\/\"},{\"@type\":\"ListItem\",\"position\":2,\"name\":\"O n\u00e1s\",\"item\":\"https:\/\/www.pewag.com\/sk\/o-nas\/\"},{\"@type\":\"ListItem\",\"position\":3,\"name\":\"Novinky\"}]},{\"@type\":\"WebSite\",\"@id\":\"https:\/\/www.pewag.com\/#website\",\"url\":\"https:\/\/www.pewag.com\/\",\"name\":\"pewag\",\"description\":\"\",\"potentialAction\":[{\"@type\":\"SearchAction\",\"target\":{\"@type\":\"EntryPoint\",\"urlTemplate\":\"https:\/\/www.pewag.com\/?s={search_term_string}\"},\"query-input\":{\"@type\":\"PropertyValueSpecification\",\"valueRequired\":true,\"valueName\":\"search_term_string\"}}],\"inLanguage\":\"sk-SK\"}]}<\/script>\n<!-- \/ Yoast SEO plugin. -->","yoast_head_json":{"title":"Novinky - pewag","robots":{"index":"index","follow":"follow","max-snippet":"max-snippet:-1","max-image-preview":"max-image-preview:large","max-video-preview":"max-video-preview:-1"},"canonical":"https:\/\/www.pewag.com\/sk\/o-nas\/novinky\/","og_locale":"sk_SK","og_type":"article","og_title":"Novinky - pewag","og_url":"https:\/\/www.pewag.com\/sk\/o-nas\/novinky\/","og_site_name":"pewag","article_modified_time":"2025-01-23T14:45:45+00:00","twitter_card":"summary_large_image","twitter_misc":{"Est. reading time":"2 minutes"},"schema":{"@context":"https:\/\/schema.org","@graph":[{"@type":"WebPage","@id":"https:\/\/www.pewag.com\/sk\/o-nas\/novinky\/","url":"https:\/\/www.pewag.com\/sk\/o-nas\/novinky\/","name":"Novinky - pewag","isPartOf":{"@id":"https:\/\/www.pewag.com\/#website"},"datePublished":"2024-08-26T11:32:08+00:00","dateModified":"2025-01-23T14:45:45+00:00","breadcrumb":{"@id":"https:\/\/www.pewag.com\/sk\/o-nas\/novinky\/#breadcrumb"},"inLanguage":"sk-SK","potentialAction":[{"@type":"ReadAction","target":["https:\/\/www.pewag.com\/sk\/o-nas\/novinky\/"]}]},{"@type":"BreadcrumbList","@id":"https:\/\/www.pewag.com\/sk\/o-nas\/novinky\/#breadcrumb","itemListElement":[{"@type":"ListItem","position":1,"name":"Home","item":"https:\/\/www.pewag.com\/sk\/"},{"@type":"ListItem","position":2,"name":"O n\u00e1s","item":"https:\/\/www.pewag.com\/sk\/o-nas\/"},{"@type":"ListItem","position":3,"name":"Novinky"}]},{"@type":"WebSite","@id":"https:\/\/www.pewag.com\/#website","url":"https:\/\/www.pewag.com\/","name":"pewag","description":"","potentialAction":[{"@type":"SearchAction","target":{"@type":"EntryPoint","urlTemplate":"https:\/\/www.pewag.com\/?s={search_term_string}"},"query-input":{"@type":"PropertyValueSpecification","valueRequired":true,"valueName":"search_term_string"}}],"inLanguage":"sk-SK"}]}},"_links":{"self":[{"href":"https:\/\/www.pewag.com\/sk\/wp-json\/wp\/v2\/pages\/12121","targetHints":{"allow":["GET"]}}],"collection":[{"href":"https:\/\/www.pewag.com\/sk\/wp-json\/wp\/v2\/pages"}],"about":[{"href":"https:\/\/www.pewag.com\/sk\/wp-json\/wp\/v2\/types\/page"}],"author":[{"embeddable":true,"href":"https:\/\/www.pewag.com\/sk\/wp-json\/wp\/v2\/users\/8"}],"replies":[{"embeddable":true,"href":"https:\/\/www.pewag.com\/sk\/wp-json\/wp\/v2\/comments?post=12121"}],"version-history":[{"count":2,"href":"https:\/\/www.pewag.com\/sk\/wp-json\/wp\/v2\/pages\/12121\/revisions"}],"predecessor-version":[{"id":13497,"href":"https:\/\/www.pewag.com\/sk\/wp-json\/wp\/v2\/pages\/12121\/revisions\/13497"}],"up":[{"embeddable":true,"href":"https:\/\/www.pewag.com\/sk\/wp-json\/wp\/v2\/pages\/12074"}],"wp:attachment":[{"href":"https:\/\/www.pewag.com\/sk\/wp-json\/wp\/v2\/media?parent=12121"}],"wp:term":[{"taxonomy":"content-type","embeddable":true,"href":"https:\/\/www.pewag.com\/sk\/wp-json\/wp\/v2\/content-types?post=12121"}],"curies":[{"name":"wp","href":"https:\/\/api.w.org\/{rel}","templated":true}]}}