{"id":12328,"date":"2024-09-17T14:30:33","date_gmt":"2024-09-17T12:30:33","guid":{"rendered":"https:\/\/www.pewag.com\/?page_id=12328"},"modified":"2026-04-27T12:01:10","modified_gmt":"2026-04-27T10:01:10","slug":"dataskyddspolicy","status":"publish","type":"page","link":"https:\/\/www.pewag.com\/se\/dataskyddspolicy\/","title":{"rendered":"Dataskyddspolicy"},"content":{"rendered":"<div\n\tclass=\"scroll-my-24 wrapper-contained mt-20 mb-4 pt-0 pb-0 w-full\"\n\t>\n\t<h2\tdata-slug=\"dataskyddspolicy\"\n\tclass=\"font-display text-balance font-synthesis-none scroll-m-20 break-words hyphens-auto text-6xl md:text-7xl leading-tight text-start text-black [&amp;&gt;a]:text-blue-700\"\n>\n\tDataskyddspolicy<\/h2><\/div>\n\n<div\n\tclass=\"scroll-my-24 wrapper-contained mt-8 mb-0 pt-0 pb-0 w-3\/4\"\n\t>\n\t<p class=\"font-sans [&amp;&gt;a]:underline font-synthesis-none break-words hyphens-auto text-base leading-normal text-start text-black [&amp;&gt;a]:text-blue-700\">\n\tCopyright \u00a9 av pewag International GmbH.<br>Alla r\u00e4ttigheter f\u00f6rbeh\u00e5llna, v\u00e4rlden \u00f6ver.<br><br><a href=\"https:\/\/www.pewag.com\/se\/impressum\/\" target=\"_blank\" rel=\"noreferrer noopener\">Impressum<\/a><br><br><strong>Integritetsmeddelande<\/strong><br>Denna webbplats hanteras av pewag International GmbH, Gaslaternenweg 4, 8041 Graz (&#8220;vi&#8221; eller &#8220;oss&#8221;). Detta meddelande beskriver hur vi som personuppgiftsansvarig behandlar dina personuppgifter i samband med denna webbplats.<br><br><strong>1. Vilka uppgifter om dig behandlar vi?<br><\/strong><br>Under ditt bes\u00f6k p\u00e5 denna webbplats kommer vi att samla in f\u00f6ljande information:<\/p><\/div>\n\n<div\n\tclass=\"scroll-my-24 wrapper-contained mt-0 mb-0 pt-0 pb-0 w-full\"\n\t>\n\t<ul\tclass=\"font-sans [&amp;&gt;a]:underline font-synthesis-none text-base leading-normal list-disc ml-[1.125em] marker:text-red-700 text-black\"\n>\n\t<li>datum och tid f\u00f6r \u00e5tkomst<\/li><li>din IP-adress<\/li><li>webbl\u00e4sarnamn och version<\/li><li>URL:en f\u00f6r webbplatsen du bes\u00f6kte innan<\/li><li>cookies (se avsnitt 2 nedan)<\/li><li>Information som du tillhandah\u00e5ller via kontaktformul\u00e4r eller genom att registrera dig i v\u00e5r webbutik<\/li><\/ul><\/div>\n\n<div\n\tclass=\"scroll-my-24 wrapper-contained mt-0 mb-4 pt-0 pb-0 w-3\/4\"\n\t>\n\t<p class=\"font-sans [&amp;&gt;a]:underline font-synthesis-none break-words hyphens-auto text-base leading-normal text-start text-black [&amp;&gt;a]:text-blue-700\">\n\tDet \u00e4r frivilligt att l\u00e4mna de beg\u00e4rda uppgifterna; dock kan utebliven information begr\u00e4nsa din m\u00f6jlighet att f\u00e5 \u00e5tkomst till vissa funktioner p\u00e5 webbplatsen<\/p><\/div>\n\n<div\n\tclass=\"scroll-my-24 wrapper-contained mt-8 mb-2 pt-0 pb-0 w-3\/4\"\n\t>\n\t<p class=\"font-sans [&amp;&gt;a]:underline font-synthesis-none break-words hyphens-auto text-base leading-normal text-start text-black [&amp;&gt;a]:text-blue-700\">\n\t<strong>2. Cookies<br><\/strong><br>Vi anv\u00e4nder cookies f\u00f6r att f\u00f6rb\u00e4ttra din upplevelse p\u00e5 v\u00e5r webbplats. En cookie \u00e4r en liten textfil som lagras p\u00e5 din dator. Dessa cookies hj\u00e4lper till att underl\u00e4tta navigeringen p\u00e5 webbplatsen, komma ih\u00e5g var du slutade och lagra preferenser f\u00f6r framtida bes\u00f6k. Cookies kan inte f\u00e5 \u00e5tkomst till eller \u00e4ndra n\u00e5gra data p\u00e5 din enhet.<\/p><\/div>\n\n<div\n\tclass=\"scroll-my-24 wrapper-contained mt-0 mb-2 pt-0 pb-2 w-full\"\n\t>\n\t<ul\tclass=\"font-sans [&amp;&gt;a]:underline font-synthesis-none text-base leading-normal list-disc ml-[1.125em] marker:text-red-700 text-black\"\n>\n\t<li>De flesta cookies \u00e4r sessionscookies och raderas n\u00e4r du l\u00e4mnar v\u00e5r webbplats.<\/li><li>Permanenta cookies f\u00f6rblir kvar tills de manuellt raderas i din webbl\u00e4sare och hj\u00e4lper oss att k\u00e4nna igen dig vid framtida bes\u00f6k.<\/li><\/ul><\/div>\n\n<div\n\tclass=\"scroll-my-24 wrapper-contained mt-0 mb-0 pt-0 pb-0 w-3\/4\"\n\t>\n\t<p class=\"font-sans [&amp;&gt;a]:underline font-synthesis-none break-words hyphens-auto text-base leading-normal text-start text-black [&amp;&gt;a]:text-blue-700\">\n\tF\u00f6r att hantera cookies, justera inst\u00e4llningarna i din webbl\u00e4sare f\u00f6r att ta emot aviseringar, blockera eller radera cookies. T\u00e4nk p\u00e5 att inaktivera cookies kan p\u00e5verka din onlineupplevelse och begr\u00e4nsa webbplatsens funktionalitet.<br><br>Vi anv\u00e4nder f\u00f6ljande typer av cookies:<\/p><\/div>\n\n<div\n\tclass=\"scroll-my-24 wrapper-contained mt-0 mb-4 pt-0 pb-0 w-full\"\n\t>\n\t<ul\tclass=\"font-sans [&amp;&gt;a]:underline font-synthesis-none text-base leading-normal list-disc ml-[1.125em] marker:text-red-700 text-black\"\n>\n\t<li>N\u00f6dv\u00e4ndiga cookies<\/li><li>Analyserande cookies<\/li><li>Marknadsf\u00f6ringscookies<\/li><\/ul><\/div>\n\n<div\n\tclass=\"scroll-my-24 wrapper-contained mt-8 mb-0 pt-0 pb-0 w-3\/4\"\n\t>\n\t<p class=\"font-sans [&amp;&gt;a]:underline font-synthesis-none break-words hyphens-auto text-base leading-normal text-start text-black [&amp;&gt;a]:text-blue-700\">\n\t<strong>2.1. Sociala medier och Meta Pixel<br><\/strong><br>Om du ger ditt samtycke anv\u00e4nder vi Meta Pixel, en tj\u00e4nst som tillhandah\u00e5lls av Meta (tidigare Facebook), p\u00e5 v\u00e5r webbplats f\u00f6r att analysera anv\u00e4ndarbeteende p\u00e5 v\u00e5r webbplats och visa riktad annonsering (s\u00e5 kallad &#8220;remarketing&#8221;) f\u00f6r produkter och tj\u00e4nster.<br>F\u00f6r detta syfte behandlar vi bland annat f\u00f6ljande data:<\/p><\/div>\n\n<div\n\tclass=\"scroll-my-24 wrapper-contained mt-0 mb-4 pt-0 pb-0 w-full\"\n\t>\n\t<ul\tclass=\"font-sans [&amp;&gt;a]:underline font-synthesis-none text-base leading-normal list-disc ml-[1.125em] marker:text-red-700 text-black\"\n>\n\t<li><strong>HTTP-headers<\/strong> \u2013 Allt som vanligtvis ing\u00e5r i HTTP-headers, ett standard webbprotokoll som skickas mellan varje webbl\u00e4sarf\u00f6rfr\u00e5gan och varje server p\u00e5 Internet. Denna information kan inkludera data som IP-adresser, information om webbl\u00e4saren, platsen f\u00f6r sidan, dokumentet, refereraren och personen som anv\u00e4nder webbplatsen.<\/li><li><strong>Pixel-specifika data<\/strong> \u2013 inkluderar pixel-ID och Meta Pixel-kakan.<\/li><li><strong>Klickdata p\u00e5 knappar<\/strong> \u2013 inkluderar alla knappar som har klickats p\u00e5 av webbplatsbes\u00f6kare, etiketter f\u00f6r dessa knappar och alla sidor som bes\u00f6kts som ett resultat av knappklick.<\/li><li><strong>Valfria v\u00e4rden<\/strong> \u2013 Utvecklare och marknadsf\u00f6rare kan frivilligt skicka ytterligare information om bes\u00f6ket genom konverteringssp\u00e5rning. Exempel p\u00e5 anpassade datah\u00e4ndelser inkluderar konverteringsv\u00e4rde, sidtyp och mer.<\/li><li><strong>F\u00e4ltnamn i formul\u00e4r<\/strong> \u2013 inkluderar webbplatsf\u00e4lt som \u2018e-post\u2019, \u2018adress\u2019, \u2018antal\u2019 n\u00e4r du k\u00f6per en produkt eller tj\u00e4nst. Vi samlar inte in f\u00e4ltv\u00e4rden om du inte tillhandah\u00e5ller dem som en del av avancerad matchning eller konverteringssp\u00e5rning.<\/li><\/ul><\/div>\n\n<div\n\tclass=\"scroll-my-24 wrapper-contained mt-8 mb-0 pt-0 pb-0 w-3\/4\"\n\t>\n\t<p class=\"font-sans [&amp;&gt;a]:underline font-synthesis-none break-words hyphens-auto text-base leading-normal text-start text-black [&amp;&gt;a]:text-blue-700\">\n\t<strong>K\u00e4lla: Meta Pixel<\/strong><br>Om du vill l\u00e4ra dig mer om den data som samlas in av Meta, <a href=\"https:\/\/www.facebook.com\/privacy\/policy?section_id=1-WhatInformationDoWe\">klicka h\u00e4r<\/a>.<\/p><\/div>\n\n<div\n\tclass=\"scroll-my-24 wrapper-contained mt-8 mb-0 pt-0 pb-0 w-3\/4\"\n\t>\n\t<p class=\"font-sans [&amp;&gt;a]:underline font-synthesis-none break-words hyphens-auto text-base leading-normal text-start text-black [&amp;&gt;a]:text-blue-700\">\n\t<strong>Juridisk grund<\/strong><br>De personuppgifter som beskrivs ovan behandlas p\u00e5 grundval av ditt samtycke i enlighet med artikel 6:1 a GDPR.<\/p><\/div>\n\n<div\n\tclass=\"scroll-my-24 wrapper-contained mt-8 mb-0 pt-0 pb-0 w-3\/4\"\n\t>\n\t<p class=\"font-sans [&amp;&gt;a]:underline font-synthesis-none break-words hyphens-auto text-base leading-normal text-start text-black [&amp;&gt;a]:text-blue-700\">\n\t<strong>Mottagare av data<\/strong><br>Dina personuppgifter behandlas i enlighet med g\u00e4llande dataskyddsregler av v\u00e5ra ansvariga avdelningar, som IT och marknadsf\u00f6ring, som beh\u00f6ver dessa data f\u00f6r att uppn\u00e5 det ovan n\u00e4mnda syftet. F\u00f6rutom v\u00e5ra egna anst\u00e4llda har \u00e4ven anst\u00e4llda hos marknadsf\u00f6ringsbyr\u00e5n Kungsbacka Reklambyr\u00e5 (Sverige) tillg\u00e5ng till dessa data. Dessa tj\u00e4nsteleverant\u00f6rer fungerar som databehandlare och behandlar data enbart p\u00e5 v\u00e5ra instruktioner och i enlighet med g\u00e4llande dataskyddsregler.<br>Vidare kan data \u00e4ven anv\u00e4ndas av Meta f\u00f6r sina egna \u00e4ndam\u00e5l, som att skapa anv\u00e4ndarprofiler. F\u00f6r mer information, v\u00e4nligen se <a href=\"https:\/\/www.facebook.com\/privacy\/policy\/?entry_point=data_policy_redirect&amp;entry=0\">Meta\u2019s personuppgiftspolicy<\/a>.<br>Den personuppgiftsansvarige inom EU, EES och Schweiz \u00e4r Meta Platforms Ireland Limited, Merrion Road<ins>,<\/ins> Dublin 4<ins>,<\/ins> D04 F228<ins>,<\/ins> County Dublin, Irland. F\u00f6r insamlingen av uppgifter via Meta Pixel och \u00f6verf\u00f6ringen till Meta \u00e4r vi och Meta gemensamt personuppgiftsansvariga (joint controllers) i enlighet med artikel 26 GDPR. De n\u00e4rmare villkoren f\u00f6r detta gemensamma ansvar regleras i Metas Controller Addendum.<\/p><\/div>\n\n<div\n\tclass=\"scroll-my-24 wrapper-contained mt-8 mb-0 pt-0 pb-0 w-3\/4\"\n\t>\n\t<p class=\"font-sans [&amp;&gt;a]:underline font-synthesis-none break-words hyphens-auto text-base leading-normal text-start text-black [&amp;&gt;a]:text-blue-700\">\n\t<strong>\u00d6verf\u00f6ring till tredje land<\/strong><br>Ingen data \u00f6verf\u00f6rs till l\u00e4nder utanf\u00f6r EU och EES, varken under v\u00e5r interna databehandling eller vid extern databehandling av v\u00e5ra databehandlare.<br>Vid anv\u00e4ndning av Meta Pixel kan data dock ocks\u00e5 \u00f6verf\u00f6ras till ett tredje land, s\u00e4rskilt till USA. Denna \u00f6verf\u00f6ring baseras i f\u00f6rsta hand p\u00e5 EU-US Data Privacy Framework, under vilket Meta Platforms, Inc. \u00e4r certifierat, samt kompletterande standardavtalsklausuler som antagits av Europeiska kommissionen. Dessa mekanismer syftar till att s\u00e4kerst\u00e4lla en skyddsniv\u00e5 som motsvarar den inom EU. Mer information finns h\u00e4r:<br><a href=\"https:\/\/www.facebook.com\/legal\/terms\/dataprocessing\">META CONTRACT ADDENDUM FOR THE TRANSFER OF EUROPEAN DATA<\/a><br><a href=\"https:\/\/www.facebook.com\/business\/help\/1001186684640957\">Transfer of data from the EU to the US by Meta | Meta Help Center for Businesses<\/a><br><a href=\"https:\/\/transparency.meta.com\/\">Transparency Center<\/a><\/p><\/div>\n\n<div\n\tclass=\"scroll-my-24 wrapper-contained mt-8 mb-0 pt-0 pb-0 w-3\/4\"\n\t>\n\t<p class=\"font-sans [&amp;&gt;a]:underline font-synthesis-none break-words hyphens-auto text-base leading-normal text-start text-black [&amp;&gt;a]:text-blue-700\">\n\t<strong>Lagring<\/strong><br>De data som samlas in av Meta Pixel lagras av Meta i enlighet med dess lagringspolicy och anv\u00e4nds f\u00f6r syften som m\u00e5lgruppsinriktning och annonsoptimering. De cookies som anv\u00e4nds f\u00f6r denna tj\u00e4nst har en livsl\u00e4ngd p\u00e5 90 dagar.<br>F\u00f6r mer detaljerad information om lagringstiden v\u00e4nligen <a href=\"https:\/\/www.facebook.com\/privacy\/policy\/?entry_point=data_policy_redirect&amp;entry=0\">se Meta\u2019s personuppgiftspolicy<\/a>.<\/p><\/div>\n\n<div\n\tclass=\"scroll-my-24 wrapper-contained mt-8 mb-0 pt-0 pb-0 w-3\/4\"\n\t>\n\t<p class=\"font-sans [&amp;&gt;a]:underline font-synthesis-none break-words hyphens-auto text-base leading-normal text-start text-black [&amp;&gt;a]:text-blue-700\">\n\t<strong>\u00c5terkallelse<\/strong><br>Du har r\u00e4tt att n\u00e4r som helst \u00e5terkalla ditt samtycke till behandlingen av dina personuppgifter. Du kan g\u00f6ra detta genom att justera dina cookie-inst\u00e4llningar p\u00e5 v\u00e5r webbplats eller genom att inaktivera anv\u00e4ndningen av personlig annonsering i ditt Meta-konto. \u00c5terkallelsen av samtycket p\u00e5verkar inte lagligheten av behandlingen som baseras p\u00e5 samtycke f\u00f6re dess \u00e5terkallelse.<\/p><\/div>\n\n<div\n\tclass=\"scroll-my-24 wrapper-contained mt-8 mb-0 pt-0 pb-0 w-3\/4\"\n\t>\n\t<p class=\"font-sans [&amp;&gt;a]:underline font-synthesis-none break-words hyphens-auto text-base leading-normal text-start text-black [&amp;&gt;a]:text-blue-700\">\n\t<strong>3. Syfte med databehandlingen<br><\/strong><br>Dina personuppgifter behandlas f\u00f6r f\u00f6ljande syften:<\/p><\/div>\n\n<div\n\tclass=\"scroll-my-24 wrapper-contained mt-0 mb-4 pt-0 pb-0 w-full\"\n\t>\n\t<ul\tclass=\"font-sans [&amp;&gt;a]:underline font-synthesis-none text-base leading-normal list-disc ml-[1.125em] marker:text-red-700 text-black\"\n>\n\t<li>Tillhandah\u00e5lla, f\u00f6rb\u00e4ttra och vidareutveckla v\u00e5r webbplats<\/li><li>Samla in anv\u00e4ndningsstatistik<\/li><li>Uppt\u00e4cka, f\u00f6rebygga och utreda \u00f6vertr\u00e4delser p\u00e5 webbplatsen<\/li><li>Svara p\u00e5 dina f\u00f6rfr\u00e5gningar<\/li><li>Identifiera dig som en webbl\u00e4sare eller kund i v\u00e5r webbutik<\/li><\/ul><\/div>\n\n<div\n\tclass=\"scroll-my-24 wrapper-contained mt-8 mb-0 pt-0 pb-0 w-3\/4\"\n\t>\n\t<p class=\"font-sans [&amp;&gt;a]:underline font-synthesis-none break-words hyphens-auto text-base leading-normal text-start text-black [&amp;&gt;a]:text-blue-700\">\n\t<br><strong>4. R\u00e4ttsliga grunder f\u00f6r behandling<br><\/strong><br>Behandlingen av dina personuppgifter baseras p\u00e5 v\u00e5ra legitima intressen enligt artikel 6(1)(f) i EU:s allm\u00e4nna dataskyddsf\u00f6rordning (GDPR), som beskrivs i avsnitt 3 ovan.<br><br><strong>5. \u00d6verf\u00f6ring av dina personuppgifter<br><\/strong><br>F\u00f6r de n\u00e4mnda syftena kan vi dela dina uppgifter med:<\/p><\/div>\n\n<div\n\tclass=\"scroll-my-24 wrapper-contained mt-0 mb-0 pt-0 pb-0 w-full\"\n\t>\n\t<ul\tclass=\"font-sans [&amp;&gt;a]:underline font-synthesis-none text-base leading-normal list-disc ml-[1.125em] marker:text-red-700 text-black\"\n>\n\t<li>IT-tj\u00e4nsteleverant\u00f6rer som vi anlitar<\/li><li>[Ytterligare kategorier av mottagare vid behov]<\/li><\/ul><\/div>\n\n<div\n\tclass=\"scroll-my-24 wrapper-contained mt-0 mb-0 pt-0 pb-0 w-3\/4\"\n\t>\n\t<p class=\"font-sans [&amp;&gt;a]:underline font-synthesis-none break-words hyphens-auto text-base leading-normal text-start text-black [&amp;&gt;a]:text-blue-700\">\n\t<br>Vissa mottagare kan vara bel\u00e4gna utanf\u00f6r ditt land. Vi \u00f6verf\u00f6r endast data till l\u00e4nder som EU-kommissionen anser ha adekvat dataskydd, eller s\u00e5 implementerar vi skydds\u00e5tg\u00e4rder s\u00e5som standardavtalsklausuler (2010\/87\/EC och\/eller 2004\/915\/EC). Dessa kan beg\u00e4ras via dataprotection@www.pewag.com.<br><br><strong>6. Lagringstid<br><\/strong><br>Vi beh\u00e5ller dina uppgifter i h\u00f6gst tre m\u00e5nader, om inte l\u00e4ngre lagring \u00e4r n\u00f6dv\u00e4ndig f\u00f6r att utreda \u00f6vertr\u00e4delser p\u00e5 webbplatsen. F\u00f6r registrerade anv\u00e4ndare lagrar vi uppgifter under hela kontots existens och d\u00e4refter endast s\u00e5 l\u00e4nge som lagligt kr\u00e4vs.<br><br><strong>7. Dina r\u00e4ttigheter i samband med personuppgifter<br><\/strong><br>Du har r\u00e4tt att:<\/p><\/div>\n\n<div\n\tclass=\"scroll-my-24 wrapper-contained mt-0 mb-4 pt-0 pb-0 w-full\"\n\t>\n\t<ul\tclass=\"font-sans [&amp;&gt;a]:underline font-synthesis-none text-base leading-normal list-disc ml-[1.125em] marker:text-red-700 text-black\"\n>\n\t<li>Bekr\u00e4fta om vi innehar dina personuppgifter och f\u00e5 kopior p\u00e5 dem<\/li><li>Beg\u00e4ra r\u00e4ttelse, \u00e4ndring eller radering av dina uppgifter om de \u00e4r felaktiga eller behandlas p\u00e5 ett olagligt s\u00e4tt<\/li><li>Beg\u00e4ra begr\u00e4nsning av behandlingen<\/li><li>F\u00e5 veta identiteterna p\u00e5 tredje parter till vilka dina uppgifter har \u00f6verf\u00f6rts<\/li><li>L\u00e4mna in ett klagom\u00e5l till den relevanta dataskyddsmyndigheten<\/li><\/ul><\/div>\n\n<div\n\tclass=\"scroll-my-24 wrapper-contained mt-8 mb-0 pt-0 pb-20 w-3\/4\"\n\t>\n\t<p class=\"font-sans [&amp;&gt;a]:underline font-synthesis-none break-words hyphens-auto text-base leading-normal text-start text-black [&amp;&gt;a]:text-blue-700\">\n\t<strong>8. V\u00e5r kontaktinformation<br><\/strong><br>F\u00f6r fr\u00e5gor eller funderingar g\u00e4llande dina personuppgifter, v\u00e4nligen kontakta oss:<br>pewag International GmbH<br>Gaslaternenweg 4, 8041 Graz, \u00d6sterrike<br>E-post: webmaster(at)www.pewag.com<br><br>F\u00f6r integritetsrelaterade fr\u00e5gor, v\u00e4nligen kontakta v\u00e5r dataskyddskoordinator: dataprotection(at)www.pewag.com.<br><br><strong>Senast uppdaterad: 20 maj 2018<\/strong><\/p><\/div>","protected":false},"excerpt":{"rendered":"","protected":false},"author":16,"featured_media":0,"parent":0,"menu_order":0,"comment_status":"closed","ping_status":"closed","template":"","meta":{"pewag_navigation_theme_dark_use":true,"footnotes":""},"content-types":[27],"class_list":["post-12328","page","type-page","status-publish","hentry","content-type-legal-content"],"yoast_head":"<!-- This site is optimized with the Yoast SEO plugin v27.4 - https:\/\/yoast.com\/product\/yoast-seo-wordpress\/ -->\n<title>Dataskyddspolicy - pewag<\/title>\n<meta name=\"robots\" content=\"index, follow, max-snippet:-1, max-image-preview:large, max-video-preview:-1\" \/>\n<link rel=\"canonical\" href=\"https:\/\/www.pewag.com\/se\/dataskyddspolicy\/\" \/>\n<meta property=\"og:locale\" content=\"sv_SE\" \/>\n<meta property=\"og:type\" content=\"article\" \/>\n<meta property=\"og:title\" content=\"Dataskyddspolicy - pewag\" \/>\n<meta property=\"og:url\" content=\"https:\/\/www.pewag.com\/se\/dataskyddspolicy\/\" \/>\n<meta property=\"og:site_name\" content=\"pewag\" \/>\n<meta property=\"article:modified_time\" content=\"2026-04-27T10:01:10+00:00\" \/>\n<meta name=\"twitter:card\" content=\"summary_large_image\" \/>\n<meta name=\"twitter:label1\" content=\"Est. reading time\" \/>\n\t<meta name=\"twitter:data1\" content=\"6 minutes\" \/>\n<script type=\"application\/ld+json\" class=\"yoast-schema-graph\">{\"@context\":\"https:\\\/\\\/schema.org\",\"@graph\":[{\"@type\":\"WebPage\",\"@id\":\"https:\\\/\\\/www.pewag.com\\\/se\\\/dataskyddspolicy\\\/\",\"url\":\"https:\\\/\\\/www.pewag.com\\\/se\\\/dataskyddspolicy\\\/\",\"name\":\"Dataskyddspolicy - pewag\",\"isPartOf\":{\"@id\":\"https:\\\/\\\/www.pewag.com\\\/#website\"},\"datePublished\":\"2024-09-17T12:30:33+00:00\",\"dateModified\":\"2026-04-27T10:01:10+00:00\",\"breadcrumb\":{\"@id\":\"https:\\\/\\\/www.pewag.com\\\/se\\\/dataskyddspolicy\\\/#breadcrumb\"},\"inLanguage\":\"se-SE\",\"potentialAction\":[{\"@type\":\"ReadAction\",\"target\":[\"https:\\\/\\\/www.pewag.com\\\/se\\\/dataskyddspolicy\\\/\"]}]},{\"@type\":\"BreadcrumbList\",\"@id\":\"https:\\\/\\\/www.pewag.com\\\/se\\\/dataskyddspolicy\\\/#breadcrumb\",\"itemListElement\":[{\"@type\":\"ListItem\",\"position\":1,\"name\":\"Home\",\"item\":\"https:\\\/\\\/www.pewag.com\\\/se\\\/\"},{\"@type\":\"ListItem\",\"position\":2,\"name\":\"Dataskyddspolicy\"}]},{\"@type\":\"WebSite\",\"@id\":\"https:\\\/\\\/www.pewag.com\\\/#website\",\"url\":\"https:\\\/\\\/www.pewag.com\\\/\",\"name\":\"pewag\",\"description\":\"\",\"potentialAction\":[{\"@type\":\"SearchAction\",\"target\":{\"@type\":\"EntryPoint\",\"urlTemplate\":\"https:\\\/\\\/www.pewag.com\\\/?s={search_term_string}\"},\"query-input\":{\"@type\":\"PropertyValueSpecification\",\"valueRequired\":true,\"valueName\":\"search_term_string\"}}],\"inLanguage\":\"se-SE\"}]}<\/script>\n<!-- \/ Yoast SEO plugin. -->","yoast_head_json":{"title":"Dataskyddspolicy - pewag","robots":{"index":"index","follow":"follow","max-snippet":"max-snippet:-1","max-image-preview":"max-image-preview:large","max-video-preview":"max-video-preview:-1"},"canonical":"https:\/\/www.pewag.com\/se\/dataskyddspolicy\/","og_locale":"sv_SE","og_type":"article","og_title":"Dataskyddspolicy - pewag","og_url":"https:\/\/www.pewag.com\/se\/dataskyddspolicy\/","og_site_name":"pewag","article_modified_time":"2026-04-27T10:01:10+00:00","twitter_card":"summary_large_image","twitter_misc":{"Est. reading time":"6 minutes"},"schema":{"@context":"https:\/\/schema.org","@graph":[{"@type":"WebPage","@id":"https:\/\/www.pewag.com\/se\/dataskyddspolicy\/","url":"https:\/\/www.pewag.com\/se\/dataskyddspolicy\/","name":"Dataskyddspolicy - pewag","isPartOf":{"@id":"https:\/\/www.pewag.com\/#website"},"datePublished":"2024-09-17T12:30:33+00:00","dateModified":"2026-04-27T10:01:10+00:00","breadcrumb":{"@id":"https:\/\/www.pewag.com\/se\/dataskyddspolicy\/#breadcrumb"},"inLanguage":"se-SE","potentialAction":[{"@type":"ReadAction","target":["https:\/\/www.pewag.com\/se\/dataskyddspolicy\/"]}]},{"@type":"BreadcrumbList","@id":"https:\/\/www.pewag.com\/se\/dataskyddspolicy\/#breadcrumb","itemListElement":[{"@type":"ListItem","position":1,"name":"Home","item":"https:\/\/www.pewag.com\/se\/"},{"@type":"ListItem","position":2,"name":"Dataskyddspolicy"}]},{"@type":"WebSite","@id":"https:\/\/www.pewag.com\/#website","url":"https:\/\/www.pewag.com\/","name":"pewag","description":"","potentialAction":[{"@type":"SearchAction","target":{"@type":"EntryPoint","urlTemplate":"https:\/\/www.pewag.com\/?s={search_term_string}"},"query-input":{"@type":"PropertyValueSpecification","valueRequired":true,"valueName":"search_term_string"}}],"inLanguage":"se-SE"}]}},"_links":{"self":[{"href":"https:\/\/www.pewag.com\/se\/wp-json\/wp\/v2\/pages\/12328","targetHints":{"allow":["GET"]}}],"collection":[{"href":"https:\/\/www.pewag.com\/se\/wp-json\/wp\/v2\/pages"}],"about":[{"href":"https:\/\/www.pewag.com\/se\/wp-json\/wp\/v2\/types\/page"}],"author":[{"embeddable":true,"href":"https:\/\/www.pewag.com\/se\/wp-json\/wp\/v2\/users\/16"}],"replies":[{"embeddable":true,"href":"https:\/\/www.pewag.com\/se\/wp-json\/wp\/v2\/comments?post=12328"}],"version-history":[{"count":4,"href":"https:\/\/www.pewag.com\/se\/wp-json\/wp\/v2\/pages\/12328\/revisions"}],"predecessor-version":[{"id":24292,"href":"https:\/\/www.pewag.com\/se\/wp-json\/wp\/v2\/pages\/12328\/revisions\/24292"}],"wp:attachment":[{"href":"https:\/\/www.pewag.com\/se\/wp-json\/wp\/v2\/media?parent=12328"}],"wp:term":[{"taxonomy":"content-type","embeddable":true,"href":"https:\/\/www.pewag.com\/se\/wp-json\/wp\/v2\/content-types?post=12328"}],"curies":[{"name":"wp","href":"https:\/\/api.w.org\/{rel}","templated":true}]}}