{"id":12401,"date":"2024-09-10T10:00:57","date_gmt":"2024-09-10T08:00:57","guid":{"rendered":"https:\/\/www.pewag.com\/?page_id=12401"},"modified":"2025-04-22T15:48:31","modified_gmt":"2025-04-22T13:48:31","slug":"petrol-si-gaze","status":"publish","type":"page","link":"https:\/\/www.pewag.com\/ro\/industrii\/petrol-si-gaze\/","title":{"rendered":"Petrol \u0219i gaze"},"content":{"rendered":"<div\n\tclass=\"scroll-my-24 bg-blue-900 wrapper-full mt-0 mb-0 pt-20 max-sm:pt-16 pb-8 w-full\"\n\t>\n\t<div class=\"grid md:grid-rows-1 md:grid-cols-[minmax(min-content,1fr)_1fr_1fr]\">\n\t<div class=\"px-4 md:px-10 pb-12 md:pb-24 grid md:flex md:flex-col grid-rows-1 grid-cols-4 order-2 md:order-none justify-end items-start\">\n\t\t<div class='text-md\/5 flex items-baseline gap-1.5 [&amp;&gt;*:nth-child(n+3)]:truncate text-gray-300 mb-4 md:mb-auto md:mt-4 col-span-4'><a href='https:\/\/www.pewag.com\/ro\/' aria-label='Home link'>\n\t\t\t<svg xmlns='http:\/\/www.w3.org\/2000\/svg' width='12' height='12' viewBox='0 0 12 12' fill='none'><path d='M2 10.667h2v-4h4v4h2v-6l-4-3-4 3v6ZM.667 12V4L6 0l5.333 4v8H6.667V8H5.333v4H.667Z' fill='currentColor'\/><\/svg> <span><a href=\" https:\/\/www.pewag.com\/ro\/ \">Home<\/a><\/span>\n\t\t<\/a><\/div><p class=\"font-sans [&amp;&gt;a]:underline font-synthesis-none break-words hyphens-auto text-3xl md:text-4xl lg:text-5xl leading-normal md:mb-2 col-start-1 col-span-3 text-blue-500\">\n\tPETROL \u0218I GAZE<\/p><h2\tdata-slug=\"xn-fiabilitate-n-medii-dificile-ffe\"\n\tclass=\"font-display text-balance font-synthesis-none scroll-m-20 break-words hyphens-auto text-9xl md:text-10xl lg:text-11xl leading-none col-start-1 col-span-3 text-white\"\n>\n\t<strong>Fiabilitate \u00een medii dificile<\/strong>.<\/h2><a\thref=\"https:\/\/www.pewag.com\/industries\/oil-gas\/#start\"class=\"font-sans transition duration-300 flex w-fit items-center focus-visible:ring focus:outline-none text-lg disabled:cursor-default [&amp;&gt;svg]:flex-none max-w-full px-6 border [&amp;&gt;svg]:size-5 gap-2 py-2 rounded-full text-white [&amp;&gt;svg]:text-red-700 border-white border-opacity-50 hover:text-blue-100 hover:border-opacity-100 disabled:text-gray-300 disabled:border-gray-300 disabled:border focus-visible:ring-blue-500\/30 button mt-6 col-start-1 col-span-3 justify-self-start\">\n\t\t\t<span class=\"min-w-0 break-words hyphens-auto\">Exploreaz\u0103<\/span>\n\t\n\t<svg width='24' height='24' viewBox='0 0 24 24' fill='none' xmlns='http:\/\/www.w3.org\/2000\/svg'><path d='M5 14.283 12 21l7-6.717' stroke='currentColor' stroke-width='2' stroke-linecap='round' stroke-linejoin='round' fill='none'\/><path stroke='currentColor' stroke-width='2' stroke-linecap='round' d='M12.032 19.733V4' fill='none'\/><\/svg><\/a>\t<\/div>\n\t<div class=\"video !aspect-square lg:h-[90vh] lg:w-full object-cover md:col-start-2 md:col-span-2 mb-5 md:mb-0\">\n\t\t\t<video\n\t\t\tclass=\"aspect-video object-cover w-full js-video\"\n\t\t\tloop autoplay playsinline muted\t\t\tpreload=\"metadata\"\n\t\t\tposter=\"\"\n\t\t\t\t\t>\n\t\t\t<source src=\"https:\/\/www.pewag.com\/wp-content\/uploads\/2024\/11\/oil-and-gas-industry-header.mp4\" type=\"video\/mp4\" \/>\n\n\t\t\t\t\t<\/video>\n\t\n\t<\/div><\/div><\/div>\n\n<div\n\tclass=\"scroll-my-24 bg-blue-900 wrapper-contained-wide mt-0 mb-0 pt-20 max-md:pt-16 max-sm:pt-8 pb-16 w-full\"\n\t\t\tid=\"start\"\n\t>\n\t<div class=\"grid grid-cols-8 md:grid-cols-5 md:gap-14\">\n\t<picture\n\t\t\tclass=\"col-span-7 md:translate-x-0 -translate-x-4 md:col-span-3\"\n\t>\n\t\t\t\t\t\t\t\n\t<img\n\t\tsrc=\"https:\/\/www.pewag.com\/wp-content\/uploads\/2024\/09\/shutterstock_598713761-small.jpg\"\n\t\talt=\"\"\n\t\tclass=\"object-cover aspect-3\/2 object-center\"\n\t\/>\n<\/picture>\n\t<div class=\"col-span-8 mt-8 md:mt-16 lg:mt-7 md:col-span-2\">\n\t\t\n<div\n\tclass=\"scroll-my-24 mt-0 mb-4 pt-0 pb-0 w-full\"\n\t>\n\t<svg xmlns='http:\/\/www.w3.org\/2000\/svg' width='40' height='11' viewBox='0 0 40 11' fill='none'><path d='M5.097 10.249c2.815 0 5.097-2.294 5.097-5.125C10.194 2.294 7.912 0 5.097 0 2.282 0 0 2.294 0 5.124c0 2.83 2.282 5.125 5.097 5.125Zm14.846 0c2.814 0 5.096-2.294 5.096-5.125C25.04 2.294 22.757 0 19.943 0c-2.815 0-5.097 2.294-5.097 5.124 0 2.83 2.282 5.125 5.097 5.125Zm14.961 0c2.814 0 5.096-2.294 5.096-5.125C40 2.294 37.718 0 34.904 0c-2.815 0-5.097 2.294-5.097 5.124 0 2.83 2.282 5.125 5.097 5.125Z' fill='#E4032E'\/><\/svg>\n<h2\tdata-slug=\"\"\n\tclass=\"font-display text-balance font-synthesis-none scroll-m-20 break-words hyphens-auto text-6xl md:text-7xl leading-tight text-start text-white [&amp;&gt;a]:text-blue-700 mt-2\"\n>\n\t<strong>Solu\u021bii de ridicare pentru condi\u021bii \u0219i aplica\u021bii extreme<\/strong><\/h2><\/div>\n\n<div\n\tclass=\"scroll-my-24 mt-0 mb-4 pt-0 pb-0 w-full\"\n\t>\n\t<p class=\"font-sans [&amp;&gt;a]:underline font-synthesis-none break-words hyphens-auto text-xl md:text-2xl leading-normal text-start text-white [&amp;&gt;a]:text-blue-700\">\n\tAplica\u021biile extreme \u0219i condi\u021biile meteorologice dificile din industria de petrol \u0219i gaze necesit\u0103 echipamente de ridicare de \u00eenalt\u0103 calitate. Produsele pewag sunt dezvoltate \u0219i fabricate pentru a \u00eendeplini cele mai \u00eenalte standarde de calitate, rezisten\u021b\u0103 \u0219i fiabilitate. Linia pewag winner offshore rezist\u0103 condi\u021biilor extreme, asigur\u00e2nd durabilitate \u0219i performan\u021b\u0103 chiar \u0219i la -40\u00b0C.<\/p><\/div>\n\t<\/div>\n<\/div><\/div>\n\n<div\n\tclass=\"scroll-my-24 bg-blue-900 wrapper-contained-wide mt-0 mb-4 pt-12 pb-20 w-full\"\n\t>\n\t<div\n\tclass=\"flex flex-col relative js-carousel\"\n\t\n\t\t\tdata-disable\n\t>\n\t\n\t<div class=\"overflow-hidden py-2 js-carousel-container\">\n\t\t<div class=\"grid grid-flow-col justify-items-center items-start *:select-none max-w-[90vw] md:max-w-auto gap-x-10\">\n\t\t\t\n<div class=\"max-w-52 w-max flex flex-col items-center justify-center text-center\" >\n\t\t\t<img\n\t\t\tsrc=\"https:\/\/www.pewag.com\/wp-content\/uploads\/2024\/11\/USP-Icons-FIN_Handwerk-Kopie.png\"\n\t\t\talt=\"\"\n\t\t\tclass=\"object-cover mb-5 mx-auto max-w-20 aspect-[3\/4]\"\n\t\t\/>\n\t\t\n\t<p class=\"font-sans [&amp;&gt;a]:underline font-synthesis-none break-words hyphens-auto text-base leading-normal transition duration-300 max-w-52 w-max text-white group-hover:text-blue-200\">\n\tArtizanat \u0219i inova\u021bie<\/p><\/div>\n\n<div class=\"max-w-52 w-max flex flex-col items-center justify-center text-center\" >\n\t\t\t<img\n\t\t\tsrc=\"https:\/\/www.pewag.com\/wp-content\/uploads\/2024\/11\/USP-Icons-FIN_Premium-Quality-Materials-Kopie.png\"\n\t\t\talt=\"\"\n\t\t\tclass=\"object-cover mb-5 mx-auto max-w-20 aspect-[3\/4]\"\n\t\t\/>\n\t\t\n\t<p class=\"font-sans [&amp;&gt;a]:underline font-synthesis-none break-words hyphens-auto text-base leading-normal transition duration-300 max-w-52 w-max text-white group-hover:text-blue-200\">\n\tMateriale de \u00eenalt\u0103 calitate<\/p><\/div>\n\n<div class=\"max-w-52 w-max flex flex-col items-center justify-center text-center\" >\n\t\t\t<img\n\t\t\tsrc=\"https:\/\/www.pewag.com\/wp-content\/uploads\/2024\/11\/USP-Icons-FIN_Qualitatsstandards-Kopie.png\"\n\t\t\talt=\"\"\n\t\t\tclass=\"object-cover mb-5 mx-auto max-w-20 aspect-[3\/4]\"\n\t\t\/>\n\t\t\n\t<p class=\"font-sans [&amp;&gt;a]:underline font-synthesis-none break-words hyphens-auto text-base leading-normal transition duration-300 max-w-52 w-max text-white group-hover:text-blue-200\">\n\tCele mai \u00eenalte standarde de calitate<\/p><\/div>\n\n<div class=\"max-w-52 w-max flex flex-col items-center justify-center text-center\" >\n\t\t\t<img\n\t\t\tsrc=\"https:\/\/www.pewag.com\/wp-content\/uploads\/2024\/11\/USP-Icons-FIN_Sustainability-Responsible-business-practice-Kopie.png\"\n\t\t\talt=\"\"\n\t\t\tclass=\"object-cover mb-5 mx-auto max-w-20 aspect-[3\/4]\"\n\t\t\/>\n\t\t\n\t<p class=\"font-sans [&amp;&gt;a]:underline font-synthesis-none break-words hyphens-auto text-base leading-normal transition duration-300 max-w-52 w-max text-white group-hover:text-blue-200\">\n\tProcese durabile<\/p><\/div>\n\n<div class=\"max-w-52 w-max flex flex-col items-center justify-center text-center\" >\n\t\t\t<img\n\t\t\tsrc=\"https:\/\/www.pewag.com\/wp-content\/uploads\/2024\/11\/USP-Icons-FIN_Partnerschaft-Kopie.png\"\n\t\t\talt=\"\"\n\t\t\tclass=\"object-cover mb-5 mx-auto max-w-20 aspect-[3\/4]\"\n\t\t\/>\n\t\t\n\t<p class=\"font-sans [&amp;&gt;a]:underline font-synthesis-none break-words hyphens-auto text-base leading-normal transition duration-300 max-w-52 w-max text-white group-hover:text-blue-200\">\n\tPartener de \u00eencredere<\/p><\/div>\n\t\t<\/div>\n\t<\/div>\n\t\n<\/div><\/div>\n\n<div\n\tclass=\"scroll-my-24 wrapper-contained mt-12 mb-0 pt-0 pb-0 w-full\"\n\t>\n\t<div class=\"grid grid-cols-1 max-sm:grid-cols-1 gap-y-4 gap-x-4\" >\n\t\n<div class=\"flex flex-col col-start-1 max-sm:col-start-1 max-md:col-start-1 col-end-span-1 max-sm:col-end-span-1 max-md:col-end-span-1 row-end-span-1 justify-stretch h-full [&amp;&gt;*:only-child]:h-full items-stretch w-full [&amp;&gt;*:only-child]:w-full pl-0 pr-0 pt-0 pb-0 bg-gradient-to-r overflow-visible\" >\n\t\n<div\n\tclass=\"scroll-my-24 mt-0 mb-0 pt-0 pb-0 w-full\"\n\t>\n\t<h2\tdata-slug=\"xn-de-ce-s-avei-ncredere-n-pewag-liej62he41b\"\n\tclass=\"font-display text-balance font-synthesis-none scroll-m-20 break-words hyphens-auto text-3xl md:text-4xl lg:text-5xl leading-normal text-start text-blue-900 [&amp;&gt;a]:text-blue-700\"\n>\n\t<strong>De ce s\u0103 ave\u021bi \u00eencredere \u00een pewag<\/strong><\/h2><\/div>\n<\/div>\n<\/div><\/div>\n\n<div\n\tclass=\"scroll-my-24 wrapper-contained mt-8 mb-20 pt-0 pb-0 w-full\"\n\t>\n\t<div class=\"grid grid-cols-2 max-sm:grid-cols-1 gap-x-8\" >\n\t\n<div class=\"flex flex-col col-start-1 max-sm:col-start-1 col-end-span-1 max-sm:col-end-span-1 row-end-span-1 justify-stretch h-full [&amp;&gt;*:only-child]:h-full items-stretch w-full [&amp;&gt;*:only-child]:w-full pl-0 pr-0 pt-0 pb-0 bg-gradient-to-r overflow-visible\" >\n\t\n<div\n\tclass=\"scroll-my-24 mt-0 mb-0 pt-0 pb-0 w-full\"\n\t>\n\t<ul\tclass=\"font-sans [&amp;&gt;a]:underline font-synthesis-none text-xl md:text-2xl leading-normal list-[&#039;\u2713_&#039;] ml-[1em] marker:text-red-700 text-black\"\n>\n\t<li><strong>Fabricat \u00een Europa.<\/strong> Dezvoltat \u0219i fabricat \u00een Europa<\/li><li><strong>Calitate excep\u021bional\u0103.<\/strong> O\u021bel de calitate superioar\u0103<\/li><li><strong>Durabilitate \u0219i longevitate.<\/strong> Materiale de \u00eenalt\u0103 calitate<\/li><li><strong>Risc redus.<\/strong> Fragilizarea hidrogenului \u0219i coroziunea<\/li><li><strong>Procese de produc\u021bie inovatoare.<\/strong> Sablare \u0219i galvanizare<\/li><\/ul><\/div>\n<\/div>\n\n<div class=\"flex flex-col col-start-2 max-sm:col-start-1 col-end-span-1 max-sm:col-end-span-1 row-end-span-2 justify-stretch h-full [&amp;&gt;*:only-child]:h-full items-stretch w-full [&amp;&gt;*:only-child]:w-full pl-0 pr-0 pt-0 pb-0 bg-gradient-to-r overflow-visible\" >\n\t\n<div\n\tclass=\"scroll-my-24 mt-0 mb-0 pt-0 pb-0 w-full\"\n\t>\n\t<ul\tclass=\"font-sans [&amp;&gt;a]:underline font-synthesis-none text-xl md:text-2xl leading-normal list-[&#039;\u2713_&#039;] ml-[1em] marker:text-red-700 text-black\"\n>\n\t<li><strong>Prelungirea duratei de via\u021b\u0103 a produsului.<\/strong> Mai pu\u021bin\u0103 \u00eentre\u021binere \u00een condi\u021bii de mediu dificile<\/li><li><strong>Calitate \u0219i performan\u021b\u0103.<\/strong> Monitorizare constant\u0103<\/li><li><strong>Siguran\u021b\u0103.<\/strong> \u00cendeplinirea tuturor cerin\u021belor critice de siguran\u021b\u0103<\/li><\/ul><\/div>\n<\/div>\n<\/div><\/div>\n\n<div\n\tclass=\"scroll-my-24 wrapper-contained !hidden mt-8 mb-12 pt-0 pb-0 w-full\"\n\t>\n\t<h2\tdata-slug=\"xn-pewag-soluii-pentru-petrol-i-gaze-8br0e\"\n\tclass=\"font-display text-balance font-synthesis-none scroll-m-20 break-words hyphens-auto text-3xl md:text-4xl lg:text-5xl leading-normal text-start text-blue-900 [&amp;&gt;a]:text-blue-700\"\n>\n\t<strong>pewag solu\u021bii pentru petrol \u0219i gaze<\/strong><\/h2><\/div>\n\n<div\n\tclass=\"scroll-my-24 wrapper-contained-wide !hidden mt-0 mb-8 pt-0 pb-0 w-full\"\n\t>\n\t<div class=\"grid grid-cols-3 max-sm:grid-cols-1 gap-y-4 gap-x-4\" >\n\t\n<div class=\"flex flex-col col-start-1 max-sm:col-start-1 col-end-span-1 max-sm:col-end-span-1 row-end-span-1 justify-stretch h-full [&amp;&gt;*:only-child]:h-full items-stretch w-full [&amp;&gt;*:only-child]:w-full pl-0 pr-0 pt-0 pb-0 bg-gradient-to-r overflow-visible\" >\n\t\n<div\n\tclass=\"scroll-my-24 !grid mt-0 mb-4 pt-0 pb-0 w-full\"\n\t>\n\t<a class=\"grid grid-cols-1 grid-rows-1 w-full overflow-hidden group\" href=\"https:\/\/shop.pewag.com\/ro\/\">\n\t<picture\n\t\t\tclass=\"w-full h-full row-start-1 col-start-1 col-span-1 row-span-1 object-cover overflow-hidden !block\"\n\t>\n\t\t\t\t\t\t\t\n\t<img\n\t\tsrc=\"https:\/\/www.pewag.com\/wp-content\/uploads\/2024\/11\/Shop-GIF-blau-sharp.gif\"\n\t\talt=\"\"\n\t\tclass=\"object-cover aspect-5\/4 size-full object-center group-hover:scale-110 transition-transform duration-300\"\n\t\/>\n<\/picture><button\tclass=\"font-sans transition duration-300 flex w-fit items-center focus-visible:ring focus:outline-none text-lg disabled:cursor-default [&amp;&gt;svg]:flex-none max-w-full leading-tight cursor-pointer [&amp;&gt;svg]:size-6 gap-3 text-left text-blue-900 hover:text-blue-700 button row-start-1 col-start-1 col-span-1 row-span-1 justify-self-center font-display text-white hover:!text-white font-bold text-left mb-2 !text-8xl md:!text-11xl [&amp;&gt;svg]:size-8 md:[&amp;&gt;svg]:size-11 z-10 p-4 md:p-8 w-max\">\n\t\t\t<span class=\"min-w-0 break-words hyphens-auto\">Produse<\/span>\n\t\n\t<svg xmlns='http:\/\/www.w3.org\/2000\/svg' width='24' height='24' viewBox='0 0 24 24' fill='none'><circle cx='12' cy='12' r='12' fill='#E20031'\/><path fill-rule='evenodd' clip-rule='evenodd' d='m13.757 6.697 4.773 4.773a.75.75 0 0 1 0 1.06l-4.773 4.774a.75.75 0 0 1-1.06-1.061l3.492-3.493H5.25v-1.5h10.94l-3.493-3.492a.75.75 0 1 1 1.06-1.061Z' fill='#fff'\/><\/svg><\/button><\/a><\/div>\n\n<div\n\tclass=\"scroll-my-24 mt-0 mb-2 pt-0 pb-0 w-full\"\n\t>\n\t<a class=\"grid grid-cols-1 grid-rows-2 w-full overflow-hidden group\" href=\"https:\/\/www.pewag.com\/ro\/despre-noi\/traditie-si-inovatie\/\">\n\t<picture\n\t\t\tclass=\"w-full h-full row-start-1 col-start-1 col-span-1 row-span-2 object-cover overflow-hidden !block -z-10\"\n\t>\n\t\t\t\t\t\t\t\n\t<img\n\t\tsrc=\"https:\/\/www.pewag.com\/wp-content\/uploads\/2024\/09\/startpage-bento4-placeholder.jpg\"\n\t\talt=\"\"\n\t\tclass=\"object-cover aspect-5\/4 size-full object-center group-hover:scale-110 transition-transform duration-300\"\n\t\/>\n<\/picture>\n\t<div class=\"row-start-1 col-start-1 col-span-1 row-span-1 pt-4 md:pt-10 px-4 md:px-10 pb-6 md:pb-14 flex flex-col h-max bg-gradient-to-b from-blue-950\/80 to-blue-950\/0\">\n\t\t<button\tclass=\"font-sans transition duration-300 flex w-fit items-center focus-visible:ring focus:outline-none text-lg disabled:cursor-default [&amp;&gt;svg]:flex-none max-w-full leading-tight cursor-pointer [&amp;&gt;svg]:size-6 gap-3 text-left text-blue-900 hover:text-blue-700 button font-display text-white hover:!text-white font-bold text-left mb-2 !text-5xl\">\n\t\t\t<span class=\"min-w-0 break-words hyphens-auto\">Tradi\u021bie \u0219i inova\u021bie<\/span>\n\t\n\t<svg xmlns='http:\/\/www.w3.org\/2000\/svg' width='24' height='24' viewBox='0 0 24 24' fill='none'><circle cx='12' cy='12' r='12' fill='#E20031'\/><path fill-rule='evenodd' clip-rule='evenodd' d='m13.757 6.697 4.773 4.773a.75.75 0 0 1 0 1.06l-4.773 4.774a.75.75 0 0 1-1.06-1.061l3.492-3.493H5.25v-1.5h10.94l-3.493-3.492a.75.75 0 1 1 1.06-1.061Z' fill='#fff'\/><\/svg><\/button>\t<\/div>\n\n\t<\/a><\/div>\n<\/div>\n\n<div class=\"flex flex-col col-start-2 max-sm:col-start-1 col-end-span-2 max-sm:col-end-span-1 max-md:col-end-span-2 row-end-span-1 justify-stretch h-full [&amp;&gt;*:only-child]:h-full items-stretch w-full [&amp;&gt;*:only-child]:w-full pl-0 pr-0 pt-0 pb-0 bg-gradient-to-r overflow-visible\" >\n\t\n<div\n\tclass=\"scroll-my-24 mt-0 mb-4 pt-0 pb-0 w-full\"\n\t>\n\t<a class=\"grid grid-cols-1 grid-rows-2 w-full overflow-hidden group\" href=\"https:\/\/shop.pewag.com\/ro\/products\/solutii-de-ridicare\/\">\n\t<picture\n\t\t\tclass=\"w-full h-full row-start-1 col-start-1 col-span-1 row-span-2 object-cover overflow-hidden !block -z-10\"\n\t>\n\t\t\t\t\t\t\t\n\t<img\n\t\tsrc=\"https:\/\/www.pewag.com\/wp-content\/uploads\/2024\/11\/Kategoriebanner_Seg_F_liftinglashing.jpg\"\n\t\talt=\"A range of pewag lifting chains and accessories\"\n\t\tclass=\"object-cover aspect-5\/4 size-full object-center group-hover:scale-110 transition-transform duration-300\"\n\t\/>\n<\/picture>\n\t<div class=\"row-start-1 col-start-1 col-span-1 row-span-1 pt-4 md:pt-10 px-4 md:px-10 pb-6 md:pb-14 flex flex-col h-max bg-gradient-to-b from-blue-950\/80 to-blue-950\/0\">\n\t\t<button\tclass=\"font-sans transition duration-300 flex w-fit items-center focus-visible:ring focus:outline-none text-lg disabled:cursor-default [&amp;&gt;svg]:flex-none max-w-full leading-tight cursor-pointer [&amp;&gt;svg]:size-6 gap-3 text-left text-blue-900 hover:text-blue-700 button font-display text-white hover:!text-white font-bold text-left mb-2 !text-5xl\">\n\t\t\t<span class=\"min-w-0 break-words hyphens-auto\">Sisteme de ridicare \u0219i ancorare<\/span>\n\t\n\t<svg xmlns='http:\/\/www.w3.org\/2000\/svg' width='24' height='24' viewBox='0 0 24 24' fill='none'><circle cx='12' cy='12' r='12' fill='#E20031'\/><path fill-rule='evenodd' clip-rule='evenodd' d='m13.757 6.697 4.773 4.773a.75.75 0 0 1 0 1.06l-4.773 4.774a.75.75 0 0 1-1.06-1.061l3.492-3.493H5.25v-1.5h10.94l-3.493-3.492a.75.75 0 1 1 1.06-1.061Z' fill='#fff'\/><\/svg><\/button>\t<\/div>\n\n\t<\/a><\/div>\n<\/div>\n<\/div><\/div>\n\n<div\n\tclass=\"scroll-my-24 bg-blue-50 wrapper-full mt-20 mb-0 pt-0 pb-0 w-full\"\n\t>\n\t<div class=\"grid w-full h-60 md:h-96 lg:h-[33rem]\">\n\t<picture\n\t\t\tclass=\"col-span-full row-span-full overflow-hidden\"\n\t>\n\t\t\t\t\t\t\t\n\t<img\n\t\tsrc=\"https:\/\/www.pewag.com\/wp-content\/uploads\/2024\/11\/seg-F-solution-header-1.jpg\"\n\t\talt=\"A large building under construction featuring five large cranes with pewag chains and lifting equipment in use\"\n\t\tclass=\"object-cover object-center size-full object-cover object-center\"\n\t\/>\n<\/picture>\n\t<div class=\"grid layout-base col-span-full row-span-full lg:max-w-screen-lg place-self-start mx-auto px-8 lg:px-4 text-white mt-10 md:mt-14 lg:mt-20\">\n\t\t<h2\tdata-slug=\"xn-explorai-soluiile-de-ridicare-pewag-7cmg\"\n\tclass=\"font-display text-balance font-synthesis-none scroll-m-20 break-words hyphens-auto text-7xl md:text-8xl leading-[1.125] mb-8\"\n>\n\tExplora\u021bi solu\u021biile de ridicare pewag<\/h2><a\thref=\"https:\/\/www.pewag.com\/ro\/solutii\/tehnologia-cablurilor\/\"target=\"_blank\"rel=\"noopener noreferrer\"class=\"font-sans transition duration-300 flex w-fit items-center focus-visible:ring focus:outline-none text-lg disabled:cursor-default [&amp;&gt;svg]:flex-none max-w-full px-8 border [&amp;&gt;svg]:size-5 gap-2 py-2 rounded-full text-white bg-red-700 border-red-700 hover:bg-red-800 hover:border-red-800 disabled:bg-gray-300 disabled:border-gray-300 focus-visible:ring-red-500\/30 button justify-self-start\">\n\t\t\t<span class=\"min-w-0 break-words hyphens-auto\">Vizita\u021bi<\/span>\n\t\n\t<svg width='24' height='24' viewBox='0 0 24 24' fill='none' xmlns='http:\/\/www.w3.org\/2000\/svg'><path d='M14.283 5 21 12l-6.717 7' stroke='currentColor' stroke-width='2' stroke-linecap='round' stroke-linejoin='round' fill='none'\/><path stroke='currentColor' stroke-width='2' stroke-linecap='round' d='M19.733 12.032H4' fill='none'\/><\/svg><\/a>\t<\/div>\n<\/div><\/div>\n\n<div\n\tclass=\"scroll-my-24 bg-gray-50 wrapper-contained-wide mt-0 mb-0 pt-12 pb-12 w-full\"\n\t>\n\t<div class=\"flex flex-col flex-wrap justify-center max-w-2xl px-4 py-8 mx-auto gap-y-5 items-center text-center text-blue-900\">\n\t<h2\tdata-slug=\"xn-luai-legtura-cu-noi-dfc889c\"\n\tclass=\"font-display text-balance font-synthesis-none scroll-m-20 break-words hyphens-auto text-7xl md:text-8xl leading-[1.125]\"\n>\n\tLua\u021bi leg\u0103tura cu noi<\/h2><p class=\"font-sans [&amp;&gt;a]:underline font-synthesis-none break-words hyphens-auto text-xl md:text-2xl leading-normal\">\n\tExper\u021bii no\u0219tri vor fi bucuro\u0219i s\u0103 v\u0103 ofere informa\u021bii suplimentare!<\/p><a\thref=\"https:\/\/www.pewag.com\/ro\/formular-de-contact\/\"class=\"font-sans transition duration-300 flex w-fit items-center focus-visible:ring focus:outline-none text-lg disabled:cursor-default [&amp;&gt;svg]:flex-none max-w-full px-8 border [&amp;&gt;svg]:size-5 gap-2 py-2 rounded-full text-white bg-red-700 border-red-700 hover:bg-red-800 hover:border-red-800 disabled:bg-gray-300 disabled:border-gray-300 focus-visible:ring-red-500\/30 button mt-2\">\n\t\t\t<span class=\"min-w-0 break-words hyphens-auto\">Trimite\u021bi o solicitare<\/span>\n\t\n\t<\/a><\/div><\/div>","protected":false},"excerpt":{"rendered":"","protected":false},"author":11,"featured_media":0,"parent":12233,"menu_order":0,"comment_status":"closed","ping_status":"closed","template":"","meta":{"pewag_navigation_theme_dark_use":true,"footnotes":""},"content-types":[22],"class_list":["post-12401","page","type-page","status-publish","hentry","content-type-industry"],"yoast_head":"<!-- This site is optimized with the Yoast SEO plugin v27.2 - https:\/\/yoast.com\/product\/yoast-seo-wordpress\/ -->\n<title>Petrol \u0219i gaze - pewag<\/title>\n<meta name=\"robots\" content=\"index, follow, max-snippet:-1, max-image-preview:large, max-video-preview:-1\" \/>\n<link rel=\"canonical\" href=\"https:\/\/www.pewag.com\/ro\/industrii\/petrol-si-gaze\/\" \/>\n<meta property=\"og:locale\" content=\"ro_RO\" \/>\n<meta property=\"og:type\" content=\"article\" \/>\n<meta property=\"og:title\" content=\"Petrol \u0219i gaze - pewag\" \/>\n<meta property=\"og:url\" content=\"https:\/\/www.pewag.com\/ro\/industrii\/petrol-si-gaze\/\" \/>\n<meta property=\"og:site_name\" content=\"pewag\" \/>\n<meta property=\"article:modified_time\" content=\"2025-04-22T13:48:31+00:00\" \/>\n<meta name=\"twitter:card\" content=\"summary_large_image\" \/>\n<meta name=\"twitter:label1\" content=\"Est. reading time\" \/>\n\t<meta name=\"twitter:data1\" content=\"5 minutes\" \/>\n<script type=\"application\/ld+json\" class=\"yoast-schema-graph\">{\"@context\":\"https:\/\/schema.org\",\"@graph\":[{\"@type\":\"WebPage\",\"@id\":\"https:\/\/www.pewag.com\/ro\/industrii\/petrol-si-gaze\/\",\"url\":\"https:\/\/www.pewag.com\/ro\/industrii\/petrol-si-gaze\/\",\"name\":\"Petrol \u0219i gaze - pewag\",\"isPartOf\":{\"@id\":\"https:\/\/www.pewag.com\/#website\"},\"datePublished\":\"2024-09-10T08:00:57+00:00\",\"dateModified\":\"2025-04-22T13:48:31+00:00\",\"breadcrumb\":{\"@id\":\"https:\/\/www.pewag.com\/ro\/industrii\/petrol-si-gaze\/#breadcrumb\"},\"inLanguage\":\"ro-RO\",\"potentialAction\":[{\"@type\":\"ReadAction\",\"target\":[\"https:\/\/www.pewag.com\/ro\/industrii\/petrol-si-gaze\/\"]}]},{\"@type\":\"BreadcrumbList\",\"@id\":\"https:\/\/www.pewag.com\/ro\/industrii\/petrol-si-gaze\/#breadcrumb\",\"itemListElement\":[{\"@type\":\"ListItem\",\"position\":1,\"name\":\"Home\",\"item\":\"https:\/\/www.pewag.com\/ro\/\"},{\"@type\":\"ListItem\",\"position\":2,\"name\":\"Industrii\",\"item\":\"https:\/\/www.pewag.com\/ro\/industrii\/\"},{\"@type\":\"ListItem\",\"position\":3,\"name\":\"Petrol \u0219i gaze\"}]},{\"@type\":\"WebSite\",\"@id\":\"https:\/\/www.pewag.com\/#website\",\"url\":\"https:\/\/www.pewag.com\/\",\"name\":\"pewag\",\"description\":\"\",\"potentialAction\":[{\"@type\":\"SearchAction\",\"target\":{\"@type\":\"EntryPoint\",\"urlTemplate\":\"https:\/\/www.pewag.com\/?s={search_term_string}\"},\"query-input\":{\"@type\":\"PropertyValueSpecification\",\"valueRequired\":true,\"valueName\":\"search_term_string\"}}],\"inLanguage\":\"ro-RO\"}]}<\/script>\n<!-- \/ Yoast SEO plugin. -->","yoast_head_json":{"title":"Petrol \u0219i gaze - pewag","robots":{"index":"index","follow":"follow","max-snippet":"max-snippet:-1","max-image-preview":"max-image-preview:large","max-video-preview":"max-video-preview:-1"},"canonical":"https:\/\/www.pewag.com\/ro\/industrii\/petrol-si-gaze\/","og_locale":"ro_RO","og_type":"article","og_title":"Petrol \u0219i gaze - pewag","og_url":"https:\/\/www.pewag.com\/ro\/industrii\/petrol-si-gaze\/","og_site_name":"pewag","article_modified_time":"2025-04-22T13:48:31+00:00","twitter_card":"summary_large_image","twitter_misc":{"Est. reading time":"5 minutes"},"schema":{"@context":"https:\/\/schema.org","@graph":[{"@type":"WebPage","@id":"https:\/\/www.pewag.com\/ro\/industrii\/petrol-si-gaze\/","url":"https:\/\/www.pewag.com\/ro\/industrii\/petrol-si-gaze\/","name":"Petrol \u0219i gaze - pewag","isPartOf":{"@id":"https:\/\/www.pewag.com\/#website"},"datePublished":"2024-09-10T08:00:57+00:00","dateModified":"2025-04-22T13:48:31+00:00","breadcrumb":{"@id":"https:\/\/www.pewag.com\/ro\/industrii\/petrol-si-gaze\/#breadcrumb"},"inLanguage":"ro-RO","potentialAction":[{"@type":"ReadAction","target":["https:\/\/www.pewag.com\/ro\/industrii\/petrol-si-gaze\/"]}]},{"@type":"BreadcrumbList","@id":"https:\/\/www.pewag.com\/ro\/industrii\/petrol-si-gaze\/#breadcrumb","itemListElement":[{"@type":"ListItem","position":1,"name":"Home","item":"https:\/\/www.pewag.com\/ro\/"},{"@type":"ListItem","position":2,"name":"Industrii","item":"https:\/\/www.pewag.com\/ro\/industrii\/"},{"@type":"ListItem","position":3,"name":"Petrol \u0219i gaze"}]},{"@type":"WebSite","@id":"https:\/\/www.pewag.com\/#website","url":"https:\/\/www.pewag.com\/","name":"pewag","description":"","potentialAction":[{"@type":"SearchAction","target":{"@type":"EntryPoint","urlTemplate":"https:\/\/www.pewag.com\/?s={search_term_string}"},"query-input":{"@type":"PropertyValueSpecification","valueRequired":true,"valueName":"search_term_string"}}],"inLanguage":"ro-RO"}]}},"_links":{"self":[{"href":"https:\/\/www.pewag.com\/ro\/wp-json\/wp\/v2\/pages\/12401","targetHints":{"allow":["GET"]}}],"collection":[{"href":"https:\/\/www.pewag.com\/ro\/wp-json\/wp\/v2\/pages"}],"about":[{"href":"https:\/\/www.pewag.com\/ro\/wp-json\/wp\/v2\/types\/page"}],"author":[{"embeddable":true,"href":"https:\/\/www.pewag.com\/ro\/wp-json\/wp\/v2\/users\/11"}],"replies":[{"embeddable":true,"href":"https:\/\/www.pewag.com\/ro\/wp-json\/wp\/v2\/comments?post=12401"}],"version-history":[{"count":3,"href":"https:\/\/www.pewag.com\/ro\/wp-json\/wp\/v2\/pages\/12401\/revisions"}],"predecessor-version":[{"id":18841,"href":"https:\/\/www.pewag.com\/ro\/wp-json\/wp\/v2\/pages\/12401\/revisions\/18841"}],"up":[{"embeddable":true,"href":"https:\/\/www.pewag.com\/ro\/wp-json\/wp\/v2\/pages\/12233"}],"wp:attachment":[{"href":"https:\/\/www.pewag.com\/ro\/wp-json\/wp\/v2\/media?parent=12401"}],"wp:term":[{"taxonomy":"content-type","embeddable":true,"href":"https:\/\/www.pewag.com\/ro\/wp-json\/wp\/v2\/content-types?post=12401"}],"curies":[{"name":"wp","href":"https:\/\/api.w.org\/{rel}","templated":true}]}}