{"id":9787,"date":"2024-08-26T13:32:08","date_gmt":"2024-08-26T11:32:08","guid":{"rendered":"https:\/\/www.pewag.com\/?page_id=9787"},"modified":"2025-01-28T09:49:12","modified_gmt":"2025-01-28T08:49:12","slug":"novidades","status":"publish","type":"page","link":"https:\/\/www.pewag.com\/pt\/sobre-nos\/novidades\/","title":{"rendered":"Novidades"},"content":{"rendered":"<div\n\tclass=\"scroll-my-24 bg-blue-50 wrapper-contained-wide mt-0 mb-0 pt-0 pb-8 w-full\"\n\t>\n\t<\/div>\n\n<div\n\tclass=\"scroll-my-24 bg-blue-50 wrapper-contained-wide mt-0 mb-0 pt-20 max-sm:pt-16 pb-8 w-full\"\n\t>\n\t<div class='text-md\/5 flex items-baseline gap-1.5 [&amp;&gt;*:nth-child(n+3)]:truncate text-gray-700'><a href='https:\/\/www.pewag.com\/pt\/' aria-label='Home link'>\n\t\t\t<svg xmlns='http:\/\/www.w3.org\/2000\/svg' width='12' height='12' viewBox='0 0 12 12' fill='none'><path d='M2 10.667h2v-4h4v4h2v-6l-4-3-4 3v6ZM.667 12V4L6 0l5.333 4v8H6.667V8H5.333v4H.667Z' fill='currentColor'\/><\/svg> <span><a href=\" https:\/\/www.pewag.com\/pt\/ \">Home<\/a><\/span>\n\t\t<\/a><\/div><\/div>\n\n<div\n\tclass=\"scroll-my-24 wrapper-contained-wide mt-12 max-sm:mt-8 mb-4 pt-0 pb-20 w-full\"\n\t>\n\t<div>\n\t\t\t<div class=\"flex flex-wrap gap-2 items-start\">\n\t\t\t<div class=\"flex flex-wrap items-center justify-between gap-y-8 mb-5\" >\n\t\n\t<div class=\"w-full flex flex-row flex-wrap gap-2\">\n\t\t<a\thref=\"?page=1&amp;year-filter=2024\"class=\"font-sans transition duration-300 flex w-fit items-center focus-visible:ring focus:outline-none text-lg disabled:cursor-default [&amp;&gt;svg]:flex-none max-w-full px-6 border [&amp;&gt;svg]:size-5 gap-2 py-2 rounded-full text-blue-800 border-gray-200 hover:text-blue-900 hover:border-gray-300 disabled:text-gray-300 disabled:border-gray-300 disabled:border focus-visible:ring-blue-500\/30 button\">\n\t\t\t<span class=\"min-w-0 break-words hyphens-auto\">2024<\/span>\n\t\n\t<\/a>\t<\/div>\n<\/div>\n\t\t\t<a\thref=\"https:\/\/www.pewag.com\/pt\/sobre-nos\/novidades\/\"class=\"font-sans transition duration-300 flex w-fit items-center focus-visible:ring focus:outline-none text-lg disabled:cursor-default [&amp;&gt;svg]:flex-none max-w-full px-8 border [&amp;&gt;svg]:size-5 gap-2 py-2 rounded-full text-white bg-red-700 border-red-700 hover:bg-red-800 hover:border-red-800 disabled:bg-gray-300 disabled:border-gray-300 focus-visible:ring-red-500\/30 button mb-5\">\n\t\t\t<span class=\"min-w-0 break-words hyphens-auto\">Reset<\/span>\n\t\n\t<\/a>\t\t<\/div>\n\t\n\t<div class=\"flex flex-wrap items-center justify-between gap-y-8 mb-5\" >\n\t\n\t<div class=\"w-full flex flex-row flex-wrap gap-2\">\n\t\t<a\thref=\"?page=1&amp;category-filter=245\"class=\"font-sans transition duration-300 flex w-fit items-center focus-visible:ring focus:outline-none text-lg disabled:cursor-default [&amp;&gt;svg]:flex-none max-w-full px-6 border [&amp;&gt;svg]:size-5 gap-2 py-2 rounded-full text-blue-800 border-gray-200 hover:text-blue-900 hover:border-gray-300 disabled:text-gray-300 disabled:border-gray-300 disabled:border focus-visible:ring-blue-500\/30 button\">\n\t\t\t<span class=\"min-w-0 break-words hyphens-auto\">Sustentabilidade<\/span>\n\t\n\t<\/a><a\thref=\"?page=1&amp;category-filter=246\"class=\"font-sans transition duration-300 flex w-fit items-center focus-visible:ring focus:outline-none text-lg disabled:cursor-default [&amp;&gt;svg]:flex-none max-w-full px-6 border [&amp;&gt;svg]:size-5 gap-2 py-2 rounded-full text-blue-800 border-gray-200 hover:text-blue-900 hover:border-gray-300 disabled:text-gray-300 disabled:border-gray-300 disabled:border focus-visible:ring-blue-500\/30 button\">\n\t\t\t<span class=\"min-w-0 break-words hyphens-auto\">Inova\u00e7\u00e3o<\/span>\n\t\n\t<\/a><a\thref=\"?page=1&amp;category-filter=247\"class=\"font-sans transition duration-300 flex w-fit items-center focus-visible:ring focus:outline-none text-lg disabled:cursor-default [&amp;&gt;svg]:flex-none max-w-full px-6 border [&amp;&gt;svg]:size-5 gap-2 py-2 rounded-full text-blue-800 border-gray-200 hover:text-blue-900 hover:border-gray-300 disabled:text-gray-300 disabled:border-gray-300 disabled:border focus-visible:ring-blue-500\/30 button\">\n\t\t\t<span class=\"min-w-0 break-words hyphens-auto\">Carreira<\/span>\n\t\n\t<\/a>\t<\/div>\n<\/div>\n\t<div\n\t\tid=\"featured-content-es-98\"\n\t\tclass=\"grid gap-6 grid-cols-1 sm:grid-cols-2 md:grid-cols-3\"\n\t\taria-live=\"polite\"\n\t>\n\t\t<a class=\"w-full md:max-w-md overflow-hidden group text-start text-black\" href=\"https:\/\/www.pewag.com\/pt\/news\/moldando-um-futuro-de-responsabilidade\/\">\n\t<picture\n\t\t\tclass=\"w-full !block bg-gray-100 overflow-hidden\"\n\t>\n\t\t\t\t\t\t\t\n\t<img\n\t\tsrc=\"https:\/\/www.pewag.com\/wp-content\/uploads\/2024\/11\/IMG_1584_bearb-1-1024x671.jpg\"\n\t\talt=\"\"\n\t\tclass=\"object-cover object-center w-full aspect-3\/2 group-hover:scale-110 transition-transform duration-300\"\n\t\/>\n<\/picture>\n\t<div class=\"py-4 pr-2\">\n\t\t<button\tclass=\"font-sans transition duration-300 flex w-fit items-center focus-visible:ring focus:outline-none text-lg disabled:cursor-default [&amp;&gt;svg]:flex-none max-w-full leading-tight cursor-pointer [&amp;&gt;svg]:size-6 gap-3 text-left button mt-2 !text-bold !font-display [&amp;&gt;svg]:size-5\">\n\t\t\t<span class=\"min-w-0 break-words hyphens-auto\">Moldando um futuro de responsabilidade<\/span>\n\t\n\t<svg xmlns='http:\/\/www.w3.org\/2000\/svg' width='24' height='24' viewBox='0 0 24 24' fill='none'><circle cx='12' cy='12' r='12' fill='#E20031'\/><path fill-rule='evenodd' clip-rule='evenodd' d='m13.757 6.697 4.773 4.773a.75.75 0 0 1 0 1.06l-4.773 4.774a.75.75 0 0 1-1.06-1.061l3.492-3.493H5.25v-1.5h10.94l-3.493-3.492a.75.75 0 1 1 1.06-1.061Z' fill='#fff'\/><\/svg><\/button><p class=\"font-sans [&amp;&gt;a]:underline font-synthesis-none break-words hyphens-auto text-base leading-normal mt-2\">\n\tNo pewag group, a sustentabilidade n\u00e3o \u00e9 apenas uma ambi\u00e7\u00e3o &#8211; \u00e9 uma responsabilidade. O nosso objetivo \u00e9 claro: produ\u00e7\u00e3o neutra em termos de CO2 at\u00e9 2030. <\/p>\t<\/div>\n<\/a><a class=\"w-full md:max-w-md overflow-hidden group text-start text-black\" href=\"https:\/\/www.pewag.com\/pt\/news\/junte-se-a-pewag-e-molde-o-futuro\/\">\n\t<picture\n\t\t\tclass=\"w-full !block bg-gray-100 overflow-hidden\"\n\t>\n\t\t\t\t\t\t\t\n\t<img\n\t\tsrc=\"https:\/\/www.pewag.com\/wp-content\/uploads\/2024\/11\/csm_Lehrling01_94a834ad9c.jpg\"\n\t\talt=\"\"\n\t\tclass=\"object-cover object-center w-full aspect-3\/2 group-hover:scale-110 transition-transform duration-300\"\n\t\/>\n<\/picture>\n\t<div class=\"py-4 pr-2\">\n\t\t<button\tclass=\"font-sans transition duration-300 flex w-fit items-center focus-visible:ring focus:outline-none text-lg disabled:cursor-default [&amp;&gt;svg]:flex-none max-w-full leading-tight cursor-pointer [&amp;&gt;svg]:size-6 gap-3 text-left button mt-2 !text-bold !font-display [&amp;&gt;svg]:size-5\">\n\t\t\t<span class=\"min-w-0 break-words hyphens-auto\">Junte-se \u00e0 pewag e molde o futuro<\/span>\n\t\n\t<svg xmlns='http:\/\/www.w3.org\/2000\/svg' width='24' height='24' viewBox='0 0 24 24' fill='none'><circle cx='12' cy='12' r='12' fill='#E20031'\/><path fill-rule='evenodd' clip-rule='evenodd' d='m13.757 6.697 4.773 4.773a.75.75 0 0 1 0 1.06l-4.773 4.774a.75.75 0 0 1-1.06-1.061l3.492-3.493H5.25v-1.5h10.94l-3.493-3.492a.75.75 0 1 1 1.06-1.061Z' fill='#fff'\/><\/svg><\/button><p class=\"font-sans [&amp;&gt;a]:underline font-synthesis-none break-words hyphens-auto text-base leading-normal mt-2\">\n\tNa pewag, acreditamos que a inova\u00e7\u00e3o e a habilidade s\u00e3o as pedras angulares do sucesso. Com mais de 500 anos de experi\u00eancia na cria\u00e7\u00e3o de solu\u00e7\u00f5es industriais de classe mundial, constru\u00edmos um legado que combina tradi\u00e7\u00e3o com tecnologia de ponta.<\/p>\t<\/div>\n<\/a><a class=\"w-full md:max-w-md overflow-hidden group text-start text-black\" href=\"https:\/\/www.pewag.com\/pt\/news\/inovacao-na-pewag\/\">\n\t<picture\n\t\t\tclass=\"w-full !block bg-gray-100 overflow-hidden\"\n\t>\n\t\t\t\t\t\t\t\n\t<img\n\t\tsrc=\"https:\/\/www.pewag.com\/wp-content\/uploads\/2024\/08\/928552495f37e7c33a3ce2567de52549.jpg\"\n\t\talt=\"\"\n\t\tclass=\"object-cover object-center w-full aspect-3\/2 group-hover:scale-110 transition-transform duration-300\"\n\t\/>\n<\/picture>\n\t<div class=\"py-4 pr-2\">\n\t\t<button\tclass=\"font-sans transition duration-300 flex w-fit items-center focus-visible:ring focus:outline-none text-lg disabled:cursor-default [&amp;&gt;svg]:flex-none max-w-full leading-tight cursor-pointer [&amp;&gt;svg]:size-6 gap-3 text-left button mt-2 !text-bold !font-display [&amp;&gt;svg]:size-5\">\n\t\t\t<span class=\"min-w-0 break-words hyphens-auto\">Inova\u00e7\u00e3o na pewag<\/span>\n\t\n\t<svg xmlns='http:\/\/www.w3.org\/2000\/svg' width='24' height='24' viewBox='0 0 24 24' fill='none'><circle cx='12' cy='12' r='12' fill='#E20031'\/><path fill-rule='evenodd' clip-rule='evenodd' d='m13.757 6.697 4.773 4.773a.75.75 0 0 1 0 1.06l-4.773 4.774a.75.75 0 0 1-1.06-1.061l3.492-3.493H5.25v-1.5h10.94l-3.493-3.492a.75.75 0 1 1 1.06-1.061Z' fill='#fff'\/><\/svg><\/button><p class=\"font-sans [&amp;&gt;a]:underline font-synthesis-none break-words hyphens-auto text-base leading-normal mt-2\">\n\tNa pewag, o nosso esp\u00edrito inovador \u00e9 impulsionado por uma profunda compreens\u00e3o do nosso patrim\u00f3nio. Durante mais de cinco s\u00e9culos, lider\u00e1mos a ind\u00fastria em solu\u00e7\u00f5es de ponta, combinando perfeitamente a tradi\u00e7\u00e3o com tecnologia avan\u00e7ada. <\/p>\t<\/div>\n<\/a>\t<\/div>\n\n\t\n\t\n\t<\/div><\/div>\n\n<div\n\tclass=\"scroll-my-24 wrapper-contained mt-0 mb-4 pt-0 pb-0 w-full\"\n\t>\n\t<\/div>","protected":false},"excerpt":{"rendered":"","protected":false},"author":8,"featured_media":0,"parent":9770,"menu_order":0,"comment_status":"closed","ping_status":"closed","template":"","meta":{"pewag_navigation_theme_dark_use":true,"footnotes":""},"content-types":[24],"class_list":["post-9787","page","type-page","status-publish","hentry","content-type-about-pewag"],"yoast_head":"<!-- This site is optimized with the Yoast SEO plugin v27.2 - https:\/\/yoast.com\/product\/yoast-seo-wordpress\/ -->\n<title>Novidades - pewag<\/title>\n<meta name=\"robots\" content=\"index, follow, max-snippet:-1, max-image-preview:large, max-video-preview:-1\" \/>\n<link rel=\"canonical\" href=\"https:\/\/www.pewag.com\/pt\/sobre-nos\/novidades\/\" \/>\n<meta property=\"og:locale\" content=\"pt_PT\" \/>\n<meta property=\"og:type\" content=\"article\" \/>\n<meta property=\"og:title\" content=\"Novidades - pewag\" \/>\n<meta property=\"og:url\" content=\"https:\/\/www.pewag.com\/pt\/sobre-nos\/novidades\/\" \/>\n<meta property=\"og:site_name\" content=\"pewag\" \/>\n<meta property=\"article:modified_time\" content=\"2025-01-28T08:49:12+00:00\" \/>\n<meta name=\"twitter:card\" content=\"summary_large_image\" \/>\n<meta name=\"twitter:label1\" content=\"Est. reading time\" \/>\n\t<meta name=\"twitter:data1\" content=\"2 minutes\" \/>\n<script type=\"application\/ld+json\" class=\"yoast-schema-graph\">{\"@context\":\"https:\/\/schema.org\",\"@graph\":[{\"@type\":\"WebPage\",\"@id\":\"https:\/\/www.pewag.com\/pt\/sobre-nos\/novidades\/\",\"url\":\"https:\/\/www.pewag.com\/pt\/sobre-nos\/novidades\/\",\"name\":\"Novidades - pewag\",\"isPartOf\":{\"@id\":\"https:\/\/www.pewag.com\/#website\"},\"datePublished\":\"2024-08-26T11:32:08+00:00\",\"dateModified\":\"2025-01-28T08:49:12+00:00\",\"breadcrumb\":{\"@id\":\"https:\/\/www.pewag.com\/pt\/sobre-nos\/novidades\/#breadcrumb\"},\"inLanguage\":\"po-PT\",\"potentialAction\":[{\"@type\":\"ReadAction\",\"target\":[\"https:\/\/www.pewag.com\/pt\/sobre-nos\/novidades\/\"]}]},{\"@type\":\"BreadcrumbList\",\"@id\":\"https:\/\/www.pewag.com\/pt\/sobre-nos\/novidades\/#breadcrumb\",\"itemListElement\":[{\"@type\":\"ListItem\",\"position\":1,\"name\":\"Home\",\"item\":\"https:\/\/www.pewag.com\/pt\/\"},{\"@type\":\"ListItem\",\"position\":2,\"name\":\"Sobre n\u00f3s\",\"item\":\"https:\/\/www.pewag.com\/pt\/sobre-nos\/\"},{\"@type\":\"ListItem\",\"position\":3,\"name\":\"Novidades\"}]},{\"@type\":\"WebSite\",\"@id\":\"https:\/\/www.pewag.com\/#website\",\"url\":\"https:\/\/www.pewag.com\/\",\"name\":\"pewag\",\"description\":\"\",\"potentialAction\":[{\"@type\":\"SearchAction\",\"target\":{\"@type\":\"EntryPoint\",\"urlTemplate\":\"https:\/\/www.pewag.com\/?s={search_term_string}\"},\"query-input\":{\"@type\":\"PropertyValueSpecification\",\"valueRequired\":true,\"valueName\":\"search_term_string\"}}],\"inLanguage\":\"po-PT\"}]}<\/script>\n<!-- \/ Yoast SEO plugin. -->","yoast_head_json":{"title":"Novidades - pewag","robots":{"index":"index","follow":"follow","max-snippet":"max-snippet:-1","max-image-preview":"max-image-preview:large","max-video-preview":"max-video-preview:-1"},"canonical":"https:\/\/www.pewag.com\/pt\/sobre-nos\/novidades\/","og_locale":"pt_PT","og_type":"article","og_title":"Novidades - pewag","og_url":"https:\/\/www.pewag.com\/pt\/sobre-nos\/novidades\/","og_site_name":"pewag","article_modified_time":"2025-01-28T08:49:12+00:00","twitter_card":"summary_large_image","twitter_misc":{"Est. reading time":"2 minutes"},"schema":{"@context":"https:\/\/schema.org","@graph":[{"@type":"WebPage","@id":"https:\/\/www.pewag.com\/pt\/sobre-nos\/novidades\/","url":"https:\/\/www.pewag.com\/pt\/sobre-nos\/novidades\/","name":"Novidades - pewag","isPartOf":{"@id":"https:\/\/www.pewag.com\/#website"},"datePublished":"2024-08-26T11:32:08+00:00","dateModified":"2025-01-28T08:49:12+00:00","breadcrumb":{"@id":"https:\/\/www.pewag.com\/pt\/sobre-nos\/novidades\/#breadcrumb"},"inLanguage":"po-PT","potentialAction":[{"@type":"ReadAction","target":["https:\/\/www.pewag.com\/pt\/sobre-nos\/novidades\/"]}]},{"@type":"BreadcrumbList","@id":"https:\/\/www.pewag.com\/pt\/sobre-nos\/novidades\/#breadcrumb","itemListElement":[{"@type":"ListItem","position":1,"name":"Home","item":"https:\/\/www.pewag.com\/pt\/"},{"@type":"ListItem","position":2,"name":"Sobre n\u00f3s","item":"https:\/\/www.pewag.com\/pt\/sobre-nos\/"},{"@type":"ListItem","position":3,"name":"Novidades"}]},{"@type":"WebSite","@id":"https:\/\/www.pewag.com\/#website","url":"https:\/\/www.pewag.com\/","name":"pewag","description":"","potentialAction":[{"@type":"SearchAction","target":{"@type":"EntryPoint","urlTemplate":"https:\/\/www.pewag.com\/?s={search_term_string}"},"query-input":{"@type":"PropertyValueSpecification","valueRequired":true,"valueName":"search_term_string"}}],"inLanguage":"po-PT"}]}},"_links":{"self":[{"href":"https:\/\/www.pewag.com\/pt\/wp-json\/wp\/v2\/pages\/9787","targetHints":{"allow":["GET"]}}],"collection":[{"href":"https:\/\/www.pewag.com\/pt\/wp-json\/wp\/v2\/pages"}],"about":[{"href":"https:\/\/www.pewag.com\/pt\/wp-json\/wp\/v2\/types\/page"}],"author":[{"embeddable":true,"href":"https:\/\/www.pewag.com\/pt\/wp-json\/wp\/v2\/users\/8"}],"replies":[{"embeddable":true,"href":"https:\/\/www.pewag.com\/pt\/wp-json\/wp\/v2\/comments?post=9787"}],"version-history":[{"count":3,"href":"https:\/\/www.pewag.com\/pt\/wp-json\/wp\/v2\/pages\/9787\/revisions"}],"predecessor-version":[{"id":15804,"href":"https:\/\/www.pewag.com\/pt\/wp-json\/wp\/v2\/pages\/9787\/revisions\/15804"}],"up":[{"embeddable":true,"href":"https:\/\/www.pewag.com\/pt\/wp-json\/wp\/v2\/pages\/9770"}],"wp:attachment":[{"href":"https:\/\/www.pewag.com\/pt\/wp-json\/wp\/v2\/media?parent=9787"}],"wp:term":[{"taxonomy":"content-type","embeddable":true,"href":"https:\/\/www.pewag.com\/pt\/wp-json\/wp\/v2\/content-types?post=9787"}],"curies":[{"name":"wp","href":"https:\/\/api.w.org\/{rel}","templated":true}]}}