{"id":10564,"date":"2024-09-19T14:45:41","date_gmt":"2024-09-19T12:45:41","guid":{"rendered":"https:\/\/www.pewag.com\/?page_id=10564"},"modified":"2025-01-28T09:09:32","modified_gmt":"2025-01-28T08:09:32","slug":"pewag-group","status":"publish","type":"page","link":"https:\/\/www.pewag.com\/pt\/pewag-group\/","title":{"rendered":"pewag group"},"content":{"rendered":"<div\n\tclass=\"scroll-my-24 bg-blue-900 wrapper-full mt-0 mb-0 pt-20 max-sm:pt-16 pb-4 w-full\"\n\t>\n\t<div class=\"grid md:grid-rows-1 md:grid-cols-[minmax(min-content,1fr)_1fr_1fr]\">\n\t<div class=\"px-4 md:px-10 pb-12 md:pb-24 grid md:flex md:flex-col grid-rows-1 grid-cols-4 order-2 md:order-none justify-end items-start\">\n\t\t<p class=\"font-sans [&amp;&gt;a]:underline font-synthesis-none break-words hyphens-auto text-3xl md:text-4xl lg:text-5xl leading-normal md:mb-2 col-start-1 col-span-3 text-blue-500\">\n\tpewag group<\/p><h2\tdata-slug=\"xn-somos-um-grupo-que-opera-a-nvel-internacional-h3e\"\n\tclass=\"font-display text-balance font-synthesis-none scroll-m-20 break-words hyphens-auto text-9xl md:text-10xl lg:text-11xl leading-none col-start-1 col-span-3 text-white\"\n>\n\t<strong>Somos um grupo que opera a n\u00edvel internacional.<\/strong><\/h2>\t<\/div>\n\t<div class=\"video !aspect-3\/2 md:h-full lg:h-[55vh] lg:w-full object-cover md:col-start-2 md:col-span-2 mb-5 md:mb-0\">\n\t\t\t<video\n\t\t\tclass=\"aspect-video object-cover w-full js-video\"\n\t\t\tloop autoplay playsinline muted\t\t\tpreload=\"metadata\"\n\t\t\tposter=\"\"\n\t\t\t\t\t>\n\t\t\t<source src=\"https:\/\/www.pewag.com\/wp-content\/uploads\/2024\/09\/transcoded-4CczBbmsM4OG762Y-Design_20ohne_20Titel_2010.mp4\" type=\"video\/mp4\" \/>\n\n\t\t\t\t\t<\/video>\n\t\n\t<\/div><\/div><\/div>\n\n<div\n\tclass=\"scroll-my-24 bg-blue-900 wrapper-contained-wide mt-0 mb-0 pt-12 pb-12 w-full\"\n\t>\n\t<div class=\"grid grid-cols-8 md:grid-cols-5 md:gap-14\">\n\t<picture\n\t\t\tclass=\"col-span-7 md:translate-x-0 -translate-x-4 md:col-span-3\"\n\t>\n\t\t\t\t\t\t\t\n\t<img\n\t\tsrc=\"https:\/\/www.pewag.com\/wp-content\/uploads\/2024\/09\/startpage-bento2-placeholder.jpg\"\n\t\talt=\"\"\n\t\tclass=\"object-cover aspect-video object-center\"\n\t\/>\n<\/picture>\n\t<div class=\"col-span-8 mt-8 md:mt-16 lg:mt-7 md:col-span-2\">\n\t\t\n<div\n\tclass=\"scroll-my-24 mt-0 mb-4 pt-0 pb-0 w-full\"\n\t>\n\t<svg xmlns='http:\/\/www.w3.org\/2000\/svg' width='40' height='11' viewBox='0 0 40 11' fill='none'><path d='M5.097 10.249c2.815 0 5.097-2.294 5.097-5.125C10.194 2.294 7.912 0 5.097 0 2.282 0 0 2.294 0 5.124c0 2.83 2.282 5.125 5.097 5.125Zm14.846 0c2.814 0 5.096-2.294 5.096-5.125C25.04 2.294 22.757 0 19.943 0c-2.815 0-5.097 2.294-5.097 5.124 0 2.83 2.282 5.125 5.097 5.125Zm14.961 0c2.814 0 5.096-2.294 5.096-5.125C40 2.294 37.718 0 34.904 0c-2.815 0-5.097 2.294-5.097 5.124 0 2.83 2.282 5.125 5.097 5.125Z' fill='#E4032E'\/><\/svg>\n<h2\tdata-slug=\"o-que-nos-motiva\"\n\tclass=\"font-display text-balance font-synthesis-none scroll-m-20 break-words hyphens-auto text-6xl md:text-7xl leading-tight text-start text-white [&amp;&gt;a]:text-blue-700 mt-2\"\n>\n\tO que nos motiva<\/h2><\/div>\n\n<div\n\tclass=\"scroll-my-24 mt-0 mb-4 pt-0 pb-0 w-full\"\n\t>\n\t<p class=\"font-sans [&amp;&gt;a]:underline font-synthesis-none break-words hyphens-auto text-base leading-normal text-start text-white [&amp;&gt;a]:text-blue-700\">\n\tO nosso esp\u00edrito empreendedor no grupo pewag \u00e9 moldado pela alegria da inova\u00e7\u00e3o. Esfor\u00e7amo-nos por fabricar as melhores solu\u00e7\u00f5es do mercado &#8211; hoje e no futuro. A elevada qualidade das nossas marcas, produtos e servi\u00e7os, bem como o desempenho apaixonado dos nossos colaboradores s\u00e3o os nossos maiores trunfos para alcan\u00e7ar a excel\u00eancia e exceder as expectativas dos clientes.<\/p><\/div>\n\t<\/div>\n<\/div><\/div>\n\n<div\n\tclass=\"scroll-my-24 bg-blue-900 wrapper-contained-wide mt-0 mb-0 pt-12 pb-8 w-full\"\n\t>\n\t<div class=\"grid grid-cols-12 max-sm:grid-cols-1 max-md:grid-cols-4 gap-y-4 gap-x-4\" >\n\t\n<div class=\"flex flex-col col-start-1 max-sm:col-start-1 max-md:col-start-3 col-end-span-12 max-sm:col-end-span-1 max-md:col-end-span-2 row-end-span-1 justify-stretch h-full [&amp;&gt;*:only-child]:h-full items-stretch w-full [&amp;&gt;*:only-child]:w-full pl-0 pr-0 pt-0 pb-0 bg-gradient-to-r overflow-visible\" >\n\t\n<div\n\tclass=\"scroll-my-24 mt-0 mb-4 pt-0 pb-0 w-full\"\n\t>\n\t<h4\tdata-slug=\"\"\n\tclass=\"font-display text-balance font-synthesis-none scroll-m-20 break-words hyphens-auto text-7xl md:text-8xl leading-[1.125] text-center text-white [&amp;&gt;a]:text-blue-700\"\n>\n\tEstamos a lutar pela excel\u00eancia em&#8230;<\/h4><\/div>\n<\/div>\n<\/div><\/div>\n\n<div\n\tclass=\"scroll-my-24 bg-blue-900 wrapper-contained-wide mt-0 mb-0 pt-4 pb-20 w-full\"\n\t>\n\t<div class=\"grid grid-cols-8 md:grid-cols-5 md:gap-14\">\n\t<picture\n\t\t\tclass=\"col-span-7 md:translate-x-0 translate-x-4 md:order-2 col-start-2 md:col-start-auto md:col-span-3\"\n\t>\n\t\t\t\t\t\t\t\n\t<img\n\t\tsrc=\"https:\/\/www.pewag.com\/wp-content\/uploads\/2024\/08\/e1a2251cc1841388c98db69a351deb7c.jpg\"\n\t\talt=\"\"\n\t\tclass=\"object-cover aspect-3\/2 object-center\"\n\t\/>\n<\/picture>\n\t<div class=\"col-span-8 mt-8 md:mt-16 lg:mt-7 md:col-span-2\">\n\t\t\n<div\n\tclass=\"scroll-my-24 mt-0 mb-4 pt-0 pb-0 w-full\"\n\t>\n\t<svg xmlns='http:\/\/www.w3.org\/2000\/svg' width='40' height='11' viewBox='0 0 40 11' fill='none'><path d='M5.097 10.249c2.815 0 5.097-2.294 5.097-5.125C10.194 2.294 7.912 0 5.097 0 2.282 0 0 2.294 0 5.124c0 2.83 2.282 5.125 5.097 5.125Zm14.846 0c2.814 0 5.096-2.294 5.096-5.125C25.04 2.294 22.757 0 19.943 0c-2.815 0-5.097 2.294-5.097 5.124 0 2.83 2.282 5.125 5.097 5.125Zm14.961 0c2.814 0 5.096-2.294 5.096-5.125C40 2.294 37.718 0 34.904 0c-2.815 0-5.097 2.294-5.097 5.124 0 2.83 2.282 5.125 5.097 5.125Z' fill='#E4032E'\/><\/svg>\n<h2\tdata-slug=\"qualidade\"\n\tclass=\"font-display text-balance font-synthesis-none scroll-m-20 break-words hyphens-auto text-6xl md:text-7xl leading-tight text-start text-white [&amp;&gt;a]:text-blue-700 mt-2\"\n>\n\tQualidade<\/h2><\/div>\n\n<div\n\tclass=\"scroll-my-24 mt-0 mb-4 pt-0 pb-0 w-full\"\n\t>\n\t<p class=\"font-sans [&amp;&gt;a]:underline font-synthesis-none break-words hyphens-auto text-base leading-normal text-start text-white [&amp;&gt;a]:text-blue-700\">\n\tAssumimos a responsabilidade por todos os aspectos da sustentabilidade: ambiente, social e governa\u00e7\u00e3o. Com isto em mente, integramos os princ\u00edpios de sustentabilidade ESG em todas as nossas actividades e processos empresariais, a todos os n\u00edveis: do estrat\u00e9gico ao operacional.<\/p><\/div>\n\t<\/div>\n<\/div><\/div>\n\n<div\n\tclass=\"scroll-my-24 bg-blue-900 wrapper-contained-wide mt-0 mb-0 pt-4 pb-20 w-full\"\n\t>\n\t<div class=\"grid grid-cols-8 md:grid-cols-5 md:gap-14\">\n\t<picture\n\t\t\tclass=\"col-span-7 md:translate-x-0 -translate-x-4 md:col-span-3\"\n\t>\n\t\t\t\t\t\t\t\n\t<img\n\t\tsrc=\"https:\/\/www.pewag.com\/wp-content\/uploads\/2024\/08\/c8d186c4887c946672ddee77a3aac3cd-scaled.jpg\"\n\t\talt=\"\"\n\t\tclass=\"object-cover aspect-3\/2 object-center\"\n\t\/>\n<\/picture>\n\t<div class=\"col-span-8 mt-8 md:mt-16 lg:mt-7 md:col-span-2\">\n\t\t\n<div\n\tclass=\"scroll-my-24 mt-0 mb-4 pt-0 pb-0 w-full\"\n\t>\n\t<svg xmlns='http:\/\/www.w3.org\/2000\/svg' width='40' height='11' viewBox='0 0 40 11' fill='none'><path d='M5.097 10.249c2.815 0 5.097-2.294 5.097-5.125C10.194 2.294 7.912 0 5.097 0 2.282 0 0 2.294 0 5.124c0 2.83 2.282 5.125 5.097 5.125Zm14.846 0c2.814 0 5.096-2.294 5.096-5.125C25.04 2.294 22.757 0 19.943 0c-2.815 0-5.097 2.294-5.097 5.124 0 2.83 2.282 5.125 5.097 5.125Zm14.961 0c2.814 0 5.096-2.294 5.096-5.125C40 2.294 37.718 0 34.904 0c-2.815 0-5.097 2.294-5.097 5.124 0 2.83 2.282 5.125 5.097 5.125Z' fill='#E4032E'\/><\/svg>\n<h2\tdata-slug=\"responsabilidade\"\n\tclass=\"font-display text-balance font-synthesis-none scroll-m-20 break-words hyphens-auto text-6xl md:text-7xl leading-tight text-start text-white [&amp;&gt;a]:text-blue-700 mt-2\"\n>\n\tResponsabilidade<\/h2><\/div>\n\n<div\n\tclass=\"scroll-my-24 mt-0 mb-4 pt-0 pb-0 w-full\"\n\t>\n\t<p class=\"font-sans [&amp;&gt;a]:underline font-synthesis-none break-words hyphens-auto text-base leading-normal text-start text-white [&amp;&gt;a]:text-blue-700\">\n\tAssumimos a responsabilidade por todos os aspectos da sustentabilidade: ambiental, social e de governa\u00e7\u00e3o. Com isto em mente, integramos os princ\u00edpios de sustentabilidade ESG em todas as nossas actividades e processos empresariais, a todos os n\u00edveis: do estrat\u00e9gico ao operacional.<\/p><\/div>\n\t<\/div>\n<\/div><\/div>\n\n<div\n\tclass=\"scroll-my-24 bg-blue-900 wrapper-contained-wide mt-0 mb-0 pt-4 pb-20 w-full\"\n\t>\n\t<div class=\"grid grid-cols-8 md:grid-cols-5 md:gap-14\">\n\t<picture\n\t\t\tclass=\"col-span-7 md:translate-x-0 translate-x-4 md:order-2 col-start-2 md:col-start-auto md:col-span-3\"\n\t>\n\t\t\t\t\t\t\t\n\t<img\n\t\tsrc=\"https:\/\/www.pewag.com\/wp-content\/uploads\/2024\/09\/GEOPHO-0269_farbkorrigiert-scaled.jpg\"\n\t\talt=\"\"\n\t\tclass=\"object-cover aspect-3\/2 object-center\"\n\t\/>\n<\/picture>\n\t<div class=\"col-span-8 mt-8 md:mt-16 lg:mt-7 md:col-span-2\">\n\t\t\n<div\n\tclass=\"scroll-my-24 mt-0 mb-4 pt-0 pb-0 w-full\"\n\t>\n\t<svg xmlns='http:\/\/www.w3.org\/2000\/svg' width='40' height='11' viewBox='0 0 40 11' fill='none'><path d='M5.097 10.249c2.815 0 5.097-2.294 5.097-5.125C10.194 2.294 7.912 0 5.097 0 2.282 0 0 2.294 0 5.124c0 2.83 2.282 5.125 5.097 5.125Zm14.846 0c2.814 0 5.096-2.294 5.096-5.125C25.04 2.294 22.757 0 19.943 0c-2.815 0-5.097 2.294-5.097 5.124 0 2.83 2.282 5.125 5.097 5.125Zm14.961 0c2.814 0 5.096-2.294 5.096-5.125C40 2.294 37.718 0 34.904 0c-2.815 0-5.097 2.294-5.097 5.124 0 2.83 2.282 5.125 5.097 5.125Z' fill='#E4032E'\/><\/svg>\n<h2\tdata-slug=\"empreendedorismo\"\n\tclass=\"font-display text-balance font-synthesis-none scroll-m-20 break-words hyphens-auto text-6xl md:text-7xl leading-tight text-start text-white [&amp;&gt;a]:text-blue-700 mt-2\"\n>\n\tEmpreendedorismo<\/h2><\/div>\n\n<div\n\tclass=\"scroll-my-24 mt-0 mb-4 pt-0 pb-0 w-full\"\n\t>\n\t<p class=\"font-sans [&amp;&gt;a]:underline font-synthesis-none break-words hyphens-auto text-base leading-normal text-start text-white [&amp;&gt;a]:text-blue-700\">\n\tAssumimos a responsabilidade por todos os aspectos da sustentabilidade: ambiente, social e governa\u00e7\u00e3o. Com isto em mente, integramos os princ\u00edpios de sustentabilidade ESG em todas as nossas actividades e processos empresariais, a todos os n\u00edveis: do estrat\u00e9gico ao operacional.<\/p><\/div>\n\t<\/div>\n<\/div><\/div>\n\n<div\n\tclass=\"scroll-my-24 bg-blue-900 wrapper-contained-wide mt-0 mb-0 pt-4 pb-20 w-full\"\n\t>\n\t<div class=\"grid grid-cols-8 md:grid-cols-5 md:gap-14\">\n\t<picture\n\t\t\tclass=\"col-span-7 md:translate-x-0 -translate-x-4 md:col-span-3\"\n\t>\n\t\t\t\t\t\t\t\n\t<img\n\t\tsrc=\"https:\/\/www.pewag.com\/wp-content\/uploads\/2024\/08\/928552495f37e7c33a3ce2567de52549.jpg\"\n\t\talt=\"\"\n\t\tclass=\"object-cover aspect-3\/2 object-center\"\n\t\/>\n<\/picture>\n\t<div class=\"col-span-8 mt-8 md:mt-16 lg:mt-7 md:col-span-2\">\n\t\t\n<div\n\tclass=\"scroll-my-24 mt-0 mb-4 pt-0 pb-0 w-full\"\n\t>\n\t<svg xmlns='http:\/\/www.w3.org\/2000\/svg' width='40' height='11' viewBox='0 0 40 11' fill='none'><path d='M5.097 10.249c2.815 0 5.097-2.294 5.097-5.125C10.194 2.294 7.912 0 5.097 0 2.282 0 0 2.294 0 5.124c0 2.83 2.282 5.125 5.097 5.125Zm14.846 0c2.814 0 5.096-2.294 5.096-5.125C25.04 2.294 22.757 0 19.943 0c-2.815 0-5.097 2.294-5.097 5.124 0 2.83 2.282 5.125 5.097 5.125Zm14.961 0c2.814 0 5.096-2.294 5.096-5.125C40 2.294 37.718 0 34.904 0c-2.815 0-5.097 2.294-5.097 5.124 0 2.83 2.282 5.125 5.097 5.125Z' fill='#E4032E'\/><\/svg>\n<h2\tdata-slug=\"tecnologia\"\n\tclass=\"font-display text-balance font-synthesis-none scroll-m-20 break-words hyphens-auto text-6xl md:text-7xl leading-tight text-start text-white [&amp;&gt;a]:text-blue-700 mt-2\"\n>\n\tTecnologia<\/h2><\/div>\n\n<div\n\tclass=\"scroll-my-24 mt-0 mb-4 pt-0 pb-0 w-full\"\n\t>\n\t<p class=\"font-sans [&amp;&gt;a]:underline font-synthesis-none break-words hyphens-auto text-base leading-normal text-start text-white [&amp;&gt;a]:text-blue-700\">\n\tAssumimos a responsabilidade por todos os aspectos da sustentabilidade: ambiente, social e governa\u00e7\u00e3o. Com isto em mente, integramos os princ\u00edpios de sustentabilidade ESG em todas as nossas actividades e processos empresariais, a todos os n\u00edveis: do estrat\u00e9gico ao operacional.<\/p><\/div>\n\t<\/div>\n<\/div><\/div>\n\n<div\n\tclass=\"scroll-my-24 wrapper-contained-wide mt-12 mb-0 pt-4 pb-0 w-full\"\n\t>\n\t<div class=\"grid grid-cols-12 max-sm:grid-cols-1 max-md:grid-cols-4 gap-y-4 gap-x-4\" >\n\t\n<div class=\"flex flex-col col-start-1 max-sm:col-start-1 max-md:col-start-3 col-end-span-12 max-sm:col-end-span-1 max-md:col-end-span-2 row-end-span-1 justify-stretch h-full [&amp;&gt;*:only-child]:h-full items-stretch w-full [&amp;&gt;*:only-child]:w-full pl-0 pr-0 pt-0 pb-0 bg-gradient-to-r overflow-visible\" >\n\t\n<div\n\tclass=\"scroll-my-24 mt-0 mb-4 pt-0 pb-0 w-full\"\n\t>\n\t<h2\tdata-slug=\"\"\n\tclass=\"font-display text-balance font-synthesis-none scroll-m-20 break-words hyphens-auto text-6xl md:text-7xl leading-tight text-center text-blue-900 [&amp;&gt;a]:text-blue-700\"\n>\n\tDa \u00c1ustria para todo o mundo&#8230;<\/h2><\/div>\n\n<div\n\tclass=\"scroll-my-24 mt-0 mb-4 pt-12 pb-0 w-full\"\n\t>\n\t<picture\n\t>\n\t\t\t\t\t\t\t\n\t<img\n\t\tsrc=\"https:\/\/www.pewag.com\/wp-content\/uploads\/2024\/09\/csm_globe_c2f8eb2eaf.jpg\"\n\t\talt=\"\"\n\t\tclass=\"object-cover object-center\"\n\t\/>\n<\/picture><\/div>\n<\/div>\n<\/div><\/div>\n\n<div\n\tclass=\"scroll-my-24 wrapper-contained-wide mt-12 mb-0 pt-0 pb-0 w-full\"\n\t>\n\t<div class=\"grid grid-cols-12 max-sm:grid-cols-1 max-md:grid-cols-4 gap-y-4 gap-x-4\" >\n\t\n<div class=\"flex flex-col col-start-1 max-sm:col-start-1 max-md:col-start-3 col-end-span-12 max-sm:col-end-span-1 max-md:col-end-span-2 row-end-span-1 justify-stretch h-full [&amp;&gt;*:only-child]:h-full items-stretch w-full [&amp;&gt;*:only-child]:w-full pl-0 pr-0 pt-0 pb-0 bg-gradient-to-r overflow-visible\" >\n\t\n<div\n\tclass=\"scroll-my-24 mt-0 mb-4 pt-0 pb-0 w-full\"\n\t>\n\t<h2\tdata-slug=\"\"\n\tclass=\"font-display text-balance font-synthesis-none scroll-m-20 break-words hyphens-auto text-6xl md:text-7xl leading-tight text-center text-blue-900 [&amp;&gt;a]:text-blue-700\"\n>\n\t&#8230;de uma forma sustent\u00e1vel<\/h2><\/div>\n<\/div>\n<\/div><\/div>\n\n<div\n\tclass=\"scroll-my-24 wrapper-contained-wide mt-0 mb-0 pt-4 pb-0 w-full\"\n\t>\n\t<div class=\"grid grid-cols-12 max-sm:grid-cols-1 max-md:grid-cols-4 gap-y-4 gap-x-16\" >\n\t\n<div class=\"flex flex-col col-start-1 max-sm:col-start-1 max-md:col-start-3 col-end-span-6 max-sm:col-end-span-1 max-md:col-end-span-2 row-end-span-1 justify-stretch h-full [&amp;&gt;*:only-child]:h-full items-stretch w-full [&amp;&gt;*:only-child]:w-full pl-0 pr-0 pt-0 pb-0 bg-gradient-to-r overflow-visible\" >\n\t\n<div\n\tclass=\"scroll-my-24 mt-0 mb-4 pt-0 pb-0 w-full\"\n\t>\n\t<h2\tdata-slug=\"xn-excelncia-social-wqb\"\n\tclass=\"font-display text-balance font-synthesis-none scroll-m-20 break-words hyphens-auto text-xl md:text-2xl lg:text-lg leading-normal text-start text-black [&amp;&gt;a]:text-blue-700\"\n>\n\tExcel\u00eancia social<\/h2><\/div>\n\n<div\n\tclass=\"scroll-my-24 mt-0 mb-4 pt-0 pb-0 w-full\"\n\t>\n\t<p class=\"font-sans [&amp;&gt;a]:underline font-synthesis-none break-words hyphens-auto text-base leading-normal text-start text-black [&amp;&gt;a]:text-blue-700\">\n\tA \u00e9tica empresarial do grupo pewag baseia-se no nosso claro compromisso com os direitos humanos universais. Como grupo de empresas globalmente ativo, temos uma responsabilidade social e corporativa. Isto aplica-se em particular aos nossos colaboradores.<\/p><\/div>\n<\/div>\n\n<div class=\"flex flex-col col-start-7 max-sm:col-start-1 max-md:col-start-3 col-end-span-6 max-sm:col-end-span-1 max-md:col-end-span-2 row-end-span-1 justify-stretch h-full [&amp;&gt;*:only-child]:h-full items-stretch w-full [&amp;&gt;*:only-child]:w-full pl-0 pr-0 pt-0 pb-0 bg-gradient-to-r overflow-visible\" >\n\t\n<div\n\tclass=\"scroll-my-24 mt-0 mb-4 pt-0 pb-0 w-full\"\n\t>\n\t<h2\tdata-slug=\"xn-excelncia-ambiental-zzb\"\n\tclass=\"font-display text-balance font-synthesis-none scroll-m-20 break-words hyphens-auto text-xl md:text-2xl lg:text-lg leading-normal text-start text-black [&amp;&gt;a]:text-blue-700\"\n>\n\tExcel\u00eancia ambiental<\/h2><\/div>\n\n<div\n\tclass=\"scroll-my-24 mt-0 mb-4 pt-0 pb-0 w-full\"\n\t>\n\t<p class=\"font-sans [&amp;&gt;a]:underline font-synthesis-none break-words hyphens-auto text-base leading-normal text-start text-black [&amp;&gt;a]:text-blue-700\">\n\tEstamos empenhados numa abordagem cuidadosa e sustent\u00e1vel do ambiente. Isto aplica-se a todas as \u00e1reas e actividades do nosso grupo de empresas. Para n\u00f3s, \u00e9 uma quest\u00e3o natural utilizar os recursos da forma mais eficiente poss\u00edvel e garantir que isso aconte\u00e7a tamb\u00e9m no futuro, atrav\u00e9s de novos processos eficientes e amigos do ambiente.<\/p><\/div>\n<\/div>\n<\/div><\/div>\n\n<div\n\tclass=\"scroll-my-24 wrapper-contained-wide mt-12 mb-0 pt-0 pb-0 w-full\"\n\t>\n\t<div class=\"grid grid-cols-12 max-sm:grid-cols-1 max-md:grid-cols-4 gap-y-4 gap-x-4\" >\n\t\n<div class=\"flex flex-col col-start-1 max-sm:col-start-1 max-md:col-start-3 col-end-span-12 max-sm:col-end-span-1 max-md:col-end-span-2 row-end-span-1 justify-stretch h-full [&amp;&gt;*:only-child]:h-full items-stretch w-full [&amp;&gt;*:only-child]:w-full pl-0 pr-0 pt-0 pb-0 bg-gradient-to-r overflow-visible\" >\n\t\n<div\n\tclass=\"scroll-my-24 mt-0 mb-4 pt-0 pb-0 w-full\"\n\t>\n\t<h2\tdata-slug=\"o-que-nos-define\"\n\tclass=\"font-display text-balance font-synthesis-none scroll-m-20 break-words hyphens-auto text-6xl md:text-7xl leading-tight text-center text-blue-900 [&amp;&gt;a]:text-blue-700\"\n>\n\tO que nos define<\/h2><\/div>\n<\/div>\n<\/div><\/div>\n\n<div\n\tclass=\"scroll-my-24 wrapper-contained-wide mt-12 mb-0 pt-4 pb-0 w-full\"\n\t>\n\t<div class=\"grid grid-cols-3 max-sm:grid-cols-1 max-md:grid-cols-4 gap-y-4 gap-x-4\" >\n\t\n<div class=\"flex flex-col col-start-1 max-sm:col-start-1 max-md:col-start-1 col-end-span-1 max-sm:col-end-span-1 max-md:col-end-span-2 row-end-span-1 max-sm:row-end-span-1 justify-stretch h-full [&amp;&gt;*:only-child]:h-full items-center max-sm:items-stretch max-sm:w-full max-sm:[&amp;&gt;*:only-child]:w-full max-md:items-center pl-0 pr-0 pt-0 pb-0 bg-gradient-to-r overflow-visible\" >\n\t\n<div\n\tclass=\"scroll-my-24 mt-0 mb-4 pt-0 pb-0 w-full\"\n\t>\n\t<picture\n\t>\n\t\t\t\t\t\t\t\n\t<img\n\t\tsrc=\"https:\/\/www.pewag.com\/wp-content\/uploads\/2024\/09\/csm_1_our_experience_28eb0bf195.jpg\"\n\t\talt=\"\"\n\t\tclass=\"object-cover object-center\"\n\t\/>\n<\/picture><\/div>\n<\/div>\n\n<div class=\"flex flex-col col-start-2 max-sm:col-start-1 max-md:col-start-3 col-end-span-1 max-sm:col-end-span-1 max-md:col-end-span-2 row-end-span-1 justify-stretch h-full [&amp;&gt;*:only-child]:h-full items-center max-md:items-center max-sm:items-stretch max-sm:w-full max-sm:[&amp;&gt;*:only-child]:w-full pl-0 pr-0 pt-0 pb-0 bg-gradient-to-r overflow-visible\" >\n\t\n<div\n\tclass=\"scroll-my-24 mt-0 mb-4 pt-0 pb-0 w-full\"\n\t>\n\t<picture\n\t>\n\t\t\t\t\t\t\t\n\t<img\n\t\tsrc=\"https:\/\/www.pewag.com\/wp-content\/uploads\/2024\/09\/csm_1_our_expertise_c647bd9642.jpg\"\n\t\talt=\"\"\n\t\tclass=\"object-cover object-center\"\n\t\/>\n<\/picture><\/div>\n<\/div>\n\n<div class=\"flex flex-col col-start-3 max-sm:col-start-1 max-md:col-start-2 col-end-span-1 max-sm:col-end-span-1 max-md:col-end-span-2 row-end-span-1 justify-stretch h-full [&amp;&gt;*:only-child]:h-full items-center max-md:items-center max-sm:items-stretch max-sm:w-full max-sm:[&amp;&gt;*:only-child]:w-full pl-0 pr-0 pt-0 pb-0 bg-gradient-to-r overflow-visible\" >\n\t\n<div\n\tclass=\"scroll-my-24 mt-0 mb-4 pt-0 pb-0 w-full\"\n\t>\n\t<picture\n\t>\n\t\t\t\t\t\t\t\n\t<img\n\t\tsrc=\"https:\/\/www.pewag.com\/wp-content\/uploads\/2024\/09\/csm_1_our_network_896e0988a5.jpg\"\n\t\talt=\"\"\n\t\tclass=\"object-cover object-center\"\n\t\/>\n<\/picture><\/div>\n<\/div>\n<\/div><\/div>\n\n<div\n\tclass=\"scroll-my-24 wrapper-contained mt-0 mb-4 pt-0 pb-0 w-full\"\n\t>\n\t<div class=\"flex flex-col flex-wrap justify-center max-w-2xl px-4 py-8 mx-auto gap-y-5 items-center text-center text-blue-900\">\n\t<h2\tdata-slug=\"explore-a-versatilidade-do-grupo-pewag\"\n\tclass=\"font-display text-balance font-synthesis-none scroll-m-20 break-words hyphens-auto text-6xl md:text-7xl leading-tight\"\n>\n\tExplore a versatilidade do grupo pewag<\/h2><a\thref=\"https:\/\/www.pewag-group.com\/\"target=\"_blank\"rel=\"noopener noreferrer\"class=\"font-sans transition duration-300 flex w-fit items-center focus-visible:ring focus:outline-none text-lg disabled:cursor-default [&amp;&gt;svg]:flex-none max-w-full px-8 border [&amp;&gt;svg]:size-5 gap-2 py-2 rounded-full text-white bg-red-700 border-red-700 hover:bg-red-800 hover:border-red-800 disabled:bg-gray-300 disabled:border-gray-300 focus-visible:ring-red-500\/30 button mt-2\">\n\t\t\t<span class=\"min-w-0 break-words hyphens-auto\">pewag group<\/span>\n\t\n\t<\/a><\/div><\/div>","protected":false},"excerpt":{"rendered":"","protected":false},"author":8,"featured_media":0,"parent":0,"menu_order":0,"comment_status":"closed","ping_status":"closed","template":"","meta":{"pewag_navigation_theme_dark_use":true,"footnotes":""},"content-types":[24],"class_list":["post-10564","page","type-page","status-publish","hentry","content-type-about-pewag"],"yoast_head":"<!-- This site is optimized with the Yoast SEO plugin v27.4 - https:\/\/yoast.com\/product\/yoast-seo-wordpress\/ -->\n<title>pewag group - pewag<\/title>\n<meta name=\"robots\" content=\"index, follow, max-snippet:-1, max-image-preview:large, max-video-preview:-1\" \/>\n<link rel=\"canonical\" href=\"https:\/\/www.pewag.com\/pt\/pewag-group\/\" \/>\n<meta property=\"og:locale\" content=\"pt_PT\" \/>\n<meta property=\"og:type\" content=\"article\" \/>\n<meta property=\"og:title\" content=\"pewag group - pewag\" \/>\n<meta property=\"og:url\" content=\"https:\/\/www.pewag.com\/pt\/pewag-group\/\" \/>\n<meta property=\"og:site_name\" content=\"pewag\" \/>\n<meta property=\"article:modified_time\" content=\"2025-01-28T08:09:32+00:00\" \/>\n<meta name=\"twitter:card\" content=\"summary_large_image\" \/>\n<meta name=\"twitter:label1\" content=\"Est. reading time\" \/>\n\t<meta name=\"twitter:data1\" content=\"5 minutes\" \/>\n<script type=\"application\/ld+json\" class=\"yoast-schema-graph\">{\"@context\":\"https:\\\/\\\/schema.org\",\"@graph\":[{\"@type\":\"WebPage\",\"@id\":\"https:\\\/\\\/www.pewag.com\\\/pt\\\/pewag-group\\\/\",\"url\":\"https:\\\/\\\/www.pewag.com\\\/pt\\\/pewag-group\\\/\",\"name\":\"pewag group - pewag\",\"isPartOf\":{\"@id\":\"https:\\\/\\\/www.pewag.com\\\/#website\"},\"datePublished\":\"2024-09-19T12:45:41+00:00\",\"dateModified\":\"2025-01-28T08:09:32+00:00\",\"breadcrumb\":{\"@id\":\"https:\\\/\\\/www.pewag.com\\\/pt\\\/pewag-group\\\/#breadcrumb\"},\"inLanguage\":\"po-PT\",\"potentialAction\":[{\"@type\":\"ReadAction\",\"target\":[\"https:\\\/\\\/www.pewag.com\\\/pt\\\/pewag-group\\\/\"]}]},{\"@type\":\"BreadcrumbList\",\"@id\":\"https:\\\/\\\/www.pewag.com\\\/pt\\\/pewag-group\\\/#breadcrumb\",\"itemListElement\":[{\"@type\":\"ListItem\",\"position\":1,\"name\":\"Home\",\"item\":\"https:\\\/\\\/www.pewag.com\\\/pt\\\/\"},{\"@type\":\"ListItem\",\"position\":2,\"name\":\"pewag group\"}]},{\"@type\":\"WebSite\",\"@id\":\"https:\\\/\\\/www.pewag.com\\\/#website\",\"url\":\"https:\\\/\\\/www.pewag.com\\\/\",\"name\":\"pewag\",\"description\":\"\",\"potentialAction\":[{\"@type\":\"SearchAction\",\"target\":{\"@type\":\"EntryPoint\",\"urlTemplate\":\"https:\\\/\\\/www.pewag.com\\\/?s={search_term_string}\"},\"query-input\":{\"@type\":\"PropertyValueSpecification\",\"valueRequired\":true,\"valueName\":\"search_term_string\"}}],\"inLanguage\":\"po-PT\"}]}<\/script>\n<!-- \/ Yoast SEO plugin. -->","yoast_head_json":{"title":"pewag group - pewag","robots":{"index":"index","follow":"follow","max-snippet":"max-snippet:-1","max-image-preview":"max-image-preview:large","max-video-preview":"max-video-preview:-1"},"canonical":"https:\/\/www.pewag.com\/pt\/pewag-group\/","og_locale":"pt_PT","og_type":"article","og_title":"pewag group - pewag","og_url":"https:\/\/www.pewag.com\/pt\/pewag-group\/","og_site_name":"pewag","article_modified_time":"2025-01-28T08:09:32+00:00","twitter_card":"summary_large_image","twitter_misc":{"Est. reading time":"5 minutes"},"schema":{"@context":"https:\/\/schema.org","@graph":[{"@type":"WebPage","@id":"https:\/\/www.pewag.com\/pt\/pewag-group\/","url":"https:\/\/www.pewag.com\/pt\/pewag-group\/","name":"pewag group - pewag","isPartOf":{"@id":"https:\/\/www.pewag.com\/#website"},"datePublished":"2024-09-19T12:45:41+00:00","dateModified":"2025-01-28T08:09:32+00:00","breadcrumb":{"@id":"https:\/\/www.pewag.com\/pt\/pewag-group\/#breadcrumb"},"inLanguage":"po-PT","potentialAction":[{"@type":"ReadAction","target":["https:\/\/www.pewag.com\/pt\/pewag-group\/"]}]},{"@type":"BreadcrumbList","@id":"https:\/\/www.pewag.com\/pt\/pewag-group\/#breadcrumb","itemListElement":[{"@type":"ListItem","position":1,"name":"Home","item":"https:\/\/www.pewag.com\/pt\/"},{"@type":"ListItem","position":2,"name":"pewag group"}]},{"@type":"WebSite","@id":"https:\/\/www.pewag.com\/#website","url":"https:\/\/www.pewag.com\/","name":"pewag","description":"","potentialAction":[{"@type":"SearchAction","target":{"@type":"EntryPoint","urlTemplate":"https:\/\/www.pewag.com\/?s={search_term_string}"},"query-input":{"@type":"PropertyValueSpecification","valueRequired":true,"valueName":"search_term_string"}}],"inLanguage":"po-PT"}]}},"_links":{"self":[{"href":"https:\/\/www.pewag.com\/pt\/wp-json\/wp\/v2\/pages\/10564","targetHints":{"allow":["GET"]}}],"collection":[{"href":"https:\/\/www.pewag.com\/pt\/wp-json\/wp\/v2\/pages"}],"about":[{"href":"https:\/\/www.pewag.com\/pt\/wp-json\/wp\/v2\/types\/page"}],"author":[{"embeddable":true,"href":"https:\/\/www.pewag.com\/pt\/wp-json\/wp\/v2\/users\/8"}],"replies":[{"embeddable":true,"href":"https:\/\/www.pewag.com\/pt\/wp-json\/wp\/v2\/comments?post=10564"}],"version-history":[{"count":4,"href":"https:\/\/www.pewag.com\/pt\/wp-json\/wp\/v2\/pages\/10564\/revisions"}],"predecessor-version":[{"id":15786,"href":"https:\/\/www.pewag.com\/pt\/wp-json\/wp\/v2\/pages\/10564\/revisions\/15786"}],"wp:attachment":[{"href":"https:\/\/www.pewag.com\/pt\/wp-json\/wp\/v2\/media?parent=10564"}],"wp:term":[{"taxonomy":"content-type","embeddable":true,"href":"https:\/\/www.pewag.com\/pt\/wp-json\/wp\/v2\/content-types?post=10564"}],"curies":[{"name":"wp","href":"https:\/\/api.w.org\/{rel}","templated":true}]}}