{"id":14306,"date":"2024-09-20T12:20:16","date_gmt":"2024-09-20T10:20:16","guid":{"rendered":"https:\/\/www.pewag.com\/?page_id=14306"},"modified":"2025-02-13T10:27:55","modified_gmt":"2025-02-13T09:27:55","slug":"o-nas","status":"publish","type":"page","link":"https:\/\/www.pewag.com\/pl\/o-nas\/","title":{"rendered":"O nas"},"content":{"rendered":"<div\n\tclass=\"scroll-my-24 bg-blue-900 wrapper-full mt-0 mb-0 max-sm:mb-0 max-md:mb-0 pt-20 max-sm:pt-16 pb-0 w-full\"\n\t>\n\t<div class=\"grid md:grid-rows-1 md:grid-cols-[minmax(min-content,1fr)_1fr_1fr]\">\n\t<div class=\"px-4 md:px-10 pb-12 md:pb-24 grid md:flex md:flex-col grid-rows-1 grid-cols-4 order-2 md:order-none justify-end items-start\">\n\t\t<div class='text-md\/5 flex items-baseline gap-1.5 [&amp;&gt;*:nth-child(n+3)]:truncate text-gray-300 mb-4 md:mb-auto md:mt-4 col-span-4'><a href='https:\/\/www.pewag.com\/pl\/' aria-label='Home link'>\n\t\t\t<svg xmlns='http:\/\/www.w3.org\/2000\/svg' width='12' height='12' viewBox='0 0 12 12' fill='none'><path d='M2 10.667h2v-4h4v4h2v-6l-4-3-4 3v6ZM.667 12V4L6 0l5.333 4v8H6.667V8H5.333v4H.667Z' fill='currentColor'\/><\/svg> <span><a href=\" https:\/\/www.pewag.com\/pl\/ \">Home<\/a><\/span>\n\t\t<\/a><\/div><p class=\"font-sans [&amp;&gt;a]:underline font-synthesis-none break-words hyphens-auto text-3xl md:text-4xl lg:text-5xl leading-normal md:mb-2 col-start-1 col-span-3 text-blue-500\">\n\tO NAS<\/p><h2\tdata-slug=\"xn-zbudowany-by-trwa-58c-na-zawsze\"\n\tclass=\"font-display text-balance font-synthesis-none scroll-m-20 break-words hyphens-auto text-9xl md:text-10xl lg:text-11xl leading-none col-start-1 col-span-3 text-white\"\n>\n\t<strong>Zbudowany, by trwa\u0107. Na zawsze.<\/strong><\/h2>\t<\/div>\n\t<picture\n\t\t\tclass=\"md:col-start-2 md:col-span-2 mb-5 md:mb-0\"\n\t>\n\t\t\t\t\t\t\t\n\t<img\n\t\tsrc=\"https:\/\/www.pewag.com\/wp-content\/uploads\/2024\/09\/GEOPHO-0269_farbkorrigiert-scaled.jpg\"\n\t\talt=\"\"\n\t\tclass=\"object-cover object-center !aspect-square lg:h-[90vh] lg:w-full object-cover\"\n\t\/>\n<\/picture><\/div><\/div>\n\n<div\n\tclass=\"scroll-my-24 bg-blue-900 wrapper-contained-wide mt-0 mb-0 pt-20 max-md:pt-12 max-sm:pt-8 pb-0 w-full\"\n\t\t\tid=\"start\"\n\t>\n\t<div class=\"grid grid-cols-8 md:grid-cols-5 md:gap-14\">\n\t<picture\n\t\t\tclass=\"col-span-7 md:translate-x-0 -translate-x-4 md:col-span-3\"\n\t>\n\t\t\t\t\t\t\t\n\t<img\n\t\tsrc=\"https:\/\/www.pewag.com\/wp-content\/uploads\/2024\/09\/startpage-bento4-placeholder.jpg\"\n\t\talt=\"\"\n\t\tclass=\"object-cover aspect-3\/2 size-full object-center\"\n\t\/>\n<\/picture>\n\t<div class=\"col-span-8 mt-8 md:mt-16 lg:mt-7 md:col-span-2\">\n\t\t\n<div\n\tclass=\"scroll-my-24 mt-0 mb-0 pt-0 pb-0 w-full\"\n\t>\n\t<svg xmlns='http:\/\/www.w3.org\/2000\/svg' width='40' height='11' viewBox='0 0 40 11' fill='none'><path d='M5.097 10.249c2.815 0 5.097-2.294 5.097-5.125C10.194 2.294 7.912 0 5.097 0 2.282 0 0 2.294 0 5.124c0 2.83 2.282 5.125 5.097 5.125Zm14.846 0c2.814 0 5.096-2.294 5.096-5.125C25.04 2.294 22.757 0 19.943 0c-2.815 0-5.097 2.294-5.097 5.124 0 2.83 2.282 5.125 5.097 5.125Zm14.961 0c2.814 0 5.096-2.294 5.096-5.125C40 2.294 37.718 0 34.904 0c-2.815 0-5.097 2.294-5.097 5.124 0 2.83 2.282 5.125 5.097 5.125Z' fill='#E4032E'\/><\/svg>\n<h2\tdata-slug=\"xn-innowacyjno-od-1479-roku-00c79s\"\n\tclass=\"font-display text-balance font-synthesis-none scroll-m-20 break-words hyphens-auto text-6xl md:text-7xl leading-tight text-start text-white [&amp;&gt;a]:text-blue-700 mt-2\"\n>\n\tInnowacyjno\u015b\u0107 od 1479 roku<\/h2><\/div>\n\n<div\n\tclass=\"scroll-my-24 mt-0 mb-4 pt-0 pb-0 w-full\"\n\t>\n\t<p class=\"font-sans [&amp;&gt;a]:underline font-synthesis-none break-words hyphens-auto text-xl md:text-2xl leading-normal text-start text-white [&amp;&gt;a]:text-blue-700\">\n\tW pewag szanujemy nasz\u0105 bogat\u0105 histori\u0119, jednocze\u015bnie anga\u017cuj\u0105c si\u0119 w przysz\u0142o\u015b\u0107 bezpiecze\u0144stwa, niezawodno\u015bci i innowacji. Od ponad 500 lat dostarczamy naszym klientom \u015bwiatowej klasy rozwi\u0105zania \u0142a\u0144cuchowe, kt\u00f3re s\u0105 zar\u00f3wno wytrzyma\u0142e, jak i trwa\u0142e. Nasze do\u015bwiadczenie \u0142\u0105czy tradycyjne rzemios\u0142o z najnowocze\u015bniejsz\u0105 technologi\u0105, aby zapewni\u0107, \u017ce nasze produkty przewy\u017cszaj\u0105 wymagania zmieniaj\u0105cego si\u0119 \u015bwiata.<\/p><\/div>\n\t<\/div>\n<\/div><\/div>\n\n<div\n\tclass=\"scroll-my-24 bg-blue-900 wrapper-contained-wide mt-0 mb-0 pt-20 pb-20 w-full\"\n\t>\n\t<div class=\"grid grid-cols-8 md:grid-cols-5 md:gap-14\">\n\t<picture\n\t\t\tclass=\"col-span-7 md:translate-x-0 translate-x-4 md:order-2 col-start-2 md:col-start-auto md:col-span-3\"\n\t>\n\t\t\t\t\t\t\t\n\t<img\n\t\tsrc=\"https:\/\/www.pewag.com\/wp-content\/uploads\/2024\/09\/PEWAG-Werk-Bru\u2560eckl-2016-05-10_060.jpg\"\n\t\talt=\"\"\n\t\tclass=\"object-cover aspect-3\/2 object-center\"\n\t\/>\n<\/picture>\n\t<div class=\"col-span-8 mt-8 md:mt-16 lg:mt-7 md:col-span-2\">\n\t\t\n<div\n\tclass=\"scroll-my-24 mt-0 mb-0 pt-0 pb-0 w-full\"\n\t>\n\t<svg xmlns='http:\/\/www.w3.org\/2000\/svg' width='40' height='11' viewBox='0 0 40 11' fill='none'><path d='M5.097 10.249c2.815 0 5.097-2.294 5.097-5.125C10.194 2.294 7.912 0 5.097 0 2.282 0 0 2.294 0 5.124c0 2.83 2.282 5.125 5.097 5.125Zm14.846 0c2.814 0 5.096-2.294 5.096-5.125C25.04 2.294 22.757 0 19.943 0c-2.815 0-5.097 2.294-5.097 5.124 0 2.83 2.282 5.125 5.097 5.125Zm14.961 0c2.814 0 5.096-2.294 5.096-5.125C40 2.294 37.718 0 34.904 0c-2.815 0-5.097 2.294-5.097 5.124 0 2.83 2.282 5.125 5.097 5.125Z' fill='#E4032E'\/><\/svg>\n<h2\tdata-slug=\"xn-zaangaowanie-w-jako-yhc77omu\"\n\tclass=\"font-display text-balance font-synthesis-none scroll-m-20 break-words hyphens-auto text-6xl md:text-7xl leading-tight text-start text-white [&amp;&gt;a]:text-blue-700 mt-2\"\n>\n\tZaanga\u017cowanie w jako\u015b\u0107<\/h2><\/div>\n\n<div\n\tclass=\"scroll-my-24 mt-0 mb-4 pt-0 pb-0 w-full\"\n\t>\n\t<p class=\"font-sans [&amp;&gt;a]:underline font-synthesis-none break-words hyphens-auto text-xl md:text-2xl leading-normal text-start text-white [&amp;&gt;a]:text-blue-700\">\n\tUmo\u017cliwiamy naszym klientom na ca\u0142ym \u015bwiecie pewny i bezpieczny transport ludzi i towar\u00f3w. W bran\u017cach, kt\u00f3re wymagaj\u0105 najwy\u017cszych standard\u00f3w wydajno\u015bci, bezpiecze\u0144stwa i efektywno\u015bci, jeste\u015bmy zaufanym partnerem. Dzi\u0119ki naszemu zaanga\u017cowaniu w ekologiczn\u0105 energi\u0119 i ci\u0105g\u0142e innowacje tworzymy przysz\u0142o\u015bciow\u0105, trwa\u0142\u0105 warto\u015b\u0107.<\/p><\/div>\n\n<div\n\tclass=\"scroll-my-24 mt-0 mb-4 pt-0 pb-0 w-full\"\n\t>\n\t<a\thref=\"https:\/\/www.pewag-group.com\/footer\/service\/certificates\/\"class=\"font-sans transition duration-300 flex w-fit items-center focus-visible:ring focus:outline-none text-lg disabled:cursor-default [&amp;&gt;svg]:flex-none max-w-full leading-tight cursor-pointer [&amp;&gt;svg]:size-6 gap-3 text-left text-white hover:text-blue-200 button\">\n\t\t\t<span class=\"min-w-0 break-words hyphens-auto\">Certyfikaty ISO<\/span>\n\t\n\t<svg xmlns='http:\/\/www.w3.org\/2000\/svg' width='24' height='24' viewBox='0 0 24 24' fill='none'><circle cx='12' cy='12' r='12' fill='#E20031'\/><path fill-rule='evenodd' clip-rule='evenodd' d='m13.757 6.697 4.773 4.773a.75.75 0 0 1 0 1.06l-4.773 4.774a.75.75 0 0 1-1.06-1.061l3.492-3.493H5.25v-1.5h10.94l-3.493-3.492a.75.75 0 1 1 1.06-1.061Z' fill='#fff'\/><\/svg><\/a><\/div>\n\t<\/div>\n<\/div><\/div>\n\n<div\n\tclass=\"scroll-my-24 bg-gray-50 wrapper-contained-wide mt-0 mb-0 pt-0 pb-8 max-md:pb-4 max-sm:pb-2 w-full\"\n\t>\n\t<div\n\tclass=\"scroll-my-24 mt-0 mb-0 pt-20 max-md:pt-16 max-sm:pt-8 pb-4 w-full\"\n\t>\n\t<div class=\"grid grid-cols-12 max-sm:grid-cols-1 max-md:grid-cols-4 gap-y-4 gap-x-4\" >\n\t\n<div class=\"flex flex-col col-start-3 max-sm:col-start-1 max-md:col-start-1 col-end-span-8 max-sm:col-end-span-1 max-md:col-end-span-2 row-end-span-1 justify-stretch h-full [&amp;&gt;*:only-child]:h-full items-stretch w-full [&amp;&gt;*:only-child]:w-full pl-0 pr-0 pt-0 pb-0 bg-gradient-to-r overflow-visible\" >\n\t\n<div\n\tclass=\"scroll-my-24 mt-0 mb-0 pt-0 pb-0 w-full\"\n\t>\n\t<h2\tdata-slug=\"xn-jestemy-czci-grupy-pewag-gue17f11gga\"\n\tclass=\"font-display text-balance font-synthesis-none scroll-m-20 break-words hyphens-auto text-6xl md:text-7xl leading-tight text-start text-blue-900 [&amp;&gt;a]:text-blue-700\"\n>\n\t<strong>Jeste\u015bmy cz\u0119\u015bci\u0105 grupy pewag<\/strong><\/h2><\/div>\n\n<div\n\tclass=\"scroll-my-24 mt-4 mb-4 pt-0 pb-0 w-full\"\n\t>\n\t<p class=\"font-sans [&amp;&gt;a]:underline font-synthesis-none break-words hyphens-auto text-xl md:text-2xl leading-normal text-start text-black [&amp;&gt;a]:text-blue-700\">\n\tZe skromnej XV-wiecznej ku\u017ani przekszta\u0142cili\u015bmy si\u0119 w my\u015bl\u0105c\u0105 przysz\u0142o\u015bciowo globaln\u0105 grup\u0119. Naszym celem jest produkcja neutralna pod wzgl\u0119dem emisji dwutlenku w\u0119gla do 2030 roku. Grupa pewag wspiera ponad 15 mi\u0119dzynarodowych marek, zapewniaj\u0105c solidne podstawy i wsp\u00f3lne warto\u015bci dla pracownik\u00f3w i interesariuszy. Dzi\u0119ki ponad 50 lokalizacjom na pi\u0119ciu kontynentach tworzymy globaln\u0105 sie\u0107 specjalist\u00f3w, partner\u00f3w i dostawc\u00f3w, wzmocnion\u0105 przez zewn\u0119trznych ekspert\u00f3w w dziedzinie nauki, bada\u0144 i rozwoju.<\/p><\/div>\n\n<div\n\tclass=\"scroll-my-24 mt-0 mb-4 pt-0 pb-0 w-full\"\n\t>\n\t<a\thref=\"https:\/\/www.pewag-group.com\/\"class=\"font-sans transition duration-300 flex w-fit items-center focus-visible:ring focus:outline-none text-lg disabled:cursor-default [&amp;&gt;svg]:flex-none max-w-full leading-tight cursor-pointer [&amp;&gt;svg]:size-6 gap-3 text-left text-blue-900 hover:text-blue-700 button\">\n\t\t\t<span class=\"min-w-0 break-words hyphens-auto\">Odkryj pewag group<\/span>\n\t\n\t<svg xmlns='http:\/\/www.w3.org\/2000\/svg' width='24' height='24' viewBox='0 0 24 24' fill='none'><circle cx='12' cy='12' r='12' fill='#E20031'\/><path fill-rule='evenodd' clip-rule='evenodd' d='m13.757 6.697 4.773 4.773a.75.75 0 0 1 0 1.06l-4.773 4.774a.75.75 0 0 1-1.06-1.061l3.492-3.493H5.25v-1.5h10.94l-3.493-3.492a.75.75 0 1 1 1.06-1.061Z' fill='#fff'\/><\/svg><\/a><\/div>\n<\/div>\n<\/div><\/div><\/div>\n\n<div\n\tclass=\"scroll-my-24 bg-gray-50 wrapper-contained-wide !grid max-md:!grid max-sm:!grid mt-0 mb-0 pt-0 pb-0 w-full\"\n\t>\n\t<picture\n\t>\n\t\t\t<source srcset=\"https:\/\/www.pewag.com\/wp-content\/uploads\/2024\/11\/Mission-Statement-EN-quer.png\" media=\"(min-width: 48rem)\" \/>\t\t\t\t\t\n\t<img\n\t\tsrc=\"https:\/\/www.pewag.com\/wp-content\/uploads\/2024\/12\/Mission-Statement-EN-mobile.png\"\n\t\talt=\"\"\n\t\tclass=\"object-cover object-center\"\n\t\/>\n<\/picture><\/div>\n\n<div\n\tclass=\"scroll-my-24 bg-gray-50 wrapper-contained-wide mt-0 mb-0 pt-20 pb-8 w-full\"\n\t>\n\t<h2\tdata-slug=\"xn-nasze-wartoci-korporacyjne-j3e\"\n\tclass=\"font-display text-balance font-synthesis-none scroll-m-20 break-words hyphens-auto text-6xl md:text-7xl leading-tight text-start text-blue-900 [&amp;&gt;a]:text-blue-700\"\n>\n\tNasze warto\u015bci korporacyjne<\/h2><\/div>\n\n<div\n\tclass=\"scroll-my-24 bg-gray-50 wrapper-contained-wide !grid max-md:!grid max-sm:!grid mt-0 mb-0 pt-0 pb-16 max-md:pb-12 max-sm:pb-0 w-full\"\n\t>\n\t<picture\n\t>\n\t\t\t<source srcset=\"https:\/\/www.pewag.com\/wp-content\/uploads\/2024\/11\/Core-Values-EN-1-scaled.webp\" media=\"(min-width: 48rem)\" \/>\t\t\t\t\t\n\t<img\n\t\tsrc=\"https:\/\/www.pewag.com\/wp-content\/uploads\/2024\/12\/Core-Values-EN-mobile-e1734469507604.png\"\n\t\talt=\"\"\n\t\tclass=\"object-cover object-center\"\n\t\/>\n<\/picture><\/div>\n\n<div\n\tclass=\"scroll-my-24 bg-gray-50 wrapper-full !grid mt-0 mb-0 max-sm:mb-8 pt-20 max-md:pt-12 max-sm:pt-8 pb-0 w-full\"\n\t>\n\t<div\n\tclass=\"relative md:min-h-96 md:mt-10 lg:mt-14 js-block-main-content-teaser\"\n\tdata-animation=1>\n\t<picture\n\t\t\tclass=\"hidden md:block absolute inset-0 overflow-hidden\"\n\t>\n\t\t\t\t\t\t\t\n\t<img\n\t\tsrc=\"https:\/\/www.pewag.com\/wp-content\/uploads\/2024\/11\/PEWAG-Werk-Bruckl-3-scaled.jpg\"\n\t\talt=\"\"\n\t\tclass=\"object-cover object-center object-center size-full h-screen bottom-0 absolute opacity-0 transition-opacity duration-1000 ease-out js-block-main-content-teaser-image\"\n\t\/>\n<\/picture>\n\t<div class=\"layout-base\">\n\t\t<a class=\"w-full md:max-w-lg mx-0 md:mx-16 lg:mx-24 group z-20 md:justify-self-end !translate-y-40 transition-transform duration-1000 ease-out md:-translate-y-14 js-block-main-content-teaser-card\" href=\"https:\/\/www.pewag.com\/pl\/working-at-pewag\/\"\t\t>\n\t\t\t<picture\n\t\t\tclass=\"w-full !block bg-gray-100 overflow-hidden\"\n\t>\n\t\t\t\t\t\t\t\n\t<img\n\t\tsrc=\"https:\/\/www.pewag.com\/wp-content\/uploads\/2024\/10\/shutterstock_1515878429-small.jpg\"\n\t\talt=\"\"\n\t\tclass=\"object-cover aspect-video object-center w-full aspect-16\/9 md:aspect-29\/11 group-hover:scale-110 transition-transform duration-300\"\n\t\/>\n<\/picture>\t\t\t<div class=\"p-4 md:p-7 lg:p-10 bg-white\">\n\t\t\t\t<svg xmlns='http:\/\/www.w3.org\/2000\/svg' width='40' height='11' viewBox='0 0 40 11' fill='none'><path d='M5.097 10.249c2.815 0 5.097-2.294 5.097-5.125C10.194 2.294 7.912 0 5.097 0 2.282 0 0 2.294 0 5.124c0 2.83 2.282 5.125 5.097 5.125Zm14.846 0c2.814 0 5.096-2.294 5.096-5.125C25.04 2.294 22.757 0 19.943 0c-2.815 0-5.097 2.294-5.097 5.124 0 2.83 2.282 5.125 5.097 5.125Zm14.961 0c2.814 0 5.096-2.294 5.096-5.125C40 2.294 37.718 0 34.904 0c-2.815 0-5.097 2.294-5.097 5.124 0 2.83 2.282 5.125 5.097 5.125Z' fill='#E4032E'\/><\/svg>\n<h2\tdata-slug=\"kariera-w-pewag\"\n\tclass=\"font-display text-balance font-synthesis-none scroll-m-20 break-words hyphens-auto text-3xl md:text-4xl lg:text-5xl leading-normal mt-2\"\n>\n\tKariera w pewag<\/h2><p class=\"font-sans [&amp;&gt;a]:underline font-synthesis-none break-words hyphens-auto text-xl md:text-2xl leading-normal mt-2\">\n\tCzy jeste\u015b gotowy kszta\u0142towa\u0107 z nami przysz\u0142o\u015b\u0107?<\/p><button\tclass=\"font-sans transition duration-300 flex w-fit items-center focus-visible:ring focus:outline-none text-lg disabled:cursor-default [&amp;&gt;svg]:flex-none max-w-full leading-tight cursor-pointer [&amp;&gt;svg]:size-6 gap-3 text-left text-blue-900 hover:text-blue-700 button mt-4 [&amp;&gt;svg]:size-5\">\n\t\t\t<span class=\"min-w-0 break-words hyphens-auto\">Odkryj wi\u0119cej<\/span>\n\t\n\t<svg xmlns='http:\/\/www.w3.org\/2000\/svg' width='24' height='24' viewBox='0 0 24 24' fill='none'><circle cx='12' cy='12' r='12' fill='#E20031'\/><path fill-rule='evenodd' clip-rule='evenodd' d='m13.757 6.697 4.773 4.773a.75.75 0 0 1 0 1.06l-4.773 4.774a.75.75 0 0 1-1.06-1.061l3.492-3.493H5.25v-1.5h10.94l-3.493-3.492a.75.75 0 1 1 1.06-1.061Z' fill='#fff'\/><\/svg><\/button>\t\t\t<\/div>\n\t\t<\/a>\n\t<\/div>\n\t<\/div><\/div>","protected":false},"excerpt":{"rendered":"","protected":false},"author":12,"featured_media":0,"parent":0,"menu_order":0,"comment_status":"closed","ping_status":"closed","template":"","meta":{"pewag_navigation_theme_dark_use":true,"footnotes":""},"content-types":[24],"class_list":["post-14306","page","type-page","status-publish","hentry","content-type-about-pewag"],"yoast_head":"<!-- This site is optimized with the Yoast SEO plugin v27.2 - https:\/\/yoast.com\/product\/yoast-seo-wordpress\/ -->\n<title>O nas - pewag<\/title>\n<meta name=\"robots\" content=\"index, follow, max-snippet:-1, max-image-preview:large, max-video-preview:-1\" \/>\n<link rel=\"canonical\" href=\"https:\/\/www.pewag.com\/pl\/o-nas\/\" \/>\n<meta property=\"og:locale\" content=\"pl_PL\" \/>\n<meta property=\"og:type\" content=\"article\" \/>\n<meta property=\"og:title\" content=\"O nas - pewag\" \/>\n<meta property=\"og:url\" content=\"https:\/\/www.pewag.com\/pl\/o-nas\/\" \/>\n<meta property=\"og:site_name\" content=\"pewag\" \/>\n<meta property=\"article:modified_time\" content=\"2025-02-13T09:27:55+00:00\" \/>\n<meta name=\"twitter:card\" content=\"summary_large_image\" \/>\n<meta name=\"twitter:label1\" content=\"Est. reading time\" \/>\n\t<meta name=\"twitter:data1\" content=\"3 minutes\" \/>\n<script type=\"application\/ld+json\" class=\"yoast-schema-graph\">{\"@context\":\"https:\/\/schema.org\",\"@graph\":[{\"@type\":\"WebPage\",\"@id\":\"https:\/\/www.pewag.com\/pl\/o-nas\/\",\"url\":\"https:\/\/www.pewag.com\/pl\/o-nas\/\",\"name\":\"O nas - pewag\",\"isPartOf\":{\"@id\":\"https:\/\/www.pewag.com\/#website\"},\"datePublished\":\"2024-09-20T10:20:16+00:00\",\"dateModified\":\"2025-02-13T09:27:55+00:00\",\"breadcrumb\":{\"@id\":\"https:\/\/www.pewag.com\/pl\/o-nas\/#breadcrumb\"},\"inLanguage\":\"pl-PL\",\"potentialAction\":[{\"@type\":\"ReadAction\",\"target\":[\"https:\/\/www.pewag.com\/pl\/o-nas\/\"]}]},{\"@type\":\"BreadcrumbList\",\"@id\":\"https:\/\/www.pewag.com\/pl\/o-nas\/#breadcrumb\",\"itemListElement\":[{\"@type\":\"ListItem\",\"position\":1,\"name\":\"Home\",\"item\":\"https:\/\/www.pewag.com\/pl\/\"},{\"@type\":\"ListItem\",\"position\":2,\"name\":\"O nas\"}]},{\"@type\":\"WebSite\",\"@id\":\"https:\/\/www.pewag.com\/#website\",\"url\":\"https:\/\/www.pewag.com\/\",\"name\":\"pewag\",\"description\":\"\",\"potentialAction\":[{\"@type\":\"SearchAction\",\"target\":{\"@type\":\"EntryPoint\",\"urlTemplate\":\"https:\/\/www.pewag.com\/?s={search_term_string}\"},\"query-input\":{\"@type\":\"PropertyValueSpecification\",\"valueRequired\":true,\"valueName\":\"search_term_string\"}}],\"inLanguage\":\"pl-PL\"}]}<\/script>\n<!-- \/ Yoast SEO plugin. -->","yoast_head_json":{"title":"O nas - pewag","robots":{"index":"index","follow":"follow","max-snippet":"max-snippet:-1","max-image-preview":"max-image-preview:large","max-video-preview":"max-video-preview:-1"},"canonical":"https:\/\/www.pewag.com\/pl\/o-nas\/","og_locale":"pl_PL","og_type":"article","og_title":"O nas - pewag","og_url":"https:\/\/www.pewag.com\/pl\/o-nas\/","og_site_name":"pewag","article_modified_time":"2025-02-13T09:27:55+00:00","twitter_card":"summary_large_image","twitter_misc":{"Est. reading time":"3 minutes"},"schema":{"@context":"https:\/\/schema.org","@graph":[{"@type":"WebPage","@id":"https:\/\/www.pewag.com\/pl\/o-nas\/","url":"https:\/\/www.pewag.com\/pl\/o-nas\/","name":"O nas - pewag","isPartOf":{"@id":"https:\/\/www.pewag.com\/#website"},"datePublished":"2024-09-20T10:20:16+00:00","dateModified":"2025-02-13T09:27:55+00:00","breadcrumb":{"@id":"https:\/\/www.pewag.com\/pl\/o-nas\/#breadcrumb"},"inLanguage":"pl-PL","potentialAction":[{"@type":"ReadAction","target":["https:\/\/www.pewag.com\/pl\/o-nas\/"]}]},{"@type":"BreadcrumbList","@id":"https:\/\/www.pewag.com\/pl\/o-nas\/#breadcrumb","itemListElement":[{"@type":"ListItem","position":1,"name":"Home","item":"https:\/\/www.pewag.com\/pl\/"},{"@type":"ListItem","position":2,"name":"O nas"}]},{"@type":"WebSite","@id":"https:\/\/www.pewag.com\/#website","url":"https:\/\/www.pewag.com\/","name":"pewag","description":"","potentialAction":[{"@type":"SearchAction","target":{"@type":"EntryPoint","urlTemplate":"https:\/\/www.pewag.com\/?s={search_term_string}"},"query-input":{"@type":"PropertyValueSpecification","valueRequired":true,"valueName":"search_term_string"}}],"inLanguage":"pl-PL"}]}},"_links":{"self":[{"href":"https:\/\/www.pewag.com\/pl\/wp-json\/wp\/v2\/pages\/14306","targetHints":{"allow":["GET"]}}],"collection":[{"href":"https:\/\/www.pewag.com\/pl\/wp-json\/wp\/v2\/pages"}],"about":[{"href":"https:\/\/www.pewag.com\/pl\/wp-json\/wp\/v2\/types\/page"}],"author":[{"embeddable":true,"href":"https:\/\/www.pewag.com\/pl\/wp-json\/wp\/v2\/users\/12"}],"replies":[{"embeddable":true,"href":"https:\/\/www.pewag.com\/pl\/wp-json\/wp\/v2\/comments?post=14306"}],"version-history":[{"count":6,"href":"https:\/\/www.pewag.com\/pl\/wp-json\/wp\/v2\/pages\/14306\/revisions"}],"predecessor-version":[{"id":16748,"href":"https:\/\/www.pewag.com\/pl\/wp-json\/wp\/v2\/pages\/14306\/revisions\/16748"}],"wp:attachment":[{"href":"https:\/\/www.pewag.com\/pl\/wp-json\/wp\/v2\/media?parent=14306"}],"wp:term":[{"taxonomy":"content-type","embeddable":true,"href":"https:\/\/www.pewag.com\/pl\/wp-json\/wp\/v2\/content-types?post=14306"}],"curies":[{"name":"wp","href":"https:\/\/api.w.org\/{rel}","templated":true}]}}