{"id":14302,"date":"2024-09-17T14:06:31","date_gmt":"2024-09-17T12:06:31","guid":{"rendered":"https:\/\/www.pewag.com\/?page_id=14302"},"modified":"2026-03-26T16:40:18","modified_gmt":"2026-03-26T15:40:18","slug":"stopka-redakcyjna","status":"publish","type":"page","link":"https:\/\/www.pewag.com\/pl\/stopka-redakcyjna\/","title":{"rendered":"Stopka redakcyjna"},"content":{"rendered":"<div\n\tclass=\"scroll-my-24 wrapper-contained mt-0 mb-0 pt-0 pb-20 max-sm:pb-16 w-full\"\n\t>\n\t<\/div>\n\n<div\n\tclass=\"scroll-my-24 wrapper-contained mt-20 mb-4 pt-0 pb-0 w-full\"\n\t>\n\t<h2\tdata-slug=\"stopka-redakcyjna\"\n\tclass=\"font-display text-balance font-synthesis-none scroll-m-20 break-words hyphens-auto text-6xl md:text-7xl leading-tight text-start text-black [&amp;&gt;a]:text-blue-700\"\n>\n\tStopka redakcyjna<\/h2><\/div>\n\n<div\n\tclass=\"scroll-my-24 wrapper-contained mt-8 mb-4 pt-0 pb-0 w-full\"\n\t>\n\t<p class=\"font-sans [&amp;&gt;a]:underline font-synthesis-none break-words hyphens-auto text-base leading-normal text-start text-black [&amp;&gt;a]:text-blue-700\">\n\t<strong>Odpowiedzialny za t\u0119 stron\u0119 internetow\u0105<\/strong><br>pewag International GmbH<br>Schleppe-Platz 8<br>9020 Klagenfurt, Austria<br>Telefon: +43 505011 &#8211; 0<br>Faks: +43 505011 &#8211; 400<br>E-mail: <a href=\"mailto:office-pwg(at)pewag-group.com\">office-pwg(at)pewag-group.com<\/a><br>Website: <a href=\"http:\/\/www.pewag-group.com\/\">www.pewag-group.com<\/a><br><br><strong>Informacje prawne<\/strong><br>Forma prawna: Gesellschaft mit beschr\u00e4nkter Haftung<br>Siedziba: Klagenfurt<br>Numer rejestru handlowego: FN 142147 s<br>S\u0105d rejestrowy: S\u0105d Rejonowy w Klagenfurcie<br>Numer identyfikacji podatkowej: ATU40923809<br>Teksty i obrazy<br>\u00a9 pewag International GmbH<br><br><strong>Realizacja<\/strong><br>pewag International GmbH i <a href=\"http:\/\/engarde.net\/\">EN GARDE<\/a><\/p><\/div>\n\n<div\n\tclass=\"scroll-my-24 wrapper-contained mt-20 mb-4 pt-0 pb-0 w-full\"\n\t\t\tid=\"general-terms\"\n\t>\n\t<h2\tdata-slug=\"xn-oglne-warunki-clb\"\n\tclass=\"font-display text-balance font-synthesis-none scroll-m-20 break-words hyphens-auto text-6xl md:text-7xl leading-tight text-start text-black [&amp;&gt;a]:text-blue-700\"\n>\n\tOg\u00f3lne warunki<\/h2><\/div>\n\n<div\n\tclass=\"scroll-my-24 wrapper-contained mt-0 mb-4 pt-0 pb-20 w-full\"\n\t>\n\t<p class=\"font-sans [&amp;&gt;a]:underline font-synthesis-none break-words hyphens-auto text-base leading-normal text-start text-black [&amp;&gt;a]:text-blue-700\">\n\tNa tej stronie mo\u017cna znale\u017a\u0107 og\u00f3lne warunki wszystkich sp\u00f3\u0142ek prowadz\u0105cych dzia\u0142alno\u015b\u0107 na stronie www.pewag.com<br><br><strong><strong>Og\u00f3lne warunki dostawy i p\u0142atno\u015bci<\/strong><\/strong><br><a href=\"https:\/\/www.pewag.com\/wp-content\/uploads\/2024\/09\/GENERAL-TERMS-AND-CONDITIONS-OF-SALE-AND-DELIVERY-of-pewag-International-GmbH-.pdf\" target=\"_blank\" rel=\"noreferrer noopener\">General Terms of delivery and payment pewag International GmbH<br><\/a><a href=\"https:\/\/www.pewag.com\/wp-content\/uploads\/2024\/09\/GENERAL-TERMS-AND-CONDTIONS-OF-SALES-AND-DELIVERY-of-pewag-austria-GmbH-.pdf\" target=\"_blank\" rel=\"noreferrer noopener\">General Terms of delivery and payment pewag austria GmbH<br><\/a><a href=\"https:\/\/www.pewag.com\/wp-content\/uploads\/2024\/09\/GENERAL-TERMS-AND-CONDITIONS-OF-SALE-AND-DELIVERY-of-pewag-Schneeketten-GmbH-.pdf\" target=\"_blank\" rel=\"noreferrer noopener\">General Terms of delivery and payment pewag Schneeketten GmbH<br><\/a><a href=\"https:\/\/www.pewag.com\/wp-content\/uploads\/2024\/09\/GENERAL-TERMS-AND-CONDITIONS-OF-SALE-AND-DELIVERY-of-pewag-austria-Vertriebsgesellschaft-mbH-.pdf\" target=\"_blank\" rel=\"noreferrer noopener\">General Terms of delivery and payment pewag austria Vertriebsgesellschaft GmbH<br><\/a><a href=\"https:\/\/www.pewag.com\/wp-content\/uploads\/2024\/09\/General-Terms-and-Conditions-of-Supply-of-pewag-engineering-GmbH-.pdf\" target=\"_blank\" rel=\"noreferrer noopener\">General Terms of delivery and payment pewag Engineering GmbH<br><\/a><br><strong><strong>Og\u00f3lne warunki zakupu<\/strong><\/strong><br><a href=\"https:\/\/www.pewag.com\/wp-content\/uploads\/2024\/09\/GENERAL-TERMS-AND-CONDITIONS-OF-PURCHASE-of-pewag-International-GmbH-.pdf\" target=\"_blank\" rel=\"noreferrer noopener\">General Terms of purchasing pewag International GmbH<\/a><br><a href=\"https:\/\/www.pewag.com\/wp-content\/uploads\/2024\/11\/General-Terms-and-conditions_Purchasing_PWA-rein.pdf\" target=\"_blank\" rel=\"noreferrer noopener\">General Terms of purchasing pewag austria GmbH<br><\/a><a href=\"https:\/\/www.pewag.com\/wp-content\/uploads\/2024\/09\/GENERAL-TERMS-AND-CONDITIONS-OF-PURCHASE-of-pewag-Schneeketten-GmbH-.pdf\" target=\"_blank\" rel=\"noreferrer noopener\">General Terms of purchasing pewag Schneeketten GmbH<\/a><br><a href=\"https:\/\/www.pewag.com\/wp-content\/uploads\/2024\/09\/GENERAL-TERMS-AND-CONDITIONS-OF-PURCHASE-of-pewag-austria-Vertriebsgesellschaft-mbH-.pdf\" target=\"_blank\" rel=\"noreferrer noopener\">General Terms of purchasing pewag austria Vertriebs GmbH<\/a><br><a href=\"https:\/\/www.pewag.com\/wp-content\/uploads\/2024\/09\/GENERAL-PURCHASE-CONDITIONS-of-pewag-engineering-GmbH-.pdf\" target=\"_blank\" rel=\"noreferrer noopener\">General Terms of purchasing pewag Engineering GmbH<\/a><\/p><\/div>","protected":false},"excerpt":{"rendered":"","protected":false},"author":3,"featured_media":0,"parent":0,"menu_order":0,"comment_status":"closed","ping_status":"closed","template":"","meta":{"pewag_navigation_theme_dark_use":true,"footnotes":""},"content-types":[27],"class_list":["post-14302","page","type-page","status-publish","hentry","content-type-legal-content"],"yoast_head":"<!-- This site is optimized with the Yoast SEO plugin v27.4 - https:\/\/yoast.com\/product\/yoast-seo-wordpress\/ -->\n<title>Stopka redakcyjna - pewag<\/title>\n<meta name=\"robots\" content=\"index, follow, max-snippet:-1, max-image-preview:large, max-video-preview:-1\" \/>\n<link rel=\"canonical\" href=\"https:\/\/www.pewag.com\/pl\/stopka-redakcyjna\/\" \/>\n<meta property=\"og:locale\" content=\"pl_PL\" \/>\n<meta property=\"og:type\" content=\"article\" \/>\n<meta property=\"og:title\" content=\"Stopka redakcyjna - pewag\" \/>\n<meta property=\"og:url\" content=\"https:\/\/www.pewag.com\/pl\/stopka-redakcyjna\/\" \/>\n<meta property=\"og:site_name\" content=\"pewag\" \/>\n<meta property=\"article:modified_time\" content=\"2026-03-26T15:40:18+00:00\" \/>\n<meta name=\"twitter:card\" content=\"summary_large_image\" \/>\n<meta name=\"twitter:label1\" content=\"Est. reading time\" \/>\n\t<meta name=\"twitter:data1\" content=\"1 minute\" \/>\n<script type=\"application\/ld+json\" class=\"yoast-schema-graph\">{\"@context\":\"https:\\\/\\\/schema.org\",\"@graph\":[{\"@type\":\"WebPage\",\"@id\":\"https:\\\/\\\/www.pewag.com\\\/pl\\\/stopka-redakcyjna\\\/\",\"url\":\"https:\\\/\\\/www.pewag.com\\\/pl\\\/stopka-redakcyjna\\\/\",\"name\":\"Stopka redakcyjna - pewag\",\"isPartOf\":{\"@id\":\"https:\\\/\\\/www.pewag.com\\\/#website\"},\"datePublished\":\"2024-09-17T12:06:31+00:00\",\"dateModified\":\"2026-03-26T15:40:18+00:00\",\"breadcrumb\":{\"@id\":\"https:\\\/\\\/www.pewag.com\\\/pl\\\/stopka-redakcyjna\\\/#breadcrumb\"},\"inLanguage\":\"pl-PL\",\"potentialAction\":[{\"@type\":\"ReadAction\",\"target\":[\"https:\\\/\\\/www.pewag.com\\\/pl\\\/stopka-redakcyjna\\\/\"]}]},{\"@type\":\"BreadcrumbList\",\"@id\":\"https:\\\/\\\/www.pewag.com\\\/pl\\\/stopka-redakcyjna\\\/#breadcrumb\",\"itemListElement\":[{\"@type\":\"ListItem\",\"position\":1,\"name\":\"Home\",\"item\":\"https:\\\/\\\/www.pewag.com\\\/pl\\\/\"},{\"@type\":\"ListItem\",\"position\":2,\"name\":\"Stopka redakcyjna\"}]},{\"@type\":\"WebSite\",\"@id\":\"https:\\\/\\\/www.pewag.com\\\/#website\",\"url\":\"https:\\\/\\\/www.pewag.com\\\/\",\"name\":\"pewag\",\"description\":\"\",\"potentialAction\":[{\"@type\":\"SearchAction\",\"target\":{\"@type\":\"EntryPoint\",\"urlTemplate\":\"https:\\\/\\\/www.pewag.com\\\/?s={search_term_string}\"},\"query-input\":{\"@type\":\"PropertyValueSpecification\",\"valueRequired\":true,\"valueName\":\"search_term_string\"}}],\"inLanguage\":\"pl-PL\"}]}<\/script>\n<!-- \/ Yoast SEO plugin. -->","yoast_head_json":{"title":"Stopka redakcyjna - pewag","robots":{"index":"index","follow":"follow","max-snippet":"max-snippet:-1","max-image-preview":"max-image-preview:large","max-video-preview":"max-video-preview:-1"},"canonical":"https:\/\/www.pewag.com\/pl\/stopka-redakcyjna\/","og_locale":"pl_PL","og_type":"article","og_title":"Stopka redakcyjna - pewag","og_url":"https:\/\/www.pewag.com\/pl\/stopka-redakcyjna\/","og_site_name":"pewag","article_modified_time":"2026-03-26T15:40:18+00:00","twitter_card":"summary_large_image","twitter_misc":{"Est. reading time":"1 minute"},"schema":{"@context":"https:\/\/schema.org","@graph":[{"@type":"WebPage","@id":"https:\/\/www.pewag.com\/pl\/stopka-redakcyjna\/","url":"https:\/\/www.pewag.com\/pl\/stopka-redakcyjna\/","name":"Stopka redakcyjna - pewag","isPartOf":{"@id":"https:\/\/www.pewag.com\/#website"},"datePublished":"2024-09-17T12:06:31+00:00","dateModified":"2026-03-26T15:40:18+00:00","breadcrumb":{"@id":"https:\/\/www.pewag.com\/pl\/stopka-redakcyjna\/#breadcrumb"},"inLanguage":"pl-PL","potentialAction":[{"@type":"ReadAction","target":["https:\/\/www.pewag.com\/pl\/stopka-redakcyjna\/"]}]},{"@type":"BreadcrumbList","@id":"https:\/\/www.pewag.com\/pl\/stopka-redakcyjna\/#breadcrumb","itemListElement":[{"@type":"ListItem","position":1,"name":"Home","item":"https:\/\/www.pewag.com\/pl\/"},{"@type":"ListItem","position":2,"name":"Stopka redakcyjna"}]},{"@type":"WebSite","@id":"https:\/\/www.pewag.com\/#website","url":"https:\/\/www.pewag.com\/","name":"pewag","description":"","potentialAction":[{"@type":"SearchAction","target":{"@type":"EntryPoint","urlTemplate":"https:\/\/www.pewag.com\/?s={search_term_string}"},"query-input":{"@type":"PropertyValueSpecification","valueRequired":true,"valueName":"search_term_string"}}],"inLanguage":"pl-PL"}]}},"_links":{"self":[{"href":"https:\/\/www.pewag.com\/pl\/wp-json\/wp\/v2\/pages\/14302","targetHints":{"allow":["GET"]}}],"collection":[{"href":"https:\/\/www.pewag.com\/pl\/wp-json\/wp\/v2\/pages"}],"about":[{"href":"https:\/\/www.pewag.com\/pl\/wp-json\/wp\/v2\/types\/page"}],"author":[{"embeddable":true,"href":"https:\/\/www.pewag.com\/pl\/wp-json\/wp\/v2\/users\/3"}],"replies":[{"embeddable":true,"href":"https:\/\/www.pewag.com\/pl\/wp-json\/wp\/v2\/comments?post=14302"}],"version-history":[{"count":4,"href":"https:\/\/www.pewag.com\/pl\/wp-json\/wp\/v2\/pages\/14302\/revisions"}],"predecessor-version":[{"id":22683,"href":"https:\/\/www.pewag.com\/pl\/wp-json\/wp\/v2\/pages\/14302\/revisions\/22683"}],"wp:attachment":[{"href":"https:\/\/www.pewag.com\/pl\/wp-json\/wp\/v2\/media?parent=14302"}],"wp:term":[{"taxonomy":"content-type","embeddable":true,"href":"https:\/\/www.pewag.com\/pl\/wp-json\/wp\/v2\/content-types?post=14302"}],"curies":[{"name":"wp","href":"https:\/\/api.w.org\/{rel}","templated":true}]}}