{"id":9919,"date":"2024-09-19T15:55:54","date_gmt":"2024-09-19T13:55:54","guid":{"rendered":"https:\/\/www.pewag.com\/?page_id=9919"},"modified":"2025-07-17T11:37:48","modified_gmt":"2025-07-17T09:37:48","slug":"baerekraft","status":"publish","type":"page","link":"https:\/\/www.pewag.com\/no\/om-oss\/baerekraft\/","title":{"rendered":"B\u00e6rekraft"},"content":{"rendered":"<div\n\tclass=\"scroll-my-24 bg-blue-900 wrapper-full mt-0 mb-0 max-sm:mb-0 pt-20 max-sm:pt-16 pb-0 w-full\"\n\t>\n\t<div class=\"grid md:grid-rows-1 md:grid-cols-[minmax(min-content,1fr)_1fr_1fr]\">\n\t<div class=\"px-4 md:px-10 pb-12 md:pb-24 grid md:flex md:flex-col grid-rows-1 grid-cols-4 order-2 md:order-none justify-end items-start\">\n\t\t<p class=\"font-sans [&amp;&gt;a]:underline font-synthesis-none break-words hyphens-auto text-3xl md:text-4xl lg:text-5xl leading-normal md:mb-2 col-start-1 col-span-3 text-blue-500\">\n\tB\u00e6rekraft<\/p><h2\tdata-slug=\"xn-viser-vei-mot-en-brekraftig-fremtid-p9c\"\n\tclass=\"font-display text-balance font-synthesis-none scroll-m-20 break-words hyphens-auto text-9xl md:text-10xl lg:text-11xl leading-none col-start-1 col-span-3 text-white\"\n>\n\tViser vei mot en b\u00e6rekraftig fremtid.<\/h2>\t<\/div>\n\t<div class=\"video !aspect-square lg:h-[90vh] lg:w-full object-cover md:col-start-2 md:col-span-2 mb-5 md:mb-0\">\n\t\t\t<video\n\t\t\tclass=\"aspect-video object-cover w-full js-video\"\n\t\t\tloop autoplay playsinline muted\t\t\tpreload=\"metadata\"\n\t\t\tposter=\"\"\n\t\t\t\t\t>\n\t\t\t<source src=\"https:\/\/www.pewag.com\/wp-content\/uploads\/2024\/11\/PV-Anlage-Kapfenberg_PWE-Sustainability-Header.mp4\" type=\"video\/mp4\" \/>\n\n\t\t\t\t\t<\/video>\n\t\n\t<\/div><\/div><\/div>\n\n<div\n\tclass=\"scroll-my-24 bg-blue-900 bg-gradient-to-b wrapper-contained-wide mt-0 mb-0 pt-20 max-sm:pt-4 max-md:pt-16 pb-20 max-md:pb-16 max-sm:pb-8 w-full\"\n\t>\n\t<div class=\"grid grid-cols-12 max-sm:grid-cols-1 max-md:grid-cols-6 gap-y-4 gap-x-4\" >\n\t\n<div class=\"flex flex-col col-start-2 max-sm:col-start-1 max-md:col-start-2 col-end-span-10 max-sm:col-end-span-1 max-md:col-end-span-4 row-end-span-1 justify-stretch h-full [&amp;&gt;*:only-child]:h-full items-stretch w-full [&amp;&gt;*:only-child]:w-full pl-0 pr-0 pt-0 pb-0 bg-gradient-to-r overflow-visible\" >\n\t\n<div\n\tclass=\"scroll-my-24 mt-0 mb-4 pt-0 pb-0 w-full\"\n\t>\n\t<h2\tdata-slug=\"\"\n\tclass=\"font-display text-balance font-synthesis-none scroll-m-20 break-words hyphens-auto text-6xl md:text-7xl leading-tight text-center text-white [&amp;&gt;a]:text-blue-700\"\n>\n\t<br><br>V\u00e5r forpliktelse til karbonn\u00f8ytral produksjon og mer enn det<\/h2><\/div>\n\n<div\n\tclass=\"scroll-my-24 mt-0 mb-4 pt-0 pb-0 w-full\"\n\t>\n\t<p class=\"font-sans [&amp;&gt;a]:underline font-synthesis-none break-words hyphens-auto text-xl md:text-2xl leading-normal text-center text-white [&amp;&gt;a]:text-blue-700\">\n\tFor oss i pewag og hele pewag group er b\u00e6rekraft ikke bare en ambisjon eller en trend. Det er et ansvar. Siden starten p\u00e5 1400-tallet har vi utviklet oss til \u00e5 bli en global leder som har forpliktet oss til \u00e5 oppn\u00e5 karbonn\u00f8ytral produksjon innen 2030, i tr\u00e5d med Paris-avtalen og EUs klimalov. Initiativene v\u00e5re omfatter fornybar energi, ressursbevaring, sosialt ansvar og etisk forretningspraksis. Vi fremmer b\u00e6rekraftig utvikling ved \u00e5 generere ren energi, resirkulere det aller meste av avfallet v\u00e5rt (83 % innen 2023) og fremme helse, sikkerhet og gode arbeidsforhold i hele verdikjeden v\u00e5r.<\/p><\/div>\n<\/div>\n<\/div><\/div>\n\n<div\n\tclass=\"scroll-my-24 bg-blue-900 wrapper-contained-wide mt-0 mb-0 pt-20 pb-20 w-full\"\n\t>\n\t<div class=\"grid grid-cols-8 md:grid-cols-5 md:gap-14\">\n\t<picture\n\t\t\tclass=\"col-span-7 md:translate-x-0 translate-x-4 md:order-2 col-start-2 md:col-start-auto md:col-span-3\"\n\t>\n\t\t\t\t\t\t\t\n\t<img\n\t\tsrc=\"https:\/\/www.pewag.com\/wp-content\/uploads\/2024\/09\/g_8rPD6h9_GictBK.jpg\"\n\t\talt=\"\"\n\t\tclass=\"object-cover aspect-3\/2 object-center\"\n\t\/>\n<\/picture>\n\t<div class=\"col-span-8 mt-8 md:mt-16 lg:mt-7 md:col-span-2\">\n\t\t\n<div\n\tclass=\"scroll-my-24 mt-0 mb-4 pt-0 pb-0 w-full\"\n\t>\n\t<svg xmlns='http:\/\/www.w3.org\/2000\/svg' width='40' height='11' viewBox='0 0 40 11' fill='none'><path d='M5.097 10.249c2.815 0 5.097-2.294 5.097-5.125C10.194 2.294 7.912 0 5.097 0 2.282 0 0 2.294 0 5.124c0 2.83 2.282 5.125 5.097 5.125Zm14.846 0c2.814 0 5.096-2.294 5.096-5.125C25.04 2.294 22.757 0 19.943 0c-2.815 0-5.097 2.294-5.097 5.124 0 2.83 2.282 5.125 5.097 5.125Zm14.961 0c2.814 0 5.096-2.294 5.096-5.125C40 2.294 37.718 0 34.904 0c-2.815 0-5.097 2.294-5.097 5.124 0 2.83 2.282 5.125 5.097 5.125Z' fill='#E4032E'\/><\/svg>\n<h2\tdata-slug=\"xn-vrt-oppdrag-innen-brekraft-rwc5c\"\n\tclass=\"font-display text-balance font-synthesis-none scroll-m-20 break-words hyphens-auto text-3xl md:text-4xl lg:text-5xl leading-normal text-start text-white [&amp;&gt;a]:text-blue-700 mt-2\"\n>\n\t<br>V\u00e5rt oppdrag innen b\u00e6rekraft\u00a0<\/h2><\/div>\n\n<div\n\tclass=\"scroll-my-24 mt-0 mb-4 pt-0 pb-0 w-full\"\n\t>\n\t<p class=\"font-sans [&amp;&gt;a]:underline font-synthesis-none break-words hyphens-auto text-base leading-normal text-start text-white [&amp;&gt;a]:text-blue-700\">\n\tFinn ut hvordan pewag group integrerer milj\u00f8messige, sosiale og styringsmessige prinsipper (ESG) i alle aspekter av virksomheten v\u00e5r. Fra strategisk planlegging til daglig drift kan du finne ut hvordan vi gj\u00f8r en forskjell og setter nye standarder for b\u00e6rekraftig kjettingproduksjon.<\/p><\/div>\n\n<div\n\tclass=\"scroll-my-24 mt-0 mb-4 pt-0 pb-0 w-full\"\n\t>\n\t<a\thref=\"https:\/\/rise.articulate.com\/share\/5FoN6FQ0WLblYYPqe2H-ob3_o3sh2OVA#\/\"target=\"_blank\"rel=\"noopener noreferrer\"class=\"font-sans transition duration-300 flex w-fit items-center focus-visible:ring focus:outline-none text-lg disabled:cursor-default [&amp;&gt;svg]:flex-none max-w-full leading-tight cursor-pointer [&amp;&gt;svg]:size-6 gap-3 text-left text-white hover:text-blue-200 button\">\n\t\t\t<span class=\"min-w-0 break-words hyphens-auto\">Les mer<\/span>\n\t\n\t<svg xmlns='http:\/\/www.w3.org\/2000\/svg' width='24' height='24' viewBox='0 0 24 24' fill='none'><circle cx='12' cy='12' r='12' fill='#E20031'\/><path fill-rule='evenodd' clip-rule='evenodd' d='m13.757 6.697 4.773 4.773a.75.75 0 0 1 0 1.06l-4.773 4.774a.75.75 0 0 1-1.06-1.061l3.492-3.493H5.25v-1.5h10.94l-3.493-3.492a.75.75 0 1 1 1.06-1.061Z' fill='#fff'\/><\/svg><\/a><\/div>\n\t<\/div>\n<\/div><\/div>\n\n<div\n\tclass=\"scroll-my-24 bg-blue-900 wrapper-contained-wide mt-0 mb-0 pt-4 pb-20 w-full\"\n\t>\n\t<div class=\"grid grid-cols-8 md:grid-cols-5 md:gap-14\">\n\t<picture\n\t\t\tclass=\"col-span-7 md:translate-x-0 -translate-x-4 md:col-span-3\"\n\t>\n\t\t\t\t\t\t\t\n\t<img\n\t\tsrc=\"https:\/\/www.pewag.com\/wp-content\/uploads\/2024\/09\/Industries-WindEnergy-1.jpg\"\n\t\talt=\"\"\n\t\tclass=\"object-cover aspect-3\/2 object-center\"\n\t\/>\n<\/picture>\n\t<div class=\"col-span-8 mt-8 md:mt-16 lg:mt-7 md:col-span-2\">\n\t\t\n<div\n\tclass=\"scroll-my-24 mt-0 mb-4 pt-0 pb-0 w-full\"\n\t>\n\t<svg xmlns='http:\/\/www.w3.org\/2000\/svg' width='40' height='11' viewBox='0 0 40 11' fill='none'><path d='M5.097 10.249c2.815 0 5.097-2.294 5.097-5.125C10.194 2.294 7.912 0 5.097 0 2.282 0 0 2.294 0 5.124c0 2.83 2.282 5.125 5.097 5.125Zm14.846 0c2.814 0 5.096-2.294 5.096-5.125C25.04 2.294 22.757 0 19.943 0c-2.815 0-5.097 2.294-5.097 5.124 0 2.83 2.282 5.125 5.097 5.125Zm14.961 0c2.814 0 5.096-2.294 5.096-5.125C40 2.294 37.718 0 34.904 0c-2.815 0-5.097 2.294-5.097 5.124 0 2.83 2.282 5.125 5.097 5.125Z' fill='#E4032E'\/><\/svg>\n<h2\tdata-slug=\"xn-fremgangen-vr-vises-i-brekraftsrapportene-vre-0ee5a5a\"\n\tclass=\"font-display text-balance font-synthesis-none scroll-m-20 break-words hyphens-auto text-3xl md:text-4xl lg:text-5xl leading-normal text-start text-white [&amp;&gt;a]:text-blue-700 mt-2\"\n>\n\t<br>Fremgangen v\u00e5r vises i b\u00e6rekraftsrapportene v\u00e5re<\/h2><\/div>\n\n<div\n\tclass=\"scroll-my-24 mt-0 mb-4 pt-0 pb-0 w-full\"\n\t>\n\t<p class=\"font-sans [&amp;&gt;a]:underline font-synthesis-none break-words hyphens-auto text-base leading-normal text-start text-white [&amp;&gt;a]:text-blue-700\">\n\t\u00c5penhet er n\u00f8kkelen til v\u00e5r suksess. Utforsk v\u00e5re grundige b\u00e6rekraftsrapporter som dokumenterer v\u00e5r reise, v\u00e5re utfordringer og prestasjoner. F\u00e5 innsikt i innsatsen v\u00e5r p\u00e5 tvers av b\u00e5de pewag traksjons- og skogbrukskjedegruppen og pewag industrikjedegruppen.<\/p><\/div>\n\n<div\n\tclass=\"scroll-my-24 mt-0 mb-4 pt-0 pb-0 w-full\"\n\t>\n\t<a\thref=\"https:\/\/www.pewag.com\/no\/om-oss\/baerekraft\/rapporter-om-baerekraft\/\"class=\"font-sans transition duration-300 flex w-fit items-center focus-visible:ring focus:outline-none text-lg disabled:cursor-default [&amp;&gt;svg]:flex-none max-w-full leading-tight cursor-pointer [&amp;&gt;svg]:size-6 gap-3 text-left text-white hover:text-blue-200 button\">\n\t\t\t<span class=\"min-w-0 break-words hyphens-auto\">Les mer<\/span>\n\t\n\t<svg xmlns='http:\/\/www.w3.org\/2000\/svg' width='24' height='24' viewBox='0 0 24 24' fill='none'><circle cx='12' cy='12' r='12' fill='#E20031'\/><path fill-rule='evenodd' clip-rule='evenodd' d='m13.757 6.697 4.773 4.773a.75.75 0 0 1 0 1.06l-4.773 4.774a.75.75 0 0 1-1.06-1.061l3.492-3.493H5.25v-1.5h10.94l-3.493-3.492a.75.75 0 1 1 1.06-1.061Z' fill='#fff'\/><\/svg><\/a><\/div>\n\t<\/div>\n<\/div><\/div>\n\n<div\n\tclass=\"scroll-my-24 bg-blue-900 wrapper-contained-wide mt-0 mb-0 pt-4 pb-20 w-full\"\n\t>\n\t<div class=\"grid grid-cols-8 md:grid-cols-5 md:gap-14\">\n\t<picture\n\t\t\tclass=\"col-span-7 md:translate-x-0 translate-x-4 md:order-2 col-start-2 md:col-start-auto md:col-span-3\"\n\t>\n\t\t\t\t\t\t\t\n\t<img\n\t\tsrc=\"https:\/\/www.pewag.com\/wp-content\/uploads\/2024\/09\/sustainability_SDGs.jpg\"\n\t\talt=\"\"\n\t\tclass=\"object-cover aspect-3\/2 object-center\"\n\t\/>\n<\/picture>\n\t<div class=\"col-span-8 mt-8 md:mt-16 lg:mt-7 md:col-span-2\">\n\t\t\n<div\n\tclass=\"scroll-my-24 mt-0 mb-4 pt-0 pb-0 w-full\"\n\t>\n\t<svg xmlns='http:\/\/www.w3.org\/2000\/svg' width='40' height='11' viewBox='0 0 40 11' fill='none'><path d='M5.097 10.249c2.815 0 5.097-2.294 5.097-5.125C10.194 2.294 7.912 0 5.097 0 2.282 0 0 2.294 0 5.124c0 2.83 2.282 5.125 5.097 5.125Zm14.846 0c2.814 0 5.096-2.294 5.096-5.125C25.04 2.294 22.757 0 19.943 0c-2.815 0-5.097 2.294-5.097 5.124 0 2.83 2.282 5.125 5.097 5.125Zm14.961 0c2.814 0 5.096-2.294 5.096-5.125C40 2.294 37.718 0 34.904 0c-2.815 0-5.097 2.294-5.097 5.124 0 2.83 2.282 5.125 5.097 5.125Z' fill='#E4032E'\/><\/svg>\n<h2\tdata-slug=\"xn-vr-forpliktelse-til-fns-brekraftsml-67c7a2a\"\n\tclass=\"font-display text-balance font-synthesis-none scroll-m-20 break-words hyphens-auto text-3xl md:text-4xl lg:text-5xl leading-normal text-start text-white [&amp;&gt;a]:text-blue-700 mt-2\"\n>\n\tV\u00e5r forpliktelse til FNs b\u00e6rekraftsm\u00e5l<\/h2><\/div>\n\n<div\n\tclass=\"scroll-my-24 mt-0 mb-4 pt-0 pb-0 w-full\"\n\t>\n\t<p class=\"font-sans [&amp;&gt;a]:underline font-synthesis-none break-words hyphens-auto text-base leading-normal text-start text-white [&amp;&gt;a]:text-blue-700\">\n\tVi snakker ikke bare om endring, vi f\u00e5r det til \u00e5 skje. Oppdag v\u00e5rt bidrag til FNs b\u00e6rekraftsm\u00e5l gjennom innovative prosjekter og initiativer.<\/p><\/div>\n\n<div\n\tclass=\"scroll-my-24 mt-0 mb-4 pt-0 pb-0 w-full\"\n\t>\n\t<a\thref=\"https:\/\/www.pewag.com\/no\/om-oss\/baerekraft\/baerekraftsmalene-hos-pewag-group\/\"class=\"font-sans transition duration-300 flex w-fit items-center focus-visible:ring focus:outline-none text-lg disabled:cursor-default [&amp;&gt;svg]:flex-none max-w-full leading-tight cursor-pointer [&amp;&gt;svg]:size-6 gap-3 text-left text-white hover:text-blue-200 button\">\n\t\t\t<span class=\"min-w-0 break-words hyphens-auto\">Les mer<\/span>\n\t\n\t<svg xmlns='http:\/\/www.w3.org\/2000\/svg' width='24' height='24' viewBox='0 0 24 24' fill='none'><circle cx='12' cy='12' r='12' fill='#E20031'\/><path fill-rule='evenodd' clip-rule='evenodd' d='m13.757 6.697 4.773 4.773a.75.75 0 0 1 0 1.06l-4.773 4.774a.75.75 0 0 1-1.06-1.061l3.492-3.493H5.25v-1.5h10.94l-3.493-3.492a.75.75 0 1 1 1.06-1.061Z' fill='#fff'\/><\/svg><\/a><\/div>\n\t<\/div>\n<\/div><\/div>\n\n<div\n\tclass=\"scroll-my-24 bg-blue-900 wrapper-contained-wide mt-0 mb-0 pt-16 pb-4 w-full\"\n\t>\n\t<div class=\"grid grid-cols-3 max-sm:grid-cols-1 max-md:grid-cols-3 gap-y-4 gap-x-4\" >\n\t\n<div class=\"flex flex-col col-start-1 max-sm:col-start-1 max-md:col-start-1 col-end-span-1 max-sm:col-end-span-1 max-md:col-end-span-1 row-end-span-1 justify-stretch h-full [&amp;&gt;*:only-child]:h-full items-stretch w-full [&amp;&gt;*:only-child]:w-full pl-0 pr-0 pt-0 pb-0 bg-gradient-to-r overflow-visible\" >\n\t<\/div>\n\n<div class=\"flex flex-col col-start-2 max-sm:col-start-1 max-md:col-start-2 col-end-span-1 max-sm:col-end-span-1 max-md:col-end-span-1 row-end-span-1 justify-stretch h-full [&amp;&gt;*:only-child]:h-full items-stretch w-full [&amp;&gt;*:only-child]:w-full pl-0 pr-0 pt-0 pb-0 bg-gradient-to-r overflow-visible\" >\n\t\n<div\n\tclass=\"scroll-my-24 mt-0 mb-8 pt-0 pb-0 w-full\"\n\t>\n\t<h2\tdata-slug=\"fakta-og-tall\"\n\tclass=\"font-display text-balance font-synthesis-none scroll-m-20 break-words hyphens-auto text-7xl md:text-8xl leading-[1.125] text-center text-white [&amp;&gt;a]:text-blue-700\"\n>\n\tFakta og tall<\/h2><\/div>\n<\/div>\n\n<div class=\"flex flex-col col-start-3 max-sm:col-start-1 max-md:col-start-3 col-end-span-1 max-sm:col-end-span-1 max-md:col-end-span-1 row-end-span-1 justify-stretch h-full [&amp;&gt;*:only-child]:h-full items-stretch w-full [&amp;&gt;*:only-child]:w-full pl-0 pr-0 pt-0 pb-0 bg-gradient-to-r overflow-visible\" >\n\t<\/div>\n<\/div><\/div>\n\n<div\n\tclass=\"scroll-my-24 bg-blue-900 wrapper-contained-wide mt-0 mb-0 pt-4 pb-12 max-sm:pb-4 w-full\"\n\t>\n\t<div class=\"grid grid-cols-12 max-sm:grid-cols-1 max-md:grid-cols-4 gap-y-4 gap-x-16\" >\n\t\n<div class=\"flex flex-col col-start-1 max-sm:col-start-1 max-md:col-start-1 col-end-span-7 max-sm:col-end-span-1 max-md:col-end-span-2 justify-start items-center pl-4 pr-4 pt-4 pb-4 from-blue-800 to-blue-950 bg-gradient-to-r rounded-2xl shadow-xl border border-blue-900 overflow-visible\" >\n\t\n<div\n\tclass=\"scroll-my-24 mt-0 mb-4 pt-4 pb-0 w-full\"\n\t>\n\t<div\n\tclass=\"flex flex-col flex-wrap items-center text-center gap-2 js-animated-number\"\n\tdata-duration=\"3\"\n>\n\t<p\tdata-slug=\"82\"\n\tclass=\"font-display text-balance font-synthesis-none scroll-m-20 break-words hyphens-auto text-15xl md:text-16xl lg:text-17xl leading-none text-white js-animated-number-number\"\n>\n\t82%<\/p><p\tdata-slug=\"xn-gjenvinning-av-82-av-avfallet-vrt-65c\"\n\tclass=\"font-display text-balance font-synthesis-none scroll-m-20 break-words hyphens-auto text-xl md:text-2xl lg:text-lg leading-normal font-normal font-sans text-white\"\n>\n\tGjenvinning av 82% av avfallet v\u00e5rt<\/p><\/div><\/div>\n<\/div>\n\n<div class=\"flex flex-col col-start-8 max-sm:col-start-1 max-md:col-start-3 col-end-span-4 max-sm:col-end-span-1 max-md:col-end-span-2 justify-start items-center pl-4 pr-4 pt-4 pb-4 from-blue-800 to-blue-950 bg-gradient-to-br rounded-2xl shadow-xl overflow-visible\" >\n\t\n<div\n\tclass=\"scroll-my-24 mt-0 mb-4 pt-4 pb-0 w-full\"\n\t>\n\t<div\n\tclass=\"flex flex-col flex-wrap items-center text-center gap-2 js-animated-number\"\n\tdata-duration=\"2\"\n>\n\t<p\tdata-slug=\"19\"\n\tclass=\"font-display text-balance font-synthesis-none scroll-m-20 break-words hyphens-auto text-11xl md:text-12xl lg:text-13xl leading-none text-white js-animated-number-number\"\n>\n\t19<\/p><p\tdata-slug=\"\"\n\tclass=\"font-display text-balance font-synthesis-none scroll-m-20 break-words hyphens-auto text-xl md:text-2xl lg:text-lg leading-normal font-normal font-sans text-white\"\n>\n\tMer enn 19 solcelleanlegg, samt biomasse- og vannkraftverk forsyner anleggene v\u00e5re med str\u00f8m<\/p><\/div><\/div>\n<\/div>\n<\/div><\/div>\n\n<div\n\tclass=\"scroll-my-24 bg-blue-900 wrapper-contained-wide mt-0 mb-0 pt-4 pb-12 max-sm:pb-4 w-full\"\n\t>\n\t<div class=\"grid grid-cols-12 max-sm:grid-cols-1 max-md:grid-cols-4 gap-y-4 gap-x-16\" >\n\t\n<div class=\"flex flex-col col-start-2 max-sm:col-start-1 max-md:col-start-3 col-end-span-4 max-sm:col-end-span-1 max-md:col-end-span-2 row-end-span-1 justify-start items-center pl-4 pr-4 pt-4 pb-4 from-blue-800 to-blue-950 bg-gradient-to-b rounded-2xl shadow-xl overflow-visible\" >\n\t\n<div\n\tclass=\"scroll-my-24 mt-0 mb-4 pt-4 pb-0 w-full\"\n\t>\n\t<div\n\tclass=\"flex flex-col flex-wrap items-center text-center gap-2 js-animated-number\"\n\tdata-duration=\"4\"\n>\n\t<p\tdata-slug=\"4144\"\n\tclass=\"font-display text-balance font-synthesis-none scroll-m-20 break-words hyphens-auto text-11xl md:text-12xl lg:text-13xl leading-none text-white js-animated-number-number\"\n>\n\t4144<\/p><p\tdata-slug=\"xn-reduserte-karbonavtrykket-vrt-med-over-4-dod-144-tonn-noe-som-tilsvarer-planting-av-124-xn-320-trr-rxa\"\n\tclass=\"font-display text-balance font-synthesis-none scroll-m-20 break-words hyphens-auto text-xl md:text-2xl lg:text-lg leading-normal font-normal font-sans text-white\"\n>\n\tReduserte karbonavtrykket v\u00e5rt med over 4.144 tonn, noe som tilsvarer planting av 124.320 tr\u00e6r.<\/p><\/div><\/div>\n<\/div>\n\n<div class=\"flex flex-col col-start-6 max-sm:col-start-1 max-md:col-start-1 col-end-span-7 max-sm:col-end-span-1 max-md:col-end-span-2 justify-start items-center pl-4 pr-4 pt-4 pb-4 from-blue-800 to-blue-950 bg-gradient-to-tl rounded-2xl shadow-xl overflow-visible\" >\n\t\n<div\n\tclass=\"scroll-my-24 mt-0 mb-4 pt-4 pb-0 w-full\"\n\t>\n\t<div\n\tclass=\"flex flex-col flex-wrap items-center text-center gap-2 js-animated-number\"\n\tdata-duration=\"3\"\n>\n\t<p\tdata-slug=\"28\"\n\tclass=\"font-display text-balance font-synthesis-none scroll-m-20 break-words hyphens-auto text-15xl md:text-16xl lg:text-17xl leading-none text-white js-animated-number-number\"\n>\n\t28%<\/p><p\tdata-slug=\"reduserte-co2-utslipp-med-28\"\n\tclass=\"font-display text-balance font-synthesis-none scroll-m-20 break-words hyphens-auto text-xl md:text-2xl lg:text-lg leading-normal font-normal font-sans text-white\"\n>\n\tReduserte CO2-utslipp med 28%*<\/p><\/div><\/div>\n<\/div>\n<\/div><\/div>\n\n<div\n\tclass=\"scroll-my-24 bg-blue-900 wrapper-contained-wide mt-0 mb-0 pt-4 pb-16 max-md:pb-4 w-full\"\n\t>\n\t<p class=\"font-sans [&amp;&gt;a]:underline font-synthesis-none break-words hyphens-auto text-tiny lg:text-md leading-tight text-center text-white [&amp;&gt;a]:text-blue-700\">\n\tKilde: B\u00e6rekraftsrapporter fra pewag traction and forestry chain group og pewag industrial chain group 2024.<br>*I 2024, takket v\u00e6re fornybar energi. Inkluderer direkte og indirekte utslipp (scope 1 og 2), men ikke utslipp fra verdikjeden v\u00e5r (scope 3).<\/p><\/div>\n\n<div\n\tclass=\"scroll-my-24 bg-blue-900 wrapper-full mt-0 mb-0 pt-20 max-md:pt-4 pb-0 w-full\"\n\t>\n\t<div\n\tclass=\"relative md:min-h-96 md:mt-10 lg:mt-14 js-block-main-content-teaser\"\n\tdata-animation=1>\n\t<picture\n\t\t\tclass=\"hidden md:block absolute inset-0 overflow-hidden\"\n\t>\n\t\t\t\t\t\t\t\n\t<img\n\t\tsrc=\"https:\/\/www.pewag.com\/wp-content\/uploads\/2024\/09\/pewag-production-site-Brueckl-scaled.jpg\"\n\t\talt=\"\"\n\t\tclass=\"object-cover object-center object-center size-full h-screen bottom-0 absolute opacity-0 transition-opacity duration-1000 ease-out js-block-main-content-teaser-image\"\n\t\/>\n<\/picture>\n\t<div class=\"layout-base\">\n\t\t<a class=\"w-full md:max-w-lg mx-0 md:mx-16 lg:mx-24 group z-20 md:justify-self-start !translate-y-40 transition-transform duration-1000 ease-out md:-translate-y-14 js-block-main-content-teaser-card\" href=\"https:\/\/www.pewag.com\/no\/om-oss\/\"\t\t>\n\t\t\t<picture\n\t\t\tclass=\"w-full !block bg-gray-100 overflow-hidden\"\n\t>\n\t\t\t\t\t\t\t\n\t<img\n\t\tsrc=\"https:\/\/www.pewag.com\/wp-content\/uploads\/2024\/11\/IMG_1584_bearb-1-scaled.jpg\"\n\t\talt=\"\"\n\t\tclass=\"object-cover aspect-video object-center w-full aspect-16\/9 md:aspect-29\/11 group-hover:scale-110 transition-transform duration-300\"\n\t\/>\n<\/picture>\t\t\t<div class=\"p-4 md:p-7 lg:p-10 bg-white\">\n\t\t\t\t<h2\tdata-slug=\"velkommen-til-pewag\"\n\tclass=\"font-display text-balance font-synthesis-none scroll-m-20 break-words hyphens-auto text-3xl md:text-4xl lg:text-5xl leading-normal\"\n>\n\tVelkommen til pewag<\/h2><p class=\"font-sans [&amp;&gt;a]:underline font-synthesis-none break-words hyphens-auto text-xl md:text-2xl leading-normal mt-2\">\n\tUtforsk hvem vi er og hva vi st\u00e5r for.<\/p><button\tclass=\"font-sans transition duration-300 flex w-fit items-center focus-visible:ring focus:outline-none text-lg disabled:cursor-default [&amp;&gt;svg]:flex-none max-w-full leading-tight cursor-pointer [&amp;&gt;svg]:size-6 gap-3 text-left text-blue-900 hover:text-blue-700 button mt-4 [&amp;&gt;svg]:size-5\">\n\t\t\t<span class=\"min-w-0 break-words hyphens-auto\">Om oss<\/span>\n\t\n\t<svg xmlns='http:\/\/www.w3.org\/2000\/svg' width='24' height='24' viewBox='0 0 24 24' fill='none'><circle cx='12' cy='12' r='12' fill='#E20031'\/><path fill-rule='evenodd' clip-rule='evenodd' d='m13.757 6.697 4.773 4.773a.75.75 0 0 1 0 1.06l-4.773 4.774a.75.75 0 0 1-1.06-1.061l3.492-3.493H5.25v-1.5h10.94l-3.493-3.492a.75.75 0 1 1 1.06-1.061Z' fill='#fff'\/><\/svg><\/button>\t\t\t<\/div>\n\t\t<\/a>\n\t<\/div>\n\t<\/div><\/div>","protected":false},"excerpt":{"rendered":"","protected":false},"author":13,"featured_media":0,"parent":9900,"menu_order":0,"comment_status":"closed","ping_status":"closed","template":"","meta":{"pewag_navigation_theme_dark_use":true,"footnotes":""},"content-types":[24],"class_list":["post-9919","page","type-page","status-publish","hentry","content-type-about-pewag"],"yoast_head":"<!-- This site is optimized with the Yoast SEO plugin v27.2 - https:\/\/yoast.com\/product\/yoast-seo-wordpress\/ -->\n<title>B\u00e6rekraft - pewag<\/title>\n<meta name=\"robots\" content=\"index, follow, max-snippet:-1, max-image-preview:large, max-video-preview:-1\" \/>\n<link rel=\"canonical\" href=\"https:\/\/www.pewag.com\/no\/om-oss\/baerekraft\/\" \/>\n<meta property=\"og:locale\" content=\"en_US\" \/>\n<meta property=\"og:type\" content=\"article\" \/>\n<meta property=\"og:title\" content=\"B\u00e6rekraft - pewag\" \/>\n<meta property=\"og:url\" content=\"https:\/\/www.pewag.com\/no\/om-oss\/baerekraft\/\" \/>\n<meta property=\"og:site_name\" content=\"pewag\" \/>\n<meta property=\"article:modified_time\" content=\"2025-07-17T09:37:48+00:00\" \/>\n<meta name=\"twitter:card\" content=\"summary_large_image\" \/>\n<meta name=\"twitter:label1\" content=\"Est. reading time\" \/>\n\t<meta name=\"twitter:data1\" content=\"4 minutes\" \/>\n<script type=\"application\/ld+json\" class=\"yoast-schema-graph\">{\"@context\":\"https:\/\/schema.org\",\"@graph\":[{\"@type\":\"WebPage\",\"@id\":\"https:\/\/www.pewag.com\/no\/om-oss\/baerekraft\/\",\"url\":\"https:\/\/www.pewag.com\/no\/om-oss\/baerekraft\/\",\"name\":\"B\u00e6rekraft - pewag\",\"isPartOf\":{\"@id\":\"https:\/\/www.pewag.com\/#website\"},\"datePublished\":\"2024-09-19T13:55:54+00:00\",\"dateModified\":\"2025-07-17T09:37:48+00:00\",\"breadcrumb\":{\"@id\":\"https:\/\/www.pewag.com\/no\/om-oss\/baerekraft\/#breadcrumb\"},\"inLanguage\":\"nb-NO\",\"potentialAction\":[{\"@type\":\"ReadAction\",\"target\":[\"https:\/\/www.pewag.com\/no\/om-oss\/baerekraft\/\"]}]},{\"@type\":\"BreadcrumbList\",\"@id\":\"https:\/\/www.pewag.com\/no\/om-oss\/baerekraft\/#breadcrumb\",\"itemListElement\":[{\"@type\":\"ListItem\",\"position\":1,\"name\":\"Home\",\"item\":\"https:\/\/www.pewag.com\/no\/\"},{\"@type\":\"ListItem\",\"position\":2,\"name\":\"Om oss\",\"item\":\"https:\/\/www.pewag.com\/no\/om-oss\/\"},{\"@type\":\"ListItem\",\"position\":3,\"name\":\"B\u00e6rekraft\"}]},{\"@type\":\"WebSite\",\"@id\":\"https:\/\/www.pewag.com\/#website\",\"url\":\"https:\/\/www.pewag.com\/\",\"name\":\"pewag\",\"description\":\"\",\"potentialAction\":[{\"@type\":\"SearchAction\",\"target\":{\"@type\":\"EntryPoint\",\"urlTemplate\":\"https:\/\/www.pewag.com\/?s={search_term_string}\"},\"query-input\":{\"@type\":\"PropertyValueSpecification\",\"valueRequired\":true,\"valueName\":\"search_term_string\"}}],\"inLanguage\":\"nb-NO\"}]}<\/script>\n<!-- \/ Yoast SEO plugin. -->","yoast_head_json":{"title":"B\u00e6rekraft - pewag","robots":{"index":"index","follow":"follow","max-snippet":"max-snippet:-1","max-image-preview":"max-image-preview:large","max-video-preview":"max-video-preview:-1"},"canonical":"https:\/\/www.pewag.com\/no\/om-oss\/baerekraft\/","og_locale":"en_US","og_type":"article","og_title":"B\u00e6rekraft - pewag","og_url":"https:\/\/www.pewag.com\/no\/om-oss\/baerekraft\/","og_site_name":"pewag","article_modified_time":"2025-07-17T09:37:48+00:00","twitter_card":"summary_large_image","twitter_misc":{"Est. reading time":"4 minutes"},"schema":{"@context":"https:\/\/schema.org","@graph":[{"@type":"WebPage","@id":"https:\/\/www.pewag.com\/no\/om-oss\/baerekraft\/","url":"https:\/\/www.pewag.com\/no\/om-oss\/baerekraft\/","name":"B\u00e6rekraft - pewag","isPartOf":{"@id":"https:\/\/www.pewag.com\/#website"},"datePublished":"2024-09-19T13:55:54+00:00","dateModified":"2025-07-17T09:37:48+00:00","breadcrumb":{"@id":"https:\/\/www.pewag.com\/no\/om-oss\/baerekraft\/#breadcrumb"},"inLanguage":"nb-NO","potentialAction":[{"@type":"ReadAction","target":["https:\/\/www.pewag.com\/no\/om-oss\/baerekraft\/"]}]},{"@type":"BreadcrumbList","@id":"https:\/\/www.pewag.com\/no\/om-oss\/baerekraft\/#breadcrumb","itemListElement":[{"@type":"ListItem","position":1,"name":"Home","item":"https:\/\/www.pewag.com\/no\/"},{"@type":"ListItem","position":2,"name":"Om oss","item":"https:\/\/www.pewag.com\/no\/om-oss\/"},{"@type":"ListItem","position":3,"name":"B\u00e6rekraft"}]},{"@type":"WebSite","@id":"https:\/\/www.pewag.com\/#website","url":"https:\/\/www.pewag.com\/","name":"pewag","description":"","potentialAction":[{"@type":"SearchAction","target":{"@type":"EntryPoint","urlTemplate":"https:\/\/www.pewag.com\/?s={search_term_string}"},"query-input":{"@type":"PropertyValueSpecification","valueRequired":true,"valueName":"search_term_string"}}],"inLanguage":"nb-NO"}]}},"_links":{"self":[{"href":"https:\/\/www.pewag.com\/no\/wp-json\/wp\/v2\/pages\/9919","targetHints":{"allow":["GET"]}}],"collection":[{"href":"https:\/\/www.pewag.com\/no\/wp-json\/wp\/v2\/pages"}],"about":[{"href":"https:\/\/www.pewag.com\/no\/wp-json\/wp\/v2\/types\/page"}],"author":[{"embeddable":true,"href":"https:\/\/www.pewag.com\/no\/wp-json\/wp\/v2\/users\/13"}],"replies":[{"embeddable":true,"href":"https:\/\/www.pewag.com\/no\/wp-json\/wp\/v2\/comments?post=9919"}],"version-history":[{"count":7,"href":"https:\/\/www.pewag.com\/no\/wp-json\/wp\/v2\/pages\/9919\/revisions"}],"predecessor-version":[{"id":21070,"href":"https:\/\/www.pewag.com\/no\/wp-json\/wp\/v2\/pages\/9919\/revisions\/21070"}],"up":[{"embeddable":true,"href":"https:\/\/www.pewag.com\/no\/wp-json\/wp\/v2\/pages\/9900"}],"wp:attachment":[{"href":"https:\/\/www.pewag.com\/no\/wp-json\/wp\/v2\/media?parent=9919"}],"wp:term":[{"taxonomy":"content-type","embeddable":true,"href":"https:\/\/www.pewag.com\/no\/wp-json\/wp\/v2\/content-types?post=9919"}],"curies":[{"name":"wp","href":"https:\/\/api.w.org\/{rel}","templated":true}]}}