{"id":13996,"date":"2024-09-18T11:15:31","date_gmt":"2024-09-18T09:15:31","guid":{"rendered":"https:\/\/www.pewag.com\/?page_id=13996"},"modified":"2025-01-28T15:40:21","modified_gmt":"2025-01-28T14:40:21","slug":"tradicion-e-innovacion","status":"publish","type":"page","link":"https:\/\/www.pewag.com\/mx\/quienes-somos\/tradicion-e-innovacion\/","title":{"rendered":"Tradici\u00f3n e innovaci\u00f3n"},"content":{"rendered":"<div\n\tclass=\"scroll-my-24 bg-blue-900 wrapper-full mt-0 mb-0 max-sm:mb-0 pt-20 max-sm:pt-16 pb-20 max-sm:pb-16 w-full\"\n\t>\n\t<div class=\"grid md:grid-rows-1 md:grid-cols-[minmax(min-content,1fr)_1fr_1fr]\">\n\t<div class=\"px-4 md:px-10 pb-12 md:pb-24 grid md:flex md:flex-col grid-rows-1 grid-cols-4 order-2 md:order-none justify-end items-start\">\n\t\t<p class=\"font-sans [&amp;&gt;a]:underline font-synthesis-none break-words hyphens-auto text-3xl md:text-4xl lg:text-5xl leading-normal md:mb-2 col-start-1 col-span-3 text-blue-500\">\n\tTRADICI\u00d3N E INNOVACI\u00d3N<\/p><h2\tdata-slug=\"xn-500-aos-de-fuerza-y-progreso-1xc\"\n\tclass=\"font-display text-balance font-synthesis-none scroll-m-20 break-words hyphens-auto text-9xl md:text-10xl lg:text-11xl leading-none col-start-1 col-span-3 text-white\"\n>\n\t500 a\u00f1os de fuerza y progreso.<\/h2>\t<\/div>\n\t<div class=\"video !aspect-square lg:h-[90vh] lg:w-full object-cover md:col-start-2 md:col-span-2 mb-5 md:mb-0\">\n\t\t\t<video\n\t\t\tclass=\"aspect-video object-cover w-full js-video\"\n\t\t\tloop autoplay playsinline muted\t\t\tpreload=\"metadata\"\n\t\t\tposter=\"\"\n\t\t\t\t\t>\n\t\t\t<source src=\"https:\/\/www.pewag.com\/wp-content\/uploads\/2024\/11\/History-Header-3.mp4\" type=\"video\/mp4\" \/>\n\n\t\t\t\t\t<\/video>\n\t\n\t<\/div><\/div><\/div>\n\n<div\n\tclass=\"scroll-my-24 bg-blue-900 wrapper-contained-wide mt-0 mb-0 pt-16 max-md:pt-12 max-sm:pt-8 pb-0 w-full\"\n\t>\n\t<div class=\"grid grid-cols-8 md:grid-cols-5 md:gap-14\">\n\t<picture\n\t\t\tclass=\"col-span-7 md:translate-x-0 -translate-x-4 md:col-span-3\"\n\t>\n\t\t\t\t\t\t\t\n\t<img\n\t\tsrc=\"https:\/\/www.pewag.com\/wp-content\/uploads\/2024\/11\/pewag-history-kettenlager-e1732702428141.jpg\"\n\t\talt=\"\"\n\t\tclass=\"object-cover aspect-3\/2 size-full object-center\"\n\t\/>\n<\/picture>\n\t<div class=\"col-span-8 mt-8 md:mt-16 lg:mt-7 md:col-span-2\">\n\t\t\n<div\n\tclass=\"scroll-my-24 mt-0 mb-4 pt-0 pb-0 w-full\"\n\t>\n\t<svg xmlns='http:\/\/www.w3.org\/2000\/svg' width='40' height='11' viewBox='0 0 40 11' fill='none'><path d='M5.097 10.249c2.815 0 5.097-2.294 5.097-5.125C10.194 2.294 7.912 0 5.097 0 2.282 0 0 2.294 0 5.124c0 2.83 2.282 5.125 5.097 5.125Zm14.846 0c2.814 0 5.096-2.294 5.096-5.125C25.04 2.294 22.757 0 19.943 0c-2.815 0-5.097 2.294-5.097 5.124 0 2.83 2.282 5.125 5.097 5.125Zm14.961 0c2.814 0 5.096-2.294 5.096-5.125C40 2.294 37.718 0 34.904 0c-2.815 0-5.097 2.294-5.097 5.124 0 2.83 2.282 5.125 5.097 5.125Z' fill='#E4032E'\/><\/svg>\n<h2\tdata-slug=\"\"\n\tclass=\"font-display text-balance font-synthesis-none scroll-m-20 break-words hyphens-auto text-6xl md:text-7xl leading-tight text-start text-white [&amp;&gt;a]:text-blue-700 mt-2\"\n>\n\tHonramos nuestro pasado&#8230;<\/h2><\/div>\n\n<div\n\tclass=\"scroll-my-24 mt-0 mb-4 pt-0 pb-0 w-full\"\n\t>\n\t<p class=\"font-sans [&amp;&gt;a]:underline font-synthesis-none break-words hyphens-auto text-base leading-normal text-start text-white [&amp;&gt;a]:text-blue-700\">\n\tPensamos en el futuro y valoramos tanto la tradici\u00f3n como el progreso. Siendo uno de los fabricantes de cadenas m\u00e1s antiguos y fiables del mundo, nuestra herencia austriaca y siglos de experiencia son la base de nuestro compromiso con la calidad. Sin embargo, lo que nos distingue es nuestro continuo af\u00e1n de innovaci\u00f3n.<\/p><\/div>\n\t<\/div>\n<\/div><\/div>\n\n<div\n\tclass=\"scroll-my-24 bg-blue-900 wrapper-contained-wide mt-0 mb-0 pt-16 pb-20 w-full\"\n\t>\n\t<div class=\"grid grid-cols-8 md:grid-cols-5 md:gap-14\">\n\t<picture\n\t\t\tclass=\"col-span-7 md:translate-x-0 translate-x-4 md:order-2 col-start-2 md:col-start-auto md:col-span-3\"\n\t>\n\t\t\t\t\t\t\t\n\t<img\n\t\tsrc=\"https:\/\/www.pewag.com\/wp-content\/uploads\/2024\/11\/Kategoriebanner_Seg_A_Forst_accessories_v1.jpg\"\n\t\talt=\"\"\n\t\tclass=\"object-cover aspect-3\/2 object-center\"\n\t\/>\n<\/picture>\n\t<div class=\"col-span-8 mt-8 md:mt-16 lg:mt-7 md:col-span-2\">\n\t\t\n<div\n\tclass=\"scroll-my-24 mt-0 mb-4 pt-0 pb-0 w-full\"\n\t>\n\t<svg xmlns='http:\/\/www.w3.org\/2000\/svg' width='40' height='11' viewBox='0 0 40 11' fill='none'><path d='M5.097 10.249c2.815 0 5.097-2.294 5.097-5.125C10.194 2.294 7.912 0 5.097 0 2.282 0 0 2.294 0 5.124c0 2.83 2.282 5.125 5.097 5.125Zm14.846 0c2.814 0 5.096-2.294 5.096-5.125C25.04 2.294 22.757 0 19.943 0c-2.815 0-5.097 2.294-5.097 5.124 0 2.83 2.282 5.125 5.097 5.125Zm14.961 0c2.814 0 5.096-2.294 5.096-5.125C40 2.294 37.718 0 34.904 0c-2.815 0-5.097 2.294-5.097 5.124 0 2.83 2.282 5.125 5.097 5.125Z' fill='#E4032E'\/><\/svg>\n<h2\tdata-slug=\"\"\n\tclass=\"font-display text-balance font-synthesis-none scroll-m-20 break-words hyphens-auto text-6xl md:text-7xl leading-tight text-start text-white [&amp;&gt;a]:text-blue-700 mt-2\"\n>\n\t<strong>&#8230;mientras damos forma al futuro<\/strong><\/h2><\/div>\n\n<div\n\tclass=\"scroll-my-24 mt-0 mb-4 pt-0 pb-0 w-full\"\n\t>\n\t<p class=\"font-sans [&amp;&gt;a]:underline font-synthesis-none break-words hyphens-auto text-base leading-normal text-start text-white [&amp;&gt;a]:text-blue-700\">\n\tEn un mundo cambiante, mantenemos la continuidad y la confianza a trav\u00e9s de una fiabilidad probada y una profunda experiencia. Combinando la artesan\u00eda tradicional con la tecnolog\u00eda m\u00e1s avanzada, satisfacemos las necesidades cambiantes de nuestros clientes de todo el mundo. Nos aseguramos de que nuestros m\u00e9todos de producci\u00f3n no s\u00f3lo sean respetuosos con el medio ambiente, sino tambi\u00e9n pioneros.<\/p><\/div>\n\t<\/div>\n<\/div><\/div>\n\n<div\n\tclass=\"scroll-my-24 wrapper-contained mt-20 max-md:mt-16 max-sm:mt-8 mb-12 pt-0 pb-8 w-full\"\n\t>\n\t<div class=\"grid grid-cols-2 max-sm:grid-cols-1 gap-y-4 gap-x-4\" >\n\t\n<div class=\"flex flex-col col-start-1 max-sm:col-start-1 max-md:col-start-1 col-end-span-1 max-sm:col-end-span-1 max-md:col-end-span-2 row-end-span-1 justify-stretch h-full [&amp;&gt;*:only-child]:h-full items-stretch w-full [&amp;&gt;*:only-child]:w-full pl-0 pr-0 pt-0 pb-0 bg-gradient-to-r overflow-visible\" >\n\t\n<div\n\tclass=\"scroll-my-24 mt-0 mb-4 pt-0 pb-0 w-full\"\n\t>\n\t<h2\tdata-slug=\"\"\n\tclass=\"font-display text-balance font-synthesis-none scroll-m-20 break-words hyphens-auto text-3xl md:text-4xl lg:text-5xl leading-normal text-start text-blue-900 [&amp;&gt;a]:text-blue-700\"\n>\n\t<strong>Calendario de eventos importantes a lo largo de la historia del pewag<\/strong> group<\/h2><\/div>\n\n<div\n\tclass=\"scroll-my-24 mt-0 mb-4 pt-0 pb-0 w-full\"\n\t>\n\t<div class=\"w-full overflow-x-auto whitespace-nowrap\">\n\t<table class=\"table whitespace-normal table-auto min-w-full\">\n\t\t\t\t\t<thead class=\"text-lg text-left\">\n\t\t\t\t<tr class=\"sm:table-row border-b border-gray-200 flex flex-col flex-nowrap\">\n\t\t\t\t\t\t\t\t\t\t\t<th class=\"p-2 [&amp;&gt;a]:underline underline-offset-2 [&amp;&gt;a]:text-blue-700 hover:[&amp;&gt;a]:text-blue-900 [&amp;&gt;a]:transition\">\n\t\t\t\t\t\t\t\t\t\t\t\t\t<\/th>\n\t\t\t\t\t\t\t\t\t<\/tr>\n\t\t\t<\/thead>\n\t\t\n\t\t<tbody class=\"text-md flex-1 sm:flex-none\">\n\t\t\t\n\t\t\t\t<tr class=\"sm:table-row border-b border-gray-200 flex flex-col flex-nowrap\">\n\t\t\t\t\t\t\t\t\t\t\t<td class=\"p-2 [&amp;&gt;a]:underline underline-offset-2 [&amp;&gt;a]:text-blue-700 hover:[&amp;&gt;a]:text-blue-900 [&amp;&gt;a]:transition\">\n\t\t\t\t\t\t\t<strong>1479<\/strong>\t\t\t\t\t\t<\/td>\n\t\t\t\t\t\t\t\t\t\t\t<td class=\"p-2 [&amp;&gt;a]:underline underline-offset-2 [&amp;&gt;a]:text-blue-700 hover:[&amp;&gt;a]:text-blue-900 [&amp;&gt;a]:transition\">\n\t\t\t\t\t\t\tPrimeras referencias documentadas de una forja en Br\u00fcckl\t\t\t\t\t\t<\/td>\n\t\t\t\t\t\t\t\t\t<\/tr>\n\n\t\t\t\n\t\t\t\t<tr class=\"sm:table-row border-b border-gray-200 flex flex-col flex-nowrap\">\n\t\t\t\t\t\t\t\t\t\t\t<td class=\"p-2 [&amp;&gt;a]:underline underline-offset-2 [&amp;&gt;a]:text-blue-700 hover:[&amp;&gt;a]:text-blue-900 [&amp;&gt;a]:transition\">\n\t\t\t\t\t\t\t<strong>1787<\/strong>\t\t\t\t\t\t<\/td>\n\t\t\t\t\t\t\t\t\t\t\t<td class=\"p-2 [&amp;&gt;a]:underline underline-offset-2 [&amp;&gt;a]:text-blue-700 hover:[&amp;&gt;a]:text-blue-900 [&amp;&gt;a]:transition\">\n\t\t\t\t\t\t\tFundaci\u00f3n de una forja de cadenas en Kapfenberg\t\t\t\t\t\t<\/td>\n\t\t\t\t\t\t\t\t\t<\/tr>\n\n\t\t\t\n\t\t\t\t<tr class=\"sm:table-row border-b border-gray-200 flex flex-col flex-nowrap\">\n\t\t\t\t\t\t\t\t\t\t\t<td class=\"p-2 [&amp;&gt;a]:underline underline-offset-2 [&amp;&gt;a]:text-blue-700 hover:[&amp;&gt;a]:text-blue-900 [&amp;&gt;a]:transition\">\n\t\t\t\t\t\t\t<strong>1803<\/strong>\t\t\t\t\t\t<\/td>\n\t\t\t\t\t\t\t\t\t\t\t<td class=\"p-2 [&amp;&gt;a]:underline underline-offset-2 [&amp;&gt;a]:text-blue-700 hover:[&amp;&gt;a]:text-blue-900 [&amp;&gt;a]:transition\">\n\t\t\t\t\t\t\tFundaci\u00f3n de una forja de cadenas en Graz\t\t\t\t\t\t<\/td>\n\t\t\t\t\t\t\t\t\t<\/tr>\n\n\t\t\t\n\t\t\t\t<tr class=\"sm:table-row border-b border-gray-200 flex flex-col flex-nowrap\">\n\t\t\t\t\t\t\t\t\t\t\t<td class=\"p-2 [&amp;&gt;a]:underline underline-offset-2 [&amp;&gt;a]:text-blue-700 hover:[&amp;&gt;a]:text-blue-900 [&amp;&gt;a]:transition\">\n\t\t\t\t\t\t\t<strong>1836<\/strong>\t\t\t\t\t\t<\/td>\n\t\t\t\t\t\t\t\t\t\t\t<td class=\"p-2 [&amp;&gt;a]:underline underline-offset-2 [&amp;&gt;a]:text-blue-700 hover:[&amp;&gt;a]:text-blue-900 [&amp;&gt;a]:transition\">\n\t\t\t\t\t\t\tCreaci\u00f3n de una planta de fundici\u00f3n de hierro en Br\u00fcckl\t\t\t\t\t\t<\/td>\n\t\t\t\t\t\t\t\t\t<\/tr>\n\n\t\t\t\n\t\t\t\t<tr class=\"sm:table-row border-b border-gray-200 flex flex-col flex-nowrap\">\n\t\t\t\t\t\t\t\t\t\t\t<td class=\"p-2 [&amp;&gt;a]:underline underline-offset-2 [&amp;&gt;a]:text-blue-700 hover:[&amp;&gt;a]:text-blue-900 [&amp;&gt;a]:transition\">\n\t\t\t\t\t\t\t<strong>1912<\/strong>\t\t\t\t\t\t<\/td>\n\t\t\t\t\t\t\t\t\t\t\t<td class=\"p-2 [&amp;&gt;a]:underline underline-offset-2 [&amp;&gt;a]:text-blue-700 hover:[&amp;&gt;a]:text-blue-900 [&amp;&gt;a]:transition\">\n\t\t\t\t\t\t\tProducci\u00f3n de la primera cadena de nieve pewag\t\t\t\t\t\t<\/td>\n\t\t\t\t\t\t\t\t\t<\/tr>\n\n\t\t\t\n\t\t\t\t<tr class=\"sm:table-row border-b border-gray-200 flex flex-col flex-nowrap\">\n\t\t\t\t\t\t\t\t\t\t\t<td class=\"p-2 [&amp;&gt;a]:underline underline-offset-2 [&amp;&gt;a]:text-blue-700 hover:[&amp;&gt;a]:text-blue-900 [&amp;&gt;a]:transition\">\n\t\t\t\t\t\t\t<strong>1923<\/strong>\t\t\t\t\t\t<\/td>\n\t\t\t\t\t\t\t\t\t\t\t<td class=\"p-2 [&amp;&gt;a]:underline underline-offset-2 [&amp;&gt;a]:text-blue-700 hover:[&amp;&gt;a]:text-blue-900 [&amp;&gt;a]:transition\">\n\t\t\t\t\t\t\tFusi\u00f3n de las plantas de Graz y Kapfenberg<br>Creaci\u00f3n del nombre &#8220;pewag\t\t\t\t\t\t<\/td>\n\t\t\t\t\t\t\t\t\t<\/tr>\n\n\t\t\t\n\t\t\t\t<tr class=\"sm:table-row border-b border-gray-200 flex flex-col flex-nowrap\">\n\t\t\t\t\t\t\t\t\t\t\t<td class=\"p-2 [&amp;&gt;a]:underline underline-offset-2 [&amp;&gt;a]:text-blue-700 hover:[&amp;&gt;a]:text-blue-900 [&amp;&gt;a]:transition\">\n\t\t\t\t\t\t\t<strong>1972<\/strong>\t\t\t\t\t\t<\/td>\n\t\t\t\t\t\t\t\t\t\t\t<td class=\"p-2 [&amp;&gt;a]:underline underline-offset-2 [&amp;&gt;a]:text-blue-700 hover:[&amp;&gt;a]:text-blue-900 [&amp;&gt;a]:transition\">\n\t\t\t\t\t\t\tFundaci\u00f3n de una empresa de ventas en Alemania\t\t\t\t\t\t<\/td>\n\t\t\t\t\t\t\t\t\t<\/tr>\n\n\t\t\t\n\t\t\t\t<tr class=\"sm:table-row border-b border-gray-200 flex flex-col flex-nowrap\">\n\t\t\t\t\t\t\t\t\t\t\t<td class=\"p-2 [&amp;&gt;a]:underline underline-offset-2 [&amp;&gt;a]:text-blue-700 hover:[&amp;&gt;a]:text-blue-900 [&amp;&gt;a]:transition\">\n\t\t\t\t\t\t\t<strong>1975<\/strong>\t\t\t\t\t\t<\/td>\n\t\t\t\t\t\t\t\t\t\t\t<td class=\"p-2 [&amp;&gt;a]:underline underline-offset-2 [&amp;&gt;a]:text-blue-700 hover:[&amp;&gt;a]:text-blue-900 [&amp;&gt;a]:transition\">\n\t\t\t\t\t\t\tFundaci\u00f3n de una empresa de ventas en EE.UU.\t\t\t\t\t\t<\/td>\n\t\t\t\t\t\t\t\t\t<\/tr>\n\n\t\t\t\n\t\t\t\t<tr class=\"sm:table-row border-b border-gray-200 flex flex-col flex-nowrap\">\n\t\t\t\t\t\t\t\t\t\t\t<td class=\"p-2 [&amp;&gt;a]:underline underline-offset-2 [&amp;&gt;a]:text-blue-700 hover:[&amp;&gt;a]:text-blue-900 [&amp;&gt;a]:transition\">\n\t\t\t\t\t\t\t<strong>1993<\/strong>\t\t\t\t\t\t<\/td>\n\t\t\t\t\t\t\t\t\t\t\t<td class=\"p-2 [&amp;&gt;a]:underline underline-offset-2 [&amp;&gt;a]:text-blue-700 hover:[&amp;&gt;a]:text-blue-900 [&amp;&gt;a]:transition\">\n\t\t\t\t\t\t\tFundaci\u00f3n de pewag austria GmbH\t\t\t\t\t\t<\/td>\n\t\t\t\t\t\t\t\t\t<\/tr>\n\n\t\t\t\n\t\t\t\t<tr class=\"sm:table-row border-b border-gray-200 flex flex-col flex-nowrap\">\n\t\t\t\t\t\t\t\t\t\t\t<td class=\"p-2 [&amp;&gt;a]:underline underline-offset-2 [&amp;&gt;a]:text-blue-700 hover:[&amp;&gt;a]:text-blue-900 [&amp;&gt;a]:transition\">\n\t\t\t\t\t\t\t<strong>1994<\/strong>\t\t\t\t\t\t<\/td>\n\t\t\t\t\t\t\t\t\t\t\t<td class=\"p-2 [&amp;&gt;a]:underline underline-offset-2 [&amp;&gt;a]:text-blue-700 hover:[&amp;&gt;a]:text-blue-900 [&amp;&gt;a]:transition\">\n\t\t\t\t\t\t\tFundaci\u00f3n de la primera filial en la Rep\u00fablica Checa\t\t\t\t\t\t<\/td>\n\t\t\t\t\t\t\t\t\t<\/tr>\n\n\t\t\t\n\t\t\t\t<tr class=\"sm:table-row border-b border-gray-200 flex flex-col flex-nowrap\">\n\t\t\t\t\t\t\t\t\t\t\t<td class=\"p-2 [&amp;&gt;a]:underline underline-offset-2 [&amp;&gt;a]:text-blue-700 hover:[&amp;&gt;a]:text-blue-900 [&amp;&gt;a]:transition\">\n\t\t\t\t\t\t\t<strong>1999<\/strong>\t\t\t\t\t\t<\/td>\n\t\t\t\t\t\t\t\t\t\t\t<td class=\"p-2 [&amp;&gt;a]:underline underline-offset-2 [&amp;&gt;a]:text-blue-700 hover:[&amp;&gt;a]:text-blue-900 [&amp;&gt;a]:transition\">\n\t\t\t\t\t\t\tAdquisici\u00f3n del Weissenfels Group\t\t\t\t\t\t<\/td>\n\t\t\t\t\t\t\t\t\t<\/tr>\n\n\t\t\t\n\t\t\t\t<tr class=\"sm:table-row border-b border-gray-200 flex flex-col flex-nowrap\">\n\t\t\t\t\t\t\t\t\t\t\t<td class=\"p-2 [&amp;&gt;a]:underline underline-offset-2 [&amp;&gt;a]:text-blue-700 hover:[&amp;&gt;a]:text-blue-900 [&amp;&gt;a]:transition\">\n\t\t\t\t\t\t\t<strong>2003<\/strong>\t\t\t\t\t\t<\/td>\n\t\t\t\t\t\t\t\t\t\t\t<td class=\"p-2 [&amp;&gt;a]:underline underline-offset-2 [&amp;&gt;a]:text-blue-700 hover:[&amp;&gt;a]:text-blue-900 [&amp;&gt;a]:transition\">\n\t\t\t\t\t\t\tSeparaci\u00f3n del Grupo Weissenfels<br>Incorporaci\u00f3n de pewag austria GmbH a la Fundaci\u00f3n \u00c4gyd Pengg\t\t\t\t\t\t<\/td>\n\t\t\t\t\t\t\t\t\t<\/tr>\n\n\t\t\t\n\t\t\t\t<tr class=\"sm:table-row border-b border-gray-200 flex flex-col flex-nowrap\">\n\t\t\t\t\t\t\t\t\t\t\t<td class=\"p-2 [&amp;&gt;a]:underline underline-offset-2 [&amp;&gt;a]:text-blue-700 hover:[&amp;&gt;a]:text-blue-900 [&amp;&gt;a]:transition\">\n\t\t\t\t\t\t\t<strong>2005<\/strong>\t\t\t\t\t\t<\/td>\n\t\t\t\t\t\t\t\t\t\t\t<td class=\"p-2 [&amp;&gt;a]:underline underline-offset-2 [&amp;&gt;a]:text-blue-700 hover:[&amp;&gt;a]:text-blue-900 [&amp;&gt;a]:transition\">\n\t\t\t\t\t\t\tDivisi\u00f3n en 2 grupos:<br>Schneeketten Beteiligungs AG Grupo &#8211; Cadenas de nieve<br>Grupo pewag austria GmbH &#8211; Cadenas t\u00e9cnicas\t\t\t\t\t\t<\/td>\n\t\t\t\t\t\t\t\t\t<\/tr>\n\n\t\t\t\n\t\t\t\t<tr class=\"sm:table-row border-b border-gray-200 flex flex-col flex-nowrap\">\n\t\t\t\t\t\t\t\t\t\t\t<td class=\"p-2 [&amp;&gt;a]:underline underline-offset-2 [&amp;&gt;a]:text-blue-700 hover:[&amp;&gt;a]:text-blue-900 [&amp;&gt;a]:transition\">\n\t\t\t\t\t\t\t<strong>2009<\/strong>\t\t\t\t\t\t<\/td>\n\t\t\t\t\t\t\t\t\t\t\t<td class=\"p-2 [&amp;&gt;a]:underline underline-offset-2 [&amp;&gt;a]:text-blue-700 hover:[&amp;&gt;a]:text-blue-900 [&amp;&gt;a]:transition\">\n\t\t\t\t\t\t\tAdquisici\u00f3n de Chaineries Limousines S.A.S.\t\t\t\t\t\t<\/td>\n\t\t\t\t\t\t\t\t\t<\/tr>\n\n\t\t\t\n\t\t\t\t<tr class=\"sm:table-row border-b border-gray-200 flex flex-col flex-nowrap\">\n\t\t\t\t\t\t\t\t\t\t\t<td class=\"p-2 [&amp;&gt;a]:underline underline-offset-2 [&amp;&gt;a]:text-blue-700 hover:[&amp;&gt;a]:text-blue-900 [&amp;&gt;a]:transition\">\n\t\t\t\t\t\t\t<strong>2012<\/strong>\t\t\t\t\t\t<\/td>\n\t\t\t\t\t\t\t\t\t\t\t<td class=\"p-2 [&amp;&gt;a]:underline underline-offset-2 [&amp;&gt;a]:text-blue-700 hover:[&amp;&gt;a]:text-blue-900 [&amp;&gt;a]:transition\">\n\t\t\t\t\t\t\tFundaci\u00f3n de la primera empresa manufacturera de EE.UU.\t\t\t\t\t\t<\/td>\n\t\t\t\t\t\t\t\t\t<\/tr>\n\n\t\t\t\n\t\t\t\t<tr class=\"sm:table-row border-b border-gray-200 flex flex-col flex-nowrap\">\n\t\t\t\t\t\t\t\t\t\t\t<td class=\"p-2 [&amp;&gt;a]:underline underline-offset-2 [&amp;&gt;a]:text-blue-700 hover:[&amp;&gt;a]:text-blue-900 [&amp;&gt;a]:transition\">\n\t\t\t\t\t\t\t<strong>2013<\/strong>\t\t\t\t\t\t<\/td>\n\t\t\t\t\t\t\t\t\t\t\t<td class=\"p-2 [&amp;&gt;a]:underline underline-offset-2 [&amp;&gt;a]:text-blue-700 hover:[&amp;&gt;a]:text-blue-900 [&amp;&gt;a]:transition\">\n\t\t\t\t\t\t\tFundaci\u00f3n de varias empresas de ventas internacionales\t\t\t\t\t\t<\/td>\n\t\t\t\t\t\t\t\t\t<\/tr>\n\n\t\t\t\t\t<\/tbody>\n\t<\/table>\n<\/div><\/div>\n<\/div>\n\n<div class=\"flex flex-col col-start-2 max-sm:col-start-1 max-md:col-start-1 col-end-span-1 max-sm:col-end-span-1 max-md:col-end-span-2 row-end-span-1 max-sm:hidden justify-stretch h-full [&amp;&gt;*:only-child]:h-full items-stretch w-full [&amp;&gt;*:only-child]:w-full pl-0 pr-0 pt-0 pb-0 bg-gradient-to-r overflow-visible\" >\n\t\n<div\n\tclass=\"scroll-my-24 mt-0 mb-4 pt-0 pb-0 w-full\"\n\t>\n\t<picture\n\t>\n\t\t\t\t\t\t\t\n\t<img\n\t\tsrc=\"https:\/\/www.pewag.com\/wp-content\/uploads\/2024\/09\/csm_Kettenlager-ca.-1959_ef7623c67f.jpg\"\n\t\talt=\"\"\n\t\tclass=\"object-cover size-full object-center\"\n\t\/>\n<\/picture><\/div>\n<\/div>\n<\/div><\/div>\n\n<div\n\tclass=\"scroll-my-24 wrapper-full !grid mt-20 max-md:mt-16 max-sm:mt-8 mb-0 max-sm:mb-8 pt-0 pb-0 w-full\"\n\t>\n\t<div\n\tclass=\"relative md:min-h-96 md:mt-10 lg:mt-14 js-block-main-content-teaser\"\n\tdata-animation=1>\n\t<picture\n\t\t\tclass=\"hidden md:block absolute inset-0 overflow-hidden\"\n\t>\n\t\t\t\t\t\t\t\n\t<img\n\t\tsrc=\"https:\/\/www.pewag.com\/wp-content\/uploads\/2024\/11\/PEWAG-Werk-Bruckl-2016-05-10_226.jpg\"\n\t\talt=\"\"\n\t\tclass=\"object-cover object-center object-center size-full h-screen bottom-0 absolute opacity-0 transition-opacity duration-1000 ease-out js-block-main-content-teaser-image\"\n\t\/>\n<\/picture>\n\t<div class=\"layout-base\">\n\t\t<a class=\"w-full md:max-w-lg mx-0 md:mx-16 lg:mx-24 group z-20 md:justify-self-start !translate-y-40 transition-transform duration-1000 ease-out md:-translate-y-14 js-block-main-content-teaser-card\" href=\"https:\/\/www.pewag.com\/mx\/news\/innovacion-en-pewag\/\"\t\t>\n\t\t\t<picture\n\t\t\tclass=\"w-full !block bg-gray-100 overflow-hidden\"\n\t>\n\t\t\t\t\t\t\t\n\t<img\n\t\tsrc=\"https:\/\/www.pewag.com\/wp-content\/uploads\/2024\/11\/Clip0140.00_05_53_20.Standbild002_bearb2.jpg\"\n\t\talt=\"\"\n\t\tclass=\"object-cover aspect-video object-center w-full aspect-16\/9 md:aspect-29\/11 group-hover:scale-110 transition-transform duration-300\"\n\t\/>\n<\/picture>\t\t\t<div class=\"p-4 md:p-7 lg:p-10 bg-white\">\n\t\t\t\t<svg xmlns='http:\/\/www.w3.org\/2000\/svg' width='40' height='11' viewBox='0 0 40 11' fill='none'><path d='M5.097 10.249c2.815 0 5.097-2.294 5.097-5.125C10.194 2.294 7.912 0 5.097 0 2.282 0 0 2.294 0 5.124c0 2.83 2.282 5.125 5.097 5.125Zm14.846 0c2.814 0 5.096-2.294 5.096-5.125C25.04 2.294 22.757 0 19.943 0c-2.815 0-5.097 2.294-5.097 5.124 0 2.83 2.282 5.125 5.097 5.125Zm14.961 0c2.814 0 5.096-2.294 5.096-5.125C40 2.294 37.718 0 34.904 0c-2.815 0-5.097 2.294-5.097 5.124 0 2.83 2.282 5.125 5.097 5.125Z' fill='#E4032E'\/><\/svg>\n<h2\tdata-slug=\"xn-innovacin-en-pewag-x1b\"\n\tclass=\"font-display text-balance font-synthesis-none scroll-m-20 break-words hyphens-auto text-3xl md:text-4xl lg:text-5xl leading-normal mt-2\"\n>\n\tInnovaci\u00f3n en pewag<\/h2><p class=\"font-sans [&amp;&gt;a]:underline font-synthesis-none break-words hyphens-auto text-xl md:text-2xl leading-normal mt-2\">\n\tDescubras c\u00f3mo la visi\u00f3n de futuro impulsa la innovaci\u00f3n.<\/p><button\tclass=\"font-sans transition duration-300 flex w-fit items-center focus-visible:ring focus:outline-none text-lg disabled:cursor-default [&amp;&gt;svg]:flex-none max-w-full leading-tight cursor-pointer [&amp;&gt;svg]:size-6 gap-3 text-left text-blue-900 hover:text-blue-700 button mt-4 [&amp;&gt;svg]:size-5\">\n\t\t\t<span class=\"min-w-0 break-words hyphens-auto\">Sigas leyendo<\/span>\n\t\n\t<svg xmlns='http:\/\/www.w3.org\/2000\/svg' width='24' height='24' viewBox='0 0 24 24' fill='none'><circle cx='12' cy='12' r='12' fill='#E20031'\/><path fill-rule='evenodd' clip-rule='evenodd' d='m13.757 6.697 4.773 4.773a.75.75 0 0 1 0 1.06l-4.773 4.774a.75.75 0 0 1-1.06-1.061l3.492-3.493H5.25v-1.5h10.94l-3.493-3.492a.75.75 0 1 1 1.06-1.061Z' fill='#fff'\/><\/svg><\/button>\t\t\t<\/div>\n\t\t<\/a>\n\t<\/div>\n\t<\/div><\/div>","protected":false},"excerpt":{"rendered":"","protected":false},"author":8,"featured_media":0,"parent":13913,"menu_order":0,"comment_status":"closed","ping_status":"closed","template":"","meta":{"pewag_navigation_theme_dark_use":true,"footnotes":""},"content-types":[24],"class_list":["post-13996","page","type-page","status-publish","hentry","content-type-about-pewag"],"yoast_head":"<!-- This site is optimized with the Yoast SEO plugin v27.2 - https:\/\/yoast.com\/product\/yoast-seo-wordpress\/ -->\n<title>Tradici\u00f3n e innovaci\u00f3n - pewag<\/title>\n<meta name=\"robots\" content=\"index, follow, max-snippet:-1, max-image-preview:large, max-video-preview:-1\" \/>\n<link rel=\"canonical\" href=\"https:\/\/www.pewag.com\/mx\/quienes-somos\/tradicion-e-innovacion\/\" \/>\n<meta property=\"og:locale\" content=\"es_MX\" \/>\n<meta property=\"og:type\" content=\"article\" \/>\n<meta property=\"og:title\" content=\"Tradici\u00f3n e innovaci\u00f3n - pewag\" \/>\n<meta property=\"og:url\" content=\"https:\/\/www.pewag.com\/mx\/quienes-somos\/tradicion-e-innovacion\/\" \/>\n<meta property=\"og:site_name\" content=\"pewag\" \/>\n<meta property=\"article:modified_time\" content=\"2025-01-28T14:40:21+00:00\" \/>\n<meta name=\"twitter:card\" content=\"summary_large_image\" \/>\n<meta name=\"twitter:label1\" content=\"Est. reading time\" \/>\n\t<meta name=\"twitter:data1\" content=\"4 minutes\" \/>\n<script type=\"application\/ld+json\" class=\"yoast-schema-graph\">{\"@context\":\"https:\/\/schema.org\",\"@graph\":[{\"@type\":\"WebPage\",\"@id\":\"https:\/\/www.pewag.com\/mx\/quienes-somos\/tradicion-e-innovacion\/\",\"url\":\"https:\/\/www.pewag.com\/mx\/quienes-somos\/tradicion-e-innovacion\/\",\"name\":\"Tradici\u00f3n e innovaci\u00f3n - pewag\",\"isPartOf\":{\"@id\":\"https:\/\/www.pewag.com\/#website\"},\"datePublished\":\"2024-09-18T09:15:31+00:00\",\"dateModified\":\"2025-01-28T14:40:21+00:00\",\"breadcrumb\":{\"@id\":\"https:\/\/www.pewag.com\/mx\/quienes-somos\/tradicion-e-innovacion\/#breadcrumb\"},\"inLanguage\":\"es-MX\",\"potentialAction\":[{\"@type\":\"ReadAction\",\"target\":[\"https:\/\/www.pewag.com\/mx\/quienes-somos\/tradicion-e-innovacion\/\"]}]},{\"@type\":\"BreadcrumbList\",\"@id\":\"https:\/\/www.pewag.com\/mx\/quienes-somos\/tradicion-e-innovacion\/#breadcrumb\",\"itemListElement\":[{\"@type\":\"ListItem\",\"position\":1,\"name\":\"Home\",\"item\":\"https:\/\/www.pewag.com\/mx\/\"},{\"@type\":\"ListItem\",\"position\":2,\"name\":\"Qui\u00e9nes somos\",\"item\":\"https:\/\/www.pewag.com\/mx\/quienes-somos\/\"},{\"@type\":\"ListItem\",\"position\":3,\"name\":\"Tradici\u00f3n e innovaci\u00f3n\"}]},{\"@type\":\"WebSite\",\"@id\":\"https:\/\/www.pewag.com\/#website\",\"url\":\"https:\/\/www.pewag.com\/\",\"name\":\"pewag\",\"description\":\"\",\"potentialAction\":[{\"@type\":\"SearchAction\",\"target\":{\"@type\":\"EntryPoint\",\"urlTemplate\":\"https:\/\/www.pewag.com\/?s={search_term_string}\"},\"query-input\":{\"@type\":\"PropertyValueSpecification\",\"valueRequired\":true,\"valueName\":\"search_term_string\"}}],\"inLanguage\":\"es-MX\"}]}<\/script>\n<!-- \/ Yoast SEO plugin. -->","yoast_head_json":{"title":"Tradici\u00f3n e innovaci\u00f3n - pewag","robots":{"index":"index","follow":"follow","max-snippet":"max-snippet:-1","max-image-preview":"max-image-preview:large","max-video-preview":"max-video-preview:-1"},"canonical":"https:\/\/www.pewag.com\/mx\/quienes-somos\/tradicion-e-innovacion\/","og_locale":"es_MX","og_type":"article","og_title":"Tradici\u00f3n e innovaci\u00f3n - pewag","og_url":"https:\/\/www.pewag.com\/mx\/quienes-somos\/tradicion-e-innovacion\/","og_site_name":"pewag","article_modified_time":"2025-01-28T14:40:21+00:00","twitter_card":"summary_large_image","twitter_misc":{"Est. reading time":"4 minutes"},"schema":{"@context":"https:\/\/schema.org","@graph":[{"@type":"WebPage","@id":"https:\/\/www.pewag.com\/mx\/quienes-somos\/tradicion-e-innovacion\/","url":"https:\/\/www.pewag.com\/mx\/quienes-somos\/tradicion-e-innovacion\/","name":"Tradici\u00f3n e innovaci\u00f3n - pewag","isPartOf":{"@id":"https:\/\/www.pewag.com\/#website"},"datePublished":"2024-09-18T09:15:31+00:00","dateModified":"2025-01-28T14:40:21+00:00","breadcrumb":{"@id":"https:\/\/www.pewag.com\/mx\/quienes-somos\/tradicion-e-innovacion\/#breadcrumb"},"inLanguage":"es-MX","potentialAction":[{"@type":"ReadAction","target":["https:\/\/www.pewag.com\/mx\/quienes-somos\/tradicion-e-innovacion\/"]}]},{"@type":"BreadcrumbList","@id":"https:\/\/www.pewag.com\/mx\/quienes-somos\/tradicion-e-innovacion\/#breadcrumb","itemListElement":[{"@type":"ListItem","position":1,"name":"Home","item":"https:\/\/www.pewag.com\/mx\/"},{"@type":"ListItem","position":2,"name":"Qui\u00e9nes somos","item":"https:\/\/www.pewag.com\/mx\/quienes-somos\/"},{"@type":"ListItem","position":3,"name":"Tradici\u00f3n e innovaci\u00f3n"}]},{"@type":"WebSite","@id":"https:\/\/www.pewag.com\/#website","url":"https:\/\/www.pewag.com\/","name":"pewag","description":"","potentialAction":[{"@type":"SearchAction","target":{"@type":"EntryPoint","urlTemplate":"https:\/\/www.pewag.com\/?s={search_term_string}"},"query-input":{"@type":"PropertyValueSpecification","valueRequired":true,"valueName":"search_term_string"}}],"inLanguage":"es-MX"}]}},"_links":{"self":[{"href":"https:\/\/www.pewag.com\/mx\/wp-json\/wp\/v2\/pages\/13996","targetHints":{"allow":["GET"]}}],"collection":[{"href":"https:\/\/www.pewag.com\/mx\/wp-json\/wp\/v2\/pages"}],"about":[{"href":"https:\/\/www.pewag.com\/mx\/wp-json\/wp\/v2\/types\/page"}],"author":[{"embeddable":true,"href":"https:\/\/www.pewag.com\/mx\/wp-json\/wp\/v2\/users\/8"}],"replies":[{"embeddable":true,"href":"https:\/\/www.pewag.com\/mx\/wp-json\/wp\/v2\/comments?post=13996"}],"version-history":[{"count":2,"href":"https:\/\/www.pewag.com\/mx\/wp-json\/wp\/v2\/pages\/13996\/revisions"}],"predecessor-version":[{"id":15523,"href":"https:\/\/www.pewag.com\/mx\/wp-json\/wp\/v2\/pages\/13996\/revisions\/15523"}],"up":[{"embeddable":true,"href":"https:\/\/www.pewag.com\/mx\/wp-json\/wp\/v2\/pages\/13913"}],"wp:attachment":[{"href":"https:\/\/www.pewag.com\/mx\/wp-json\/wp\/v2\/media?parent=13996"}],"wp:term":[{"taxonomy":"content-type","embeddable":true,"href":"https:\/\/www.pewag.com\/mx\/wp-json\/wp\/v2\/content-types?post=13996"}],"curies":[{"name":"wp","href":"https:\/\/api.w.org\/{rel}","templated":true}]}}