{"id":9978,"date":"2024-09-17T14:30:33","date_gmt":"2024-09-17T12:30:33","guid":{"rendered":"https:\/\/www.pewag.com\/?page_id=9978"},"modified":"2025-01-20T15:42:12","modified_gmt":"2025-01-20T14:42:12","slug":"dichiarazione-sulla-privacy-dei-dati","status":"publish","type":"page","link":"https:\/\/www.pewag.com\/it\/dichiarazione-sulla-privacy-dei-dati\/","title":{"rendered":"Dichiarazione sulla privacy dei dati"},"content":{"rendered":"<div\n\tclass=\"scroll-my-24 wrapper-contained mt-20 mb-4 pt-0 pb-0 w-full\"\n\t>\n\t<h2\tdata-slug=\"dichiarazione-sulla-privacy-dei-dati\"\n\tclass=\"font-display text-balance font-synthesis-none scroll-m-20 break-words hyphens-auto text-6xl md:text-7xl leading-tight text-start text-black [&amp;&gt;a]:text-blue-700\"\n>\n\tDichiarazione sulla privacy dei dati<\/h2><\/div>\n\n<div\n\tclass=\"scroll-my-24 wrapper-contained mt-8 mb-0 pt-0 pb-0 w-3\/4\"\n\t>\n\t<p class=\"font-sans [&amp;&gt;a]:underline font-synthesis-none break-words hyphens-auto text-base leading-normal text-start text-black [&amp;&gt;a]:text-blue-700\">\n\tCopyright \u00a9 di pewag International GmbH.<br>Tutti i diritti riservati, in tutto il mondo.<br><br><a href=\"https:\/\/www.pewag.com\/it\/impronta\/\" target=\"_blank\" rel=\"noreferrer noopener\">Impronta<\/a><br><br><strong>Informativa sulla privacy<br><\/strong>Questo sito web \u00e8 gestito da pewag International GmbH, Gaslaternenweg 4, 8041 Graz (\u201cnoi\u201d o \u201cci\u201d). La presente informativa descrive il modo in cui noi, in qualit\u00e0 di responsabili del trattamento, trattiamo i vostri dati personali in relazione a questo sito web.<br><br><strong>1. Quali dati che vi riguardano trattiamo?<br><\/strong><br>Nel corso della vostra visita a questo sito web, raccogliamo le seguenti informazioni: <\/p><\/div>\n\n<div\n\tclass=\"scroll-my-24 wrapper-contained mt-0 mb-0 pt-0 pb-0 w-full\"\n\t>\n\t<ul\tclass=\"font-sans [&amp;&gt;a]:underline font-synthesis-none text-base leading-normal list-disc ml-[1.125em] marker:text-red-700 text-black\"\n>\n\t<li>La data e l&#8217;ora di accesso<\/li><li>Il vostro indirizzo IP<\/li><li>Nome e versione del browser<\/li><li>L&#8217;URL del sito web visitato in precedenza<\/li><li>I cookie (vedere la sezione 2 di seguito)<\/li><li>Le informazioni fornite tramite i moduli di contatto o la registrazione nel nostro negozio online.<\/li><\/ul><\/div>\n\n<div\n\tclass=\"scroll-my-24 wrapper-contained mt-0 mb-4 pt-0 pb-0 w-3\/4\"\n\t>\n\t<p class=\"font-sans [&amp;&gt;a]:underline font-synthesis-none break-words hyphens-auto text-base leading-normal text-start text-black [&amp;&gt;a]:text-blue-700\">\n\tIl conferimento dei dati richiesti \u00e8 volontario; tuttavia, il mancato conferimento pu\u00f2 limitare la possibilit\u00e0 di accedere ad alcune funzioni del sito web.<br><\/p><\/div>\n\n<div\n\tclass=\"scroll-my-24 wrapper-contained mt-8 mb-2 pt-0 pb-0 w-3\/4\"\n\t>\n\t<p class=\"font-sans [&amp;&gt;a]:underline font-synthesis-none break-words hyphens-auto text-base leading-normal text-start text-black [&amp;&gt;a]:text-blue-700\">\n\t<strong>2. I cookie<br><\/strong><br>Utilizziamo i cookie per migliorare la vostra esperienza sul nostro sito web. Un cookie \u00e8 un piccolo file di testo memorizzato sul vostro computer. Questi cookie facilitano la navigazione del sito web, ricordano il punto di partenza e memorizzano le preferenze per le visite future. I cookie non possono accedere o modificare i dati presenti sul dispositivo dell&#8217;utente.<\/p><\/div>\n\n<div\n\tclass=\"scroll-my-24 wrapper-contained mt-0 mb-2 pt-0 pb-2 w-full\"\n\t>\n\t<ul\tclass=\"font-sans [&amp;&gt;a]:underline font-synthesis-none text-base leading-normal list-disc ml-[1.125em] marker:text-red-700 text-black\"\n>\n\t<li>La maggior parte dei cookie sono di sessione e vengono eliminati una volta lasciato il nostro sito web.<\/li><li>I cookie permanenti rimangono fino a quando non vengono cancellati manualmente dal browser e ci aiutano a riconoscervi nelle visite future.<br><\/li><\/ul><\/div>\n\n<div\n\tclass=\"scroll-my-24 wrapper-contained mt-0 mb-0 pt-0 pb-0 w-3\/4\"\n\t>\n\t<p class=\"font-sans [&amp;&gt;a]:underline font-synthesis-none break-words hyphens-auto text-base leading-normal text-start text-black [&amp;&gt;a]:text-blue-700\">\n\tPer gestire i cookie, regolate le impostazioni del vostro browser in modo da ricevere notifiche, bloccare o eliminare i cookie. Si noti che la disabilitazione dei cookie pu\u00f2 influire sulla vostra esperienza online e limitare le funzionalit\u00e0 del sito.<br><br>Utilizziamo i seguenti tipi di cookie:<\/p><\/div>\n\n<div\n\tclass=\"scroll-my-24 wrapper-contained mt-0 mb-4 pt-0 pb-0 w-full\"\n\t>\n\t<ul\tclass=\"font-sans [&amp;&gt;a]:underline font-synthesis-none text-base leading-normal list-disc ml-[1.125em] marker:text-red-700 text-black\"\n>\n\t<li>Cookie necessari<\/li><li>Cookie analitici<\/li><li>Cookie di marketing<\/li><\/ul><\/div>\n\n<div\n\tclass=\"scroll-my-24 wrapper-contained mt-0 mb-4 pt-0 pb-0 w-full\"\n\t>\n\t<\/div>\n\n<div\n\tclass=\"scroll-my-24 wrapper-contained mt-8 mb-0 pt-0 pb-0 w-3\/4\"\n\t>\n\t<p class=\"font-sans [&amp;&gt;a]:underline font-synthesis-none break-words hyphens-auto text-base leading-normal text-start text-black [&amp;&gt;a]:text-blue-700\">\n\t<strong>3. Finalit\u00e0 del trattamento dei dati<br><\/strong><br>I vostri dati personali vengono trattati per le seguenti finalit\u00e0:<\/p><\/div>\n\n<div\n\tclass=\"scroll-my-24 wrapper-contained mt-0 mb-4 pt-0 pb-0 w-full\"\n\t>\n\t<ul\tclass=\"font-sans [&amp;&gt;a]:underline font-synthesis-none text-base leading-normal list-disc ml-[1.125em] marker:text-red-700 text-black\"\n>\n\t<li>Fornire, migliorare e sviluppare ulteriormente il nostro sito web<\/li><li>Raccolta di statistiche di utilizzo<\/li><li>Rilevare, prevenire e indagare sulle violazioni del sito web<\/li><li>Rispondere alle vostre richieste<\/li><li>Identificare l&#8217;utente come navigatore o cliente del nostro negozio online<\/li><\/ul><\/div>\n\n<div\n\tclass=\"scroll-my-24 wrapper-contained mt-8 mb-0 pt-0 pb-0 w-3\/4\"\n\t>\n\t<p class=\"font-sans [&amp;&gt;a]:underline font-synthesis-none break-words hyphens-auto text-base leading-normal text-start text-black [&amp;&gt;a]:text-blue-700\">\n\t<br><strong>4. Basi legali per il trattamento<br><\/strong><br>Il trattamento dei vostri dati personali si basa sui nostri legittimi interessi ai sensi dell&#8217;articolo 6, paragrafo 1, lettera f), del Regolamento generale sulla protezione dei dati dell&#8217;UE (GDPR), come indicato nella sezione 3 di cui sopra.<br><br><br><strong>5. Trasmissione dei vostri dati personali<br><\/strong><br>Per gli scopi menzionati, potremmo condividere i vostri dati con:<\/p><\/div>\n\n<div\n\tclass=\"scroll-my-24 wrapper-contained mt-0 mb-0 pt-0 pb-0 w-full\"\n\t>\n\t<ul\tclass=\"font-sans [&amp;&gt;a]:underline font-synthesis-none text-base leading-normal list-disc ml-[1.125em] marker:text-red-700 text-black\"\n>\n\t<li>Fornitori di servizi IT da noi incaricati<\/li><li>[Ulteriori categorie di destinatari, se necessario].<\/li><\/ul><\/div>\n\n<div\n\tclass=\"scroll-my-24 wrapper-contained mt-0 mb-0 pt-0 pb-0 w-3\/4\"\n\t>\n\t<p class=\"font-sans [&amp;&gt;a]:underline font-synthesis-none break-words hyphens-auto text-base leading-normal text-start text-black [&amp;&gt;a]:text-blue-700\">\n\t<br>Alcuni destinatari potrebbero trovarsi al di fuori del vostro paese. Trasferiamo i dati solo in paesi che la Commissione europea ritiene dotati di un&#8217;adeguata protezione dei dati, oppure implementiamo misure di salvaguardia come le clausole contrattuali standard (2010\/87\/CE e\/o 2004\/915\/CE). Queste possono essere richieste a dataprotection@pewag.com.<br><br><br><strong>6. Durata della conservazione<br><\/strong><br>Conserviamo i vostri dati per un massimo di tre mesi, a meno che non sia necessaria una conservazione pi\u00f9 lunga per indagare sulle violazioni del sito web. Per gli utenti registrati, i dati vengono conservati per tutta la durata dell&#8217;account dell&#8217;utente e, successivamente, solo per il tempo necessario ai fini legali.<br><br><br><strong>7. Diritti dell&#8217;utente in relazione ai dati personali<br><\/strong><br>Avete il diritto di:<\/p><\/div>\n\n<div\n\tclass=\"scroll-my-24 wrapper-contained mt-0 mb-4 pt-0 pb-0 w-full\"\n\t>\n\t<ul\tclass=\"font-sans [&amp;&gt;a]:underline font-synthesis-none text-base leading-normal list-disc ml-[1.125em] marker:text-red-700 text-black\"\n>\n\t<li>Confermare se siamo in possesso dei vostri dati personali e ottenerne copia<\/li><li>Richiedere la correzione, la modifica o la cancellazione dei vostri dati se errati o trattati illegalmente<\/li><li>Richiedere la limitazione del trattamento<\/li><li>Conoscere l&#8217;identit\u00e0 dei terzi a cui sono stati trasmessi i vostri dati<\/li><li>Presentare un reclamo all&#8217;autorit\u00e0 competente per la protezione dei dati.<br><\/li><\/ul><\/div>\n\n<div\n\tclass=\"scroll-my-24 wrapper-contained mt-8 mb-0 pt-0 pb-20 w-3\/4\"\n\t>\n\t<p class=\"font-sans [&amp;&gt;a]:underline font-synthesis-none break-words hyphens-auto text-base leading-normal text-start text-black [&amp;&gt;a]:text-blue-700\">\n\t<strong>8. Le nostre informazioni di contatto<br><\/strong><br>Per domande o dubbi relativi ai vostri dati personali, vi preghiamo di contattarci:<br>pewag International GmbH<br>Gaslaternenweg 4, 8041 Graz, Austria<br>Email: webmaster(at)pewag.com<br><br>Per richieste specifiche sulla privacy, contattate il nostro coordinatore della protezione dei dati: dataprotection(at)pewag.com.<br><br><strong>Ultimo aggiornamento: 20 maggio 2018<\/strong><\/p><\/div>\n\n<div\n\tclass=\"scroll-my-24 wrapper-contained mt-0 mb-4 pt-0 pb-0 w-full\"\n\t>\n\t<\/div>","protected":false},"excerpt":{"rendered":"","protected":false},"author":11,"featured_media":0,"parent":0,"menu_order":0,"comment_status":"closed","ping_status":"closed","template":"","meta":{"pewag_navigation_theme_dark_use":true,"footnotes":""},"content-types":[27],"class_list":["post-9978","page","type-page","status-publish","hentry","content-type-legal-content"],"yoast_head":"<!-- This site is optimized with the Yoast SEO plugin v27.2 - https:\/\/yoast.com\/product\/yoast-seo-wordpress\/ -->\n<title>Dichiarazione sulla privacy dei dati - pewag<\/title>\n<meta name=\"robots\" content=\"index, follow, max-snippet:-1, max-image-preview:large, max-video-preview:-1\" \/>\n<link rel=\"canonical\" href=\"https:\/\/www.pewag.com\/it\/dichiarazione-sulla-privacy-dei-dati\/\" \/>\n<meta property=\"og:locale\" content=\"it_IT\" \/>\n<meta property=\"og:type\" content=\"article\" \/>\n<meta property=\"og:title\" content=\"Dichiarazione sulla privacy dei dati - pewag\" \/>\n<meta property=\"og:url\" content=\"https:\/\/www.pewag.com\/it\/dichiarazione-sulla-privacy-dei-dati\/\" \/>\n<meta property=\"og:site_name\" content=\"pewag\" \/>\n<meta property=\"article:modified_time\" content=\"2025-01-20T14:42:12+00:00\" \/>\n<meta name=\"twitter:card\" content=\"summary_large_image\" \/>\n<meta name=\"twitter:label1\" content=\"Est. reading time\" \/>\n\t<meta name=\"twitter:data1\" content=\"4 minutes\" \/>\n<script type=\"application\/ld+json\" class=\"yoast-schema-graph\">{\"@context\":\"https:\/\/schema.org\",\"@graph\":[{\"@type\":\"WebPage\",\"@id\":\"https:\/\/www.pewag.com\/it\/dichiarazione-sulla-privacy-dei-dati\/\",\"url\":\"https:\/\/www.pewag.com\/it\/dichiarazione-sulla-privacy-dei-dati\/\",\"name\":\"Dichiarazione sulla privacy dei dati - pewag\",\"isPartOf\":{\"@id\":\"https:\/\/www.pewag.com\/#website\"},\"datePublished\":\"2024-09-17T12:30:33+00:00\",\"dateModified\":\"2025-01-20T14:42:12+00:00\",\"breadcrumb\":{\"@id\":\"https:\/\/www.pewag.com\/it\/dichiarazione-sulla-privacy-dei-dati\/#breadcrumb\"},\"inLanguage\":\"it-IT\",\"potentialAction\":[{\"@type\":\"ReadAction\",\"target\":[\"https:\/\/www.pewag.com\/it\/dichiarazione-sulla-privacy-dei-dati\/\"]}]},{\"@type\":\"BreadcrumbList\",\"@id\":\"https:\/\/www.pewag.com\/it\/dichiarazione-sulla-privacy-dei-dati\/#breadcrumb\",\"itemListElement\":[{\"@type\":\"ListItem\",\"position\":1,\"name\":\"Home\",\"item\":\"https:\/\/www.pewag.com\/it\/\"},{\"@type\":\"ListItem\",\"position\":2,\"name\":\"Dichiarazione sulla privacy dei dati\"}]},{\"@type\":\"WebSite\",\"@id\":\"https:\/\/www.pewag.com\/#website\",\"url\":\"https:\/\/www.pewag.com\/\",\"name\":\"pewag\",\"description\":\"\",\"potentialAction\":[{\"@type\":\"SearchAction\",\"target\":{\"@type\":\"EntryPoint\",\"urlTemplate\":\"https:\/\/www.pewag.com\/?s={search_term_string}\"},\"query-input\":{\"@type\":\"PropertyValueSpecification\",\"valueRequired\":true,\"valueName\":\"search_term_string\"}}],\"inLanguage\":\"it-IT\"}]}<\/script>\n<!-- \/ Yoast SEO plugin. -->","yoast_head_json":{"title":"Dichiarazione sulla privacy dei dati - pewag","robots":{"index":"index","follow":"follow","max-snippet":"max-snippet:-1","max-image-preview":"max-image-preview:large","max-video-preview":"max-video-preview:-1"},"canonical":"https:\/\/www.pewag.com\/it\/dichiarazione-sulla-privacy-dei-dati\/","og_locale":"it_IT","og_type":"article","og_title":"Dichiarazione sulla privacy dei dati - pewag","og_url":"https:\/\/www.pewag.com\/it\/dichiarazione-sulla-privacy-dei-dati\/","og_site_name":"pewag","article_modified_time":"2025-01-20T14:42:12+00:00","twitter_card":"summary_large_image","twitter_misc":{"Est. reading time":"4 minutes"},"schema":{"@context":"https:\/\/schema.org","@graph":[{"@type":"WebPage","@id":"https:\/\/www.pewag.com\/it\/dichiarazione-sulla-privacy-dei-dati\/","url":"https:\/\/www.pewag.com\/it\/dichiarazione-sulla-privacy-dei-dati\/","name":"Dichiarazione sulla privacy dei dati - pewag","isPartOf":{"@id":"https:\/\/www.pewag.com\/#website"},"datePublished":"2024-09-17T12:30:33+00:00","dateModified":"2025-01-20T14:42:12+00:00","breadcrumb":{"@id":"https:\/\/www.pewag.com\/it\/dichiarazione-sulla-privacy-dei-dati\/#breadcrumb"},"inLanguage":"it-IT","potentialAction":[{"@type":"ReadAction","target":["https:\/\/www.pewag.com\/it\/dichiarazione-sulla-privacy-dei-dati\/"]}]},{"@type":"BreadcrumbList","@id":"https:\/\/www.pewag.com\/it\/dichiarazione-sulla-privacy-dei-dati\/#breadcrumb","itemListElement":[{"@type":"ListItem","position":1,"name":"Home","item":"https:\/\/www.pewag.com\/it\/"},{"@type":"ListItem","position":2,"name":"Dichiarazione sulla privacy dei dati"}]},{"@type":"WebSite","@id":"https:\/\/www.pewag.com\/#website","url":"https:\/\/www.pewag.com\/","name":"pewag","description":"","potentialAction":[{"@type":"SearchAction","target":{"@type":"EntryPoint","urlTemplate":"https:\/\/www.pewag.com\/?s={search_term_string}"},"query-input":{"@type":"PropertyValueSpecification","valueRequired":true,"valueName":"search_term_string"}}],"inLanguage":"it-IT"}]}},"_links":{"self":[{"href":"https:\/\/www.pewag.com\/it\/wp-json\/wp\/v2\/pages\/9978","targetHints":{"allow":["GET"]}}],"collection":[{"href":"https:\/\/www.pewag.com\/it\/wp-json\/wp\/v2\/pages"}],"about":[{"href":"https:\/\/www.pewag.com\/it\/wp-json\/wp\/v2\/types\/page"}],"author":[{"embeddable":true,"href":"https:\/\/www.pewag.com\/it\/wp-json\/wp\/v2\/users\/11"}],"replies":[{"embeddable":true,"href":"https:\/\/www.pewag.com\/it\/wp-json\/wp\/v2\/comments?post=9978"}],"version-history":[{"count":3,"href":"https:\/\/www.pewag.com\/it\/wp-json\/wp\/v2\/pages\/9978\/revisions"}],"predecessor-version":[{"id":11514,"href":"https:\/\/www.pewag.com\/it\/wp-json\/wp\/v2\/pages\/9978\/revisions\/11514"}],"wp:attachment":[{"href":"https:\/\/www.pewag.com\/it\/wp-json\/wp\/v2\/media?parent=9978"}],"wp:term":[{"taxonomy":"content-type","embeddable":true,"href":"https:\/\/www.pewag.com\/it\/wp-json\/wp\/v2\/content-types?post=9978"}],"curies":[{"name":"wp","href":"https:\/\/api.w.org\/{rel}","templated":true}]}}