{"id":10735,"date":"2024-09-17T14:06:31","date_gmt":"2024-09-17T12:06:31","guid":{"rendered":"https:\/\/www.pewag.com\/?page_id=10735"},"modified":"2026-03-17T15:46:52","modified_gmt":"2026-03-17T14:46:52","slug":"mentions-legales","status":"publish","type":"page","link":"https:\/\/www.pewag.com\/fr\/mentions-legales\/","title":{"rendered":"Mentions legales"},"content":{"rendered":"<div\n\tclass=\"scroll-my-24 wrapper-contained mt-0 mb-0 pt-0 pb-20 max-sm:pb-16 w-full\"\n\t>\n\t<\/div>\n\n<div\n\tclass=\"scroll-my-24 wrapper-contained mt-20 mb-4 pt-0 pb-0 w-full\"\n\t>\n\t<h2\tdata-slug=\"xn-mentions-lgales-knb\"\n\tclass=\"font-display text-balance font-synthesis-none scroll-m-20 break-words hyphens-auto text-6xl md:text-7xl leading-tight text-start text-black [&amp;&gt;a]:text-blue-700\"\n>\n\tMentions l\u00e9gales<\/h2><\/div>\n\n<div\n\tclass=\"scroll-my-24 wrapper-contained mt-8 mb-4 pt-0 pb-0 w-full\"\n\t>\n\t<p class=\"font-sans [&amp;&gt;a]:underline font-synthesis-none break-words hyphens-auto text-base leading-normal text-start text-black [&amp;&gt;a]:text-blue-700\">\n\t<strong>Responsable de ce site web<br><\/strong>pewag International GmbH<br>Schleppe-Platz 8<br>9020 Klagenfurt, Austria<br>T\u00e9l\u00e9phone : +43 505011 &#8211; 0<br>Fax : +43 505011 &#8211; 400<br>Email : office-pwg(at)pewag-group.com<br>Site web : www.pewag-group.com<br><br><strong>Informations l\u00e9gales<br><\/strong>Forme juridique : Gesellschaft mit beschr\u00e4nkter Haftung (Soci\u00e9t\u00e9 \u00e0 responsabilit\u00e9 limit\u00e9e)<br>Si\u00e8ge social : Klagenfurt<br>Num\u00e9ro d&#8217;enregistrement commercial : FN 142147 s<br>Tribunal d&#8217;enregistrement : Tribunal r\u00e9gional de Klagenfurt<br>Num\u00e9ro de TVA : ATU40923809<br>Textes et images<br>\u00a9 pewag International GmbH<br><br><strong>Mise en \u0153uvre<br><\/strong>pewag International GmbH et <a href=\"http:\/\/engarde.net\" target=\"_blank\" rel=\"noreferrer noopener nofollow\">EN GARDE<\/a><\/p><\/div>\n\n<div\n\tclass=\"scroll-my-24 wrapper-contained mt-20 mb-4 pt-0 pb-0 w-full\"\n\t\t\tid=\"general-terms\"\n\t>\n\t<h2\tdata-slug=\"xn-conditions-gnrales-mwbb\"\n\tclass=\"font-display text-balance font-synthesis-none scroll-m-20 break-words hyphens-auto text-6xl md:text-7xl leading-tight text-start text-black [&amp;&gt;a]:text-blue-700\"\n>\n\tConditions g\u00e9n\u00e9rales<\/h2><\/div>\n\n<div\n\tclass=\"scroll-my-24 wrapper-contained mt-0 mb-4 pt-0 pb-20 w-full\"\n\t>\n\t<p class=\"font-sans [&amp;&gt;a]:underline font-synthesis-none break-words hyphens-auto text-base leading-normal text-start text-black [&amp;&gt;a]:text-blue-700\">\n\tSur cette page, vous pouvez trouver nos Conditions G\u00e9n\u00e9rales de Vente de toutes les entreprises op\u00e9rant sur www.pewag.com<br><br><strong>Conditions g\u00e9n\u00e9rales de livraison et de paiement<\/strong><br><a href=\"https:\/\/www.pewag.com\/wp-content\/uploads\/2026\/03\/CGV_pewag_France_V02_2019.pdf\" id=\"22481\">Conditions Generales de Vente &#8211; pewag France<br><\/a><a href=\"https:\/\/www.pewag.com\/wp-content\/uploads\/2024\/09\/GENERAL-TERMS-AND-CONDITIONS-OF-SALE-AND-DELIVERY-of-pewag-International-GmbH-.pdf\" target=\"_blank\" rel=\"noreferrer noopener\">General Terms of delivery and payment pewag International GmbH<br><\/a><a href=\"https:\/\/www.pewag.com\/wp-content\/uploads\/2024\/09\/GENERAL-TERMS-AND-CONDTIONS-OF-SALES-AND-DELIVERY-of-pewag-austria-GmbH-.pdf\" target=\"_blank\" rel=\"noreferrer noopener\">General Terms of delivery and payment pewag austria GmbH<br><\/a><a href=\"https:\/\/www.pewag.com\/wp-content\/uploads\/2024\/09\/GENERAL-TERMS-AND-CONDITIONS-OF-SALE-AND-DELIVERY-of-pewag-Schneeketten-GmbH-.pdf\" target=\"_blank\" rel=\"noreferrer noopener\">General Terms of delivery and payment pewag Schneeketten GmbH<br><\/a><a href=\"https:\/\/www.pewag.com\/wp-content\/uploads\/2024\/09\/GENERAL-TERMS-AND-CONDITIONS-OF-SALE-AND-DELIVERY-of-pewag-austria-Vertriebsgesellschaft-mbH-.pdf\" target=\"_blank\" rel=\"noreferrer noopener\">General Terms of delivery and payment pewag austria Vertriebsgesellschaft GmbH<br><\/a><a href=\"https:\/\/www.pewag.com\/wp-content\/uploads\/2024\/09\/General-Terms-and-Conditions-of-Supply-of-pewag-engineering-GmbH-.pdf\" target=\"_blank\" rel=\"noreferrer noopener\">General Terms of delivery and payment pewag Engineering GmbH<br><\/a><br><strong>Conditions g\u00e9n\u00e9rales d&#8217;achat<\/strong><br><a href=\"https:\/\/www.pewag.com\/wp-content\/uploads\/2026\/03\/CGV_pewag_France_V02_2019.pdf\" id=\"22481\">Conditions Generales de Vente &#8211; pewag France<\/a><strong><br><\/strong><a href=\"https:\/\/www.pewag.com\/wp-content\/uploads\/2024\/09\/GENERAL-TERMS-AND-CONDITIONS-OF-PURCHASE-of-pewag-International-GmbH-.pdf\" target=\"_blank\" rel=\"noreferrer noopener\">General Terms of purchasing pewag International GmbH<\/a><br><a href=\"https:\/\/www.pewag.com\/wp-content\/uploads\/2024\/11\/General-Terms-and-conditions_Purchasing_PWA-rein.pdf\" target=\"_blank\" rel=\"noreferrer noopener\">General Terms of purchasing pewag austria GmbH<br><\/a><a href=\"https:\/\/www.pewag.com\/wp-content\/uploads\/2024\/09\/GENERAL-TERMS-AND-CONDITIONS-OF-PURCHASE-of-pewag-Schneeketten-GmbH-.pdf\" target=\"_blank\" rel=\"noreferrer noopener\">General Terms of purchasing pewag Schneeketten GmbH<\/a><br><a href=\"https:\/\/www.pewag.com\/wp-content\/uploads\/2024\/09\/GENERAL-TERMS-AND-CONDITIONS-OF-PURCHASE-of-pewag-austria-Vertriebsgesellschaft-mbH-.pdf\" target=\"_blank\" rel=\"noreferrer noopener\">General Terms of purchasing pewag austria Vertriebs GmbH<\/a><br><a href=\"https:\/\/www.pewag.com\/wp-content\/uploads\/2024\/09\/GENERAL-PURCHASE-CONDITIONS-of-pewag-engineering-GmbH-.pdf\" target=\"_blank\" rel=\"noreferrer noopener\">General Terms of purchasing pewag Engineering GmbH<\/a><\/p><\/div>","protected":false},"excerpt":{"rendered":"","protected":false},"author":16,"featured_media":0,"parent":0,"menu_order":0,"comment_status":"closed","ping_status":"closed","template":"","meta":{"pewag_navigation_theme_dark_use":true,"footnotes":""},"content-types":[27],"class_list":["post-10735","page","type-page","status-publish","hentry","content-type-legal-content"],"yoast_head":"<!-- This site is optimized with the Yoast SEO plugin v27.4 - https:\/\/yoast.com\/product\/yoast-seo-wordpress\/ -->\n<title>Mentions legales - pewag<\/title>\n<meta name=\"robots\" content=\"index, follow, max-snippet:-1, max-image-preview:large, max-video-preview:-1\" \/>\n<link rel=\"canonical\" href=\"https:\/\/www.pewag.com\/fr\/mentions-legales\/\" \/>\n<meta property=\"og:locale\" content=\"fr_FR\" \/>\n<meta property=\"og:type\" content=\"article\" \/>\n<meta property=\"og:title\" content=\"Mentions legales - pewag\" \/>\n<meta property=\"og:url\" content=\"https:\/\/www.pewag.com\/fr\/mentions-legales\/\" \/>\n<meta property=\"og:site_name\" content=\"pewag\" \/>\n<meta property=\"article:modified_time\" content=\"2026-03-17T14:46:52+00:00\" \/>\n<meta name=\"twitter:card\" content=\"summary_large_image\" \/>\n<meta name=\"twitter:label1\" content=\"Est. reading time\" \/>\n\t<meta name=\"twitter:data1\" content=\"1 minute\" \/>\n<script type=\"application\/ld+json\" class=\"yoast-schema-graph\">{\"@context\":\"https:\\\/\\\/schema.org\",\"@graph\":[{\"@type\":\"WebPage\",\"@id\":\"https:\\\/\\\/www.pewag.com\\\/fr\\\/mentions-legales\\\/\",\"url\":\"https:\\\/\\\/www.pewag.com\\\/fr\\\/mentions-legales\\\/\",\"name\":\"Mentions legales - pewag\",\"isPartOf\":{\"@id\":\"https:\\\/\\\/www.pewag.com\\\/#website\"},\"datePublished\":\"2024-09-17T12:06:31+00:00\",\"dateModified\":\"2026-03-17T14:46:52+00:00\",\"breadcrumb\":{\"@id\":\"https:\\\/\\\/www.pewag.com\\\/fr\\\/mentions-legales\\\/#breadcrumb\"},\"inLanguage\":\"fr-FR\",\"potentialAction\":[{\"@type\":\"ReadAction\",\"target\":[\"https:\\\/\\\/www.pewag.com\\\/fr\\\/mentions-legales\\\/\"]}]},{\"@type\":\"BreadcrumbList\",\"@id\":\"https:\\\/\\\/www.pewag.com\\\/fr\\\/mentions-legales\\\/#breadcrumb\",\"itemListElement\":[{\"@type\":\"ListItem\",\"position\":1,\"name\":\"Home\",\"item\":\"https:\\\/\\\/www.pewag.com\\\/fr\\\/\"},{\"@type\":\"ListItem\",\"position\":2,\"name\":\"Mentions legales\"}]},{\"@type\":\"WebSite\",\"@id\":\"https:\\\/\\\/www.pewag.com\\\/#website\",\"url\":\"https:\\\/\\\/www.pewag.com\\\/\",\"name\":\"pewag\",\"description\":\"\",\"potentialAction\":[{\"@type\":\"SearchAction\",\"target\":{\"@type\":\"EntryPoint\",\"urlTemplate\":\"https:\\\/\\\/www.pewag.com\\\/?s={search_term_string}\"},\"query-input\":{\"@type\":\"PropertyValueSpecification\",\"valueRequired\":true,\"valueName\":\"search_term_string\"}}],\"inLanguage\":\"fr-FR\"}]}<\/script>\n<!-- \/ Yoast SEO plugin. -->","yoast_head_json":{"title":"Mentions legales - pewag","robots":{"index":"index","follow":"follow","max-snippet":"max-snippet:-1","max-image-preview":"max-image-preview:large","max-video-preview":"max-video-preview:-1"},"canonical":"https:\/\/www.pewag.com\/fr\/mentions-legales\/","og_locale":"fr_FR","og_type":"article","og_title":"Mentions legales - pewag","og_url":"https:\/\/www.pewag.com\/fr\/mentions-legales\/","og_site_name":"pewag","article_modified_time":"2026-03-17T14:46:52+00:00","twitter_card":"summary_large_image","twitter_misc":{"Est. reading time":"1 minute"},"schema":{"@context":"https:\/\/schema.org","@graph":[{"@type":"WebPage","@id":"https:\/\/www.pewag.com\/fr\/mentions-legales\/","url":"https:\/\/www.pewag.com\/fr\/mentions-legales\/","name":"Mentions legales - pewag","isPartOf":{"@id":"https:\/\/www.pewag.com\/#website"},"datePublished":"2024-09-17T12:06:31+00:00","dateModified":"2026-03-17T14:46:52+00:00","breadcrumb":{"@id":"https:\/\/www.pewag.com\/fr\/mentions-legales\/#breadcrumb"},"inLanguage":"fr-FR","potentialAction":[{"@type":"ReadAction","target":["https:\/\/www.pewag.com\/fr\/mentions-legales\/"]}]},{"@type":"BreadcrumbList","@id":"https:\/\/www.pewag.com\/fr\/mentions-legales\/#breadcrumb","itemListElement":[{"@type":"ListItem","position":1,"name":"Home","item":"https:\/\/www.pewag.com\/fr\/"},{"@type":"ListItem","position":2,"name":"Mentions legales"}]},{"@type":"WebSite","@id":"https:\/\/www.pewag.com\/#website","url":"https:\/\/www.pewag.com\/","name":"pewag","description":"","potentialAction":[{"@type":"SearchAction","target":{"@type":"EntryPoint","urlTemplate":"https:\/\/www.pewag.com\/?s={search_term_string}"},"query-input":{"@type":"PropertyValueSpecification","valueRequired":true,"valueName":"search_term_string"}}],"inLanguage":"fr-FR"}]}},"_links":{"self":[{"href":"https:\/\/www.pewag.com\/fr\/wp-json\/wp\/v2\/pages\/10735","targetHints":{"allow":["GET"]}}],"collection":[{"href":"https:\/\/www.pewag.com\/fr\/wp-json\/wp\/v2\/pages"}],"about":[{"href":"https:\/\/www.pewag.com\/fr\/wp-json\/wp\/v2\/types\/page"}],"author":[{"embeddable":true,"href":"https:\/\/www.pewag.com\/fr\/wp-json\/wp\/v2\/users\/16"}],"replies":[{"embeddable":true,"href":"https:\/\/www.pewag.com\/fr\/wp-json\/wp\/v2\/comments?post=10735"}],"version-history":[{"count":5,"href":"https:\/\/www.pewag.com\/fr\/wp-json\/wp\/v2\/pages\/10735\/revisions"}],"predecessor-version":[{"id":22483,"href":"https:\/\/www.pewag.com\/fr\/wp-json\/wp\/v2\/pages\/10735\/revisions\/22483"}],"wp:attachment":[{"href":"https:\/\/www.pewag.com\/fr\/wp-json\/wp\/v2\/media?parent=10735"}],"wp:term":[{"taxonomy":"content-type","embeddable":true,"href":"https:\/\/www.pewag.com\/fr\/wp-json\/wp\/v2\/content-types?post=10735"}],"curies":[{"name":"wp","href":"https:\/\/api.w.org\/{rel}","templated":true}]}}