{"id":10732,"date":"2024-09-17T14:30:33","date_gmt":"2024-09-17T12:30:33","guid":{"rendered":"https:\/\/www.pewag.com\/?page_id=10732"},"modified":"2025-01-30T13:43:33","modified_gmt":"2025-01-30T12:43:33","slug":"declaration-de-confidentialite-des-donnees","status":"publish","type":"page","link":"https:\/\/www.pewag.com\/fr\/declaration-de-confidentialite-des-donnees\/","title":{"rendered":"Declaration de confidentialite des donnees"},"content":{"rendered":"<div\n\tclass=\"scroll-my-24 wrapper-contained mt-20 mb-4 pt-0 pb-0 w-full\"\n\t>\n\t<h2\tdata-slug=\"xn-dclaration-de-confidentialit-des-donnes-bpd1aj\"\n\tclass=\"font-display text-balance font-synthesis-none scroll-m-20 break-words hyphens-auto text-6xl md:text-7xl leading-tight text-start text-black [&amp;&gt;a]:text-blue-700\"\n>\n\tD\u00e9claration de confidentialit\u00e9 des donn\u00e9es<\/h2><\/div>\n\n<div\n\tclass=\"scroll-my-24 wrapper-contained mt-8 mb-0 pt-0 pb-0 w-3\/4\"\n\t>\n\t<p class=\"font-sans [&amp;&gt;a]:underline font-synthesis-none break-words hyphens-auto text-base leading-normal text-start text-black [&amp;&gt;a]:text-blue-700\">\n\tCopyright \u00a9 par pewag International GmbH.<br>Tous droits r\u00e9serv\u00e9s, dans le monde entier.<br><br><a href=\"https:\/\/www.pewag.com\/fr\/mentions-legales\/\" target=\"_blank\" rel=\"noreferrer noopener\">Mentions l\u00e9gales<\/a><br><br><strong>Avis de confidentialit\u00e9<br><\/strong>Ce site web est g\u00e9r\u00e9 par pewag International GmbH, Gaslaternenweg 4, 8041 Graz (\u00ab nous \u00bb ou \u00ab notre \u00bb). Cet avis d\u00e9crit comment nous, en tant que responsable du traitement, traitons vos donn\u00e9es personnelles en lien avec ce site web.<br><br><strong>1. Quelles donn\u00e9es vous concernant traitons-nous ?<br><\/strong><br>Dans le cadre de votre visite sur ce site web, nous collecterons les informations suivantes : <\/p><\/div>\n\n<div\n\tclass=\"scroll-my-24 wrapper-contained mt-0 mb-0 pt-0 pb-0 w-full\"\n\t>\n\t<ul\tclass=\"font-sans [&amp;&gt;a]:underline font-synthesis-none text-base leading-normal list-disc ml-[1.125em] marker:text-red-700 text-black\"\n>\n\t<li>la date et l&#8217;heure d&#8217;acc\u00e8s<\/li><li>votre adresse IP<\/li><li>le nom et la version de votre navigateur<\/li><li>l&#8217;URL du site web que vous avez visit\u00e9 pr\u00e9c\u00e9demment<\/li><li>les cookies (voir la section 2 ci-dessous)<\/li><li>les informations que vous fournissez via les formulaires de contact ou en vous inscrivant dans notre boutique en ligne<\/li><\/ul><\/div>\n\n<div\n\tclass=\"scroll-my-24 wrapper-contained mt-0 mb-4 pt-0 pb-0 w-3\/4\"\n\t>\n\t<p class=\"font-sans [&amp;&gt;a]:underline font-synthesis-none break-words hyphens-auto text-base leading-normal text-start text-black [&amp;&gt;a]:text-blue-700\">\n\tLa fourniture des donn\u00e9es demand\u00e9es est volontaire ; cependant, le fait de ne pas les fournir peut limiter votre capacit\u00e9 \u00e0 acc\u00e9der \u00e0 certaines fonctionnalit\u00e9s du site web.<\/p><\/div>\n\n<div\n\tclass=\"scroll-my-24 wrapper-contained mt-8 mb-2 pt-0 pb-0 w-3\/4\"\n\t>\n\t<p class=\"font-sans [&amp;&gt;a]:underline font-synthesis-none break-words hyphens-auto text-base leading-normal text-start text-black [&amp;&gt;a]:text-blue-700\">\n\t<strong>2. Cookies<br><\/strong><br>Nous utilisons des cookies pour am\u00e9liorer votre exp\u00e9rience sur notre site web. Un cookie est un petit fichier texte stock\u00e9 sur votre ordinateur. Ces cookies facilitent la navigation sur le site, se souviennent de votre position, et enregistrent vos pr\u00e9f\u00e9rences pour les visites futures. Les cookies ne peuvent pas acc\u00e9der ni modifier les donn\u00e9es sur votre appareil.<\/p><\/div>\n\n<div\n\tclass=\"scroll-my-24 wrapper-contained mt-0 mb-2 pt-0 pb-2 w-full\"\n\t>\n\t<ul\tclass=\"font-sans [&amp;&gt;a]:underline font-synthesis-none text-base leading-normal list-disc ml-[1.125em] marker:text-red-700 text-black\"\n>\n\t<li>La plupart des cookies sont des cookies de session et sont supprim\u00e9s une fois que vous quittez notre site web.<\/li><li>Les cookies permanents restent jusqu&#8217;\u00e0 ce qu&#8217;ils soient supprim\u00e9s manuellement dans votre navigateur et nous aident \u00e0 vous reconna\u00eetre lors de futures visites.<\/li><\/ul><\/div>\n\n<div\n\tclass=\"scroll-my-24 wrapper-contained mt-0 mb-0 pt-0 pb-0 w-3\/4\"\n\t>\n\t<p class=\"font-sans [&amp;&gt;a]:underline font-synthesis-none break-words hyphens-auto text-base leading-normal text-start text-black [&amp;&gt;a]:text-blue-700\">\n\tPour g\u00e9rer les cookies, ajustez les param\u00e8tres de votre navigateur pour recevoir des notifications, bloquer ou supprimer les cookies. Notez que la d\u00e9sactivation des cookies peut affecter votre exp\u00e9rience en ligne et limiter certaines fonctionnalit\u00e9s du site web.<\/p><\/div>\n\n<div\n\tclass=\"scroll-my-24 wrapper-contained mt-0 mb-0 pt-0 pb-0 w-3\/4\"\n\t>\n\t<p class=\"font-sans [&amp;&gt;a]:underline font-synthesis-none break-words hyphens-auto text-base leading-normal text-start text-black [&amp;&gt;a]:text-blue-700\">\n\t<br>Nous utilisons les types de cookies suivants :<\/p><\/div>\n\n<div\n\tclass=\"scroll-my-24 wrapper-contained mt-0 mb-4 pt-0 pb-0 w-full\"\n\t>\n\t<ul\tclass=\"font-sans [&amp;&gt;a]:underline font-synthesis-none text-base leading-normal list-disc ml-[1.125em] marker:text-red-700 text-black\"\n>\n\t<li>Cookies n\u00e9cessaires<\/li><li>Cookies analytiques<\/li><li>Cookies marketing<\/li><\/ul><\/div>\n\n<div\n\tclass=\"scroll-my-24 wrapper-contained mt-0 mb-4 pt-0 pb-0 w-full\"\n\t>\n\t<\/div>\n\n<div\n\tclass=\"scroll-my-24 wrapper-contained mt-8 mb-0 pt-0 pb-0 w-3\/4\"\n\t>\n\t<p class=\"font-sans [&amp;&gt;a]:underline font-synthesis-none break-words hyphens-auto text-base leading-normal text-start text-black [&amp;&gt;a]:text-blue-700\">\n\t<strong>3. Objectif du traitement des donn\u00e9es<br><\/strong><br>Vos donn\u00e9es personnelles sont trait\u00e9es aux fins suivantes :<\/p><\/div>\n\n<div\n\tclass=\"scroll-my-24 wrapper-contained mt-0 mb-4 pt-0 pb-0 w-full\"\n\t>\n\t<ul\tclass=\"font-sans [&amp;&gt;a]:underline font-synthesis-none text-base leading-normal list-disc ml-[1.125em] marker:text-red-700 text-black\"\n>\n\t<li>Fournir, am\u00e9liorer et d\u00e9velopper davantage notre site web<\/li><li>Collecter des statistiques d&#8217;utilisation<\/li><li>D\u00e9tecter, pr\u00e9venir et enqu\u00eater sur les violations du site web<\/li><li>R\u00e9pondre \u00e0 vos demandes<\/li><li>Vous identifier en tant que navigateur ou client dans notre boutique en ligne<\/li><\/ul><\/div>\n\n<div\n\tclass=\"scroll-my-24 wrapper-contained mt-8 mb-0 pt-0 pb-0 w-3\/4\"\n\t>\n\t<p class=\"font-sans [&amp;&gt;a]:underline font-synthesis-none break-words hyphens-auto text-base leading-normal text-start text-black [&amp;&gt;a]:text-blue-700\">\n\t<br><strong>4. Bases l\u00e9gales du traitement<br><\/strong><br>Le traitement de vos donn\u00e9es personnelles est bas\u00e9 sur nos int\u00e9r\u00eats l\u00e9gitimes conform\u00e9ment \u00e0 l&#8217;article 6, paragraphe 1, lettre f) du R\u00e8glement g\u00e9n\u00e9ral sur la protection des donn\u00e9es (RGPD) de l&#8217;UE, comme indiqu\u00e9 dans la section 3 ci-dessus.<br><br><strong>5. Transmission de vos donn\u00e9es personnelles<\/strong><br>Pour les fins mentionn\u00e9es, nous pouvons partager vos donn\u00e9es avec :<\/p><\/div>\n\n<div\n\tclass=\"scroll-my-24 wrapper-contained mt-0 mb-0 pt-0 pb-0 w-full\"\n\t>\n\t<ul\tclass=\"font-sans [&amp;&gt;a]:underline font-synthesis-none text-base leading-normal list-disc ml-[1.125em] marker:text-red-700 text-black\"\n>\n\t<li>Les prestataires de services informatiques avec lesquels nous collaborons<\/li><li>[Autres cat\u00e9gories de destinataires si n\u00e9cessaire]<\/li><\/ul><\/div>\n\n<div\n\tclass=\"scroll-my-24 wrapper-contained mt-0 mb-0 pt-0 pb-0 w-3\/4\"\n\t>\n\t<p class=\"font-sans [&amp;&gt;a]:underline font-synthesis-none break-words hyphens-auto text-base leading-normal text-start text-black [&amp;&gt;a]:text-blue-700\">\n\t<br>Certains destinataires peuvent \u00eatre situ\u00e9s en dehors de votre pays. Nous ne transf\u00e9rons des donn\u00e9es qu&#8217;\u00e0 des pays jug\u00e9s par la Commission europ\u00e9enne comme ayant une protection des donn\u00e9es ad\u00e9quate, ou nous mettons en place des garanties telles que des clauses contractuelles types (2010\/87\/CE et\/ou 2004\/915\/CE). Ces informations peuvent \u00eatre demand\u00e9es \u00e0 l&#8217;adresse dataprotection@www.pewag.com.<br><br><strong>6. Dur\u00e9e de conservation<\/strong><\/p><\/div>\n\n<div\n\tclass=\"scroll-my-24 wrapper-contained mt-0 mb-0 pt-0 pb-0 w-3\/4\"\n\t>\n\t<p class=\"font-sans [&amp;&gt;a]:underline font-synthesis-none break-words hyphens-auto text-base leading-normal text-start text-black [&amp;&gt;a]:text-blue-700\">\n\t<br>Nous conservons vos donn\u00e9es pendant un maximum de trois mois, sauf si une conservation plus longue est n\u00e9cessaire pour enqu\u00eater sur des violations du site web. Pour les utilisateurs inscrits, nous stockons les donn\u00e9es pendant la dur\u00e9e de l&#8217;existence de votre compte, et par la suite, uniquement aussi longtemps que l\u00e9galement requis.<br><br><strong>7. Vos droits en lien avec les donn\u00e9es personnelles<br><\/strong><br>Vous avez le droit de :<\/p><\/div>\n\n<div\n\tclass=\"scroll-my-24 wrapper-contained mt-0 mb-4 pt-0 pb-0 w-full\"\n\t>\n\t<ul\tclass=\"font-sans [&amp;&gt;a]:underline font-synthesis-none text-base leading-normal list-disc ml-[1.125em] marker:text-red-700 text-black\"\n>\n\t<li>V\u00e9rifier si nous d\u00e9tenons vos donn\u00e9es personnelles et en obtenir des copies<\/li><li>Demander la correction, la modification ou la suppression de vos donn\u00e9es si elles sont incorrectes ou trait\u00e9es de mani\u00e8re ill\u00e9gale<\/li><li>Demander la restriction du traitement<\/li><li>Conna\u00eetre les identit\u00e9s des tiers auxquels vos donn\u00e9es ont \u00e9t\u00e9 transmises<\/li><li>D\u00e9poser une plainte aupr\u00e8s de l&#8217;autorit\u00e9 de protection des donn\u00e9es comp\u00e9tente<\/li><\/ul><\/div>\n\n<div\n\tclass=\"scroll-my-24 wrapper-contained mt-8 mb-0 pt-0 pb-20 w-3\/4\"\n\t>\n\t<p class=\"font-sans [&amp;&gt;a]:underline font-synthesis-none break-words hyphens-auto text-base leading-normal text-start text-black [&amp;&gt;a]:text-blue-700\">\n\t<strong>8. Nos coordonn\u00e9es<br><\/strong><br>Pour toute question ou pr\u00e9occupation concernant vos donn\u00e9es personnelles, veuillez nous contacter :<br>pewag International GmbH<br>Gaslaternenweg 4, 8041 Graz, Autriche<br>Email : webmaster(at)www.pewag.com<br><br>Pour toute demande sp\u00e9cifique li\u00e9e \u00e0 la confidentialit\u00e9, veuillez contacter notre coordinateur de la protection des donn\u00e9es : dataprotection(at)www.pewag.com.<br><br><strong>Derni\u00e8re mise \u00e0 jour : 20 mai 2018<\/strong><\/p><\/div>","protected":false},"excerpt":{"rendered":"","protected":false},"author":16,"featured_media":0,"parent":0,"menu_order":0,"comment_status":"closed","ping_status":"closed","template":"","meta":{"pewag_navigation_theme_dark_use":true,"footnotes":""},"content-types":[27],"class_list":["post-10732","page","type-page","status-publish","hentry","content-type-legal-content"],"yoast_head":"<!-- This site is optimized with the Yoast SEO plugin v27.2 - https:\/\/yoast.com\/product\/yoast-seo-wordpress\/ -->\n<title>Declaration de confidentialite des donnees - pewag<\/title>\n<meta name=\"robots\" content=\"index, follow, max-snippet:-1, max-image-preview:large, max-video-preview:-1\" \/>\n<link rel=\"canonical\" href=\"https:\/\/www.pewag.com\/fr\/declaration-de-confidentialite-des-donnees\/\" \/>\n<meta property=\"og:locale\" content=\"fr_FR\" \/>\n<meta property=\"og:type\" content=\"article\" \/>\n<meta property=\"og:title\" content=\"Declaration de confidentialite des donnees - pewag\" \/>\n<meta property=\"og:url\" content=\"https:\/\/www.pewag.com\/fr\/declaration-de-confidentialite-des-donnees\/\" \/>\n<meta property=\"og:site_name\" content=\"pewag\" \/>\n<meta property=\"article:modified_time\" content=\"2025-01-30T12:43:33+00:00\" \/>\n<meta name=\"twitter:card\" content=\"summary_large_image\" \/>\n<meta name=\"twitter:label1\" content=\"Est. reading time\" \/>\n\t<meta name=\"twitter:data1\" content=\"4 minutes\" \/>\n<script type=\"application\/ld+json\" class=\"yoast-schema-graph\">{\"@context\":\"https:\/\/schema.org\",\"@graph\":[{\"@type\":\"WebPage\",\"@id\":\"https:\/\/www.pewag.com\/fr\/declaration-de-confidentialite-des-donnees\/\",\"url\":\"https:\/\/www.pewag.com\/fr\/declaration-de-confidentialite-des-donnees\/\",\"name\":\"Declaration de confidentialite des donnees - pewag\",\"isPartOf\":{\"@id\":\"https:\/\/www.pewag.com\/#website\"},\"datePublished\":\"2024-09-17T12:30:33+00:00\",\"dateModified\":\"2025-01-30T12:43:33+00:00\",\"breadcrumb\":{\"@id\":\"https:\/\/www.pewag.com\/fr\/declaration-de-confidentialite-des-donnees\/#breadcrumb\"},\"inLanguage\":\"fr-FR\",\"potentialAction\":[{\"@type\":\"ReadAction\",\"target\":[\"https:\/\/www.pewag.com\/fr\/declaration-de-confidentialite-des-donnees\/\"]}]},{\"@type\":\"BreadcrumbList\",\"@id\":\"https:\/\/www.pewag.com\/fr\/declaration-de-confidentialite-des-donnees\/#breadcrumb\",\"itemListElement\":[{\"@type\":\"ListItem\",\"position\":1,\"name\":\"Home\",\"item\":\"https:\/\/www.pewag.com\/fr\/\"},{\"@type\":\"ListItem\",\"position\":2,\"name\":\"Declaration de confidentialite des donnees\"}]},{\"@type\":\"WebSite\",\"@id\":\"https:\/\/www.pewag.com\/#website\",\"url\":\"https:\/\/www.pewag.com\/\",\"name\":\"pewag\",\"description\":\"\",\"potentialAction\":[{\"@type\":\"SearchAction\",\"target\":{\"@type\":\"EntryPoint\",\"urlTemplate\":\"https:\/\/www.pewag.com\/?s={search_term_string}\"},\"query-input\":{\"@type\":\"PropertyValueSpecification\",\"valueRequired\":true,\"valueName\":\"search_term_string\"}}],\"inLanguage\":\"fr-FR\"}]}<\/script>\n<!-- \/ Yoast SEO plugin. -->","yoast_head_json":{"title":"Declaration de confidentialite des donnees - pewag","robots":{"index":"index","follow":"follow","max-snippet":"max-snippet:-1","max-image-preview":"max-image-preview:large","max-video-preview":"max-video-preview:-1"},"canonical":"https:\/\/www.pewag.com\/fr\/declaration-de-confidentialite-des-donnees\/","og_locale":"fr_FR","og_type":"article","og_title":"Declaration de confidentialite des donnees - pewag","og_url":"https:\/\/www.pewag.com\/fr\/declaration-de-confidentialite-des-donnees\/","og_site_name":"pewag","article_modified_time":"2025-01-30T12:43:33+00:00","twitter_card":"summary_large_image","twitter_misc":{"Est. reading time":"4 minutes"},"schema":{"@context":"https:\/\/schema.org","@graph":[{"@type":"WebPage","@id":"https:\/\/www.pewag.com\/fr\/declaration-de-confidentialite-des-donnees\/","url":"https:\/\/www.pewag.com\/fr\/declaration-de-confidentialite-des-donnees\/","name":"Declaration de confidentialite des donnees - pewag","isPartOf":{"@id":"https:\/\/www.pewag.com\/#website"},"datePublished":"2024-09-17T12:30:33+00:00","dateModified":"2025-01-30T12:43:33+00:00","breadcrumb":{"@id":"https:\/\/www.pewag.com\/fr\/declaration-de-confidentialite-des-donnees\/#breadcrumb"},"inLanguage":"fr-FR","potentialAction":[{"@type":"ReadAction","target":["https:\/\/www.pewag.com\/fr\/declaration-de-confidentialite-des-donnees\/"]}]},{"@type":"BreadcrumbList","@id":"https:\/\/www.pewag.com\/fr\/declaration-de-confidentialite-des-donnees\/#breadcrumb","itemListElement":[{"@type":"ListItem","position":1,"name":"Home","item":"https:\/\/www.pewag.com\/fr\/"},{"@type":"ListItem","position":2,"name":"Declaration de confidentialite des donnees"}]},{"@type":"WebSite","@id":"https:\/\/www.pewag.com\/#website","url":"https:\/\/www.pewag.com\/","name":"pewag","description":"","potentialAction":[{"@type":"SearchAction","target":{"@type":"EntryPoint","urlTemplate":"https:\/\/www.pewag.com\/?s={search_term_string}"},"query-input":{"@type":"PropertyValueSpecification","valueRequired":true,"valueName":"search_term_string"}}],"inLanguage":"fr-FR"}]}},"_links":{"self":[{"href":"https:\/\/www.pewag.com\/fr\/wp-json\/wp\/v2\/pages\/10732","targetHints":{"allow":["GET"]}}],"collection":[{"href":"https:\/\/www.pewag.com\/fr\/wp-json\/wp\/v2\/pages"}],"about":[{"href":"https:\/\/www.pewag.com\/fr\/wp-json\/wp\/v2\/types\/page"}],"author":[{"embeddable":true,"href":"https:\/\/www.pewag.com\/fr\/wp-json\/wp\/v2\/users\/16"}],"replies":[{"embeddable":true,"href":"https:\/\/www.pewag.com\/fr\/wp-json\/wp\/v2\/comments?post=10732"}],"version-history":[{"count":3,"href":"https:\/\/www.pewag.com\/fr\/wp-json\/wp\/v2\/pages\/10732\/revisions"}],"predecessor-version":[{"id":16072,"href":"https:\/\/www.pewag.com\/fr\/wp-json\/wp\/v2\/pages\/10732\/revisions\/16072"}],"wp:attachment":[{"href":"https:\/\/www.pewag.com\/fr\/wp-json\/wp\/v2\/media?parent=10732"}],"wp:term":[{"taxonomy":"content-type","embeddable":true,"href":"https:\/\/www.pewag.com\/fr\/wp-json\/wp\/v2\/content-types?post=10732"}],"curies":[{"name":"wp","href":"https:\/\/api.w.org\/{rel}","templated":true}]}}