{"id":10684,"date":"2024-09-18T11:15:31","date_gmt":"2024-09-18T09:15:31","guid":{"rendered":"https:\/\/www.pewag.com\/?page_id=10684"},"modified":"2025-01-30T13:42:57","modified_gmt":"2025-01-30T12:42:57","slug":"tradition-et-innovation","status":"publish","type":"page","link":"https:\/\/www.pewag.com\/fr\/a-propos-de-nous\/tradition-et-innovation\/","title":{"rendered":"Tradition et innovation"},"content":{"rendered":"<div\n\tclass=\"scroll-my-24 bg-blue-900 wrapper-full mt-0 mb-0 max-sm:mb-0 pt-20 max-sm:pt-16 pb-20 max-sm:pb-16 w-full\"\n\t>\n\t<div class=\"grid md:grid-rows-1 md:grid-cols-[minmax(min-content,1fr)_1fr_1fr]\">\n\t<div class=\"px-4 md:px-10 pb-12 md:pb-24 grid md:flex md:flex-col grid-rows-1 grid-cols-4 order-2 md:order-none justify-end items-start\">\n\t\t<p class=\"font-sans [&amp;&gt;a]:underline font-synthesis-none break-words hyphens-auto text-3xl md:text-4xl lg:text-5xl leading-normal md:mb-2 col-start-1 col-span-3 text-blue-500\">\n\tTRADITION ET INNOVATION<\/p><h2\tdata-slug=\"xn-500-ans-de-force-et-de-progrs-7tc\"\n\tclass=\"font-display text-balance font-synthesis-none scroll-m-20 break-words hyphens-auto text-9xl md:text-10xl lg:text-11xl leading-none col-start-1 col-span-3 text-white\"\n>\n\t500 ans de Force et de Progr\u00e8s.<\/h2>\t<\/div>\n\t<div class=\"video !aspect-square lg:h-[90vh] lg:w-full object-cover md:col-start-2 md:col-span-2 mb-5 md:mb-0\">\n\t\t\t<video\n\t\t\tclass=\"aspect-video object-cover w-full js-video\"\n\t\t\tloop autoplay playsinline muted\t\t\tpreload=\"metadata\"\n\t\t\tposter=\"\"\n\t\t\t\t\t>\n\t\t\t<source src=\"https:\/\/www.pewag.com\/wp-content\/uploads\/2024\/11\/History-Header-3.mp4\" type=\"video\/mp4\" \/>\n\n\t\t\t\t\t<\/video>\n\t\n\t<\/div><\/div><\/div>\n\n<div\n\tclass=\"scroll-my-24 bg-blue-900 wrapper-contained-wide mt-0 mb-0 pt-16 max-md:pt-12 max-sm:pt-8 pb-0 w-full\"\n\t>\n\t<div class=\"grid grid-cols-8 md:grid-cols-5 md:gap-14\">\n\t<picture\n\t\t\tclass=\"col-span-7 md:translate-x-0 -translate-x-4 md:col-span-3\"\n\t>\n\t\t\t\t\t\t\t\n\t<img\n\t\tsrc=\"https:\/\/www.pewag.com\/wp-content\/uploads\/2024\/11\/pewag-history-kettenlager-e1732702428141.jpg\"\n\t\talt=\"\"\n\t\tclass=\"object-cover aspect-3\/2 size-full object-center\"\n\t\/>\n<\/picture>\n\t<div class=\"col-span-8 mt-8 md:mt-16 lg:mt-7 md:col-span-2\">\n\t\t\n<div\n\tclass=\"scroll-my-24 mt-0 mb-4 pt-0 pb-0 w-full\"\n\t>\n\t<svg xmlns='http:\/\/www.w3.org\/2000\/svg' width='40' height='11' viewBox='0 0 40 11' fill='none'><path d='M5.097 10.249c2.815 0 5.097-2.294 5.097-5.125C10.194 2.294 7.912 0 5.097 0 2.282 0 0 2.294 0 5.124c0 2.83 2.282 5.125 5.097 5.125Zm14.846 0c2.814 0 5.096-2.294 5.096-5.125C25.04 2.294 22.757 0 19.943 0c-2.815 0-5.097 2.294-5.097 5.124 0 2.83 2.282 5.125 5.097 5.125Zm14.961 0c2.814 0 5.096-2.294 5.096-5.125C40 2.294 37.718 0 34.904 0c-2.815 0-5.097 2.294-5.097 5.124 0 2.83 2.282 5.125 5.097 5.125Z' fill='#E4032E'\/><\/svg>\n<h2\tdata-slug=\"\"\n\tclass=\"font-display text-balance font-synthesis-none scroll-m-20 break-words hyphens-auto text-6xl md:text-7xl leading-tight text-start text-white [&amp;&gt;a]:text-blue-700 mt-2\"\n>\n\tNous honorons notre pass\u00e9 \u2026<\/h2><\/div>\n\n<div\n\tclass=\"scroll-my-24 mt-0 mb-4 pt-0 pb-0 w-full\"\n\t>\n\t<p class=\"font-sans [&amp;&gt;a]:underline font-synthesis-none break-words hyphens-auto text-base leading-normal text-start text-white [&amp;&gt;a]:text-blue-700\">\n\tNous r\u00e9fl\u00e9chissons \u00e0 valoriser la tradition et le progr\u00e8s. En tant que l&#8217;un des fabricants de cha\u00eenes les plus anciens et les plus fiables au monde, notre h\u00e9ritage autrichien et nos si\u00e8cles d&#8217;expertise constituent le fondement de notre engagement en faveur de la qualit\u00e9. Mais c&#8217;est notre volont\u00e9 permanente d&#8217;innovation qui nous distingue.<\/p><\/div>\n\t<\/div>\n<\/div><\/div>\n\n<div\n\tclass=\"scroll-my-24 bg-blue-900 wrapper-contained-wide mt-0 mb-0 pt-16 pb-20 w-full\"\n\t>\n\t<div class=\"grid grid-cols-8 md:grid-cols-5 md:gap-14\">\n\t<picture\n\t\t\tclass=\"col-span-7 md:translate-x-0 translate-x-4 md:order-2 col-start-2 md:col-start-auto md:col-span-3\"\n\t>\n\t\t\t\t\t\t\t\n\t<img\n\t\tsrc=\"https:\/\/www.pewag.com\/wp-content\/uploads\/2024\/11\/Kategoriebanner_Seg_A_Forst_accessories_v1.jpg\"\n\t\talt=\"\"\n\t\tclass=\"object-cover aspect-3\/2 object-center\"\n\t\/>\n<\/picture>\n\t<div class=\"col-span-8 mt-8 md:mt-16 lg:mt-7 md:col-span-2\">\n\t\t\n<div\n\tclass=\"scroll-my-24 mt-0 mb-4 pt-0 pb-0 w-full\"\n\t>\n\t<svg xmlns='http:\/\/www.w3.org\/2000\/svg' width='40' height='11' viewBox='0 0 40 11' fill='none'><path d='M5.097 10.249c2.815 0 5.097-2.294 5.097-5.125C10.194 2.294 7.912 0 5.097 0 2.282 0 0 2.294 0 5.124c0 2.83 2.282 5.125 5.097 5.125Zm14.846 0c2.814 0 5.096-2.294 5.096-5.125C25.04 2.294 22.757 0 19.943 0c-2.815 0-5.097 2.294-5.097 5.124 0 2.83 2.282 5.125 5.097 5.125Zm14.961 0c2.814 0 5.096-2.294 5.096-5.125C40 2.294 37.718 0 34.904 0c-2.815 0-5.097 2.294-5.097 5.124 0 2.83 2.282 5.125 5.097 5.125Z' fill='#E4032E'\/><\/svg>\n<h2\tdata-slug=\"\"\n\tclass=\"font-display text-balance font-synthesis-none scroll-m-20 break-words hyphens-auto text-6xl md:text-7xl leading-tight text-start text-white [&amp;&gt;a]:text-blue-700 mt-2\"\n>\n\t<strong>\u2026 tout en fa\u00e7onnant l&#8217;avenir<\/strong><\/h2><\/div>\n\n<div\n\tclass=\"scroll-my-24 mt-0 mb-4 pt-0 pb-0 w-full\"\n\t>\n\t<p class=\"font-sans [&amp;&gt;a]:underline font-synthesis-none break-words hyphens-auto text-base leading-normal text-start text-white [&amp;&gt;a]:text-blue-700\">\n\tDans un monde en mutation, nous maintenons la continuit\u00e9 et la confiance gr\u00e2ce \u00e0 une fiabilit\u00e9 \u00e9prouv\u00e9e et \u00e0 une expertise approfondie. En combinant l&#8217;artisanat traditionnel et les technologies de pointe, nous r\u00e9pondons aux besoins en constante \u00e9volution de nos clients internationaux. Nous veillons \u00e0 ce que nos m\u00e9thodes de production soient non seulement respectueuses de l&#8217;environnement, mais aussi tourn\u00e9es vers l&#8217;avenir.<\/p><\/div>\n\t<\/div>\n<\/div><\/div>\n\n<div\n\tclass=\"scroll-my-24 wrapper-contained mt-20 max-md:mt-16 max-sm:mt-8 mb-12 pt-0 pb-8 w-full\"\n\t>\n\t<div class=\"grid grid-cols-2 max-sm:grid-cols-1 gap-y-4 gap-x-4\" >\n\t\n<div class=\"flex flex-col col-start-1 max-sm:col-start-1 max-md:col-start-1 col-end-span-1 max-sm:col-end-span-1 max-md:col-end-span-2 row-end-span-1 justify-stretch h-full [&amp;&gt;*:only-child]:h-full items-stretch w-full [&amp;&gt;*:only-child]:w-full pl-0 pr-0 pt-0 pb-0 bg-gradient-to-r overflow-visible\" >\n\t\n<div\n\tclass=\"scroll-my-24 mt-0 mb-4 pt-0 pb-0 w-full\"\n\t>\n\t<h2\tdata-slug=\"\"\n\tclass=\"font-display text-balance font-synthesis-none scroll-m-20 break-words hyphens-auto text-3xl md:text-4xl lg:text-5xl leading-normal text-start text-blue-900 [&amp;&gt;a]:text-blue-700\"\n>\n\t<strong>Calendrier des \u00e9v\u00e9nements importants de l&#8217;histoire du groupe pewag<\/strong><\/h2><\/div>\n\n<div\n\tclass=\"scroll-my-24 mt-0 mb-4 pt-0 pb-0 w-full\"\n\t>\n\t<div class=\"w-full overflow-x-auto whitespace-nowrap\">\n\t<table class=\"table whitespace-normal table-auto min-w-full\">\n\t\t\t\t\t<thead class=\"text-lg text-left\">\n\t\t\t\t<tr class=\"sm:table-row border-b border-gray-200 flex flex-col flex-nowrap\">\n\t\t\t\t\t\t\t\t\t\t\t<th class=\"p-2 [&amp;&gt;a]:underline underline-offset-2 [&amp;&gt;a]:text-blue-700 hover:[&amp;&gt;a]:text-blue-900 [&amp;&gt;a]:transition\">\n\t\t\t\t\t\t\t\t\t\t\t\t\t<\/th>\n\t\t\t\t\t\t\t\t\t<\/tr>\n\t\t\t<\/thead>\n\t\t\n\t\t<tbody class=\"text-md flex-1 sm:flex-none\">\n\t\t\t\n\t\t\t\t<tr class=\"sm:table-row border-b border-gray-200 flex flex-col flex-nowrap\">\n\t\t\t\t\t\t\t\t\t\t\t<td class=\"p-2 [&amp;&gt;a]:underline underline-offset-2 [&amp;&gt;a]:text-blue-700 hover:[&amp;&gt;a]:text-blue-900 [&amp;&gt;a]:transition\">\n\t\t\t\t\t\t\t<strong>1479<\/strong>\t\t\t\t\t\t<\/td>\n\t\t\t\t\t\t\t\t\t\t\t<td class=\"p-2 [&amp;&gt;a]:underline underline-offset-2 [&amp;&gt;a]:text-blue-700 hover:[&amp;&gt;a]:text-blue-900 [&amp;&gt;a]:transition\">\n\t\t\t\t\t\t\tPremi\u00e8res r\u00e9f\u00e9rences document\u00e9es d&#8217;une forge \u00e0 Br\u00fcckl\t\t\t\t\t\t<\/td>\n\t\t\t\t\t\t\t\t\t<\/tr>\n\n\t\t\t\n\t\t\t\t<tr class=\"sm:table-row border-b border-gray-200 flex flex-col flex-nowrap\">\n\t\t\t\t\t\t\t\t\t\t\t<td class=\"p-2 [&amp;&gt;a]:underline underline-offset-2 [&amp;&gt;a]:text-blue-700 hover:[&amp;&gt;a]:text-blue-900 [&amp;&gt;a]:transition\">\n\t\t\t\t\t\t\t<strong>1787<\/strong>\t\t\t\t\t\t<\/td>\n\t\t\t\t\t\t\t\t\t\t\t<td class=\"p-2 [&amp;&gt;a]:underline underline-offset-2 [&amp;&gt;a]:text-blue-700 hover:[&amp;&gt;a]:text-blue-900 [&amp;&gt;a]:transition\">\n\t\t\t\t\t\t\tFondation d&#8217;une cha\u00eenerie \u00e0 Kapfenberg\t\t\t\t\t\t<\/td>\n\t\t\t\t\t\t\t\t\t<\/tr>\n\n\t\t\t\n\t\t\t\t<tr class=\"sm:table-row border-b border-gray-200 flex flex-col flex-nowrap\">\n\t\t\t\t\t\t\t\t\t\t\t<td class=\"p-2 [&amp;&gt;a]:underline underline-offset-2 [&amp;&gt;a]:text-blue-700 hover:[&amp;&gt;a]:text-blue-900 [&amp;&gt;a]:transition\">\n\t\t\t\t\t\t\t<strong>1803<\/strong>\t\t\t\t\t\t<\/td>\n\t\t\t\t\t\t\t\t\t\t\t<td class=\"p-2 [&amp;&gt;a]:underline underline-offset-2 [&amp;&gt;a]:text-blue-700 hover:[&amp;&gt;a]:text-blue-900 [&amp;&gt;a]:transition\">\n\t\t\t\t\t\t\tFondation d&#8217;une cha\u00eenerie \u00e0 Graz\t\t\t\t\t\t<\/td>\n\t\t\t\t\t\t\t\t\t<\/tr>\n\n\t\t\t\n\t\t\t\t<tr class=\"sm:table-row border-b border-gray-200 flex flex-col flex-nowrap\">\n\t\t\t\t\t\t\t\t\t\t\t<td class=\"p-2 [&amp;&gt;a]:underline underline-offset-2 [&amp;&gt;a]:text-blue-700 hover:[&amp;&gt;a]:text-blue-900 [&amp;&gt;a]:transition\">\n\t\t\t\t\t\t\t<strong>1836<\/strong>\t\t\t\t\t\t<\/td>\n\t\t\t\t\t\t\t\t\t\t\t<td class=\"p-2 [&amp;&gt;a]:underline underline-offset-2 [&amp;&gt;a]:text-blue-700 hover:[&amp;&gt;a]:text-blue-900 [&amp;&gt;a]:transition\">\n\t\t\t\t\t\t\tCr\u00e9ation d&#8217;une fonderie \u00e0 Br\u00fcckl\t\t\t\t\t\t<\/td>\n\t\t\t\t\t\t\t\t\t<\/tr>\n\n\t\t\t\n\t\t\t\t<tr class=\"sm:table-row border-b border-gray-200 flex flex-col flex-nowrap\">\n\t\t\t\t\t\t\t\t\t\t\t<td class=\"p-2 [&amp;&gt;a]:underline underline-offset-2 [&amp;&gt;a]:text-blue-700 hover:[&amp;&gt;a]:text-blue-900 [&amp;&gt;a]:transition\">\n\t\t\t\t\t\t\t<strong>1912<\/strong>\t\t\t\t\t\t<\/td>\n\t\t\t\t\t\t\t\t\t\t\t<td class=\"p-2 [&amp;&gt;a]:underline underline-offset-2 [&amp;&gt;a]:text-blue-700 hover:[&amp;&gt;a]:text-blue-900 [&amp;&gt;a]:transition\">\n\t\t\t\t\t\t\tProduction de la premi\u00e8re cha\u00eene \u00e0 neige pewag\t\t\t\t\t\t<\/td>\n\t\t\t\t\t\t\t\t\t<\/tr>\n\n\t\t\t\n\t\t\t\t<tr class=\"sm:table-row border-b border-gray-200 flex flex-col flex-nowrap\">\n\t\t\t\t\t\t\t\t\t\t\t<td class=\"p-2 [&amp;&gt;a]:underline underline-offset-2 [&amp;&gt;a]:text-blue-700 hover:[&amp;&gt;a]:text-blue-900 [&amp;&gt;a]:transition\">\n\t\t\t\t\t\t\t<strong>1923<\/strong>\t\t\t\t\t\t<\/td>\n\t\t\t\t\t\t\t\t\t\t\t<td class=\"p-2 [&amp;&gt;a]:underline underline-offset-2 [&amp;&gt;a]:text-blue-700 hover:[&amp;&gt;a]:text-blue-900 [&amp;&gt;a]:transition\">\n\t\t\t\t\t\t\tFusion des usines de Graz et de Kapfenberg et cr\u00e9ation du nom &#8220;pewag&#8221;\t\t\t\t\t\t<\/td>\n\t\t\t\t\t\t\t\t\t<\/tr>\n\n\t\t\t\n\t\t\t\t<tr class=\"sm:table-row border-b border-gray-200 flex flex-col flex-nowrap\">\n\t\t\t\t\t\t\t\t\t\t\t<td class=\"p-2 [&amp;&gt;a]:underline underline-offset-2 [&amp;&gt;a]:text-blue-700 hover:[&amp;&gt;a]:text-blue-900 [&amp;&gt;a]:transition\">\n\t\t\t\t\t\t\t<strong>1972<\/strong>\t\t\t\t\t\t<\/td>\n\t\t\t\t\t\t\t\t\t\t\t<td class=\"p-2 [&amp;&gt;a]:underline underline-offset-2 [&amp;&gt;a]:text-blue-700 hover:[&amp;&gt;a]:text-blue-900 [&amp;&gt;a]:transition\">\n\t\t\t\t\t\t\tFondation d&#8217;une soci\u00e9t\u00e9 de vente en Allemagne\t\t\t\t\t\t<\/td>\n\t\t\t\t\t\t\t\t\t<\/tr>\n\n\t\t\t\n\t\t\t\t<tr class=\"sm:table-row border-b border-gray-200 flex flex-col flex-nowrap\">\n\t\t\t\t\t\t\t\t\t\t\t<td class=\"p-2 [&amp;&gt;a]:underline underline-offset-2 [&amp;&gt;a]:text-blue-700 hover:[&amp;&gt;a]:text-blue-900 [&amp;&gt;a]:transition\">\n\t\t\t\t\t\t\t<strong>1975<\/strong>\t\t\t\t\t\t<\/td>\n\t\t\t\t\t\t\t\t\t\t\t<td class=\"p-2 [&amp;&gt;a]:underline underline-offset-2 [&amp;&gt;a]:text-blue-700 hover:[&amp;&gt;a]:text-blue-900 [&amp;&gt;a]:transition\">\n\t\t\t\t\t\t\tFondation d&#8217;une soci\u00e9t\u00e9 de vente aux \u00c9tats-Unis\t\t\t\t\t\t<\/td>\n\t\t\t\t\t\t\t\t\t<\/tr>\n\n\t\t\t\n\t\t\t\t<tr class=\"sm:table-row border-b border-gray-200 flex flex-col flex-nowrap\">\n\t\t\t\t\t\t\t\t\t\t\t<td class=\"p-2 [&amp;&gt;a]:underline underline-offset-2 [&amp;&gt;a]:text-blue-700 hover:[&amp;&gt;a]:text-blue-900 [&amp;&gt;a]:transition\">\n\t\t\t\t\t\t\t<strong>1993<\/strong>\t\t\t\t\t\t<\/td>\n\t\t\t\t\t\t\t\t\t\t\t<td class=\"p-2 [&amp;&gt;a]:underline underline-offset-2 [&amp;&gt;a]:text-blue-700 hover:[&amp;&gt;a]:text-blue-900 [&amp;&gt;a]:transition\">\n\t\t\t\t\t\t\tFondation de pewag austria GmbH\t\t\t\t\t\t<\/td>\n\t\t\t\t\t\t\t\t\t<\/tr>\n\n\t\t\t\n\t\t\t\t<tr class=\"sm:table-row border-b border-gray-200 flex flex-col flex-nowrap\">\n\t\t\t\t\t\t\t\t\t\t\t<td class=\"p-2 [&amp;&gt;a]:underline underline-offset-2 [&amp;&gt;a]:text-blue-700 hover:[&amp;&gt;a]:text-blue-900 [&amp;&gt;a]:transition\">\n\t\t\t\t\t\t\t<strong>1994<\/strong>\t\t\t\t\t\t<\/td>\n\t\t\t\t\t\t\t\t\t\t\t<td class=\"p-2 [&amp;&gt;a]:underline underline-offset-2 [&amp;&gt;a]:text-blue-700 hover:[&amp;&gt;a]:text-blue-900 [&amp;&gt;a]:transition\">\n\t\t\t\t\t\t\tFondation de la premi\u00e8re filiale en R\u00e9publique tch\u00e8que\t\t\t\t\t\t<\/td>\n\t\t\t\t\t\t\t\t\t<\/tr>\n\n\t\t\t\n\t\t\t\t<tr class=\"sm:table-row border-b border-gray-200 flex flex-col flex-nowrap\">\n\t\t\t\t\t\t\t\t\t\t\t<td class=\"p-2 [&amp;&gt;a]:underline underline-offset-2 [&amp;&gt;a]:text-blue-700 hover:[&amp;&gt;a]:text-blue-900 [&amp;&gt;a]:transition\">\n\t\t\t\t\t\t\t<strong>1999<\/strong>\t\t\t\t\t\t<\/td>\n\t\t\t\t\t\t\t\t\t\t\t<td class=\"p-2 [&amp;&gt;a]:underline underline-offset-2 [&amp;&gt;a]:text-blue-700 hover:[&amp;&gt;a]:text-blue-900 [&amp;&gt;a]:transition\">\n\t\t\t\t\t\t\tAcquisition du groupe Weissenfels\t\t\t\t\t\t<\/td>\n\t\t\t\t\t\t\t\t\t<\/tr>\n\n\t\t\t\n\t\t\t\t<tr class=\"sm:table-row border-b border-gray-200 flex flex-col flex-nowrap\">\n\t\t\t\t\t\t\t\t\t\t\t<td class=\"p-2 [&amp;&gt;a]:underline underline-offset-2 [&amp;&gt;a]:text-blue-700 hover:[&amp;&gt;a]:text-blue-900 [&amp;&gt;a]:transition\">\n\t\t\t\t\t\t\t<strong>2003<\/strong>\t\t\t\t\t\t<\/td>\n\t\t\t\t\t\t\t\t\t\t\t<td class=\"p-2 [&amp;&gt;a]:underline underline-offset-2 [&amp;&gt;a]:text-blue-700 hover:[&amp;&gt;a]:text-blue-900 [&amp;&gt;a]:transition\">\n\t\t\t\t\t\t\tS\u00e9paration du groupe Weissenfels<br>Incorporation de pewag austria GmbH dans la fondation \u00c4gyd Pengg\t\t\t\t\t\t<\/td>\n\t\t\t\t\t\t\t\t\t<\/tr>\n\n\t\t\t\n\t\t\t\t<tr class=\"sm:table-row border-b border-gray-200 flex flex-col flex-nowrap\">\n\t\t\t\t\t\t\t\t\t\t\t<td class=\"p-2 [&amp;&gt;a]:underline underline-offset-2 [&amp;&gt;a]:text-blue-700 hover:[&amp;&gt;a]:text-blue-900 [&amp;&gt;a]:transition\">\n\t\t\t\t\t\t\t<strong>2005<\/strong>\t\t\t\t\t\t<\/td>\n\t\t\t\t\t\t\t\t\t\t\t<td class=\"p-2 [&amp;&gt;a]:underline underline-offset-2 [&amp;&gt;a]:text-blue-700 hover:[&amp;&gt;a]:text-blue-900 [&amp;&gt;a]:transition\">\n\t\t\t\t\t\t\tS\u00e9paration en 2 groupes :<br>Schneeketten Beteiligungs AG Groupe &#8211; Cha\u00eenes \u00e0 neige<br>Groupe pewag austria GmbH &#8211; Cha\u00eenes techniques\t\t\t\t\t\t<\/td>\n\t\t\t\t\t\t\t\t\t<\/tr>\n\n\t\t\t\n\t\t\t\t<tr class=\"sm:table-row border-b border-gray-200 flex flex-col flex-nowrap\">\n\t\t\t\t\t\t\t\t\t\t\t<td class=\"p-2 [&amp;&gt;a]:underline underline-offset-2 [&amp;&gt;a]:text-blue-700 hover:[&amp;&gt;a]:text-blue-900 [&amp;&gt;a]:transition\">\n\t\t\t\t\t\t\t<strong>2009<\/strong>\t\t\t\t\t\t<\/td>\n\t\t\t\t\t\t\t\t\t\t\t<td class=\"p-2 [&amp;&gt;a]:underline underline-offset-2 [&amp;&gt;a]:text-blue-700 hover:[&amp;&gt;a]:text-blue-900 [&amp;&gt;a]:transition\">\n\t\t\t\t\t\t\tAcquisition de Chaineries Limousines S.A.S.\t\t\t\t\t\t<\/td>\n\t\t\t\t\t\t\t\t\t<\/tr>\n\n\t\t\t\n\t\t\t\t<tr class=\"sm:table-row border-b border-gray-200 flex flex-col flex-nowrap\">\n\t\t\t\t\t\t\t\t\t\t\t<td class=\"p-2 [&amp;&gt;a]:underline underline-offset-2 [&amp;&gt;a]:text-blue-700 hover:[&amp;&gt;a]:text-blue-900 [&amp;&gt;a]:transition\">\n\t\t\t\t\t\t\t<strong>2012<\/strong>\t\t\t\t\t\t<\/td>\n\t\t\t\t\t\t\t\t\t\t\t<td class=\"p-2 [&amp;&gt;a]:underline underline-offset-2 [&amp;&gt;a]:text-blue-700 hover:[&amp;&gt;a]:text-blue-900 [&amp;&gt;a]:transition\">\n\t\t\t\t\t\t\tFondation de la premi\u00e8re entreprise de fabrication aux \u00c9tats-Unis\t\t\t\t\t\t<\/td>\n\t\t\t\t\t\t\t\t\t<\/tr>\n\n\t\t\t\n\t\t\t\t<tr class=\"sm:table-row border-b border-gray-200 flex flex-col flex-nowrap\">\n\t\t\t\t\t\t\t\t\t\t\t<td class=\"p-2 [&amp;&gt;a]:underline underline-offset-2 [&amp;&gt;a]:text-blue-700 hover:[&amp;&gt;a]:text-blue-900 [&amp;&gt;a]:transition\">\n\t\t\t\t\t\t\t<strong>2013<\/strong>\t\t\t\t\t\t<\/td>\n\t\t\t\t\t\t\t\t\t\t\t<td class=\"p-2 [&amp;&gt;a]:underline underline-offset-2 [&amp;&gt;a]:text-blue-700 hover:[&amp;&gt;a]:text-blue-900 [&amp;&gt;a]:transition\">\n\t\t\t\t\t\t\tFondation de plusieurs soci\u00e9t\u00e9s de vente internationales\t\t\t\t\t\t<\/td>\n\t\t\t\t\t\t\t\t\t<\/tr>\n\n\t\t\t\t\t<\/tbody>\n\t<\/table>\n<\/div><\/div>\n<\/div>\n\n<div class=\"flex flex-col col-start-2 max-sm:col-start-1 max-md:col-start-1 col-end-span-1 max-sm:col-end-span-1 max-md:col-end-span-2 row-end-span-1 max-sm:hidden justify-stretch h-full [&amp;&gt;*:only-child]:h-full items-stretch w-full [&amp;&gt;*:only-child]:w-full pl-0 pr-0 pt-0 pb-0 bg-gradient-to-r overflow-visible\" >\n\t\n<div\n\tclass=\"scroll-my-24 mt-0 mb-4 pt-0 pb-0 w-full\"\n\t>\n\t<picture\n\t>\n\t\t\t\t\t\t\t\n\t<img\n\t\tsrc=\"https:\/\/www.pewag.com\/wp-content\/uploads\/2024\/09\/csm_Kettenlager-ca.-1959_ef7623c67f.jpg\"\n\t\talt=\"\"\n\t\tclass=\"object-cover size-full object-center\"\n\t\/>\n<\/picture><\/div>\n<\/div>\n<\/div><\/div>\n\n<div\n\tclass=\"scroll-my-24 wrapper-full !grid mt-20 max-md:mt-16 max-sm:mt-8 mb-0 max-sm:mb-8 pt-0 pb-0 w-full\"\n\t>\n\t<div\n\tclass=\"relative md:min-h-96 md:mt-10 lg:mt-14 js-block-main-content-teaser\"\n\tdata-animation=1>\n\t<picture\n\t\t\tclass=\"hidden md:block absolute inset-0 overflow-hidden\"\n\t>\n\t\t\t\t\t\t\t\n\t<img\n\t\tsrc=\"https:\/\/www.pewag.com\/wp-content\/uploads\/2024\/11\/PEWAG-Werk-Bruckl-2016-05-10_226.jpg\"\n\t\talt=\"\"\n\t\tclass=\"object-cover object-center object-center size-full h-screen bottom-0 absolute opacity-0 transition-opacity duration-1000 ease-out js-block-main-content-teaser-image\"\n\t\/>\n<\/picture>\n\t<div class=\"layout-base\">\n\t\t<a class=\"w-full md:max-w-lg mx-0 md:mx-16 lg:mx-24 group z-20 md:justify-self-start !translate-y-40 transition-transform duration-1000 ease-out md:-translate-y-14 js-block-main-content-teaser-card\" href=\"https:\/\/www.pewag.com\/fr\/news\/linnovation-chez-pewag\/\"\t\t>\n\t\t\t<picture\n\t\t\tclass=\"w-full !block bg-gray-100 overflow-hidden\"\n\t>\n\t\t\t\t\t\t\t\n\t<img\n\t\tsrc=\"https:\/\/www.pewag.com\/wp-content\/uploads\/2024\/11\/Clip0140.00_05_53_20.Standbild002_bearb2.jpg\"\n\t\talt=\"\"\n\t\tclass=\"object-cover aspect-video object-center w-full aspect-16\/9 md:aspect-29\/11 group-hover:scale-110 transition-transform duration-300\"\n\t\/>\n<\/picture>\t\t\t<div class=\"p-4 md:p-7 lg:p-10 bg-white\">\n\t\t\t\t<svg xmlns='http:\/\/www.w3.org\/2000\/svg' width='40' height='11' viewBox='0 0 40 11' fill='none'><path d='M5.097 10.249c2.815 0 5.097-2.294 5.097-5.125C10.194 2.294 7.912 0 5.097 0 2.282 0 0 2.294 0 5.124c0 2.83 2.282 5.125 5.097 5.125Zm14.846 0c2.814 0 5.096-2.294 5.096-5.125C25.04 2.294 22.757 0 19.943 0c-2.815 0-5.097 2.294-5.097 5.124 0 2.83 2.282 5.125 5.097 5.125Zm14.961 0c2.814 0 5.096-2.294 5.096-5.125C40 2.294 37.718 0 34.904 0c-2.815 0-5.097 2.294-5.097 5.124 0 2.83 2.282 5.125 5.097 5.125Z' fill='#E4032E'\/><\/svg>\n<h2\tdata-slug=\"linnovation-chez-pewag\"\n\tclass=\"font-display text-balance font-synthesis-none scroll-m-20 break-words hyphens-auto text-3xl md:text-4xl lg:text-5xl leading-normal mt-2\"\n>\n\tL&#8217;innovation chez pewag<\/h2><p class=\"font-sans [&amp;&gt;a]:underline font-synthesis-none break-words hyphens-auto text-xl md:text-2xl leading-normal mt-2\">\n\tD\u00e9couvrez comment la r\u00e9flexion progressiste alimente l&#8217;innovation.<\/p><button\tclass=\"font-sans transition duration-300 flex w-fit items-center focus-visible:ring focus:outline-none text-lg disabled:cursor-default [&amp;&gt;svg]:flex-none max-w-full leading-tight cursor-pointer [&amp;&gt;svg]:size-6 gap-3 text-left text-blue-900 hover:text-blue-700 button mt-4 [&amp;&gt;svg]:size-5\">\n\t\t\t<span class=\"min-w-0 break-words hyphens-auto\">En savoir plus<\/span>\n\t\n\t<svg xmlns='http:\/\/www.w3.org\/2000\/svg' width='24' height='24' viewBox='0 0 24 24' fill='none'><circle cx='12' cy='12' r='12' fill='#E20031'\/><path fill-rule='evenodd' clip-rule='evenodd' d='m13.757 6.697 4.773 4.773a.75.75 0 0 1 0 1.06l-4.773 4.774a.75.75 0 0 1-1.06-1.061l3.492-3.493H5.25v-1.5h10.94l-3.493-3.492a.75.75 0 1 1 1.06-1.061Z' fill='#fff'\/><\/svg><\/button>\t\t\t<\/div>\n\t\t<\/a>\n\t<\/div>\n\t<\/div><\/div>","protected":false},"excerpt":{"rendered":"","protected":false},"author":16,"featured_media":0,"parent":9751,"menu_order":0,"comment_status":"closed","ping_status":"closed","template":"","meta":{"pewag_navigation_theme_dark_use":true,"footnotes":""},"content-types":[24],"class_list":["post-10684","page","type-page","status-publish","hentry","content-type-about-pewag"],"yoast_head":"<!-- This site is optimized with the Yoast SEO plugin v27.2 - https:\/\/yoast.com\/product\/yoast-seo-wordpress\/ -->\n<title>Tradition et innovation - pewag<\/title>\n<meta name=\"robots\" content=\"index, follow, max-snippet:-1, max-image-preview:large, max-video-preview:-1\" \/>\n<link rel=\"canonical\" href=\"https:\/\/www.pewag.com\/fr\/a-propos-de-nous\/tradition-et-innovation\/\" \/>\n<meta property=\"og:locale\" content=\"fr_FR\" \/>\n<meta property=\"og:type\" content=\"article\" \/>\n<meta property=\"og:title\" content=\"Tradition et innovation - pewag\" \/>\n<meta property=\"og:url\" content=\"https:\/\/www.pewag.com\/fr\/a-propos-de-nous\/tradition-et-innovation\/\" \/>\n<meta property=\"og:site_name\" content=\"pewag\" \/>\n<meta property=\"article:modified_time\" content=\"2025-01-30T12:42:57+00:00\" \/>\n<meta name=\"twitter:card\" content=\"summary_large_image\" \/>\n<meta name=\"twitter:label1\" content=\"Est. reading time\" \/>\n\t<meta name=\"twitter:data1\" content=\"4 minutes\" \/>\n<script type=\"application\/ld+json\" class=\"yoast-schema-graph\">{\"@context\":\"https:\/\/schema.org\",\"@graph\":[{\"@type\":\"WebPage\",\"@id\":\"https:\/\/www.pewag.com\/fr\/a-propos-de-nous\/tradition-et-innovation\/\",\"url\":\"https:\/\/www.pewag.com\/fr\/a-propos-de-nous\/tradition-et-innovation\/\",\"name\":\"Tradition et innovation - pewag\",\"isPartOf\":{\"@id\":\"https:\/\/www.pewag.com\/#website\"},\"datePublished\":\"2024-09-18T09:15:31+00:00\",\"dateModified\":\"2025-01-30T12:42:57+00:00\",\"breadcrumb\":{\"@id\":\"https:\/\/www.pewag.com\/fr\/a-propos-de-nous\/tradition-et-innovation\/#breadcrumb\"},\"inLanguage\":\"fr-FR\",\"potentialAction\":[{\"@type\":\"ReadAction\",\"target\":[\"https:\/\/www.pewag.com\/fr\/a-propos-de-nous\/tradition-et-innovation\/\"]}]},{\"@type\":\"BreadcrumbList\",\"@id\":\"https:\/\/www.pewag.com\/fr\/a-propos-de-nous\/tradition-et-innovation\/#breadcrumb\",\"itemListElement\":[{\"@type\":\"ListItem\",\"position\":1,\"name\":\"Home\",\"item\":\"https:\/\/www.pewag.com\/fr\/\"},{\"@type\":\"ListItem\",\"position\":2,\"name\":\"A propos de nous\",\"item\":\"https:\/\/www.pewag.com\/fr\/a-propos-de-nous\/\"},{\"@type\":\"ListItem\",\"position\":3,\"name\":\"Tradition et innovation\"}]},{\"@type\":\"WebSite\",\"@id\":\"https:\/\/www.pewag.com\/#website\",\"url\":\"https:\/\/www.pewag.com\/\",\"name\":\"pewag\",\"description\":\"\",\"potentialAction\":[{\"@type\":\"SearchAction\",\"target\":{\"@type\":\"EntryPoint\",\"urlTemplate\":\"https:\/\/www.pewag.com\/?s={search_term_string}\"},\"query-input\":{\"@type\":\"PropertyValueSpecification\",\"valueRequired\":true,\"valueName\":\"search_term_string\"}}],\"inLanguage\":\"fr-FR\"}]}<\/script>\n<!-- \/ Yoast SEO plugin. -->","yoast_head_json":{"title":"Tradition et innovation - pewag","robots":{"index":"index","follow":"follow","max-snippet":"max-snippet:-1","max-image-preview":"max-image-preview:large","max-video-preview":"max-video-preview:-1"},"canonical":"https:\/\/www.pewag.com\/fr\/a-propos-de-nous\/tradition-et-innovation\/","og_locale":"fr_FR","og_type":"article","og_title":"Tradition et innovation - pewag","og_url":"https:\/\/www.pewag.com\/fr\/a-propos-de-nous\/tradition-et-innovation\/","og_site_name":"pewag","article_modified_time":"2025-01-30T12:42:57+00:00","twitter_card":"summary_large_image","twitter_misc":{"Est. reading time":"4 minutes"},"schema":{"@context":"https:\/\/schema.org","@graph":[{"@type":"WebPage","@id":"https:\/\/www.pewag.com\/fr\/a-propos-de-nous\/tradition-et-innovation\/","url":"https:\/\/www.pewag.com\/fr\/a-propos-de-nous\/tradition-et-innovation\/","name":"Tradition et innovation - pewag","isPartOf":{"@id":"https:\/\/www.pewag.com\/#website"},"datePublished":"2024-09-18T09:15:31+00:00","dateModified":"2025-01-30T12:42:57+00:00","breadcrumb":{"@id":"https:\/\/www.pewag.com\/fr\/a-propos-de-nous\/tradition-et-innovation\/#breadcrumb"},"inLanguage":"fr-FR","potentialAction":[{"@type":"ReadAction","target":["https:\/\/www.pewag.com\/fr\/a-propos-de-nous\/tradition-et-innovation\/"]}]},{"@type":"BreadcrumbList","@id":"https:\/\/www.pewag.com\/fr\/a-propos-de-nous\/tradition-et-innovation\/#breadcrumb","itemListElement":[{"@type":"ListItem","position":1,"name":"Home","item":"https:\/\/www.pewag.com\/fr\/"},{"@type":"ListItem","position":2,"name":"A propos de nous","item":"https:\/\/www.pewag.com\/fr\/a-propos-de-nous\/"},{"@type":"ListItem","position":3,"name":"Tradition et innovation"}]},{"@type":"WebSite","@id":"https:\/\/www.pewag.com\/#website","url":"https:\/\/www.pewag.com\/","name":"pewag","description":"","potentialAction":[{"@type":"SearchAction","target":{"@type":"EntryPoint","urlTemplate":"https:\/\/www.pewag.com\/?s={search_term_string}"},"query-input":{"@type":"PropertyValueSpecification","valueRequired":true,"valueName":"search_term_string"}}],"inLanguage":"fr-FR"}]}},"_links":{"self":[{"href":"https:\/\/www.pewag.com\/fr\/wp-json\/wp\/v2\/pages\/10684","targetHints":{"allow":["GET"]}}],"collection":[{"href":"https:\/\/www.pewag.com\/fr\/wp-json\/wp\/v2\/pages"}],"about":[{"href":"https:\/\/www.pewag.com\/fr\/wp-json\/wp\/v2\/types\/page"}],"author":[{"embeddable":true,"href":"https:\/\/www.pewag.com\/fr\/wp-json\/wp\/v2\/users\/16"}],"replies":[{"embeddable":true,"href":"https:\/\/www.pewag.com\/fr\/wp-json\/wp\/v2\/comments?post=10684"}],"version-history":[{"count":3,"href":"https:\/\/www.pewag.com\/fr\/wp-json\/wp\/v2\/pages\/10684\/revisions"}],"predecessor-version":[{"id":16069,"href":"https:\/\/www.pewag.com\/fr\/wp-json\/wp\/v2\/pages\/10684\/revisions\/16069"}],"up":[{"embeddable":true,"href":"https:\/\/www.pewag.com\/fr\/wp-json\/wp\/v2\/pages\/9751"}],"wp:attachment":[{"href":"https:\/\/www.pewag.com\/fr\/wp-json\/wp\/v2\/media?parent=10684"}],"wp:term":[{"taxonomy":"content-type","embeddable":true,"href":"https:\/\/www.pewag.com\/fr\/wp-json\/wp\/v2\/content-types?post=10684"}],"curies":[{"name":"wp","href":"https:\/\/api.w.org\/{rel}","templated":true}]}}