{"id":17530,"date":"2025-02-07T12:04:06","date_gmt":"2025-02-07T11:04:06","guid":{"rendered":"https:\/\/www.pewag.com\/?page_id=17530"},"modified":"2025-10-03T12:08:45","modified_gmt":"2025-10-03T10:08:45","slug":"katalogit","status":"publish","type":"page","link":"https:\/\/www.pewag.com\/fi\/katalogit\/","title":{"rendered":"Katalogit"},"content":{"rendered":"<div\n\tclass=\"scroll-my-24 bg-blue-900 wrapper-full mt-0 mb-0 pt-20 pb-0 w-full\"\n\t>\n\t<div class=\"grid md:grid-rows-1 md:grid-cols-[minmax(min-content,1fr)_1fr_1fr]\">\n\t<div class=\"px-4 md:px-10 pb-12 md:pb-24 grid md:flex md:flex-col grid-rows-1 grid-cols-4 order-2 md:order-none justify-end items-start\">\n\t\t<div class='text-md\/5 flex items-baseline gap-1.5 [&amp;&gt;*:nth-child(n+3)]:truncate text-gray-300 mb-4 md:mb-auto md:mt-4 col-span-4'><a href='https:\/\/www.pewag.com\/fi\/' aria-label='Home link'>\n\t\t\t<svg xmlns='http:\/\/www.w3.org\/2000\/svg' width='12' height='12' viewBox='0 0 12 12' fill='none'><path d='M2 10.667h2v-4h4v4h2v-6l-4-3-4 3v6ZM.667 12V4L6 0l5.333 4v8H6.667V8H5.333v4H.667Z' fill='currentColor'\/><\/svg> <span><a href=\" https:\/\/www.pewag.com\/fi\/ \">Home<\/a><\/span>\n\t\t<\/a><\/div><p class=\"font-sans [&amp;&gt;a]:underline font-synthesis-none break-words hyphens-auto text-3xl md:text-4xl lg:text-5xl leading-normal md:mb-2 col-start-1 col-span-3 text-blue-500\">\n\tKATALOGIT<\/p><h2\tdata-slug=\"xn-oikean-tiedotusmateriaalin-lytminen-z7c77d\"\n\tclass=\"font-display text-balance font-synthesis-none scroll-m-20 break-words hyphens-auto text-7xl md:text-8xl leading-[1.125] col-start-1 col-span-3 text-white\"\n>\n\tOikean tiedotusmateriaalin l\u00f6yt\u00e4minen<\/h2><a\thref=\"https:\/\/www.pewag.com\/fi\/katalogit\/#start\"class=\"font-sans transition duration-300 flex w-fit items-center focus-visible:ring focus:outline-none text-lg disabled:cursor-default [&amp;&gt;svg]:flex-none max-w-full px-6 border [&amp;&gt;svg]:size-5 gap-2 py-2 rounded-full text-white [&amp;&gt;svg]:text-red-700 border-white border-opacity-50 hover:text-blue-100 hover:border-opacity-100 disabled:text-gray-300 disabled:border-gray-300 disabled:border focus-visible:ring-blue-500\/30 button mt-6 col-start-1 col-span-3 justify-self-start\">\n\t\t\t<span class=\"min-w-0 break-words hyphens-auto\">Tutustu<\/span>\n\t\n\t<svg width='24' height='24' viewBox='0 0 24 24' fill='none' xmlns='http:\/\/www.w3.org\/2000\/svg'><path d='M5 14.283 12 21l7-6.717' stroke='currentColor' stroke-width='2' stroke-linecap='round' stroke-linejoin='round' fill='none'\/><path stroke='currentColor' stroke-width='2' stroke-linecap='round' d='M12.032 19.733V4' fill='none'\/><\/svg><\/a>\t<\/div>\n\t<picture\n\t\t\tclass=\"md:col-start-2 md:col-span-2 mb-5 md:mb-0\"\n\t>\n\t\t\t\t\t\t\t\n\t<img\n\t\tsrc=\"https:\/\/www.pewag.com\/wp-content\/uploads\/2024\/09\/A4_Borchure_Wind-BG-scaled.jpg\"\n\t\talt=\"\"\n\t\tclass=\"object-cover object-right !aspect-3\/2 md:h-full lg:h-[55vh] lg:w-full object-cover\"\n\t\/>\n<\/picture><\/div><\/div>\n\n<div\n\tclass=\"scroll-my-24 wrapper-contained mt-20 mb-20 pt-8 pb-8 w-full\"\n\t>\n\t<div\n\tclass=\"scroll-my-24 mt-0 mb-4 pt-0 pb-0 w-full\"\n\t\t\tid=\"start\"\n\t>\n\t<h2\tdata-slug=\"xn-mink-segmentin-luetteloa-etsit-tvc\"\n\tclass=\"font-display text-balance font-synthesis-none scroll-m-20 break-words hyphens-auto text-6xl md:text-7xl leading-tight text-start text-blue-900 [&amp;&gt;a]:text-blue-700\"\n>\n\tMink\u00e4 segmentin luetteloa etsit?<\/h2><\/div>\n\n<div\n\tclass=\"scroll-my-24 mt-0 mb-0 pt-0 pb-0 w-full\"\n\t>\n\t<div class=\"flex flex-wrap items-center justify-between gap-y-8\" >\n\t\n\t<div class=\"w-full flex flex-row flex-wrap gap-2\">\n\t\t<a\thref=\"https:\/\/www.pewag.com\/fi\/katalogit\/#lumiketjut\"class=\"font-sans transition duration-300 flex w-fit items-center focus-visible:ring focus:outline-none text-lg disabled:cursor-default [&amp;&gt;svg]:flex-none max-w-full px-6 border [&amp;&gt;svg]:size-5 gap-2 py-2 rounded-full text-blue-800 border-gray-200 hover:text-blue-900 hover:border-gray-300 disabled:text-gray-300 disabled:border-gray-300 disabled:border focus-visible:ring-blue-500\/30 button\">\n\t\t\t<span class=\"min-w-0 break-words hyphens-auto\">Lumiketjut<\/span>\n\t\n\t<\/a><a\thref=\"https:\/\/www.pewag.com\/fi\/katalogit\/#mets\u00e4talouden-tekniikka\"class=\"font-sans transition duration-300 flex w-fit items-center focus-visible:ring focus:outline-none text-lg disabled:cursor-default [&amp;&gt;svg]:flex-none max-w-full px-6 border [&amp;&gt;svg]:size-5 gap-2 py-2 rounded-full text-blue-800 border-gray-200 hover:text-blue-900 hover:border-gray-300 disabled:text-gray-300 disabled:border-gray-300 disabled:border focus-visible:ring-blue-500\/30 button\">\n\t\t\t<span class=\"min-w-0 break-words hyphens-auto\">Mets\u00e4talouden tekniikka<\/span>\n\t\n\t<\/a><a\thref=\"https:\/\/www.pewag.com\/fi\/katalogit\/#nostoratkaisut\"class=\"font-sans transition duration-300 flex w-fit items-center focus-visible:ring focus:outline-none text-lg disabled:cursor-default [&amp;&gt;svg]:flex-none max-w-full px-6 border [&amp;&gt;svg]:size-5 gap-2 py-2 rounded-full text-blue-800 border-gray-200 hover:text-blue-900 hover:border-gray-300 disabled:text-gray-300 disabled:border-gray-300 disabled:border focus-visible:ring-blue-500\/30 button\">\n\t\t\t<span class=\"min-w-0 break-words hyphens-auto\">Nostoratkaisut<\/span>\n\t\n\t<\/a><a\thref=\"https:\/\/www.pewag.com\/fi\/katalogit\/#tekniset-ratkaisut\"class=\"font-sans transition duration-300 flex w-fit items-center focus-visible:ring focus:outline-none text-lg disabled:cursor-default [&amp;&gt;svg]:flex-none max-w-full px-6 border [&amp;&gt;svg]:size-5 gap-2 py-2 rounded-full text-blue-800 border-gray-200 hover:text-blue-900 hover:border-gray-300 disabled:text-gray-300 disabled:border-gray-300 disabled:border focus-visible:ring-blue-500\/30 button\">\n\t\t\t<span class=\"min-w-0 break-words hyphens-auto\">Tekniset ratkaisut<\/span>\n\t\n\t<\/a>\t<\/div>\n<\/div><\/div><\/div>\n\n<div\n\tclass=\"scroll-my-24 wrapper-contained mt-4 mb-12 pt-0 pb-0 w-full\"\n\t\t\tid=\"lumiketjut\"\n\t>\n\t<div\n\tclass=\"scroll-my-24 mt-0 mb-4 pt-0 pb-0 w-full\"\n\t>\n\t<h4\tdata-slug=\"lumiketjut\"\n\tclass=\"font-display text-balance font-synthesis-none scroll-m-20 break-words hyphens-auto text-3xl md:text-4xl lg:text-5xl leading-normal text-start text-blue-900 [&amp;&gt;a]:text-blue-700\"\n>\n\tLumiketjut<\/h4><\/div>\n\n<div\n\tclass=\"scroll-my-24 mt-0 mb-4 pt-0 pb-0 w-full\"\n\t>\n\t<div\n\tclass=\"js-block-accordion border-b border-b-gray-100\"\n\t>\n\t\n<button\n\tid=\"es-98-header\"\n\taria-expanded=\"false\"\n\taria-controls=\"es-98-panel\"\n\tclass=\"flex items-center justify-start gap-4 text-left group px-2 py-4 w-full border-t border-t-gray-100 font-bold focus:outline-none focus-visible:ring focus-visible:ring-blue-500\/30 transition [&amp;&gt;svg]:size-4 [&amp;&gt;svg]:transition-transform [&amp;[aria-expanded=true]&gt;svg]:rotate-180 text-lg\"\n\tdata-accordion-header\n>\n\tHuomioitavaa lumiketjujen k\u00e4yt\u00f6st\u00e4<svg xmlns='http:\/\/www.w3.org\/2000\/svg' width='12' height='7' viewBox='0 0 12 7' fill='none'><path d='M1 1c1.575 1.371 4.725 4.5 4.725 4.5S8.875 2.629 10.45 1' stroke='#E20031' stroke-width='2' fill='none'\/><\/svg><\/button>\n<section\n\tid=\"es-98-panel\"\n\taria-labelledby=\"es-98-header\"\n\tclass=\"pl-2 pr-8 pb-4 animate-in fade-in duration-500 fill-mode-forwards\"\n\thidden\n>\n\t\n<div\n\tclass=\"scroll-my-24 mt-0 mb-4 pt-0 pb-0 w-full\"\n\t>\n\t<div style=\"position:relative;padding-top:max(60%,326px);height:0;width:100%\"><iframe allow=\"clipboard-write\" allowfullscreen=\"true\" style=\"position:absolute;border:none;width:100%;height:100%;left:0;right:0;top:0;bottom:0\" src=\"https:\/\/e.issuu.com\/embed.html?d=wh00040_warnhinweise_pewag_2024_high_quality&amp;u=pewag\"><\/iframe><\/div><\/div>\n<\/section>\n<\/div><\/div><\/div>\n\n<div\n\tclass=\"scroll-my-24 wrapper-contained mt-0 mb-4 pt-0 pb-0 w-full\"\n\t>\n\t<hr class=\"w-full border-gray-700\"><\/div>\n\n<div\n\tclass=\"scroll-my-24 wrapper-contained mt-12 mb-12 pt-0 pb-0 w-full\"\n\t\t\tid=\"mets\u00e4talouden-tekniikka\"\n\t>\n\t<div\n\tclass=\"scroll-my-24 mt-0 mb-4 pt-0 pb-0 w-full\"\n\t>\n\t<h4\tdata-slug=\"xn-metstalouden-tekniikka-34b\"\n\tclass=\"font-display text-balance font-synthesis-none scroll-m-20 break-words hyphens-auto text-3xl md:text-4xl lg:text-5xl leading-normal text-start text-blue-900 [&amp;&gt;a]:text-blue-700\"\n>\n\tMets\u00e4talouden tekniikka<\/h4><\/div>\n\n<div\n\tclass=\"scroll-my-24 mt-0 mb-4 pt-0 pb-0 w-full\"\n\t>\n\t<div\n\tclass=\"js-block-accordion border-b border-b-gray-100\"\n\t>\n\t\n<button\n\tid=\"es-99-header\"\n\taria-expanded=\"false\"\n\taria-controls=\"es-99-panel\"\n\tclass=\"flex items-center justify-start gap-4 text-left group px-2 py-4 w-full border-t border-t-gray-100 font-bold focus:outline-none focus-visible:ring focus-visible:ring-blue-500\/30 transition [&amp;&gt;svg]:size-4 [&amp;&gt;svg]:transition-transform [&amp;[aria-expanded=true]&gt;svg]:rotate-180 text-lg\"\n\tdata-accordion-header\n>\n\tMets\u00e4koneiden telat ja liukuesteketjut<svg xmlns='http:\/\/www.w3.org\/2000\/svg' width='12' height='7' viewBox='0 0 12 7' fill='none'><path d='M1 1c1.575 1.371 4.725 4.5 4.725 4.5S8.875 2.629 10.45 1' stroke='#E20031' stroke-width='2' fill='none'\/><\/svg><\/button>\n<section\n\tid=\"es-99-panel\"\n\taria-labelledby=\"es-99-header\"\n\tclass=\"pl-2 pr-8 pb-4 animate-in fade-in duration-500 fill-mode-forwards\"\n\thidden\n>\n\t\n<div\n\tclass=\"scroll-my-24 mt-0 mb-4 pt-0 pb-0 w-full\"\n\t>\n\t<div style=\"position:relative;padding-top:max(60%,326px);height:0;width:100%\"><iframe allow=\"clipboard-write\" allowfullscreen=\"true\" style=\"position:absolute;border:none;width:100%;height:100%;left:0;right:0;top:0;bottom:0\" src=\"https:\/\/e.issuu.com\/embed.html?d=sk_katalog_pewag_forstb_nder-_und_ketten_fi_2020_s&amp;u=pewag\"><\/iframe><\/div><\/div>\n<\/section>\n\n<button\n\tid=\"es-100-header\"\n\taria-expanded=\"false\"\n\taria-controls=\"es-100-panel\"\n\tclass=\"flex items-center justify-start gap-4 text-left group px-2 py-4 w-full border-t border-t-gray-100 font-bold focus:outline-none focus-visible:ring focus-visible:ring-blue-500\/30 transition [&amp;&gt;svg]:size-4 [&amp;&gt;svg]:transition-transform [&amp;[aria-expanded=true]&gt;svg]:rotate-180 text-lg\"\n\tdata-accordion-header\n>\n\tHitsausohje pewag tracksille<svg xmlns='http:\/\/www.w3.org\/2000\/svg' width='12' height='7' viewBox='0 0 12 7' fill='none'><path d='M1 1c1.575 1.371 4.725 4.5 4.725 4.5S8.875 2.629 10.45 1' stroke='#E20031' stroke-width='2' fill='none'\/><\/svg><\/button>\n<section\n\tid=\"es-100-panel\"\n\taria-labelledby=\"es-100-header\"\n\tclass=\"pl-2 pr-8 pb-4 animate-in fade-in duration-500 fill-mode-forwards\"\n\thidden\n>\n\t\n<div\n\tclass=\"scroll-my-24 mt-0 mb-4 pt-0 pb-0 w-full\"\n\t>\n\t<div style=\"position:relative;padding-top:max(60%,326px);height:0;width:100%\"><iframe allow=\"clipboard-write\" allowfullscreen=\"true\" style=\"position:absolute;border:none;width:100%;height:100%;left:0;right:0;top:0;bottom:0\" src=\"https:\/\/e.issuu.com\/embed.html?d=schwei_anleitung_pewag_tracks&amp;u=pewag\"><\/iframe><\/div><\/div>\n<\/section>\n\n<button\n\tid=\"es-101-header\"\n\taria-expanded=\"false\"\n\taria-controls=\"es-101-panel\"\n\tclass=\"flex items-center justify-start gap-4 text-left group px-2 py-4 w-full border-t border-t-gray-100 font-bold focus:outline-none focus-visible:ring focus-visible:ring-blue-500\/30 transition [&amp;&gt;svg]:size-4 [&amp;&gt;svg]:transition-transform [&amp;[aria-expanded=true]&gt;svg]:rotate-180 text-lg\"\n\tdata-accordion-header\n>\n\tAsennusohje pewag clamptrax<svg xmlns='http:\/\/www.w3.org\/2000\/svg' width='12' height='7' viewBox='0 0 12 7' fill='none'><path d='M1 1c1.575 1.371 4.725 4.5 4.725 4.5S8.875 2.629 10.45 1' stroke='#E20031' stroke-width='2' fill='none'\/><\/svg><\/button>\n<section\n\tid=\"es-101-panel\"\n\taria-labelledby=\"es-101-header\"\n\tclass=\"pl-2 pr-8 pb-4 animate-in fade-in duration-500 fill-mode-forwards\"\n\thidden\n>\n\t\n<div\n\tclass=\"scroll-my-24 mt-0 mb-4 pt-0 pb-0 w-full\"\n\t>\n\t<div style=\"position:relative;padding-top:max(60%,326px);height:0;width:100%\"><iframe allow=\"clipboard-write\" allowfullscreen=\"true\" style=\"position:absolute;border:none;width:100%;height:100%;left:0;right:0;top:0;bottom:0\" src=\"https:\/\/e.issuu.com\/embed.html?d=pewag_clamptrax_mounting_instruction&amp;u=pewag\"><\/iframe><\/div><\/div>\n<\/section>\n<\/div><\/div><\/div>\n\n<div\n\tclass=\"scroll-my-24 wrapper-contained mt-0 mb-4 pt-0 pb-0 w-full\"\n\t>\n\t<hr class=\"w-full border-gray-700\"><\/div>\n\n<div\n\tclass=\"scroll-my-24 wrapper-contained mt-12 mb-12 pt-0 pb-0 w-full\"\n\t\t\tid=\"nostoratkaisut\"\n\t>\n\t<div\n\tclass=\"scroll-my-24 mt-0 mb-4 pt-0 pb-0 w-full\"\n\t>\n\t<h4\tdata-slug=\"nostoratkaisut\"\n\tclass=\"font-display text-balance font-synthesis-none scroll-m-20 break-words hyphens-auto text-3xl md:text-4xl lg:text-5xl leading-normal text-start text-blue-900 [&amp;&gt;a]:text-blue-700\"\n>\n\tNostoratkaisut<\/h4><\/div>\n\n<div\n\tclass=\"scroll-my-24 mt-0 mb-4 pt-0 pb-0 w-full\"\n\t>\n\t<div\n\tclass=\"js-block-accordion border-b border-b-gray-100\"\n\t>\n\t\n<button\n\tid=\"es-102-header\"\n\taria-expanded=\"false\"\n\taria-controls=\"es-102-panel\"\n\tclass=\"flex items-center justify-start gap-4 text-left group px-2 py-4 w-full border-t border-t-gray-100 font-bold focus:outline-none focus-visible:ring focus-visible:ring-blue-500\/30 transition [&amp;&gt;svg]:size-4 [&amp;&gt;svg]:transition-transform [&amp;[aria-expanded=true]&gt;svg]:rotate-180 text-lg\"\n\tdata-accordion-header\n>\n\tpewag winner profilift lifting points<svg xmlns='http:\/\/www.w3.org\/2000\/svg' width='12' height='7' viewBox='0 0 12 7' fill='none'><path d='M1 1c1.575 1.371 4.725 4.5 4.725 4.5S8.875 2.629 10.45 1' stroke='#E20031' stroke-width='2' fill='none'\/><\/svg><\/button>\n<section\n\tid=\"es-102-panel\"\n\taria-labelledby=\"es-102-header\"\n\tclass=\"pl-2 pr-8 pb-4 animate-in fade-in duration-500 fill-mode-forwards\"\n\thidden\n>\n\t\n<div\n\tclass=\"scroll-my-24 mt-0 mb-4 pt-0 pb-0 w-full\"\n\t>\n\t<div style=\"position:relative;padding-top:max(60%,326px);height:0;width:100%\"><iframe allow=\"clipboard-write\" allowfullscreen=\"true\" style=\"position:absolute;border:none;width:100%;height:100%;left:0;right:0;top:0;bottom:0\" src=\"https:\/\/e.issuu.com\/embed.html?d=ka1400238&amp;u=pewag\"><\/iframe><\/div><\/div>\n<\/section>\n\n<button\n\tid=\"es-103-header\"\n\taria-expanded=\"false\"\n\taria-controls=\"es-103-panel\"\n\tclass=\"flex items-center justify-start gap-4 text-left group px-2 py-4 w-full border-t border-t-gray-100 font-bold focus:outline-none focus-visible:ring focus-visible:ring-blue-500\/30 transition [&amp;&gt;svg]:size-4 [&amp;&gt;svg]:transition-transform [&amp;[aria-expanded=true]&gt;svg]:rotate-180 text-lg\"\n\tdata-accordion-header\n>\n\tpewag entertainment solutions<svg xmlns='http:\/\/www.w3.org\/2000\/svg' width='12' height='7' viewBox='0 0 12 7' fill='none'><path d='M1 1c1.575 1.371 4.725 4.5 4.725 4.5S8.875 2.629 10.45 1' stroke='#E20031' stroke-width='2' fill='none'\/><\/svg><\/button>\n<section\n\tid=\"es-103-panel\"\n\taria-labelledby=\"es-103-header\"\n\tclass=\"pl-2 pr-8 pb-4 animate-in fade-in duration-500 fill-mode-forwards\"\n\thidden\n>\n\t\n<div\n\tclass=\"scroll-my-24 mt-0 mb-4 pt-0 pb-0 w-full\"\n\t>\n\t<div style=\"position:relative;padding-top:max(60%,326px);height:0;width:100%\"><iframe allow=\"clipboard-write\" allowfullscreen=\"true\" style=\"position:absolute;border:none;width:100%;height:100%;left:0;right:0;top:0;bottom:0\" src=\"https:\/\/e.issuu.com\/embed.html?d=pewag_pcp_entertainment_solution_en_2023&amp;u=pewag\"><\/iframe><\/div><\/div>\n<\/section>\n\n<button\n\tid=\"es-104-header\"\n\taria-expanded=\"false\"\n\taria-controls=\"es-104-panel\"\n\tclass=\"flex items-center justify-start gap-4 text-left group px-2 py-4 w-full border-t border-t-gray-100 font-bold focus:outline-none focus-visible:ring focus-visible:ring-blue-500\/30 transition [&amp;&gt;svg]:size-4 [&amp;&gt;svg]:transition-transform [&amp;[aria-expanded=true]&gt;svg]:rotate-180 text-lg\"\n\tdata-accordion-header\n>\n\tpewag D.line heavy duty shackles<svg xmlns='http:\/\/www.w3.org\/2000\/svg' width='12' height='7' viewBox='0 0 12 7' fill='none'><path d='M1 1c1.575 1.371 4.725 4.5 4.725 4.5S8.875 2.629 10.45 1' stroke='#E20031' stroke-width='2' fill='none'\/><\/svg><\/button>\n<section\n\tid=\"es-104-panel\"\n\taria-labelledby=\"es-104-header\"\n\tclass=\"pl-2 pr-8 pb-4 animate-in fade-in duration-500 fill-mode-forwards\"\n\thidden\n>\n\t\n<div\n\tclass=\"scroll-my-24 mt-0 mb-4 pt-0 pb-0 w-full\"\n\t>\n\t<div style=\"position:relative;padding-top:max(60%,326px);height:0;width:100%\"><iframe allow=\"clipboard-write\" allowfullscreen=\"true\" style=\"position:absolute;border:none;width:100%;height:100%;left:0;right:0;top:0;bottom:0\" src=\"https:\/\/e.issuu.com\/embed.html?d=pewag_product_folder_dline_heavy_duty_shackles&amp;u=pewag\"><\/iframe><\/div><\/div>\n<\/section>\n<\/div><\/div><\/div>\n\n<div\n\tclass=\"scroll-my-24 wrapper-contained mt-0 mb-4 pt-0 pb-0 w-full\"\n\t>\n\t<hr class=\"w-full border-gray-700\"><\/div>\n\n<div\n\tclass=\"scroll-my-24 wrapper-contained mt-12 mb-12 pt-0 pb-0 w-full\"\n\t\t\tid=\"tekniset-ratkaisut\"\n\t>\n\t<div\n\tclass=\"scroll-my-24 mt-0 mb-4 pt-0 pb-0 w-full\"\n\t>\n\t<h4\tdata-slug=\"tekniset-ratkaisut\"\n\tclass=\"font-display text-balance font-synthesis-none scroll-m-20 break-words hyphens-auto text-3xl md:text-4xl lg:text-5xl leading-normal text-start text-blue-900 [&amp;&gt;a]:text-blue-700\"\n>\n\tTekniset ratkaisut<\/h4><\/div>\n\n<div\n\tclass=\"scroll-my-24 mt-0 mb-4 pt-0 pb-0 w-full\"\n\t>\n\t<div\n\tclass=\"js-block-accordion border-b border-b-gray-100\"\n\t>\n\t\n<button\n\tid=\"es-105-header\"\n\taria-expanded=\"false\"\n\taria-controls=\"es-105-panel\"\n\tclass=\"flex items-center justify-start gap-4 text-left group px-2 py-4 w-full border-t border-t-gray-100 font-bold focus:outline-none focus-visible:ring focus-visible:ring-blue-500\/30 transition [&amp;&gt;svg]:size-4 [&amp;&gt;svg]:transition-transform [&amp;[aria-expanded=true]&gt;svg]:rotate-180 text-lg\"\n\tdata-accordion-header\n>\n\tPWE Folder 2024<svg xmlns='http:\/\/www.w3.org\/2000\/svg' width='12' height='7' viewBox='0 0 12 7' fill='none'><path d='M1 1c1.575 1.371 4.725 4.5 4.725 4.5S8.875 2.629 10.45 1' stroke='#E20031' stroke-width='2' fill='none'\/><\/svg><\/button>\n<section\n\tid=\"es-105-panel\"\n\taria-labelledby=\"es-105-header\"\n\tclass=\"pl-2 pr-8 pb-4 animate-in fade-in duration-500 fill-mode-forwards\"\n\thidden\n>\n\t\n<div\n\tclass=\"scroll-my-24 mt-0 mb-4 pt-0 pb-0 w-full\"\n\t>\n\t<div style=\"position:relative;padding-top:max(60%,326px);height:0;width:100%\"><iframe allow=\"clipboard-write\" allowfullscreen=\"true\" style=\"position:absolute;border:none;width:100%;height:100%;left:0;right:0;top:0;bottom:0\" src=\"https:\/\/e.issuu.com\/embed.html?d=pwe_folder_high_level_2024_en_screenonly_dp&amp;u=pewag\"><\/iframe><\/div><\/div>\n\n<div\n\tclass=\"scroll-my-24 mt-0 mb-4 pt-0 pb-0 w-full\"\n\t>\n\t<div\n\tclass=\"js-block-accordion border-b border-b-gray-100\"\n\t>\n\t<\/div><\/div>\n<\/section>\n<\/div><\/div><\/div>","protected":false},"excerpt":{"rendered":"","protected":false},"author":12,"featured_media":0,"parent":0,"menu_order":0,"comment_status":"closed","ping_status":"closed","template":"","meta":{"pewag_navigation_theme_dark_use":true,"footnotes":""},"content-types":[27],"class_list":["post-17530","page","type-page","status-publish","hentry","content-type-legal-content"],"yoast_head":"<!-- This site is optimized with the Yoast SEO plugin v27.2 - https:\/\/yoast.com\/product\/yoast-seo-wordpress\/ -->\n<title>Katalogit - pewag<\/title>\n<meta name=\"robots\" content=\"index, follow, max-snippet:-1, max-image-preview:large, max-video-preview:-1\" \/>\n<link rel=\"canonical\" href=\"https:\/\/www.pewag.com\/fi\/katalogit\/\" \/>\n<meta property=\"og:locale\" content=\"fi_FI\" \/>\n<meta property=\"og:type\" content=\"article\" \/>\n<meta property=\"og:title\" content=\"Katalogit - pewag\" \/>\n<meta property=\"og:url\" content=\"https:\/\/www.pewag.com\/fi\/katalogit\/\" \/>\n<meta property=\"og:site_name\" content=\"pewag\" \/>\n<meta property=\"article:modified_time\" content=\"2025-10-03T10:08:45+00:00\" \/>\n<meta name=\"twitter:card\" content=\"summary_large_image\" \/>\n<meta name=\"twitter:label1\" content=\"Est. reading time\" \/>\n\t<meta name=\"twitter:data1\" content=\"2 minutes\" \/>\n<script type=\"application\/ld+json\" class=\"yoast-schema-graph\">{\"@context\":\"https:\/\/schema.org\",\"@graph\":[{\"@type\":\"WebPage\",\"@id\":\"https:\/\/www.pewag.com\/fi\/katalogit\/\",\"url\":\"https:\/\/www.pewag.com\/fi\/katalogit\/\",\"name\":\"Katalogit - pewag\",\"isPartOf\":{\"@id\":\"https:\/\/www.pewag.com\/#website\"},\"datePublished\":\"2025-02-07T11:04:06+00:00\",\"dateModified\":\"2025-10-03T10:08:45+00:00\",\"breadcrumb\":{\"@id\":\"https:\/\/www.pewag.com\/fi\/katalogit\/#breadcrumb\"},\"inLanguage\":\"fi\",\"potentialAction\":[{\"@type\":\"ReadAction\",\"target\":[\"https:\/\/www.pewag.com\/fi\/katalogit\/\"]}]},{\"@type\":\"BreadcrumbList\",\"@id\":\"https:\/\/www.pewag.com\/fi\/katalogit\/#breadcrumb\",\"itemListElement\":[{\"@type\":\"ListItem\",\"position\":1,\"name\":\"Home\",\"item\":\"https:\/\/www.pewag.com\/fi\/\"},{\"@type\":\"ListItem\",\"position\":2,\"name\":\"Katalogit\"}]},{\"@type\":\"WebSite\",\"@id\":\"https:\/\/www.pewag.com\/#website\",\"url\":\"https:\/\/www.pewag.com\/\",\"name\":\"pewag\",\"description\":\"\",\"potentialAction\":[{\"@type\":\"SearchAction\",\"target\":{\"@type\":\"EntryPoint\",\"urlTemplate\":\"https:\/\/www.pewag.com\/?s={search_term_string}\"},\"query-input\":{\"@type\":\"PropertyValueSpecification\",\"valueRequired\":true,\"valueName\":\"search_term_string\"}}],\"inLanguage\":\"fi\"}]}<\/script>\n<!-- \/ Yoast SEO plugin. -->","yoast_head_json":{"title":"Katalogit - pewag","robots":{"index":"index","follow":"follow","max-snippet":"max-snippet:-1","max-image-preview":"max-image-preview:large","max-video-preview":"max-video-preview:-1"},"canonical":"https:\/\/www.pewag.com\/fi\/katalogit\/","og_locale":"fi_FI","og_type":"article","og_title":"Katalogit - pewag","og_url":"https:\/\/www.pewag.com\/fi\/katalogit\/","og_site_name":"pewag","article_modified_time":"2025-10-03T10:08:45+00:00","twitter_card":"summary_large_image","twitter_misc":{"Est. reading time":"2 minutes"},"schema":{"@context":"https:\/\/schema.org","@graph":[{"@type":"WebPage","@id":"https:\/\/www.pewag.com\/fi\/katalogit\/","url":"https:\/\/www.pewag.com\/fi\/katalogit\/","name":"Katalogit - pewag","isPartOf":{"@id":"https:\/\/www.pewag.com\/#website"},"datePublished":"2025-02-07T11:04:06+00:00","dateModified":"2025-10-03T10:08:45+00:00","breadcrumb":{"@id":"https:\/\/www.pewag.com\/fi\/katalogit\/#breadcrumb"},"inLanguage":"fi","potentialAction":[{"@type":"ReadAction","target":["https:\/\/www.pewag.com\/fi\/katalogit\/"]}]},{"@type":"BreadcrumbList","@id":"https:\/\/www.pewag.com\/fi\/katalogit\/#breadcrumb","itemListElement":[{"@type":"ListItem","position":1,"name":"Home","item":"https:\/\/www.pewag.com\/fi\/"},{"@type":"ListItem","position":2,"name":"Katalogit"}]},{"@type":"WebSite","@id":"https:\/\/www.pewag.com\/#website","url":"https:\/\/www.pewag.com\/","name":"pewag","description":"","potentialAction":[{"@type":"SearchAction","target":{"@type":"EntryPoint","urlTemplate":"https:\/\/www.pewag.com\/?s={search_term_string}"},"query-input":{"@type":"PropertyValueSpecification","valueRequired":true,"valueName":"search_term_string"}}],"inLanguage":"fi"}]}},"_links":{"self":[{"href":"https:\/\/www.pewag.com\/fi\/wp-json\/wp\/v2\/pages\/17530","targetHints":{"allow":["GET"]}}],"collection":[{"href":"https:\/\/www.pewag.com\/fi\/wp-json\/wp\/v2\/pages"}],"about":[{"href":"https:\/\/www.pewag.com\/fi\/wp-json\/wp\/v2\/types\/page"}],"author":[{"embeddable":true,"href":"https:\/\/www.pewag.com\/fi\/wp-json\/wp\/v2\/users\/12"}],"replies":[{"embeddable":true,"href":"https:\/\/www.pewag.com\/fi\/wp-json\/wp\/v2\/comments?post=17530"}],"version-history":[{"count":7,"href":"https:\/\/www.pewag.com\/fi\/wp-json\/wp\/v2\/pages\/17530\/revisions"}],"predecessor-version":[{"id":21616,"href":"https:\/\/www.pewag.com\/fi\/wp-json\/wp\/v2\/pages\/17530\/revisions\/21616"}],"wp:attachment":[{"href":"https:\/\/www.pewag.com\/fi\/wp-json\/wp\/v2\/media?parent=17530"}],"wp:term":[{"taxonomy":"content-type","embeddable":true,"href":"https:\/\/www.pewag.com\/fi\/wp-json\/wp\/v2\/content-types?post=17530"}],"curies":[{"name":"wp","href":"https:\/\/api.w.org\/{rel}","templated":true}]}}