{"id":10586,"date":"2024-09-17T14:06:31","date_gmt":"2024-09-17T12:06:31","guid":{"rendered":"https:\/\/www.pewag.com\/?page_id=10586"},"modified":"2026-03-26T16:29:42","modified_gmt":"2026-03-26T15:29:42","slug":"jalki","status":"publish","type":"page","link":"https:\/\/www.pewag.com\/fi\/jalki\/","title":{"rendered":"J\u00e4lki"},"content":{"rendered":"<div\n\tclass=\"scroll-my-24 wrapper-contained mt-0 mb-0 pt-0 pb-20 max-sm:pb-16 w-full\"\n\t>\n\t<\/div>\n\n<div\n\tclass=\"scroll-my-24 wrapper-contained mt-20 mb-4 pt-0 pb-0 w-full\"\n\t>\n\t<h2\tdata-slug=\"xn-jlki-loa\"\n\tclass=\"font-display text-balance font-synthesis-none scroll-m-20 break-words hyphens-auto text-6xl md:text-7xl leading-tight text-start text-black [&amp;&gt;a]:text-blue-700\"\n>\n\tJ\u00e4lki<\/h2><\/div>\n\n<div\n\tclass=\"scroll-my-24 wrapper-contained mt-8 mb-4 pt-0 pb-0 w-full\"\n\t>\n\t<p class=\"font-sans [&amp;&gt;a]:underline font-synthesis-none break-words hyphens-auto text-base leading-normal text-start text-black [&amp;&gt;a]:text-blue-700\">\n\t<strong><strong>T\u00e4m\u00e4n verkkosivuston vastuuhenkil\u00f6<\/strong><\/strong><br>pewag International GmbH<br>Schleppe-Platz 8<br>9020 Klagenfurt, Austria<br>Phone: +43 505011 &#8211; 0\u00a0<br>Fax: +43 505011 &#8211; 400<br>Email: <a href=\"mailto:office-pwg(at)pewag-group.com\">office-pwg(at)pewag-group.com<\/a><br>Website: <a href=\"http:\/\/www.pewag-group.com\/\" target=\"_blank\" rel=\"noreferrer noopener\">www.pewag-group.com<\/a><br><br><strong><strong>Oikeudelliset tiedot<\/strong><\/strong><br>Oikeusmuoto: Gesellschaft mit beschr\u00e4nkter Haftung<br>Rekister\u00f6ity toimipaikka: Klagenfurt<br>Kaupparekisterinumero: FN 142147 s<br>Rekister\u00f6intituomioistuin: Klagenfurtin alueellinen tuomioistuin<br>Verotunniste: ATU40923809<br>Tekstit ja kuvat<br>\u00a9 pewag International GmbH<br><br><strong><strong>Toteutus<\/strong><br><\/strong>pewag International GmbH ja <a href=\"http:\/\/engarde.net\" target=\"_blank\" rel=\"noreferrer noopener nofollow\">EN GARDE<\/a><\/p><\/div>\n\n<div\n\tclass=\"scroll-my-24 wrapper-contained mt-20 mb-4 pt-0 pb-0 w-full\"\n\t\t\tid=\"ehdot-ja-edellytykset\"\n\t>\n\t<h2\tdata-slug=\"yleiset\"\n\tclass=\"font-display text-balance font-synthesis-none scroll-m-20 break-words hyphens-auto text-6xl md:text-7xl leading-tight text-start text-black [&amp;&gt;a]:text-blue-700\"\n>\n\tYleiset<\/h2><\/div>\n\n<div\n\tclass=\"scroll-my-24 wrapper-contained mt-0 mb-4 pt-0 pb-20 w-full\"\n\t>\n\t<p class=\"font-sans [&amp;&gt;a]:underline font-synthesis-none break-words hyphens-auto text-base leading-normal text-start text-black [&amp;&gt;a]:text-blue-700\">\n\tT\u00e4ll\u00e4 sivulla l\u00f6yd\u00e4t kaikkien www.pewag.com-sivustolla toimivien yritysten yleiset ehdot.<br><br><strong><strong>Yleiset toimitus- ja maksuehdot<\/strong><\/strong><br><a href=\"https:\/\/www.pewag.com\/wp-content\/uploads\/2026\/03\/Pewag_Nordic_Oy_-_yleiset_myynti-_ja_toimitusehdot_20210525.pdf\" id=\"22574\">Yleiset Myynti- Ja Toimitusehdot &#8211; pewag Nordic Oy<br><\/a><a href=\"https:\/\/www.pewag.com\/wp-content\/uploads\/2024\/09\/GENERAL-TERMS-AND-CONDITIONS-OF-SALE-AND-DELIVERY-of-pewag-International-GmbH-.pdf\" target=\"_blank\" rel=\"noreferrer noopener\">General Terms of delivery and payment pewag International GmbH<br><\/a><a href=\"https:\/\/www.pewag.com\/wp-content\/uploads\/2024\/09\/GENERAL-TERMS-AND-CONDTIONS-OF-SALES-AND-DELIVERY-of-pewag-austria-GmbH-.pdf\" target=\"_blank\" rel=\"noreferrer noopener\">General Terms of delivery and payment pewag austria GmbH<br><\/a><a href=\"https:\/\/www.pewag.com\/wp-content\/uploads\/2024\/09\/GENERAL-TERMS-AND-CONDITIONS-OF-SALE-AND-DELIVERY-of-pewag-Schneeketten-GmbH-.pdf\" target=\"_blank\" rel=\"noreferrer noopener\">General Terms of delivery and payment pewag Schneeketten GmbH<br><\/a><a href=\"https:\/\/www.pewag.com\/wp-content\/uploads\/2024\/09\/GENERAL-TERMS-AND-CONDITIONS-OF-SALE-AND-DELIVERY-of-pewag-austria-Vertriebsgesellschaft-mbH-.pdf\" target=\"_blank\" rel=\"noreferrer noopener\">General Terms of delivery and payment pewag austria Vertriebsgesellschaft GmbH<br><\/a><a href=\"https:\/\/www.pewag.com\/wp-content\/uploads\/2024\/09\/General-Terms-and-Conditions-of-Supply-of-pewag-engineering-GmbH-.pdf\" target=\"_blank\" rel=\"noreferrer noopener\">General Terms of delivery and payment pewag Engineering GmbH<br><\/a><br><strong><strong>Yleiset ostoehdot<\/strong><\/strong><br><a href=\"https:\/\/www.pewag.com\/wp-content\/uploads\/2026\/03\/Pewag_Nordic_Oy_-_yleiset_myynti-_ja_toimitusehdot_20210525.pdf\" id=\"22574\">Yleiset Myynti- Ja Toimitusehdot &#8211; pewag Nordic Oy<\/a><br><a href=\"https:\/\/www.pewag.com\/wp-content\/uploads\/2024\/09\/GENERAL-TERMS-AND-CONDITIONS-OF-PURCHASE-of-pewag-International-GmbH-.pdf\" target=\"_blank\" rel=\"noreferrer noopener\">General Terms of purchasing pewag International GmbH<\/a><br><a href=\"https:\/\/www.pewag.com\/wp-content\/uploads\/2024\/11\/General-Terms-and-conditions_Purchasing_PWA-rein.pdf\" target=\"_blank\" rel=\"noreferrer noopener\">General Terms of purchasing pewag austria GmbH<br><\/a><a href=\"https:\/\/www.pewag.com\/wp-content\/uploads\/2024\/09\/GENERAL-TERMS-AND-CONDITIONS-OF-PURCHASE-of-pewag-Schneeketten-GmbH-.pdf\" target=\"_blank\" rel=\"noreferrer noopener\">General Terms of purchasing pewag Schneeketten GmbH<\/a><br><a href=\"https:\/\/www.pewag.com\/wp-content\/uploads\/2024\/09\/GENERAL-TERMS-AND-CONDITIONS-OF-PURCHASE-of-pewag-austria-Vertriebsgesellschaft-mbH-.pdf\" target=\"_blank\" rel=\"noreferrer noopener\">General Terms of purchasing pewag austria Vertriebs GmbH<\/a><br><a href=\"https:\/\/www.pewag.com\/wp-content\/uploads\/2024\/09\/GENERAL-PURCHASE-CONDITIONS-of-pewag-engineering-GmbH-.pdf\" target=\"_blank\" rel=\"noreferrer noopener\">General Terms of purchasing pewag Engineering GmbH<\/a><\/p><\/div>","protected":false},"excerpt":{"rendered":"","protected":false},"author":12,"featured_media":0,"parent":0,"menu_order":0,"comment_status":"closed","ping_status":"closed","template":"","meta":{"pewag_navigation_theme_dark_use":true,"footnotes":""},"content-types":[27],"class_list":["post-10586","page","type-page","status-publish","hentry","content-type-legal-content"],"yoast_head":"<!-- This site is optimized with the Yoast SEO plugin v27.4 - https:\/\/yoast.com\/product\/yoast-seo-wordpress\/ -->\n<title>J\u00e4lki - pewag<\/title>\n<meta name=\"robots\" content=\"index, follow, max-snippet:-1, max-image-preview:large, max-video-preview:-1\" \/>\n<link rel=\"canonical\" href=\"https:\/\/www.pewag.com\/fi\/jalki\/\" \/>\n<meta property=\"og:locale\" content=\"fi_FI\" \/>\n<meta property=\"og:type\" content=\"article\" \/>\n<meta property=\"og:title\" content=\"J\u00e4lki - pewag\" \/>\n<meta property=\"og:url\" content=\"https:\/\/www.pewag.com\/fi\/jalki\/\" \/>\n<meta property=\"og:site_name\" content=\"pewag\" \/>\n<meta property=\"article:modified_time\" content=\"2026-03-26T15:29:42+00:00\" \/>\n<meta name=\"twitter:card\" content=\"summary_large_image\" \/>\n<meta name=\"twitter:label1\" content=\"Est. reading time\" \/>\n\t<meta name=\"twitter:data1\" content=\"1 minute\" \/>\n<script type=\"application\/ld+json\" class=\"yoast-schema-graph\">{\"@context\":\"https:\\\/\\\/schema.org\",\"@graph\":[{\"@type\":\"WebPage\",\"@id\":\"https:\\\/\\\/www.pewag.com\\\/fi\\\/jalki\\\/\",\"url\":\"https:\\\/\\\/www.pewag.com\\\/fi\\\/jalki\\\/\",\"name\":\"J\u00e4lki - pewag\",\"isPartOf\":{\"@id\":\"https:\\\/\\\/www.pewag.com\\\/#website\"},\"datePublished\":\"2024-09-17T12:06:31+00:00\",\"dateModified\":\"2026-03-26T15:29:42+00:00\",\"breadcrumb\":{\"@id\":\"https:\\\/\\\/www.pewag.com\\\/fi\\\/jalki\\\/#breadcrumb\"},\"inLanguage\":\"fi\",\"potentialAction\":[{\"@type\":\"ReadAction\",\"target\":[\"https:\\\/\\\/www.pewag.com\\\/fi\\\/jalki\\\/\"]}]},{\"@type\":\"BreadcrumbList\",\"@id\":\"https:\\\/\\\/www.pewag.com\\\/fi\\\/jalki\\\/#breadcrumb\",\"itemListElement\":[{\"@type\":\"ListItem\",\"position\":1,\"name\":\"Home\",\"item\":\"https:\\\/\\\/www.pewag.com\\\/fi\\\/\"},{\"@type\":\"ListItem\",\"position\":2,\"name\":\"J\u00e4lki\"}]},{\"@type\":\"WebSite\",\"@id\":\"https:\\\/\\\/www.pewag.com\\\/#website\",\"url\":\"https:\\\/\\\/www.pewag.com\\\/\",\"name\":\"pewag\",\"description\":\"\",\"potentialAction\":[{\"@type\":\"SearchAction\",\"target\":{\"@type\":\"EntryPoint\",\"urlTemplate\":\"https:\\\/\\\/www.pewag.com\\\/?s={search_term_string}\"},\"query-input\":{\"@type\":\"PropertyValueSpecification\",\"valueRequired\":true,\"valueName\":\"search_term_string\"}}],\"inLanguage\":\"fi\"}]}<\/script>\n<!-- \/ Yoast SEO plugin. -->","yoast_head_json":{"title":"J\u00e4lki - pewag","robots":{"index":"index","follow":"follow","max-snippet":"max-snippet:-1","max-image-preview":"max-image-preview:large","max-video-preview":"max-video-preview:-1"},"canonical":"https:\/\/www.pewag.com\/fi\/jalki\/","og_locale":"fi_FI","og_type":"article","og_title":"J\u00e4lki - pewag","og_url":"https:\/\/www.pewag.com\/fi\/jalki\/","og_site_name":"pewag","article_modified_time":"2026-03-26T15:29:42+00:00","twitter_card":"summary_large_image","twitter_misc":{"Est. reading time":"1 minute"},"schema":{"@context":"https:\/\/schema.org","@graph":[{"@type":"WebPage","@id":"https:\/\/www.pewag.com\/fi\/jalki\/","url":"https:\/\/www.pewag.com\/fi\/jalki\/","name":"J\u00e4lki - pewag","isPartOf":{"@id":"https:\/\/www.pewag.com\/#website"},"datePublished":"2024-09-17T12:06:31+00:00","dateModified":"2026-03-26T15:29:42+00:00","breadcrumb":{"@id":"https:\/\/www.pewag.com\/fi\/jalki\/#breadcrumb"},"inLanguage":"fi","potentialAction":[{"@type":"ReadAction","target":["https:\/\/www.pewag.com\/fi\/jalki\/"]}]},{"@type":"BreadcrumbList","@id":"https:\/\/www.pewag.com\/fi\/jalki\/#breadcrumb","itemListElement":[{"@type":"ListItem","position":1,"name":"Home","item":"https:\/\/www.pewag.com\/fi\/"},{"@type":"ListItem","position":2,"name":"J\u00e4lki"}]},{"@type":"WebSite","@id":"https:\/\/www.pewag.com\/#website","url":"https:\/\/www.pewag.com\/","name":"pewag","description":"","potentialAction":[{"@type":"SearchAction","target":{"@type":"EntryPoint","urlTemplate":"https:\/\/www.pewag.com\/?s={search_term_string}"},"query-input":{"@type":"PropertyValueSpecification","valueRequired":true,"valueName":"search_term_string"}}],"inLanguage":"fi"}]}},"_links":{"self":[{"href":"https:\/\/www.pewag.com\/fi\/wp-json\/wp\/v2\/pages\/10586","targetHints":{"allow":["GET"]}}],"collection":[{"href":"https:\/\/www.pewag.com\/fi\/wp-json\/wp\/v2\/pages"}],"about":[{"href":"https:\/\/www.pewag.com\/fi\/wp-json\/wp\/v2\/types\/page"}],"author":[{"embeddable":true,"href":"https:\/\/www.pewag.com\/fi\/wp-json\/wp\/v2\/users\/12"}],"replies":[{"embeddable":true,"href":"https:\/\/www.pewag.com\/fi\/wp-json\/wp\/v2\/comments?post=10586"}],"version-history":[{"count":6,"href":"https:\/\/www.pewag.com\/fi\/wp-json\/wp\/v2\/pages\/10586\/revisions"}],"predecessor-version":[{"id":22678,"href":"https:\/\/www.pewag.com\/fi\/wp-json\/wp\/v2\/pages\/10586\/revisions\/22678"}],"wp:attachment":[{"href":"https:\/\/www.pewag.com\/fi\/wp-json\/wp\/v2\/media?parent=10586"}],"wp:term":[{"taxonomy":"content-type","embeddable":true,"href":"https:\/\/www.pewag.com\/fi\/wp-json\/wp\/v2\/content-types?post=10586"}],"curies":[{"name":"wp","href":"https:\/\/api.w.org\/{rel}","templated":true}]}}