{"id":17856,"date":"2024-10-18T16:02:37","date_gmt":"2024-10-18T14:02:37","guid":{"rendered":"https:\/\/www.pewag.com\/?page_id=17856"},"modified":"2025-03-26T13:03:00","modified_gmt":"2025-03-26T12:03:00","slug":"digital-services","status":"publish","type":"page","link":"https:\/\/www.pewag.com\/de\/digital-services\/","title":{"rendered":"Digital Services"},"content":{"rendered":"<div\n\tclass=\"scroll-my-24 wrapper-contained mt-0 mb-0 pt-0 pb-20 max-sm:pb-16 w-full\"\n\t>\n\t<\/div>\n\n<div\n\tclass=\"scroll-my-24 wrapper-contained mt-0 mb-0 pt-20 pb-0 w-full\"\n\t>\n\t<p class=\"font-sans [&amp;&gt;a]:underline font-synthesis-none break-words hyphens-auto text-3xl md:text-4xl lg:text-5xl leading-normal text-start text-blue-700 [&amp;&gt;a]:text-blue-500\">\n\tpewag Digital Services<\/p><\/div>\n\n<div\n\tclass=\"scroll-my-24 wrapper-contained mt-0 mb-0 pt-2 pb-20 w-full\"\n\t>\n\t<h2\tdata-slug=\"\"\n\tclass=\"font-display text-balance font-synthesis-none scroll-m-20 break-words hyphens-auto text-7xl md:text-8xl leading-[1.125] text-start text-blue-900 [&amp;&gt;a]:text-blue-700\"\n>\n\tIntelligente digitale L\u00f6sungen f\u00fcr mehr Effizienz und Sicherheit bei Ihrer t\u00e4glichen Arbeit.<\/h2><\/div>\n\n<div\n\tclass=\"scroll-my-24 wrapper-full mt-0 mb-0 pt-0 pb-4 w-full\"\n\t>\n\t<div class=\"grid grid-rows-3 md:grid-rows-2 grid-cols-1 md:grid-cols-2 gap-2 w-full md:h-[33rem] overflow-hidden\">\n\t<div class=\"grid w-full col-span-1 row-span:1 md:col-span-2 lg:col-span-1 lg:row-span-2 h-80 md:h-full\">\n\t<picture\n\t\t\tclass=\"col-span-full row-span-full overflow-hidden\"\n\t>\n\t\t\t\t\t\t\t\n\t<img\n\t\tsrc=\"https:\/\/www.pewag.com\/wp-content\/uploads\/2024\/10\/csm_pewag_VIZ-2023_Key_Querformat_8K_V2_CONCRETE_b160a2c345.jpg\"\n\t\talt=\"\"\n\t\tclass=\"object-cover object-center size-full object-cover object-center\"\n\t\/>\n<\/picture>\n\t<div class=\"grid layout-base col-span-full row-span-full lg:max-w-screen-lg place-self-start mx-auto px-8 lg:px-4 text-white mt-7 md:mt-9 lg:mt-10\">\n\t\t<h2\tdata-slug=\"pro-points-advisor\"\n\tclass=\"font-display text-balance font-synthesis-none scroll-m-20 break-words hyphens-auto text-7xl md:text-8xl leading-[1.125] mb-8\"\n>\n\tPro Points Advisor<\/h2><a\thref=\" https:\/\/digitallifting.www.pewag.com\/\"target=\"_blank\"rel=\"noopener noreferrer\"class=\"font-sans transition duration-300 flex w-fit items-center focus-visible:ring focus:outline-none text-lg disabled:cursor-default [&amp;&gt;svg]:flex-none max-w-full px-8 border [&amp;&gt;svg]:size-5 gap-2 py-2 rounded-full text-white bg-red-700 border-red-700 hover:bg-red-800 hover:border-red-800 disabled:bg-gray-300 disabled:border-gray-300 focus-visible:ring-red-500\/30 button justify-self-start\">\n\t\t\t<span class=\"min-w-0 break-words hyphens-auto\">Entdecken<\/span>\n\t\n\t<\/a>\t<\/div>\n<\/div><div class=\"grid w-full col-span-1 row-span-1 h-80 md:h-full\">\n\t<picture\n\t\t\tclass=\"col-span-full row-span-full overflow-hidden\"\n\t>\n\t\t\t\t\t\t\t\n\t<img\n\t\tsrc=\"https:\/\/www.pewag.com\/wp-content\/uploads\/2024\/08\/ccca594840d899ef93b46c9a97a9a8a1.jpg\"\n\t\talt=\"\"\n\t\tclass=\"object-cover object-center size-full object-cover object-center\"\n\t\/>\n<\/picture>\n\t<div class=\"grid layout-base col-span-full row-span-full lg:max-w-screen-lg place-self-start mx-auto px-8 lg:px-4 text-white mt-7 md:mt-9 lg:mt-10\">\n\t\t<h2\tdata-slug=\"schneeketten-konfigurator\"\n\tclass=\"font-display text-balance font-synthesis-none scroll-m-20 break-words hyphens-auto text-6xl md:text-7xl leading-tight mb-8\"\n>\n\tSchneeketten-Konfigurator<\/h2><a\thref=\"https:\/\/scc.pewag.at\/en\/snow-chain-configurator\"target=\"_blank\"rel=\"noopener noreferrer\"class=\"font-sans transition duration-300 flex w-fit items-center focus-visible:ring focus:outline-none text-lg disabled:cursor-default [&amp;&gt;svg]:flex-none max-w-full px-8 border [&amp;&gt;svg]:size-5 gap-2 py-2 rounded-full text-white bg-red-700 border-red-700 hover:bg-red-800 hover:border-red-800 disabled:bg-gray-300 disabled:border-gray-300 focus-visible:ring-red-500\/30 button justify-self-start\">\n\t\t\t<span class=\"min-w-0 break-words hyphens-auto\">Entdecken<\/span>\n\t\n\t<\/a>\t<\/div>\n<\/div><div class=\"grid w-full col-span-1 row-span-1 h-80 md:h-full\">\n\t<picture\n\t\t\tclass=\"col-span-full row-span-full overflow-hidden\"\n\t>\n\t\t\t\t\t\t\t\n\t<img\n\t\tsrc=\"https:\/\/www.pewag.com\/wp-content\/uploads\/2024\/08\/8d8f7d6c91f2675a8b1522b9c2c45e7b.jpg\"\n\t\talt=\"\"\n\t\tclass=\"object-cover object-center size-full object-cover object-center\"\n\t\/>\n<\/picture>\n\t<div class=\"grid layout-base col-span-full row-span-full lg:max-w-screen-lg place-self-start mx-auto px-8 lg:px-4 text-white mt-7 md:mt-9 lg:mt-10\">\n\t\t<h2\tdata-slug=\"lifting-beam-configurator\"\n\tclass=\"font-display text-balance font-synthesis-none scroll-m-20 break-words hyphens-auto text-6xl md:text-7xl leading-tight mb-8\"\n>\n\tLifting Beam Configurator<\/h2><a\thref=\"https:\/\/liftingbeam.www.pewag.com\/login\"target=\"_blank\"rel=\"noopener noreferrer\"class=\"font-sans transition duration-300 flex w-fit items-center focus-visible:ring focus:outline-none text-lg disabled:cursor-default [&amp;&gt;svg]:flex-none max-w-full px-8 border [&amp;&gt;svg]:size-5 gap-2 py-2 rounded-full text-white bg-red-700 border-red-700 hover:bg-red-800 hover:border-red-800 disabled:bg-gray-300 disabled:border-gray-300 focus-visible:ring-red-500\/30 button justify-self-start\">\n\t\t\t<span class=\"min-w-0 break-words hyphens-auto\">Entdecken<\/span>\n\t\n\t<\/a>\t<\/div>\n<\/div><\/div><\/div>\n\n<div\n\tclass=\"scroll-my-24 wrapper-contained mt-0 mb-4 pt-0 pb-0 w-full\"\n\t>\n\t<\/div>","protected":false},"excerpt":{"rendered":"","protected":false},"author":3,"featured_media":0,"parent":0,"menu_order":0,"comment_status":"closed","ping_status":"closed","template":"","meta":{"pewag_navigation_theme_dark_use":true,"footnotes":""},"content-types":[],"class_list":["post-17856","page","type-page","status-publish","hentry"],"yoast_head":"<!-- This site is optimized with the Yoast SEO plugin v27.2 - https:\/\/yoast.com\/product\/yoast-seo-wordpress\/ -->\n<title>Digital Services - pewag<\/title>\n<meta name=\"robots\" content=\"index, follow, max-snippet:-1, max-image-preview:large, max-video-preview:-1\" \/>\n<link rel=\"canonical\" href=\"https:\/\/www.pewag.com\/de\/digital-services\/\" \/>\n<meta property=\"og:locale\" content=\"de_DE\" \/>\n<meta property=\"og:type\" content=\"article\" \/>\n<meta property=\"og:title\" content=\"Digital Services - pewag\" \/>\n<meta property=\"og:url\" content=\"https:\/\/www.pewag.com\/de\/digital-services\/\" \/>\n<meta property=\"og:site_name\" content=\"pewag\" \/>\n<meta property=\"article:modified_time\" content=\"2025-03-26T12:03:00+00:00\" \/>\n<meta name=\"twitter:card\" content=\"summary_large_image\" \/>\n<meta name=\"twitter:label1\" content=\"Est. reading time\" \/>\n\t<meta name=\"twitter:data1\" content=\"1 minute\" \/>\n<script type=\"application\/ld+json\" class=\"yoast-schema-graph\">{\"@context\":\"https:\/\/schema.org\",\"@graph\":[{\"@type\":\"WebPage\",\"@id\":\"https:\/\/www.pewag.com\/de\/digital-services\/\",\"url\":\"https:\/\/www.pewag.com\/de\/digital-services\/\",\"name\":\"Digital Services - pewag\",\"isPartOf\":{\"@id\":\"https:\/\/www.pewag.com\/#website\"},\"datePublished\":\"2024-10-18T14:02:37+00:00\",\"dateModified\":\"2025-03-26T12:03:00+00:00\",\"breadcrumb\":{\"@id\":\"https:\/\/www.pewag.com\/de\/digital-services\/#breadcrumb\"},\"inLanguage\":\"ade-DE\",\"potentialAction\":[{\"@type\":\"ReadAction\",\"target\":[\"https:\/\/www.pewag.com\/de\/digital-services\/\"]}]},{\"@type\":\"BreadcrumbList\",\"@id\":\"https:\/\/www.pewag.com\/de\/digital-services\/#breadcrumb\",\"itemListElement\":[{\"@type\":\"ListItem\",\"position\":1,\"name\":\"Home\",\"item\":\"https:\/\/www.pewag.com\/de\/\"},{\"@type\":\"ListItem\",\"position\":2,\"name\":\"Digital Services\"}]},{\"@type\":\"WebSite\",\"@id\":\"https:\/\/www.pewag.com\/#website\",\"url\":\"https:\/\/www.pewag.com\/\",\"name\":\"pewag\",\"description\":\"\",\"potentialAction\":[{\"@type\":\"SearchAction\",\"target\":{\"@type\":\"EntryPoint\",\"urlTemplate\":\"https:\/\/www.pewag.com\/?s={search_term_string}\"},\"query-input\":{\"@type\":\"PropertyValueSpecification\",\"valueRequired\":true,\"valueName\":\"search_term_string\"}}],\"inLanguage\":\"ade-DE\"}]}<\/script>\n<!-- \/ Yoast SEO plugin. -->","yoast_head_json":{"title":"Digital Services - pewag","robots":{"index":"index","follow":"follow","max-snippet":"max-snippet:-1","max-image-preview":"max-image-preview:large","max-video-preview":"max-video-preview:-1"},"canonical":"https:\/\/www.pewag.com\/de\/digital-services\/","og_locale":"de_DE","og_type":"article","og_title":"Digital Services - pewag","og_url":"https:\/\/www.pewag.com\/de\/digital-services\/","og_site_name":"pewag","article_modified_time":"2025-03-26T12:03:00+00:00","twitter_card":"summary_large_image","twitter_misc":{"Est. reading time":"1 minute"},"schema":{"@context":"https:\/\/schema.org","@graph":[{"@type":"WebPage","@id":"https:\/\/www.pewag.com\/de\/digital-services\/","url":"https:\/\/www.pewag.com\/de\/digital-services\/","name":"Digital Services - pewag","isPartOf":{"@id":"https:\/\/www.pewag.com\/#website"},"datePublished":"2024-10-18T14:02:37+00:00","dateModified":"2025-03-26T12:03:00+00:00","breadcrumb":{"@id":"https:\/\/www.pewag.com\/de\/digital-services\/#breadcrumb"},"inLanguage":"ade-DE","potentialAction":[{"@type":"ReadAction","target":["https:\/\/www.pewag.com\/de\/digital-services\/"]}]},{"@type":"BreadcrumbList","@id":"https:\/\/www.pewag.com\/de\/digital-services\/#breadcrumb","itemListElement":[{"@type":"ListItem","position":1,"name":"Home","item":"https:\/\/www.pewag.com\/de\/"},{"@type":"ListItem","position":2,"name":"Digital Services"}]},{"@type":"WebSite","@id":"https:\/\/www.pewag.com\/#website","url":"https:\/\/www.pewag.com\/","name":"pewag","description":"","potentialAction":[{"@type":"SearchAction","target":{"@type":"EntryPoint","urlTemplate":"https:\/\/www.pewag.com\/?s={search_term_string}"},"query-input":{"@type":"PropertyValueSpecification","valueRequired":true,"valueName":"search_term_string"}}],"inLanguage":"ade-DE"}]}},"_links":{"self":[{"href":"https:\/\/www.pewag.com\/de\/wp-json\/wp\/v2\/pages\/17856","targetHints":{"allow":["GET"]}}],"collection":[{"href":"https:\/\/www.pewag.com\/de\/wp-json\/wp\/v2\/pages"}],"about":[{"href":"https:\/\/www.pewag.com\/de\/wp-json\/wp\/v2\/types\/page"}],"author":[{"embeddable":true,"href":"https:\/\/www.pewag.com\/de\/wp-json\/wp\/v2\/users\/3"}],"replies":[{"embeddable":true,"href":"https:\/\/www.pewag.com\/de\/wp-json\/wp\/v2\/comments?post=17856"}],"version-history":[{"count":2,"href":"https:\/\/www.pewag.com\/de\/wp-json\/wp\/v2\/pages\/17856\/revisions"}],"predecessor-version":[{"id":17980,"href":"https:\/\/www.pewag.com\/de\/wp-json\/wp\/v2\/pages\/17856\/revisions\/17980"}],"wp:attachment":[{"href":"https:\/\/www.pewag.com\/de\/wp-json\/wp\/v2\/media?parent=17856"}],"wp:term":[{"taxonomy":"content-type","embeddable":true,"href":"https:\/\/www.pewag.com\/de\/wp-json\/wp\/v2\/content-types?post=17856"}],"curies":[{"name":"wp","href":"https:\/\/api.w.org\/{rel}","templated":true}]}}