{"id":9897,"date":"2024-11-28T13:20:25","date_gmt":"2024-11-28T12:20:25","guid":{"rendered":"https:\/\/www.pewag.com\/?page_id=9897"},"modified":"2025-05-02T09:53:33","modified_gmt":"2025-05-02T07:53:33","slug":"pracovni-nabidky","status":"publish","type":"page","link":"https:\/\/www.pewag.com\/cz\/pracovni-nabidky\/","title":{"rendered":"Pracovn\u00ed nab\u00eddky"},"content":{"rendered":"<div\n\tclass=\"scroll-my-24 bg-blue-900 wrapper-full mt-0 mb-0 pt-20 max-sm:pt-16 pb-0 w-full\"\n\t>\n\t<div class=\"grid md:grid-rows-1 md:grid-cols-[minmax(min-content,1fr)_1fr_1fr]\">\n\t<div class=\"px-4 md:px-10 pb-12 md:pb-24 grid md:flex md:flex-col grid-rows-1 grid-cols-4 order-2 md:order-none justify-end items-start\">\n\t\t<div class='text-md\/5 flex items-baseline gap-1.5 [&amp;&gt;*:nth-child(n+3)]:truncate text-gray-300 mb-4 md:mb-auto md:mt-4 col-span-4'><a href='https:\/\/www.pewag.com\/cz\/' aria-label='Home link'>\n\t\t\t<svg xmlns='http:\/\/www.w3.org\/2000\/svg' width='12' height='12' viewBox='0 0 12 12' fill='none'><path d='M2 10.667h2v-4h4v4h2v-6l-4-3-4 3v6ZM.667 12V4L6 0l5.333 4v8H6.667V8H5.333v4H.667Z' fill='currentColor'\/><\/svg> <span><a href=\" https:\/\/www.pewag.com\/cz\/ \">Home<\/a><\/span>\n\t\t<\/a><\/div><p class=\"font-sans [&amp;&gt;a]:underline font-synthesis-none break-words hyphens-auto text-3xl md:text-4xl lg:text-5xl leading-normal md:mb-2 col-start-1 col-span-3 text-blue-500\">\n\tPRACOVN\u00cd NAB\u00cdDKY<\/p><h2\tdata-slug=\"xn-nai-zamstnanci-jsou-zkladem-naeho-spchu-qgd25h12b5a651a4a\"\n\tclass=\"font-display text-balance font-synthesis-none scroll-m-20 break-words hyphens-auto text-9xl md:text-10xl lg:text-11xl leading-none col-start-1 col-span-3 text-white\"\n>\n\tNa\u0161i zam\u011bstnanci jsou z\u00e1kladem na\u0161eho \u00fasp\u011bchu.<\/h2>\t<\/div>\n\t<picture\n\t\t\tclass=\"md:col-start-2 md:col-span-2 mb-5 md:mb-0\"\n\t>\n\t\t\t\t\t\t\t\n\t<img\n\t\tsrc=\"https:\/\/www.pewag.com\/wp-content\/uploads\/2024\/12\/Social-Responsibility-and-Corporate-Ethics-at-pewag-scaled-1.jpg\"\n\t\talt=\"\"\n\t\tclass=\"object-cover object-center !aspect-square lg:h-[90vh] lg:w-full object-cover\"\n\t\/>\n<\/picture><\/div><\/div>\n\n<div\n\tclass=\"scroll-my-24 wrapper-contained mt-0 mb-4 pt-0 pb-0 w-full\"\n\t>\n\t<div\n\tclass=\"scroll-my-24 mt-0 mb-4 pt-16 pb-0 w-full\"\n\t\t\tid=\"offene-stellen\"\n\t>\n\t<h2\tdata-slug=\"xn-voln-pracovn-msta-9ob0vc\"\n\tclass=\"font-display text-balance font-synthesis-none scroll-m-20 break-words hyphens-auto text-3xl md:text-4xl lg:text-5xl leading-normal text-start text-blue-900 [&amp;&gt;a]:text-blue-700\"\n>\n\tVoln\u00e1 pracovn\u00ed m\u00edsta<\/h2><\/div>\n\n<div\n\tclass=\"scroll-my-24 mt-0 mb-4 pt-0 pb-0 w-full\"\n\t>\n\t<div class=\"flex flex-col flex-wrap justify-center\">\n\t<h3\tdata-slug=\"vamberk\"\n\tclass=\"font-display text-balance font-synthesis-none scroll-m-20 break-words hyphens-auto text-xl md:text-2xl lg:text-lg leading-normal text-blue-900 mt-8 mb-4\"\n>\n\tVamberk<\/h3><a\thref=\"https:\/\/www.pewag.com\/cz\/job\/elektrikar-udrzby-a-automatizace-z-m-pewag-s-r-o\/\"class=\"font-sans transition duration-300 flex w-fit items-center focus-visible:ring focus:outline-none text-lg disabled:cursor-default [&amp;&gt;svg]:flex-none max-w-full leading-tight cursor-pointer [&amp;&gt;svg]:size-6 gap-3 text-left button mb-4\">\n\t\t\t<span class=\"min-w-0 break-words hyphens-auto\">ELEKTRIK\u00c1\u0158 \u00daDR\u017dBY A AUTOMATIZACE (\u017e\/m) &#8211; pewag s.r.o.<\/span>\n\t\n\t<\/a><a\thref=\"https:\/\/www.pewag.com\/cz\/job\/production-engineer-z-m-pewag-s-r-o\/\"class=\"font-sans transition duration-300 flex w-fit items-center focus-visible:ring focus:outline-none text-lg disabled:cursor-default [&amp;&gt;svg]:flex-none max-w-full leading-tight cursor-pointer [&amp;&gt;svg]:size-6 gap-3 text-left button mb-4\">\n\t\t\t<span class=\"min-w-0 break-words hyphens-auto\">PRODUCTION ENGINEER (\u017e\/m) &#8211; pewag s.r.o.<\/span>\n\t\n\t<\/a><a\thref=\"https:\/\/www.pewag.com\/cz\/job\/mechanik-z-m-pewag-s-r-o\/\"class=\"font-sans transition duration-300 flex w-fit items-center focus-visible:ring focus:outline-none text-lg disabled:cursor-default [&amp;&gt;svg]:flex-none max-w-full leading-tight cursor-pointer [&amp;&gt;svg]:size-6 gap-3 text-left button mb-4\">\n\t\t\t<span class=\"min-w-0 break-words hyphens-auto\">MECHANIK (\u017e\/m) &#8211; pewag s.r.o.<\/span>\n\t\n\t<\/a><a\thref=\"https:\/\/www.pewag.com\/cz\/job\/skladnik-predak-z-m-pewag-s-r-o\/\"class=\"font-sans transition duration-300 flex w-fit items-center focus-visible:ring focus:outline-none text-lg disabled:cursor-default [&amp;&gt;svg]:flex-none max-w-full leading-tight cursor-pointer [&amp;&gt;svg]:size-6 gap-3 text-left button mb-4\">\n\t\t\t<span class=\"min-w-0 break-words hyphens-auto\">SKLADN\u00cdK &#8211; P\u0158ED\u00c1K (\u017e\/m) &#8211; pewag s.r.o.<\/span>\n\t\n\t<\/a><a\thref=\"https:\/\/www.pewag.com\/cz\/job\/udrzbar-frezar-soustruznik-z-m-pewag-s-r-o\/\"class=\"font-sans transition duration-300 flex w-fit items-center focus-visible:ring focus:outline-none text-lg disabled:cursor-default [&amp;&gt;svg]:flex-none max-w-full leading-tight cursor-pointer [&amp;&gt;svg]:size-6 gap-3 text-left button mb-4\">\n\t\t\t<span class=\"min-w-0 break-words hyphens-auto\">\u00daDR\u017dB\u00c1\u0158 &#8211; FR\u00c9ZA\u0158\/SOUSTRU\u017dN\u00cdK (\u017e\/m) &#8211; pewag s.r.o.<\/span>\n\t\n\t<\/a><a\thref=\"https:\/\/www.pewag.com\/cz\/job\/planovac-vyroby-z-m-pewag-s-r-o\/\"class=\"font-sans transition duration-300 flex w-fit items-center focus-visible:ring focus:outline-none text-lg disabled:cursor-default [&amp;&gt;svg]:flex-none max-w-full leading-tight cursor-pointer [&amp;&gt;svg]:size-6 gap-3 text-left button mb-4\">\n\t\t\t<span class=\"min-w-0 break-words hyphens-auto\">PL\u00c1NOVA\u010c V\u00ddROBY (\u017e\/m) &#8211; pewag s.r.o.<\/span>\n\t\n\t<\/a><a\thref=\"https:\/\/www.pewag.com\/cz\/job\/obsluha-vyrobni-linky-z-m-pewag-s-r-o\/\"class=\"font-sans transition duration-300 flex w-fit items-center focus-visible:ring focus:outline-none text-lg disabled:cursor-default [&amp;&gt;svg]:flex-none max-w-full leading-tight cursor-pointer [&amp;&gt;svg]:size-6 gap-3 text-left button mb-4\">\n\t\t\t<span class=\"min-w-0 break-words hyphens-auto\">OBSLUHA V\u00ddROBN\u00cd LINKY\/OPER\u00c1TOR V\u00ddROBY (\u017e\/m) &#8211; pewag s.r.o.<\/span>\n\t\n\t<\/a><a\thref=\"https:\/\/www.pewag.com\/cz\/job\/serizovac-cnc-stroju-a-robotickych-pracovist-z-m-pewag-s-r-o\/\"class=\"font-sans transition duration-300 flex w-fit items-center focus-visible:ring focus:outline-none text-lg disabled:cursor-default [&amp;&gt;svg]:flex-none max-w-full leading-tight cursor-pointer [&amp;&gt;svg]:size-6 gap-3 text-left button mb-4\">\n\t\t\t<span class=\"min-w-0 break-words hyphens-auto\">SE\u0158IZOVA\u010c CNC STROJ\u016e A ROBOTICK\u00ddCH PRACOVI\u0160\u0164 (\u017e\/m) &#8211; pewag s.r.o.<\/span>\n\t\n\t<\/a><a\thref=\"https:\/\/www.pewag.com\/cz\/job\/vedouci-vyroby-senior-z-m\/\"class=\"font-sans transition duration-300 flex w-fit items-center focus-visible:ring focus:outline-none text-lg disabled:cursor-default [&amp;&gt;svg]:flex-none max-w-full leading-tight cursor-pointer [&amp;&gt;svg]:size-6 gap-3 text-left button mb-4\">\n\t\t\t<span class=\"min-w-0 break-words hyphens-auto\">VEDOUC\u00cd V\u00ddROBY &#8211; Senior (\u017e\/m) &#8211; pewag s.r.o.<\/span>\n\t\n\t<\/a><h3\tdata-slug=\"xn-esk-tebov-21ag13c75a\"\n\tclass=\"font-display text-balance font-synthesis-none scroll-m-20 break-words hyphens-auto text-xl md:text-2xl lg:text-lg leading-normal text-blue-900 mt-8 mb-4\"\n>\n\t\u010cesk\u00e1 T\u0159ebov\u00e1<\/h3><a\thref=\"https:\/\/www.pewag.com\/cz\/job\/manipulant-z-m-retezarna-ceska-trebova-s-r-o-2\/\"class=\"font-sans transition duration-300 flex w-fit items-center focus-visible:ring focus:outline-none text-lg disabled:cursor-default [&amp;&gt;svg]:flex-none max-w-full leading-tight cursor-pointer [&amp;&gt;svg]:size-6 gap-3 text-left button mb-4\">\n\t\t\t<span class=\"min-w-0 break-words hyphens-auto\">MONT\u00c1\u017dN\u00cd D\u011aLN\u00cdK (\u017e\/m) &#8211; \u0158et\u011bz\u00e1rna \u010cesk\u00e1 T\u0159ebov\u00e1 s.r.o.<\/span>\n\t\n\t<\/a><\/div><\/div><\/div>\n\n<div\n\tclass=\"scroll-my-24 bg-gray-50 wrapper-contained-wide mt-20 mb-0 pt-16 pb-20 w-full\"\n\t>\n\t<div class=\"flex flex-col flex-wrap justify-center max-w-2xl px-4 py-8 mx-auto gap-y-5 items-center text-center text-blue-900\">\n\t<p class=\"font-sans [&amp;&gt;a]:underline font-synthesis-none break-words hyphens-auto text-xl md:text-2xl leading-normal\">\n\tPokud nenajdete vhodn\u00e9 voln\u00e9 pracovn\u00ed m\u00edsto, i p\u0159esto se budeme t\u011b\u0161it na zasl\u00e1n\u00ed Va\u0161eho \u017eivotopisu.<\/p><a\thref=\"https:\/\/www.pewag.com\/cz\/prihlaska\/\"class=\"font-sans transition duration-300 flex w-fit items-center focus-visible:ring focus:outline-none text-lg disabled:cursor-default [&amp;&gt;svg]:flex-none max-w-full px-8 border [&amp;&gt;svg]:size-5 gap-2 py-2 rounded-full text-white bg-red-700 border-red-700 hover:bg-red-800 hover:border-red-800 disabled:bg-gray-300 disabled:border-gray-300 focus-visible:ring-red-500\/30 button mt-2\">\n\t\t\t<span class=\"min-w-0 break-words hyphens-auto\">Poslat \u017e\u00e1dost<\/span>\n\t\n\t<\/a><\/div><\/div>","protected":false},"excerpt":{"rendered":"","protected":false},"author":12,"featured_media":0,"parent":0,"menu_order":0,"comment_status":"closed","ping_status":"closed","template":"","meta":{"pewag_navigation_theme_dark_use":true,"footnotes":""},"content-types":[],"class_list":["post-9897","page","type-page","status-publish","hentry"],"yoast_head":"<!-- This site is optimized with the Yoast SEO plugin v27.2 - https:\/\/yoast.com\/product\/yoast-seo-wordpress\/ -->\n<title>Pracovn\u00ed nab\u00eddky - pewag<\/title>\n<meta name=\"robots\" content=\"index, follow, max-snippet:-1, max-image-preview:large, max-video-preview:-1\" \/>\n<link rel=\"canonical\" href=\"https:\/\/www.pewag.com\/cz\/pracovni-nabidky\/\" \/>\n<meta property=\"og:locale\" content=\"cs_CZ\" \/>\n<meta property=\"og:type\" content=\"article\" \/>\n<meta property=\"og:title\" content=\"Pracovn\u00ed nab\u00eddky - pewag\" \/>\n<meta property=\"og:url\" content=\"https:\/\/www.pewag.com\/cz\/pracovni-nabidky\/\" \/>\n<meta property=\"og:site_name\" content=\"pewag\" \/>\n<meta property=\"article:modified_time\" content=\"2025-05-02T07:53:33+00:00\" \/>\n<meta name=\"twitter:card\" content=\"summary_large_image\" \/>\n<meta name=\"twitter:label1\" content=\"Est. reading time\" \/>\n\t<meta name=\"twitter:data1\" content=\"1 minute\" \/>\n<script type=\"application\/ld+json\" class=\"yoast-schema-graph\">{\"@context\":\"https:\/\/schema.org\",\"@graph\":[{\"@type\":\"WebPage\",\"@id\":\"https:\/\/www.pewag.com\/cz\/pracovni-nabidky\/\",\"url\":\"https:\/\/www.pewag.com\/cz\/pracovni-nabidky\/\",\"name\":\"Pracovn\u00ed nab\u00eddky - pewag\",\"isPartOf\":{\"@id\":\"https:\/\/www.pewag.com\/#website\"},\"datePublished\":\"2024-11-28T12:20:25+00:00\",\"dateModified\":\"2025-05-02T07:53:33+00:00\",\"breadcrumb\":{\"@id\":\"https:\/\/www.pewag.com\/cz\/pracovni-nabidky\/#breadcrumb\"},\"inLanguage\":\"pe-CZ\",\"potentialAction\":[{\"@type\":\"ReadAction\",\"target\":[\"https:\/\/www.pewag.com\/cz\/pracovni-nabidky\/\"]}]},{\"@type\":\"BreadcrumbList\",\"@id\":\"https:\/\/www.pewag.com\/cz\/pracovni-nabidky\/#breadcrumb\",\"itemListElement\":[{\"@type\":\"ListItem\",\"position\":1,\"name\":\"Home\",\"item\":\"https:\/\/www.pewag.com\/cz\/\"},{\"@type\":\"ListItem\",\"position\":2,\"name\":\"Pracovn\u00ed nab\u00eddky\"}]},{\"@type\":\"WebSite\",\"@id\":\"https:\/\/www.pewag.com\/#website\",\"url\":\"https:\/\/www.pewag.com\/\",\"name\":\"pewag\",\"description\":\"\",\"potentialAction\":[{\"@type\":\"SearchAction\",\"target\":{\"@type\":\"EntryPoint\",\"urlTemplate\":\"https:\/\/www.pewag.com\/?s={search_term_string}\"},\"query-input\":{\"@type\":\"PropertyValueSpecification\",\"valueRequired\":true,\"valueName\":\"search_term_string\"}}],\"inLanguage\":\"pe-CZ\"}]}<\/script>\n<!-- \/ Yoast SEO plugin. -->","yoast_head_json":{"title":"Pracovn\u00ed nab\u00eddky - pewag","robots":{"index":"index","follow":"follow","max-snippet":"max-snippet:-1","max-image-preview":"max-image-preview:large","max-video-preview":"max-video-preview:-1"},"canonical":"https:\/\/www.pewag.com\/cz\/pracovni-nabidky\/","og_locale":"cs_CZ","og_type":"article","og_title":"Pracovn\u00ed nab\u00eddky - pewag","og_url":"https:\/\/www.pewag.com\/cz\/pracovni-nabidky\/","og_site_name":"pewag","article_modified_time":"2025-05-02T07:53:33+00:00","twitter_card":"summary_large_image","twitter_misc":{"Est. reading time":"1 minute"},"schema":{"@context":"https:\/\/schema.org","@graph":[{"@type":"WebPage","@id":"https:\/\/www.pewag.com\/cz\/pracovni-nabidky\/","url":"https:\/\/www.pewag.com\/cz\/pracovni-nabidky\/","name":"Pracovn\u00ed nab\u00eddky - pewag","isPartOf":{"@id":"https:\/\/www.pewag.com\/#website"},"datePublished":"2024-11-28T12:20:25+00:00","dateModified":"2025-05-02T07:53:33+00:00","breadcrumb":{"@id":"https:\/\/www.pewag.com\/cz\/pracovni-nabidky\/#breadcrumb"},"inLanguage":"pe-CZ","potentialAction":[{"@type":"ReadAction","target":["https:\/\/www.pewag.com\/cz\/pracovni-nabidky\/"]}]},{"@type":"BreadcrumbList","@id":"https:\/\/www.pewag.com\/cz\/pracovni-nabidky\/#breadcrumb","itemListElement":[{"@type":"ListItem","position":1,"name":"Home","item":"https:\/\/www.pewag.com\/cz\/"},{"@type":"ListItem","position":2,"name":"Pracovn\u00ed nab\u00eddky"}]},{"@type":"WebSite","@id":"https:\/\/www.pewag.com\/#website","url":"https:\/\/www.pewag.com\/","name":"pewag","description":"","potentialAction":[{"@type":"SearchAction","target":{"@type":"EntryPoint","urlTemplate":"https:\/\/www.pewag.com\/?s={search_term_string}"},"query-input":{"@type":"PropertyValueSpecification","valueRequired":true,"valueName":"search_term_string"}}],"inLanguage":"pe-CZ"}]}},"_links":{"self":[{"href":"https:\/\/www.pewag.com\/cz\/wp-json\/wp\/v2\/pages\/9897","targetHints":{"allow":["GET"]}}],"collection":[{"href":"https:\/\/www.pewag.com\/cz\/wp-json\/wp\/v2\/pages"}],"about":[{"href":"https:\/\/www.pewag.com\/cz\/wp-json\/wp\/v2\/types\/page"}],"author":[{"embeddable":true,"href":"https:\/\/www.pewag.com\/cz\/wp-json\/wp\/v2\/users\/12"}],"replies":[{"embeddable":true,"href":"https:\/\/www.pewag.com\/cz\/wp-json\/wp\/v2\/comments?post=9897"}],"version-history":[{"count":6,"href":"https:\/\/www.pewag.com\/cz\/wp-json\/wp\/v2\/pages\/9897\/revisions"}],"predecessor-version":[{"id":19283,"href":"https:\/\/www.pewag.com\/cz\/wp-json\/wp\/v2\/pages\/9897\/revisions\/19283"}],"wp:attachment":[{"href":"https:\/\/www.pewag.com\/cz\/wp-json\/wp\/v2\/media?parent=9897"}],"wp:term":[{"taxonomy":"content-type","embeddable":true,"href":"https:\/\/www.pewag.com\/cz\/wp-json\/wp\/v2\/content-types?post=9897"}],"curies":[{"name":"wp","href":"https:\/\/api.w.org\/{rel}","templated":true}]}}