{"id":9804,"date":"2024-09-17T14:30:33","date_gmt":"2024-09-17T12:30:33","guid":{"rendered":"https:\/\/www.pewag.com\/?page_id=9804"},"modified":"2025-01-20T15:38:52","modified_gmt":"2025-01-20T14:38:52","slug":"prohlaseni-o-ochrane-osobnich-udaju","status":"publish","type":"page","link":"https:\/\/www.pewag.com\/cz\/prohlaseni-o-ochrane-osobnich-udaju\/","title":{"rendered":"Prohl\u00e1\u0161en\u00ed o ochran\u011b osobn\u00edch \u00fadaj\u016f"},"content":{"rendered":"<div\n\tclass=\"scroll-my-24 wrapper-contained mt-0 mb-4 pt-0 pb-0 w-full\"\n\t>\n\t<h2\tdata-slug=\"\"\n\tclass=\"font-display text-balance font-synthesis-none scroll-m-20 break-words hyphens-auto text-6xl md:text-7xl leading-tight text-start text-black [&amp;&gt;a]:text-blue-700\"\n>\n\t<br><br><br><br>Prohl\u00e1\u0161en\u00ed o ochran\u011b osobn\u00edch \u00fadaj\u016f<\/h2><\/div>\n\n<div\n\tclass=\"scroll-my-24 wrapper-contained mt-0 mb-4 pt-0 pb-0 w-full\"\n\t>\n\t<p class=\"font-sans [&amp;&gt;a]:underline font-synthesis-none break-words hyphens-auto text-base leading-normal text-start text-black [&amp;&gt;a]:text-blue-700\">\n\tCopyright \u00a9 by pewag International GmbH.<br>V\u0161echna pr\u00e1va vyhrazena, celosv\u011btov\u011b.<br><\/p><\/div>\n\n<div\n\tclass=\"scroll-my-24 wrapper-contained mt-0 mb-4 pt-0 pb-0 w-full\"\n\t>\n\t<p class=\"font-sans [&amp;&gt;a]:underline font-synthesis-none break-words hyphens-auto text-base leading-normal text-start text-black [&amp;&gt;a]:text-blue-700\">\n\t<a href=\"https:\/\/www.pewag.com\/cz\/otisk\">Otisk<\/a><\/p><\/div>\n\n<div\n\tclass=\"scroll-my-24 wrapper-contained mt-0 mb-4 pt-0 pb-0 w-full\"\n\t>\n\t<p class=\"font-sans [&amp;&gt;a]:underline font-synthesis-none break-words hyphens-auto text-base leading-normal text-start text-black [&amp;&gt;a]:text-blue-700\">\n\tOzn\u00e1men\u00ed o ochran\u011b osobn\u00edch \u00fadaj\u016f<\/p><\/div>\n\n<div\n\tclass=\"scroll-my-24 wrapper-contained mt-0 mb-4 pt-0 pb-0 w-full\"\n\t>\n\t<p class=\"font-sans [&amp;&gt;a]:underline font-synthesis-none break-words hyphens-auto text-base leading-normal text-start text-black [&amp;&gt;a]:text-blue-700\">\n\tTyto webov\u00e9 str\u00e1nky spravuje spole\u010dnost pewag International GmbH, Gaslaternenweg 4, 8041 Graz (\u201emy\u201c nebo \u201en\u00e1s\u201c). Toto ozn\u00e1men\u00ed popisuje, jak my jako spr\u00e1vce zpracov\u00e1v\u00e1me va\u0161e osobn\u00ed \u00fadaje v souvislosti s t\u011bmito webov\u00fdmi str\u00e1nkami.<\/p><\/div>\n\n<div\n\tclass=\"scroll-my-24 wrapper-contained mt-0 mb-4 pt-0 pb-0 w-full\"\n\t>\n\t<\/div>\n\n<div\n\tclass=\"scroll-my-24 wrapper-contained mt-0 mb-4 pt-0 pb-0 w-full\"\n\t>\n\t<p class=\"font-sans [&amp;&gt;a]:underline font-synthesis-none break-words hyphens-auto text-base leading-normal text-start text-black [&amp;&gt;a]:text-blue-700\">\n\t<strong>1. Jak\u00e9 \u00fadaje, kter\u00e9 se v\u00e1s t\u00fdkaj\u00ed, zpracov\u00e1v\u00e1me?<\/strong><\/p><\/div>\n\n<div\n\tclass=\"scroll-my-24 wrapper-contained mt-0 mb-4 pt-0 pb-0 w-full\"\n\t>\n\t<p class=\"font-sans [&amp;&gt;a]:underline font-synthesis-none break-words hyphens-auto text-base leading-normal text-start text-black [&amp;&gt;a]:text-blue-700\">\n\tV pr\u016fb\u011bhu va\u0161\u00ed n\u00e1v\u0161t\u011bvy t\u011bchto webov\u00fdch str\u00e1nek budeme shroma\u017e\u010fovat n\u00e1sleduj\u00edc\u00ed informace:<\/p><\/div>\n\n<div\n\tclass=\"scroll-my-24 wrapper-contained mt-0 mb-4 pt-0 pb-0 w-full\"\n\t>\n\t<p class=\"font-sans [&amp;&gt;a]:underline font-synthesis-none break-words hyphens-auto text-base leading-normal text-start text-black [&amp;&gt;a]:text-blue-700\">\n\tdatum a \u010das p\u0159\u00edstupu<\/p><\/div>\n\n<div\n\tclass=\"scroll-my-24 wrapper-contained mt-0 mb-4 pt-0 pb-0 w-full\"\n\t>\n\t<p class=\"font-sans [&amp;&gt;a]:underline font-synthesis-none break-words hyphens-auto text-base leading-normal text-start text-black [&amp;&gt;a]:text-blue-700\">\n\tva\u0161i IP adresu<\/p><\/div>\n\n<div\n\tclass=\"scroll-my-24 wrapper-contained mt-0 mb-4 pt-0 pb-0 w-full\"\n\t>\n\t<p class=\"font-sans [&amp;&gt;a]:underline font-synthesis-none break-words hyphens-auto text-base leading-normal text-start text-black [&amp;&gt;a]:text-blue-700\">\n\tn\u00e1zev a verzi prohl\u00ed\u017ee\u010de<\/p><\/div>\n\n<div\n\tclass=\"scroll-my-24 wrapper-contained mt-0 mb-4 pt-0 pb-0 w-full\"\n\t>\n\t<p class=\"font-sans [&amp;&gt;a]:underline font-synthesis-none break-words hyphens-auto text-base leading-normal text-start text-black [&amp;&gt;a]:text-blue-700\">\n\tadresu URL webov\u00e9 str\u00e1nky, kterou jste nav\u0161t\u00edvili p\u0159edt\u00edm<\/p><\/div>\n\n<div\n\tclass=\"scroll-my-24 wrapper-contained mt-0 mb-4 pt-0 pb-0 w-full\"\n\t>\n\t<p class=\"font-sans [&amp;&gt;a]:underline font-synthesis-none break-words hyphens-auto text-base leading-normal text-start text-black [&amp;&gt;a]:text-blue-700\">\n\tsoubory cookie (viz odd\u00edl 2 n\u00ed\u017ee)<\/p><\/div>\n\n<div\n\tclass=\"scroll-my-24 wrapper-contained mt-0 mb-4 pt-0 pb-0 w-full\"\n\t>\n\t<p class=\"font-sans [&amp;&gt;a]:underline font-synthesis-none break-words hyphens-auto text-base leading-normal text-start text-black [&amp;&gt;a]:text-blue-700\">\n\tinformace, kter\u00e9 poskytnete prost\u0159ednictv\u00edm kontaktn\u00edch formul\u00e1\u0159\u016f nebo p\u0159i registraci v na\u0161em internetov\u00e9m obchod\u011b.<\/p><\/div>\n\n<div\n\tclass=\"scroll-my-24 wrapper-contained mt-0 mb-4 pt-0 pb-0 w-full\"\n\t>\n\t<p class=\"font-sans [&amp;&gt;a]:underline font-synthesis-none break-words hyphens-auto text-base leading-normal text-start text-black [&amp;&gt;a]:text-blue-700\">\n\tPoskytnut\u00ed po\u017eadovan\u00fdch \u00fadaj\u016f je dobrovoln\u00e9, nicm\u00e9n\u011b jejich neposkytnut\u00ed m\u016f\u017ee omezit va\u0161i mo\u017enost p\u0159\u00edstupu k n\u011bkter\u00fdm funkc\u00edm webov\u00fdch str\u00e1nek.<\/p><\/div>\n\n<div\n\tclass=\"scroll-my-24 wrapper-contained mt-0 mb-4 pt-0 pb-0 w-full\"\n\t>\n\t<p class=\"font-sans [&amp;&gt;a]:underline font-synthesis-none break-words hyphens-auto text-base leading-normal text-start text-black [&amp;&gt;a]:text-blue-700\">\n\t<strong>2. Soubory cookie<\/strong><\/p><\/div>\n\n<div\n\tclass=\"scroll-my-24 wrapper-contained mt-0 mb-4 pt-0 pb-0 w-full\"\n\t>\n\t<p class=\"font-sans [&amp;&gt;a]:underline font-synthesis-none break-words hyphens-auto text-base leading-normal text-start text-black [&amp;&gt;a]:text-blue-700\">\n\tSoubory cookie pou\u017e\u00edv\u00e1me k vylep\u0161en\u00ed va\u0161ich zku\u0161enost\u00ed na na\u0161ich webov\u00fdch str\u00e1nk\u00e1ch. Soubor cookie je mal\u00fd textov\u00fd soubor ulo\u017een\u00fd ve va\u0161em po\u010d\u00edta\u010di. Tyto soubory cookie pom\u00e1haj\u00ed usnadnit navigaci po webov\u00fdch str\u00e1nk\u00e1ch, pamatuj\u00ed si, kde jste skon\u010dili, a ukl\u00e1daj\u00ed p\u0159edvolby pro budouc\u00ed n\u00e1v\u0161t\u011bvy. Soubory cookie nemohou p\u0159istupovat k \u017e\u00e1dn\u00fdm \u00fadaj\u016fm ve va\u0161em za\u0159\u00edzen\u00ed ani je m\u011bnit.<\/p><\/div>\n\n<div\n\tclass=\"scroll-my-24 wrapper-contained mt-0 mb-4 pt-0 pb-0 w-full\"\n\t>\n\t<p class=\"font-sans [&amp;&gt;a]:underline font-synthesis-none break-words hyphens-auto text-base leading-normal text-start text-black [&amp;&gt;a]:text-blue-700\">\n\tV\u011bt\u0161ina soubor\u016f cookie jsou soubory cookie relace a jsou smaz\u00e1ny, jakmile opust\u00edte na\u0161e webov\u00e9 str\u00e1nky.<\/p><\/div>\n\n<div\n\tclass=\"scroll-my-24 wrapper-contained mt-0 mb-4 pt-0 pb-0 w-full\"\n\t>\n\t<p class=\"font-sans [&amp;&gt;a]:underline font-synthesis-none break-words hyphens-auto text-base leading-normal text-start text-black [&amp;&gt;a]:text-blue-700\">\n\tTrval\u00e9 soubory cookie z\u016fst\u00e1vaj\u00ed ve va\u0161em prohl\u00ed\u017ee\u010di, dokud je ru\u010dn\u011b nesma\u017eete, a pom\u00e1haj\u00ed n\u00e1m rozpoznat v\u00e1s p\u0159i dal\u0161\u00edch n\u00e1v\u0161t\u011bv\u00e1ch.<\/p><\/div>\n\n<div\n\tclass=\"scroll-my-24 wrapper-contained mt-0 mb-4 pt-0 pb-0 w-full\"\n\t>\n\t<p class=\"font-sans [&amp;&gt;a]:underline font-synthesis-none break-words hyphens-auto text-base leading-normal text-start text-black [&amp;&gt;a]:text-blue-700\">\n\tChcete-li spravovat soubory cookie, upravte nastaven\u00ed prohl\u00ed\u017ee\u010de tak, aby p\u0159ij\u00edmal ozn\u00e1men\u00ed, blokoval nebo odstra\u0148oval soubory cookie. Upozor\u0148ujeme, \u017ee zak\u00e1z\u00e1n\u00ed soubor\u016f cookie m\u016f\u017ee ovlivnit v\u00e1\u0161 online z\u00e1\u017eitek a omezit funk\u010dnost webov\u00fdch str\u00e1nek.<\/p><\/div>\n\n<div\n\tclass=\"scroll-my-24 wrapper-contained mt-0 mb-4 pt-0 pb-0 w-full\"\n\t>\n\t<p class=\"font-sans [&amp;&gt;a]:underline font-synthesis-none break-words hyphens-auto text-base leading-normal text-start text-black [&amp;&gt;a]:text-blue-700\">\n\tPou\u017e\u00edv\u00e1me n\u00e1sleduj\u00edc\u00ed typy soubor\u016f cookie:<\/p><\/div>\n\n<div\n\tclass=\"scroll-my-24 wrapper-contained mt-0 mb-4 pt-0 pb-0 w-full\"\n\t>\n\t<p class=\"font-sans [&amp;&gt;a]:underline font-synthesis-none break-words hyphens-auto text-base leading-normal text-start text-black [&amp;&gt;a]:text-blue-700\">\n\tNezbytn\u00e9 soubory cookie<\/p><\/div>\n\n<div\n\tclass=\"scroll-my-24 wrapper-contained mt-0 mb-4 pt-0 pb-0 w-full\"\n\t>\n\t<p class=\"font-sans [&amp;&gt;a]:underline font-synthesis-none break-words hyphens-auto text-base leading-normal text-start text-black [&amp;&gt;a]:text-blue-700\">\n\tAnalytick\u00e9 soubory cookie<\/p><\/div>\n\n<div\n\tclass=\"scroll-my-24 wrapper-contained mt-0 mb-4 pt-0 pb-0 w-full\"\n\t>\n\t<p class=\"font-sans [&amp;&gt;a]:underline font-synthesis-none break-words hyphens-auto text-base leading-normal text-start text-black [&amp;&gt;a]:text-blue-700\">\n\tMarketingov\u00e9 soubory cookie<\/p><\/div>\n\n<div\n\tclass=\"scroll-my-24 wrapper-contained mt-0 mb-4 pt-0 pb-0 w-full\"\n\t>\n\t<p class=\"font-sans [&amp;&gt;a]:underline font-synthesis-none break-words hyphens-auto text-base leading-normal text-start text-black [&amp;&gt;a]:text-blue-700\">\n\t<strong>3. \u00da\u010del zpracov\u00e1n\u00ed \u00fadaj\u016f<\/strong><\/p><\/div>\n\n<div\n\tclass=\"scroll-my-24 wrapper-contained mt-0 mb-4 pt-0 pb-0 w-full\"\n\t>\n\t<p class=\"font-sans [&amp;&gt;a]:underline font-synthesis-none break-words hyphens-auto text-base leading-normal text-start text-black [&amp;&gt;a]:text-blue-700\">\n\tVa\u0161e osobn\u00ed \u00fadaje jsou zpracov\u00e1v\u00e1ny pro n\u00e1sleduj\u00edc\u00ed \u00fa\u010dely:<\/p><\/div>\n\n<div\n\tclass=\"scroll-my-24 wrapper-contained mt-0 mb-4 pt-0 pb-0 w-full\"\n\t>\n\t<p class=\"font-sans [&amp;&gt;a]:underline font-synthesis-none break-words hyphens-auto text-base leading-normal text-start text-black [&amp;&gt;a]:text-blue-700\">\n\tPoskytov\u00e1n\u00ed, zlep\u0161ov\u00e1n\u00ed a dal\u0161\u00ed rozvoj na\u0161ich webov\u00fdch str\u00e1nek<\/p><\/div>\n\n<div\n\tclass=\"scroll-my-24 wrapper-contained mt-0 mb-4 pt-0 pb-0 w-full\"\n\t>\n\t<p class=\"font-sans [&amp;&gt;a]:underline font-synthesis-none break-words hyphens-auto text-base leading-normal text-start text-black [&amp;&gt;a]:text-blue-700\">\n\tShroma\u017e\u010fov\u00e1n\u00ed statistik o pou\u017e\u00edv\u00e1n\u00ed<\/p><\/div>\n\n<div\n\tclass=\"scroll-my-24 wrapper-contained mt-0 mb-4 pt-0 pb-0 w-full\"\n\t>\n\t<p class=\"font-sans [&amp;&gt;a]:underline font-synthesis-none break-words hyphens-auto text-base leading-normal text-start text-black [&amp;&gt;a]:text-blue-700\">\n\tZji\u0161\u0165ov\u00e1n\u00ed, prevence a vy\u0161et\u0159ov\u00e1n\u00ed poru\u0161en\u00ed webov\u00fdch str\u00e1nek<\/p><\/div>\n\n<div\n\tclass=\"scroll-my-24 wrapper-contained mt-0 mb-4 pt-0 pb-0 w-full\"\n\t>\n\t<p class=\"font-sans [&amp;&gt;a]:underline font-synthesis-none break-words hyphens-auto text-base leading-normal text-start text-black [&amp;&gt;a]:text-blue-700\">\n\tReagov\u00e1n\u00ed na va\u0161e dotazy<\/p><\/div>\n\n<div\n\tclass=\"scroll-my-24 wrapper-contained mt-0 mb-4 pt-0 pb-0 w-full\"\n\t>\n\t<p class=\"font-sans [&amp;&gt;a]:underline font-synthesis-none break-words hyphens-auto text-base leading-normal text-start text-black [&amp;&gt;a]:text-blue-700\">\n\tIdentifikace v\u00e1s jako prohl\u00ed\u017ee\u010de nebo z\u00e1kazn\u00edka v na\u0161em internetov\u00e9m obchod\u011b<\/p><\/div>\n\n<div\n\tclass=\"scroll-my-24 wrapper-contained mt-0 mb-4 pt-0 pb-0 w-full\"\n\t>\n\t<p class=\"font-sans [&amp;&gt;a]:underline font-synthesis-none break-words hyphens-auto text-base leading-normal text-start text-black [&amp;&gt;a]:text-blue-700\">\n\t<strong>4. Pr\u00e1vn\u00ed z\u00e1klady pro zpracov\u00e1n\u00ed<\/strong><\/p><\/div>\n\n<div\n\tclass=\"scroll-my-24 wrapper-contained mt-0 mb-4 pt-0 pb-0 w-full\"\n\t>\n\t<p class=\"font-sans [&amp;&gt;a]:underline font-synthesis-none break-words hyphens-auto text-base leading-normal text-start text-black [&amp;&gt;a]:text-blue-700\">\n\tZpracov\u00e1n\u00ed va\u0161ich osobn\u00edch \u00fadaj\u016f je zalo\u017eeno na na\u0161ich opr\u00e1vn\u011bn\u00fdch z\u00e1jmech podle \u010dl. 6 odst. 1 p\u00edsm. f) obecn\u00e9ho na\u0159\u00edzen\u00ed EU o ochran\u011b osobn\u00edch \u00fadaj\u016f (GDPR), jak je uvedeno v \u010d\u00e1sti 3 v\u00fd\u0161e.<\/p><\/div>\n\n<div\n\tclass=\"scroll-my-24 wrapper-contained mt-0 mb-4 pt-0 pb-0 w-full\"\n\t>\n\t<p class=\"font-sans [&amp;&gt;a]:underline font-synthesis-none break-words hyphens-auto text-base leading-normal text-start text-black [&amp;&gt;a]:text-blue-700\">\n\t<strong>5. P\u0159ed\u00e1v\u00e1n\u00ed va\u0161ich osobn\u00edch \u00fadaj\u016f<\/strong><\/p><\/div>\n\n<div\n\tclass=\"scroll-my-24 wrapper-contained mt-0 mb-4 pt-0 pb-0 w-full\"\n\t>\n\t<p class=\"font-sans [&amp;&gt;a]:underline font-synthesis-none break-words hyphens-auto text-base leading-normal text-start text-black [&amp;&gt;a]:text-blue-700\">\n\tPro uveden\u00e9 \u00fa\u010dely m\u016f\u017eeme va\u0161e \u00fadaje p\u0159ed\u00e1vat:<\/p><\/div>\n\n<div\n\tclass=\"scroll-my-24 wrapper-contained mt-0 mb-4 pt-0 pb-0 w-full\"\n\t>\n\t<p class=\"font-sans [&amp;&gt;a]:underline font-synthesis-none break-words hyphens-auto text-base leading-normal text-start text-black [&amp;&gt;a]:text-blue-700\">\n\tposkytovateli IT slu\u017eeb, kter\u00e9 vyu\u017e\u00edv\u00e1me<\/p><\/div>\n\n<div\n\tclass=\"scroll-my-24 wrapper-contained mt-0 mb-4 pt-0 pb-0 w-full\"\n\t>\n\t<p class=\"font-sans [&amp;&gt;a]:underline font-synthesis-none break-words hyphens-auto text-base leading-normal text-start text-black [&amp;&gt;a]:text-blue-700\">\n\t[Dal\u0161\u00ed kategorie p\u0159\u00edjemc\u016f podle pot\u0159eby].<\/p><\/div>\n\n<div\n\tclass=\"scroll-my-24 wrapper-contained mt-0 mb-4 pt-0 pb-0 w-full\"\n\t>\n\t<p class=\"font-sans [&amp;&gt;a]:underline font-synthesis-none break-words hyphens-auto text-base leading-normal text-start text-black [&amp;&gt;a]:text-blue-700\">\n\tN\u011bkte\u0159\u00ed p\u0159\u00edjemci se mohou nach\u00e1zet mimo va\u0161i zemi. \u00dadaje p\u0159ed\u00e1v\u00e1me pouze do zem\u00ed, kter\u00e9 Komise EU pova\u017euje za zem\u011b s odpov\u00eddaj\u00edc\u00ed ochranou \u00fadaj\u016f, nebo uplat\u0148ujeme ochrann\u00e1 opat\u0159en\u00ed, jako jsou standardn\u00ed smluvn\u00ed dolo\u017eky (2010\/87\/ES a\/nebo 2004\/915\/ES). Ty si m\u016f\u017eete vy\u017e\u00e1dat na adrese dataprotection@pewag.com.<\/p><\/div>\n\n<div\n\tclass=\"scroll-my-24 wrapper-contained mt-0 mb-4 pt-0 pb-0 w-full\"\n\t>\n\t<p class=\"font-sans [&amp;&gt;a]:underline font-synthesis-none break-words hyphens-auto text-base leading-normal text-start text-black [&amp;&gt;a]:text-blue-700\">\n\t<strong>6. Doba uchov\u00e1v\u00e1n\u00ed<\/strong><\/p><\/div>\n\n<div\n\tclass=\"scroll-my-24 wrapper-contained mt-0 mb-4 pt-0 pb-0 w-full\"\n\t>\n\t<p class=\"font-sans [&amp;&gt;a]:underline font-synthesis-none break-words hyphens-auto text-base leading-normal text-start text-black [&amp;&gt;a]:text-blue-700\">\n\tVa\u0161e \u00fadaje uchov\u00e1v\u00e1me maxim\u00e1ln\u011b po dobu t\u0159\u00ed m\u011bs\u00edc\u016f, pokud nen\u00ed del\u0161\u00ed uchov\u00e1v\u00e1n\u00ed nezbytn\u00e9 pro vy\u0161et\u0159ov\u00e1n\u00ed poru\u0161en\u00ed webov\u00fdch str\u00e1nek. V p\u0159\u00edpad\u011b registrovan\u00fdch u\u017eivatel\u016f uchov\u00e1v\u00e1me \u00fadaje po dobu existence va\u0161eho \u00fa\u010dtu a pot\u00e9 pouze po dobu z\u00e1konem stanovenou.<\/p><\/div>\n\n<div\n\tclass=\"scroll-my-24 wrapper-contained mt-0 mb-4 pt-0 pb-0 w-full\"\n\t>\n\t<p class=\"font-sans [&amp;&gt;a]:underline font-synthesis-none break-words hyphens-auto text-base leading-normal text-start text-black [&amp;&gt;a]:text-blue-700\">\n\t<strong>7. Va\u0161e pr\u00e1va v souvislosti s osobn\u00edmi \u00fadaji<\/strong><\/p><\/div>\n\n<div\n\tclass=\"scroll-my-24 wrapper-contained mt-0 mb-4 pt-0 pb-0 w-full\"\n\t>\n\t<p class=\"font-sans [&amp;&gt;a]:underline font-synthesis-none break-words hyphens-auto text-base leading-normal text-start text-black [&amp;&gt;a]:text-blue-700\">\n\tM\u00e1te pr\u00e1vo na:<\/p><\/div>\n\n<div\n\tclass=\"scroll-my-24 wrapper-contained mt-0 mb-4 pt-0 pb-0 w-full\"\n\t>\n\t<p class=\"font-sans [&amp;&gt;a]:underline font-synthesis-none break-words hyphens-auto text-base leading-normal text-start text-black [&amp;&gt;a]:text-blue-700\">\n\tpotvrdit, zda uchov\u00e1v\u00e1me va\u0161e osobn\u00ed \u00fadaje, a z\u00edskat jejich kopie<\/p><\/div>\n\n<div\n\tclass=\"scroll-my-24 wrapper-contained mt-0 mb-4 pt-0 pb-0 w-full\"\n\t>\n\t<p class=\"font-sans [&amp;&gt;a]:underline font-synthesis-none break-words hyphens-auto text-base leading-normal text-start text-black [&amp;&gt;a]:text-blue-700\">\n\tPo\u017e\u00e1dat o opravu, zm\u011bnu nebo vymaz\u00e1n\u00ed sv\u00fdch \u00fadaj\u016f, pokud jsou nespr\u00e1vn\u00e9 nebo zpracov\u00e1van\u00e9 protipr\u00e1vn\u011b<\/p><\/div>\n\n<div\n\tclass=\"scroll-my-24 wrapper-contained mt-0 mb-4 pt-0 pb-0 w-full\"\n\t>\n\t<p class=\"font-sans [&amp;&gt;a]:underline font-synthesis-none break-words hyphens-auto text-base leading-normal text-start text-black [&amp;&gt;a]:text-blue-700\">\n\tpo\u017eadovat omezen\u00ed zpracov\u00e1n\u00ed<\/p><\/div>\n\n<div\n\tclass=\"scroll-my-24 wrapper-contained mt-0 mb-4 pt-0 pb-0 w-full\"\n\t>\n\t<p class=\"font-sans [&amp;&gt;a]:underline font-synthesis-none break-words hyphens-auto text-base leading-normal text-start text-black [&amp;&gt;a]:text-blue-700\">\n\tzn\u00e1t toto\u017enost t\u0159et\u00edch stran, kter\u00fdm byly va\u0161e \u00fadaje p\u0159ed\u00e1ny<\/p><\/div>\n\n<div\n\tclass=\"scroll-my-24 wrapper-contained mt-0 mb-4 pt-0 pb-0 w-full\"\n\t>\n\t<p class=\"font-sans [&amp;&gt;a]:underline font-synthesis-none break-words hyphens-auto text-base leading-normal text-start text-black [&amp;&gt;a]:text-blue-700\">\n\tpodat st\u00ed\u017enost u p\u0159\u00edslu\u0161n\u00e9ho org\u00e1nu pro ochranu osobn\u00edch \u00fadaj\u016f<\/p><\/div>\n\n<div\n\tclass=\"scroll-my-24 wrapper-contained mt-0 mb-4 pt-0 pb-0 w-full\"\n\t>\n\t<p class=\"font-sans [&amp;&gt;a]:underline font-synthesis-none break-words hyphens-auto text-base leading-normal text-start text-black [&amp;&gt;a]:text-blue-700\">\n\t<strong>8. Na\u0161e kontaktn\u00ed informace<\/strong><\/p><\/div>\n\n<div\n\tclass=\"scroll-my-24 wrapper-contained mt-0 mb-4 pt-0 pb-0 w-full\"\n\t>\n\t<p class=\"font-sans [&amp;&gt;a]:underline font-synthesis-none break-words hyphens-auto text-base leading-normal text-start text-black [&amp;&gt;a]:text-blue-700\">\n\tV p\u0159\u00edpad\u011b dotaz\u016f nebo obav t\u00fdkaj\u00edc\u00edch se va\u0161ich osobn\u00edch \u00fadaj\u016f n\u00e1s kontaktujte:<\/p><\/div>\n\n<div\n\tclass=\"scroll-my-24 wrapper-contained mt-0 mb-4 pt-0 pb-0 w-full\"\n\t>\n\t<p class=\"font-sans [&amp;&gt;a]:underline font-synthesis-none break-words hyphens-auto text-base leading-normal text-start text-black [&amp;&gt;a]:text-blue-700\">\n\tpewag International GmbH<\/p><\/div>\n\n<div\n\tclass=\"scroll-my-24 wrapper-contained mt-0 mb-4 pt-0 pb-0 w-full\"\n\t>\n\t<p class=\"font-sans [&amp;&gt;a]:underline font-synthesis-none break-words hyphens-auto text-base leading-normal text-start text-black [&amp;&gt;a]:text-blue-700\">\n\tGaslaternenweg 4, 8041 Graz, Rakousko<\/p><\/div>\n\n<div\n\tclass=\"scroll-my-24 wrapper-contained mt-0 mb-4 pt-0 pb-0 w-full\"\n\t>\n\t<p class=\"font-sans [&amp;&gt;a]:underline font-synthesis-none break-words hyphens-auto text-base leading-normal text-start text-black [&amp;&gt;a]:text-blue-700\">\n\tE-mail: webmaster(at)pewag.com<\/p><\/div>\n\n<div\n\tclass=\"scroll-my-24 wrapper-contained mt-0 mb-4 pt-0 pb-0 w-full\"\n\t>\n\t<p class=\"font-sans [&amp;&gt;a]:underline font-synthesis-none break-words hyphens-auto text-base leading-normal text-start text-black [&amp;&gt;a]:text-blue-700\">\n\tV p\u0159\u00edpad\u011b dotaz\u016f t\u00fdkaj\u00edc\u00edch se ochrany osobn\u00edch \u00fadaj\u016f se obra\u0165te na na\u0161eho koordin\u00e1tora ochrany osobn\u00edch \u00fadaj\u016f: dataprotection(at)pewag.com.<\/p><\/div>\n\n<div\n\tclass=\"scroll-my-24 wrapper-contained mt-0 mb-4 pt-0 pb-0 w-full\"\n\t>\n\t<p class=\"font-sans [&amp;&gt;a]:underline font-synthesis-none break-words hyphens-auto text-base leading-normal text-start text-black [&amp;&gt;a]:text-blue-700\">\n\tPosledn\u00ed aktualizace: Aktualizace: 20. kv\u011btna 2018<\/p><\/div>","protected":false},"excerpt":{"rendered":"","protected":false},"author":12,"featured_media":0,"parent":0,"menu_order":0,"comment_status":"closed","ping_status":"closed","template":"","meta":{"pewag_navigation_theme_dark_use":true,"footnotes":""},"content-types":[27],"class_list":["post-9804","page","type-page","status-publish","hentry","content-type-legal-content"],"yoast_head":"<!-- This site is optimized with the Yoast SEO plugin v27.2 - https:\/\/yoast.com\/product\/yoast-seo-wordpress\/ -->\n<title>Prohl\u00e1\u0161en\u00ed o ochran\u011b osobn\u00edch \u00fadaj\u016f - pewag<\/title>\n<meta name=\"robots\" content=\"index, follow, max-snippet:-1, max-image-preview:large, max-video-preview:-1\" \/>\n<link rel=\"canonical\" href=\"https:\/\/www.pewag.com\/cz\/prohlaseni-o-ochrane-osobnich-udaju\/\" \/>\n<meta property=\"og:locale\" content=\"cs_CZ\" \/>\n<meta property=\"og:type\" content=\"article\" \/>\n<meta property=\"og:title\" content=\"Prohl\u00e1\u0161en\u00ed o ochran\u011b osobn\u00edch \u00fadaj\u016f - pewag\" \/>\n<meta property=\"og:url\" content=\"https:\/\/www.pewag.com\/cz\/prohlaseni-o-ochrane-osobnich-udaju\/\" \/>\n<meta property=\"og:site_name\" content=\"pewag\" \/>\n<meta property=\"article:modified_time\" content=\"2025-01-20T14:38:52+00:00\" \/>\n<meta name=\"twitter:card\" content=\"summary_large_image\" \/>\n<meta name=\"twitter:label1\" content=\"Est. reading time\" \/>\n\t<meta name=\"twitter:data1\" content=\"4 minutes\" \/>\n<script type=\"application\/ld+json\" class=\"yoast-schema-graph\">{\"@context\":\"https:\/\/schema.org\",\"@graph\":[{\"@type\":\"WebPage\",\"@id\":\"https:\/\/www.pewag.com\/cz\/prohlaseni-o-ochrane-osobnich-udaju\/\",\"url\":\"https:\/\/www.pewag.com\/cz\/prohlaseni-o-ochrane-osobnich-udaju\/\",\"name\":\"Prohl\u00e1\u0161en\u00ed o ochran\u011b osobn\u00edch \u00fadaj\u016f - pewag\",\"isPartOf\":{\"@id\":\"https:\/\/www.pewag.com\/#website\"},\"datePublished\":\"2024-09-17T12:30:33+00:00\",\"dateModified\":\"2025-01-20T14:38:52+00:00\",\"breadcrumb\":{\"@id\":\"https:\/\/www.pewag.com\/cz\/prohlaseni-o-ochrane-osobnich-udaju\/#breadcrumb\"},\"inLanguage\":\"pe-CZ\",\"potentialAction\":[{\"@type\":\"ReadAction\",\"target\":[\"https:\/\/www.pewag.com\/cz\/prohlaseni-o-ochrane-osobnich-udaju\/\"]}]},{\"@type\":\"BreadcrumbList\",\"@id\":\"https:\/\/www.pewag.com\/cz\/prohlaseni-o-ochrane-osobnich-udaju\/#breadcrumb\",\"itemListElement\":[{\"@type\":\"ListItem\",\"position\":1,\"name\":\"Home\",\"item\":\"https:\/\/www.pewag.com\/cz\/\"},{\"@type\":\"ListItem\",\"position\":2,\"name\":\"Prohl\u00e1\u0161en\u00ed o ochran\u011b osobn\u00edch \u00fadaj\u016f\"}]},{\"@type\":\"WebSite\",\"@id\":\"https:\/\/www.pewag.com\/#website\",\"url\":\"https:\/\/www.pewag.com\/\",\"name\":\"pewag\",\"description\":\"\",\"potentialAction\":[{\"@type\":\"SearchAction\",\"target\":{\"@type\":\"EntryPoint\",\"urlTemplate\":\"https:\/\/www.pewag.com\/?s={search_term_string}\"},\"query-input\":{\"@type\":\"PropertyValueSpecification\",\"valueRequired\":true,\"valueName\":\"search_term_string\"}}],\"inLanguage\":\"pe-CZ\"}]}<\/script>\n<!-- \/ Yoast SEO plugin. -->","yoast_head_json":{"title":"Prohl\u00e1\u0161en\u00ed o ochran\u011b osobn\u00edch \u00fadaj\u016f - pewag","robots":{"index":"index","follow":"follow","max-snippet":"max-snippet:-1","max-image-preview":"max-image-preview:large","max-video-preview":"max-video-preview:-1"},"canonical":"https:\/\/www.pewag.com\/cz\/prohlaseni-o-ochrane-osobnich-udaju\/","og_locale":"cs_CZ","og_type":"article","og_title":"Prohl\u00e1\u0161en\u00ed o ochran\u011b osobn\u00edch \u00fadaj\u016f - pewag","og_url":"https:\/\/www.pewag.com\/cz\/prohlaseni-o-ochrane-osobnich-udaju\/","og_site_name":"pewag","article_modified_time":"2025-01-20T14:38:52+00:00","twitter_card":"summary_large_image","twitter_misc":{"Est. reading time":"4 minutes"},"schema":{"@context":"https:\/\/schema.org","@graph":[{"@type":"WebPage","@id":"https:\/\/www.pewag.com\/cz\/prohlaseni-o-ochrane-osobnich-udaju\/","url":"https:\/\/www.pewag.com\/cz\/prohlaseni-o-ochrane-osobnich-udaju\/","name":"Prohl\u00e1\u0161en\u00ed o ochran\u011b osobn\u00edch \u00fadaj\u016f - pewag","isPartOf":{"@id":"https:\/\/www.pewag.com\/#website"},"datePublished":"2024-09-17T12:30:33+00:00","dateModified":"2025-01-20T14:38:52+00:00","breadcrumb":{"@id":"https:\/\/www.pewag.com\/cz\/prohlaseni-o-ochrane-osobnich-udaju\/#breadcrumb"},"inLanguage":"pe-CZ","potentialAction":[{"@type":"ReadAction","target":["https:\/\/www.pewag.com\/cz\/prohlaseni-o-ochrane-osobnich-udaju\/"]}]},{"@type":"BreadcrumbList","@id":"https:\/\/www.pewag.com\/cz\/prohlaseni-o-ochrane-osobnich-udaju\/#breadcrumb","itemListElement":[{"@type":"ListItem","position":1,"name":"Home","item":"https:\/\/www.pewag.com\/cz\/"},{"@type":"ListItem","position":2,"name":"Prohl\u00e1\u0161en\u00ed o ochran\u011b osobn\u00edch \u00fadaj\u016f"}]},{"@type":"WebSite","@id":"https:\/\/www.pewag.com\/#website","url":"https:\/\/www.pewag.com\/","name":"pewag","description":"","potentialAction":[{"@type":"SearchAction","target":{"@type":"EntryPoint","urlTemplate":"https:\/\/www.pewag.com\/?s={search_term_string}"},"query-input":{"@type":"PropertyValueSpecification","valueRequired":true,"valueName":"search_term_string"}}],"inLanguage":"pe-CZ"}]}},"_links":{"self":[{"href":"https:\/\/www.pewag.com\/cz\/wp-json\/wp\/v2\/pages\/9804","targetHints":{"allow":["GET"]}}],"collection":[{"href":"https:\/\/www.pewag.com\/cz\/wp-json\/wp\/v2\/pages"}],"about":[{"href":"https:\/\/www.pewag.com\/cz\/wp-json\/wp\/v2\/types\/page"}],"author":[{"embeddable":true,"href":"https:\/\/www.pewag.com\/cz\/wp-json\/wp\/v2\/users\/12"}],"replies":[{"embeddable":true,"href":"https:\/\/www.pewag.com\/cz\/wp-json\/wp\/v2\/comments?post=9804"}],"version-history":[{"count":4,"href":"https:\/\/www.pewag.com\/cz\/wp-json\/wp\/v2\/pages\/9804\/revisions"}],"predecessor-version":[{"id":10168,"href":"https:\/\/www.pewag.com\/cz\/wp-json\/wp\/v2\/pages\/9804\/revisions\/10168"}],"wp:attachment":[{"href":"https:\/\/www.pewag.com\/cz\/wp-json\/wp\/v2\/media?parent=9804"}],"wp:term":[{"taxonomy":"content-type","embeddable":true,"href":"https:\/\/www.pewag.com\/cz\/wp-json\/wp\/v2\/content-types?post=9804"}],"curies":[{"name":"wp","href":"https:\/\/api.w.org\/{rel}","templated":true}]}}