{"id":9597,"date":"2024-09-17T14:06:31","date_gmt":"2024-09-17T12:06:31","guid":{"rendered":"https:\/\/www.pewag.com\/?page_id=9597"},"modified":"2026-03-26T16:08:11","modified_gmt":"2026-03-26T15:08:11","slug":"otisk","status":"publish","type":"page","link":"https:\/\/www.pewag.com\/cz\/otisk\/","title":{"rendered":"Otisk"},"content":{"rendered":"<div\n\tclass=\"scroll-my-24 wrapper-contained mt-0 mb-0 pt-0 pb-20 max-sm:pb-16 w-full\"\n\t>\n\t<\/div>\n\n<div\n\tclass=\"scroll-my-24 wrapper-contained mt-20 mb-4 pt-0 pb-0 w-full\"\n\t>\n\t<h2\tdata-slug=\"otisk\"\n\tclass=\"font-display text-balance font-synthesis-none scroll-m-20 break-words hyphens-auto text-6xl md:text-7xl leading-tight text-start text-black [&amp;&gt;a]:text-blue-700\"\n>\n\tOtisk<\/h2><\/div>\n\n<div\n\tclass=\"scroll-my-24 wrapper-contained mt-8 mb-4 pt-0 pb-0 w-full\"\n\t>\n\t<p class=\"font-sans [&amp;&gt;a]:underline font-synthesis-none break-words hyphens-auto text-base leading-normal text-start text-black [&amp;&gt;a]:text-blue-700\">\n\t<strong>Odpov\u011bdnost za tyto webov\u00e9 str\u00e1nky<\/strong><br>pewag International GmbH<br>Schleppe-Platz 8<br>9020 Klagenfurt, Austria<br>Phone: +43 505011 &#8211; 0\u00a0<br>Fax: +43 505011 &#8211; 400<br>Email: <a href=\"mailto:office-pwg(at)pewag-group.com\">office-pwg(at)pewag-group.com<\/a><br>Website: <a href=\"http:\/\/www.pewag-group.com\/\" target=\"_blank\" rel=\"noreferrer noopener\">www.pewag-group.com<\/a><br><br><strong>Pr\u00e1vn\u00ed informace<\/strong><br>Pr\u00e1vn\u00ed forma: Pr\u00e1vn\u00ed forma: Gesellschaft mit beschr\u00e4nkter Haftung.<br>S\u00eddlo spole\u010dnosti: Klagenfurt<br>\u010c\u00edslo obchodn\u00edho rejst\u0159\u00edku: FN 142147 s<br>Rejst\u0159\u00edkov\u00fd soud: Krajsk\u00fd soud v Klagenfurtu<br>Da\u0148ov\u00e9 identifika\u010dn\u00ed \u010d\u00edslo: ATU40923809<br>Texty a obr\u00e1zky<br>\u00a9 pewag International GmbH<br><br><strong>Realizace<br><\/strong>pewag International GmbH a <a href=\"http:\/\/engarde.net\" target=\"_blank\" rel=\"noreferrer noopener nofollow\">EN GARDE<\/a><\/p><\/div>\n\n<div\n\tclass=\"scroll-my-24 wrapper-contained mt-20 mb-4 pt-0 pb-0 w-full\"\n\t\t\tid=\"obecne-podminky\"\n\t>\n\t<h2\tdata-slug=\"xn-veobecn-obchodn-podmnky-hcc2if422a\"\n\tclass=\"font-display text-balance font-synthesis-none scroll-m-20 break-words hyphens-auto text-6xl md:text-7xl leading-tight text-start text-black [&amp;&gt;a]:text-blue-700\"\n>\n\tV\u0161eobecn\u00e9 obchodn\u00ed podm\u00ednky<\/h2><\/div>\n\n<div\n\tclass=\"scroll-my-24 wrapper-contained mt-0 mb-4 pt-0 pb-20 w-full\"\n\t>\n\t<p class=\"font-sans [&amp;&gt;a]:underline font-synthesis-none break-words hyphens-auto text-base leading-normal text-start text-black [&amp;&gt;a]:text-blue-700\">\n\tNa t\u00e9to str\u00e1nce naleznete na\u0161e V\u0161eobecn\u00e9 obchodn\u00ed podm\u00ednky v\u0161ech provozn\u00edch spole\u010dnost\u00ed na www.pewag.com.<br><br><a href=\"https:\/\/www.pewag.cz\/fileadmin\/user_upload\/obchodni_podminky_pewag_czech.pdf\">obchodni_podminky_pewag_czech.pdf<\/a><br><a href=\"https:\/\/www.pewag.cz\/fileadmin\/user_upload\/CZ-garance-pewag-finalni-verze-cz1.pdf\">Garan\u010dn\u00ed podm\u00ednky pro sn\u011bhov\u00e9 \u0159et\u011bzy &#8211; pewag Czech s.r.o.<\/a><br><a href=\"https:\/\/www.pewag.cz\/fileadmin\/user_upload\/2015-PCS_-Vseobecne-obchodni-podminky.pdf\">V\u0161eobecn\u00e9 obchodn\u00ed podm\u00ednky spole\u010dnosti pewag Czech s.r.o.<\/a><br><a href=\"https:\/\/www.pewag.cz\/fileadmin\/user_upload\/VSEOBECNE_PODMINKY_NAKUPU_RCT_11-2023.pdf\">V\u0161eobecn\u00e9 podm\u00ednky n\u00e1kupu &#8211; \u0158et\u011bz\u00e1rna \u010cesk\u00e1 T\u0159ebov\u00e1 s.r.o.<\/a><br><a href=\"https:\/\/www.pewag.cz\/fileadmin\/user_upload\/GENERAL_TERMS_AND_CONDITIONS_OF_PURCHASE_RCT_NOV_2023.pdf\">General Terms and Conditions of Purchase &#8211; \u0158et\u011bz\u00e1rna \u010cesk\u00e1 T\u0159ebov\u00e1 s.r.o.<\/a><br><a href=\"https:\/\/www.pewag.com\/wp-content\/uploads\/2025\/11\/VSEOBECNE-OBCHODNI-PODMINKY-PRO-B2B-NAKUP-PRES-WEBOVE-ROZHRANI.pdf\">V\u0160EOBECN\u00c9 OBCHODN\u00cd PODM\u00cdNKY PRO B2B N\u00c1KUP P\u0158ES WEBOV\u00c9 ROZHRAN\u00cd<\/a><\/p><\/div>","protected":false},"excerpt":{"rendered":"","protected":false},"author":14,"featured_media":0,"parent":0,"menu_order":0,"comment_status":"closed","ping_status":"closed","template":"","meta":{"pewag_navigation_theme_dark_use":true,"footnotes":""},"content-types":[27],"class_list":["post-9597","page","type-page","status-publish","hentry","content-type-legal-content"],"yoast_head":"<!-- This site is optimized with the Yoast SEO plugin v27.4 - https:\/\/yoast.com\/product\/yoast-seo-wordpress\/ -->\n<title>Otisk - pewag<\/title>\n<meta name=\"robots\" content=\"index, follow, max-snippet:-1, max-image-preview:large, max-video-preview:-1\" \/>\n<link rel=\"canonical\" href=\"https:\/\/www.pewag.com\/cz\/otisk\/\" \/>\n<meta property=\"og:locale\" content=\"cs_CZ\" \/>\n<meta property=\"og:type\" content=\"article\" \/>\n<meta property=\"og:title\" content=\"Otisk - pewag\" \/>\n<meta property=\"og:url\" content=\"https:\/\/www.pewag.com\/cz\/otisk\/\" \/>\n<meta property=\"og:site_name\" content=\"pewag\" \/>\n<meta property=\"article:modified_time\" content=\"2026-03-26T15:08:11+00:00\" \/>\n<meta name=\"twitter:card\" content=\"summary_large_image\" \/>\n<meta name=\"twitter:label1\" content=\"Est. reading time\" \/>\n\t<meta name=\"twitter:data1\" content=\"1 minute\" \/>\n<script type=\"application\/ld+json\" class=\"yoast-schema-graph\">{\"@context\":\"https:\\\/\\\/schema.org\",\"@graph\":[{\"@type\":\"WebPage\",\"@id\":\"https:\\\/\\\/www.pewag.com\\\/cz\\\/otisk\\\/\",\"url\":\"https:\\\/\\\/www.pewag.com\\\/cz\\\/otisk\\\/\",\"name\":\"Otisk - pewag\",\"isPartOf\":{\"@id\":\"https:\\\/\\\/www.pewag.com\\\/#website\"},\"datePublished\":\"2024-09-17T12:06:31+00:00\",\"dateModified\":\"2026-03-26T15:08:11+00:00\",\"breadcrumb\":{\"@id\":\"https:\\\/\\\/www.pewag.com\\\/cz\\\/otisk\\\/#breadcrumb\"},\"inLanguage\":\"pe-CZ\",\"potentialAction\":[{\"@type\":\"ReadAction\",\"target\":[\"https:\\\/\\\/www.pewag.com\\\/cz\\\/otisk\\\/\"]}]},{\"@type\":\"BreadcrumbList\",\"@id\":\"https:\\\/\\\/www.pewag.com\\\/cz\\\/otisk\\\/#breadcrumb\",\"itemListElement\":[{\"@type\":\"ListItem\",\"position\":1,\"name\":\"Home\",\"item\":\"https:\\\/\\\/www.pewag.com\\\/cz\\\/\"},{\"@type\":\"ListItem\",\"position\":2,\"name\":\"Otisk\"}]},{\"@type\":\"WebSite\",\"@id\":\"https:\\\/\\\/www.pewag.com\\\/#website\",\"url\":\"https:\\\/\\\/www.pewag.com\\\/\",\"name\":\"pewag\",\"description\":\"\",\"potentialAction\":[{\"@type\":\"SearchAction\",\"target\":{\"@type\":\"EntryPoint\",\"urlTemplate\":\"https:\\\/\\\/www.pewag.com\\\/?s={search_term_string}\"},\"query-input\":{\"@type\":\"PropertyValueSpecification\",\"valueRequired\":true,\"valueName\":\"search_term_string\"}}],\"inLanguage\":\"pe-CZ\"}]}<\/script>\n<!-- \/ Yoast SEO plugin. -->","yoast_head_json":{"title":"Otisk - pewag","robots":{"index":"index","follow":"follow","max-snippet":"max-snippet:-1","max-image-preview":"max-image-preview:large","max-video-preview":"max-video-preview:-1"},"canonical":"https:\/\/www.pewag.com\/cz\/otisk\/","og_locale":"cs_CZ","og_type":"article","og_title":"Otisk - pewag","og_url":"https:\/\/www.pewag.com\/cz\/otisk\/","og_site_name":"pewag","article_modified_time":"2026-03-26T15:08:11+00:00","twitter_card":"summary_large_image","twitter_misc":{"Est. reading time":"1 minute"},"schema":{"@context":"https:\/\/schema.org","@graph":[{"@type":"WebPage","@id":"https:\/\/www.pewag.com\/cz\/otisk\/","url":"https:\/\/www.pewag.com\/cz\/otisk\/","name":"Otisk - pewag","isPartOf":{"@id":"https:\/\/www.pewag.com\/#website"},"datePublished":"2024-09-17T12:06:31+00:00","dateModified":"2026-03-26T15:08:11+00:00","breadcrumb":{"@id":"https:\/\/www.pewag.com\/cz\/otisk\/#breadcrumb"},"inLanguage":"pe-CZ","potentialAction":[{"@type":"ReadAction","target":["https:\/\/www.pewag.com\/cz\/otisk\/"]}]},{"@type":"BreadcrumbList","@id":"https:\/\/www.pewag.com\/cz\/otisk\/#breadcrumb","itemListElement":[{"@type":"ListItem","position":1,"name":"Home","item":"https:\/\/www.pewag.com\/cz\/"},{"@type":"ListItem","position":2,"name":"Otisk"}]},{"@type":"WebSite","@id":"https:\/\/www.pewag.com\/#website","url":"https:\/\/www.pewag.com\/","name":"pewag","description":"","potentialAction":[{"@type":"SearchAction","target":{"@type":"EntryPoint","urlTemplate":"https:\/\/www.pewag.com\/?s={search_term_string}"},"query-input":{"@type":"PropertyValueSpecification","valueRequired":true,"valueName":"search_term_string"}}],"inLanguage":"pe-CZ"}]}},"_links":{"self":[{"href":"https:\/\/www.pewag.com\/cz\/wp-json\/wp\/v2\/pages\/9597","targetHints":{"allow":["GET"]}}],"collection":[{"href":"https:\/\/www.pewag.com\/cz\/wp-json\/wp\/v2\/pages"}],"about":[{"href":"https:\/\/www.pewag.com\/cz\/wp-json\/wp\/v2\/types\/page"}],"author":[{"embeddable":true,"href":"https:\/\/www.pewag.com\/cz\/wp-json\/wp\/v2\/users\/14"}],"replies":[{"embeddable":true,"href":"https:\/\/www.pewag.com\/cz\/wp-json\/wp\/v2\/comments?post=9597"}],"version-history":[{"count":7,"href":"https:\/\/www.pewag.com\/cz\/wp-json\/wp\/v2\/pages\/9597\/revisions"}],"predecessor-version":[{"id":22676,"href":"https:\/\/www.pewag.com\/cz\/wp-json\/wp\/v2\/pages\/9597\/revisions\/22676"}],"wp:attachment":[{"href":"https:\/\/www.pewag.com\/cz\/wp-json\/wp\/v2\/media?parent=9597"}],"wp:term":[{"taxonomy":"content-type","embeddable":true,"href":"https:\/\/www.pewag.com\/cz\/wp-json\/wp\/v2\/content-types?post=9597"}],"curies":[{"name":"wp","href":"https:\/\/api.w.org\/{rel}","templated":true}]}}