{"id":10257,"date":"2024-09-19T14:45:41","date_gmt":"2024-09-19T12:45:41","guid":{"rendered":"https:\/\/www.pewag.com\/?page_id=10257"},"modified":"2025-01-20T15:38:51","modified_gmt":"2025-01-20T14:38:51","slug":"pewag-group","status":"publish","type":"page","link":"https:\/\/www.pewag.com\/cz\/pewag-group\/","title":{"rendered":"Pewag Group"},"content":{"rendered":"<div\n\tclass=\"scroll-my-24 bg-blue-900 wrapper-full mt-0 mb-0 pt-20 max-sm:pt-16 pb-4 w-full\"\n\t>\n\t<div class=\"grid md:grid-rows-1 md:grid-cols-[minmax(min-content,1fr)_1fr_1fr]\">\n\t<div class=\"px-4 md:px-10 pb-12 md:pb-24 grid md:flex md:flex-col grid-rows-1 grid-cols-4 order-2 md:order-none justify-end items-start\">\n\t\t<p class=\"font-sans [&amp;&gt;a]:underline font-synthesis-none break-words hyphens-auto text-3xl md:text-4xl lg:text-5xl leading-normal md:mb-2 col-start-1 col-span-3 text-blue-500\">\n\tpewag group<\/p><h2\tdata-slug=\"xn-jsme-mezinrodn-psobc-skupina-xkc38ab87lj5e\"\n\tclass=\"font-display text-balance font-synthesis-none scroll-m-20 break-words hyphens-auto text-9xl md:text-10xl lg:text-11xl leading-none col-start-1 col-span-3 text-white\"\n>\n\tJsme mezin\u00e1rodn\u011b p\u016fsob\u00edc\u00ed skupina.<\/h2>\t<\/div>\n\t<div class=\"video !aspect-3\/2 md:h-full lg:h-[55vh] lg:w-full object-cover md:col-start-2 md:col-span-2 mb-5 md:mb-0\">\n\t\t\t<video\n\t\t\tclass=\"aspect-video object-cover w-full js-video\"\n\t\t\tloop autoplay playsinline muted\t\t\tpreload=\"metadata\"\n\t\t\tposter=\"\"\n\t\t\t\t\t>\n\t\t\t<source src=\"https:\/\/www.pewag.com\/wp-content\/uploads\/2024\/09\/transcoded-4CczBbmsM4OG762Y-Design_20ohne_20Titel_2010.mp4\" type=\"video\/mp4\" \/>\n\n\t\t\t\t\t<\/video>\n\t\n\t<\/div><\/div><\/div>\n\n<div\n\tclass=\"scroll-my-24 bg-blue-900 wrapper-contained-wide mt-0 mb-0 pt-12 pb-12 w-full\"\n\t>\n\t<div class=\"grid grid-cols-8 md:grid-cols-5 md:gap-14\">\n\t<picture\n\t\t\tclass=\"col-span-7 md:translate-x-0 -translate-x-4 md:col-span-3\"\n\t>\n\t\t\t\t\t\t\t\n\t<img\n\t\tsrc=\"https:\/\/www.pewag.com\/wp-content\/uploads\/2024\/09\/startpage-bento2-placeholder.jpg\"\n\t\talt=\"\"\n\t\tclass=\"object-cover aspect-video object-center\"\n\t\/>\n<\/picture>\n\t<div class=\"col-span-8 mt-8 md:mt-16 lg:mt-7 md:col-span-2\">\n\t\t\n<div\n\tclass=\"scroll-my-24 mt-0 mb-4 pt-0 pb-0 w-full\"\n\t>\n\t<svg xmlns='http:\/\/www.w3.org\/2000\/svg' width='40' height='11' viewBox='0 0 40 11' fill='none'><path d='M5.097 10.249c2.815 0 5.097-2.294 5.097-5.125C10.194 2.294 7.912 0 5.097 0 2.282 0 0 2.294 0 5.124c0 2.83 2.282 5.125 5.097 5.125Zm14.846 0c2.814 0 5.096-2.294 5.096-5.125C25.04 2.294 22.757 0 19.943 0c-2.815 0-5.097 2.294-5.097 5.124 0 2.83 2.282 5.125 5.097 5.125Zm14.961 0c2.814 0 5.096-2.294 5.096-5.125C40 2.294 37.718 0 34.904 0c-2.815 0-5.097 2.294-5.097 5.124 0 2.83 2.282 5.125 5.097 5.125Z' fill='#E4032E'\/><\/svg>\n<h2\tdata-slug=\"xn-co-ns-pohn-v4af1n\"\n\tclass=\"font-display text-balance font-synthesis-none scroll-m-20 break-words hyphens-auto text-6xl md:text-7xl leading-tight text-start text-white [&amp;&gt;a]:text-blue-700 mt-2\"\n>\n\tCo n\u00e1s poh\u00e1n\u00ed<\/h2><\/div>\n\n<div\n\tclass=\"scroll-my-24 mt-0 mb-4 pt-0 pb-0 w-full\"\n\t>\n\t<p class=\"font-sans [&amp;&gt;a]:underline font-synthesis-none break-words hyphens-auto text-base leading-normal text-start text-white [&amp;&gt;a]:text-blue-700\">\n\tN\u00e1\u0161 podnikatelsk\u00fd duch ve skupin\u011b pewag je utv\u00e1\u0159en radost\u00ed z inovac\u00ed. Sna\u017e\u00edme se vyr\u00e1b\u011bt nejlep\u0161\u00ed \u0159e\u0161en\u00ed na trhu &#8211; dnes i v budoucnu.<br><br>Vysok\u00e1 kvalita na\u0161ich zna\u010dek, v\u00fdrobk\u016f a slu\u017eeb a nad\u0161en\u00fd v\u00fdkon na\u0161ich zam\u011bstnanc\u016f jsou na\u0161\u00ed nejv\u011bt\u0161\u00ed devizou k dosa\u017een\u00ed dokonalosti a p\u0159ekon\u00e1n\u00ed o\u010dek\u00e1v\u00e1n\u00ed z\u00e1kazn\u00edk\u016f.<\/p><\/div>\n\t<\/div>\n<\/div><\/div>\n\n<div\n\tclass=\"scroll-my-24 bg-blue-900 wrapper-contained-wide mt-0 mb-0 pt-12 pb-8 w-full\"\n\t>\n\t<div class=\"grid grid-cols-12 max-sm:grid-cols-1 max-md:grid-cols-4 gap-y-4 gap-x-4\" >\n\t\n<div class=\"flex flex-col col-start-1 max-sm:col-start-1 max-md:col-start-3 col-end-span-12 max-sm:col-end-span-1 max-md:col-end-span-2 row-end-span-1 justify-stretch h-full [&amp;&gt;*:only-child]:h-full items-stretch w-full [&amp;&gt;*:only-child]:w-full pl-0 pr-0 pt-0 pb-0 bg-gradient-to-r overflow-visible\" >\n\t\n<div\n\tclass=\"scroll-my-24 mt-0 mb-4 pt-0 pb-0 w-full\"\n\t>\n\t<h4\tdata-slug=\"\"\n\tclass=\"font-display text-balance font-synthesis-none scroll-m-20 break-words hyphens-auto text-7xl md:text-8xl leading-[1.125] text-center text-white [&amp;&gt;a]:text-blue-700\"\n>\n\tUsilujeme o dokonalost v &#8230;<\/h4><\/div>\n<\/div>\n<\/div><\/div>\n\n<div\n\tclass=\"scroll-my-24 bg-blue-900 wrapper-contained-wide mt-0 mb-0 pt-4 pb-20 w-full\"\n\t>\n\t<div class=\"grid grid-cols-8 md:grid-cols-5 md:gap-14\">\n\t<picture\n\t\t\tclass=\"col-span-7 md:translate-x-0 translate-x-4 md:order-2 col-start-2 md:col-start-auto md:col-span-3\"\n\t>\n\t\t\t\t\t\t\t\n\t<img\n\t\tsrc=\"https:\/\/www.pewag.com\/wp-content\/uploads\/2024\/08\/e1a2251cc1841388c98db69a351deb7c.jpg\"\n\t\talt=\"\"\n\t\tclass=\"object-cover aspect-3\/2 object-center\"\n\t\/>\n<\/picture>\n\t<div class=\"col-span-8 mt-8 md:mt-16 lg:mt-7 md:col-span-2\">\n\t\t\n<div\n\tclass=\"scroll-my-24 mt-0 mb-4 pt-0 pb-0 w-full\"\n\t>\n\t<svg xmlns='http:\/\/www.w3.org\/2000\/svg' width='40' height='11' viewBox='0 0 40 11' fill='none'><path d='M5.097 10.249c2.815 0 5.097-2.294 5.097-5.125C10.194 2.294 7.912 0 5.097 0 2.282 0 0 2.294 0 5.124c0 2.83 2.282 5.125 5.097 5.125Zm14.846 0c2.814 0 5.096-2.294 5.096-5.125C25.04 2.294 22.757 0 19.943 0c-2.815 0-5.097 2.294-5.097 5.124 0 2.83 2.282 5.125 5.097 5.125Zm14.961 0c2.814 0 5.096-2.294 5.096-5.125C40 2.294 37.718 0 34.904 0c-2.815 0-5.097 2.294-5.097 5.124 0 2.83 2.282 5.125 5.097 5.125Z' fill='#E4032E'\/><\/svg>\n<h2\tdata-slug=\"kvalita\"\n\tclass=\"font-display text-balance font-synthesis-none scroll-m-20 break-words hyphens-auto text-6xl md:text-7xl leading-tight text-start text-white [&amp;&gt;a]:text-blue-700 mt-2\"\n>\n\tKvalita<\/h2><\/div>\n\n<div\n\tclass=\"scroll-my-24 mt-0 mb-4 pt-0 pb-0 w-full\"\n\t>\n\t<p class=\"font-sans [&amp;&gt;a]:underline font-synthesis-none break-words hyphens-auto text-base leading-normal text-start text-white [&amp;&gt;a]:text-blue-700\">\n\tP\u0159ij\u00edm\u00e1me odpov\u011bdnost za v\u0161echny aspekty udr\u017eitelnosti: \u017eivotn\u00ed prost\u0159ed\u00ed, soci\u00e1ln\u00ed oblast a \u0159\u00edzen\u00ed. S ohledem na to za\u010dle\u0148ujeme z\u00e1sady udr\u017eitelnosti ESG do v\u0161ech na\u0161ich obchodn\u00edch \u010dinnost\u00ed a proces\u016f, a to na v\u0161ech \u00farovn\u00edch: od strategick\u00e9 a\u017e po provozn\u00ed.<\/p><\/div>\n\t<\/div>\n<\/div><\/div>\n\n<div\n\tclass=\"scroll-my-24 bg-blue-900 wrapper-contained-wide mt-0 mb-0 pt-4 pb-20 w-full\"\n\t>\n\t<div class=\"grid grid-cols-8 md:grid-cols-5 md:gap-14\">\n\t<picture\n\t\t\tclass=\"col-span-7 md:translate-x-0 -translate-x-4 md:col-span-3\"\n\t>\n\t\t\t\t\t\t\t\n\t<img\n\t\tsrc=\"https:\/\/www.pewag.com\/wp-content\/uploads\/2024\/08\/c8d186c4887c946672ddee77a3aac3cd-scaled.jpg\"\n\t\talt=\"\"\n\t\tclass=\"object-cover aspect-3\/2 object-center\"\n\t\/>\n<\/picture>\n\t<div class=\"col-span-8 mt-8 md:mt-16 lg:mt-7 md:col-span-2\">\n\t\t\n<div\n\tclass=\"scroll-my-24 mt-0 mb-4 pt-0 pb-0 w-full\"\n\t>\n\t<svg xmlns='http:\/\/www.w3.org\/2000\/svg' width='40' height='11' viewBox='0 0 40 11' fill='none'><path d='M5.097 10.249c2.815 0 5.097-2.294 5.097-5.125C10.194 2.294 7.912 0 5.097 0 2.282 0 0 2.294 0 5.124c0 2.83 2.282 5.125 5.097 5.125Zm14.846 0c2.814 0 5.096-2.294 5.096-5.125C25.04 2.294 22.757 0 19.943 0c-2.815 0-5.097 2.294-5.097 5.124 0 2.83 2.282 5.125 5.097 5.125Zm14.961 0c2.814 0 5.096-2.294 5.096-5.125C40 2.294 37.718 0 34.904 0c-2.815 0-5.097 2.294-5.097 5.124 0 2.83 2.282 5.125 5.097 5.125Z' fill='#E4032E'\/><\/svg>\n<h2\tdata-slug=\"xn-odpovdnost-4nb\"\n\tclass=\"font-display text-balance font-synthesis-none scroll-m-20 break-words hyphens-auto text-6xl md:text-7xl leading-tight text-start text-white [&amp;&gt;a]:text-blue-700 mt-2\"\n>\n\tOdpov\u011bdnost<\/h2><\/div>\n\n<div\n\tclass=\"scroll-my-24 mt-0 mb-4 pt-0 pb-0 w-full\"\n\t>\n\t<p class=\"font-sans [&amp;&gt;a]:underline font-synthesis-none break-words hyphens-auto text-base leading-normal text-start text-white [&amp;&gt;a]:text-blue-700\">\n\tP\u0159ij\u00edm\u00e1me odpov\u011bdnost za v\u0161echny aspekty udr\u017eitelnosti: \u017eivotn\u00ed prost\u0159ed\u00ed, soci\u00e1ln\u00ed oblast a \u0159\u00edzen\u00ed. S ohledem na to za\u010dle\u0148ujeme z\u00e1sady udr\u017eitelnosti ESG do v\u0161ech na\u0161ich obchodn\u00edch \u010dinnost\u00ed a proces\u016f, a to na v\u0161ech \u00farovn\u00edch: od strategick\u00e9 po provozn\u00ed.<\/p><\/div>\n\t<\/div>\n<\/div><\/div>\n\n<div\n\tclass=\"scroll-my-24 bg-blue-900 wrapper-contained-wide mt-0 mb-0 pt-4 pb-20 w-full\"\n\t>\n\t<div class=\"grid grid-cols-8 md:grid-cols-5 md:gap-14\">\n\t<picture\n\t\t\tclass=\"col-span-7 md:translate-x-0 translate-x-4 md:order-2 col-start-2 md:col-start-auto md:col-span-3\"\n\t>\n\t\t\t\t\t\t\t\n\t<img\n\t\tsrc=\"https:\/\/www.pewag.com\/wp-content\/uploads\/2024\/09\/GEOPHO-0269_farbkorrigiert-scaled.jpg\"\n\t\talt=\"\"\n\t\tclass=\"object-cover aspect-3\/2 object-center\"\n\t\/>\n<\/picture>\n\t<div class=\"col-span-8 mt-8 md:mt-16 lg:mt-7 md:col-span-2\">\n\t\t\n<div\n\tclass=\"scroll-my-24 mt-0 mb-4 pt-0 pb-0 w-full\"\n\t>\n\t<svg xmlns='http:\/\/www.w3.org\/2000\/svg' width='40' height='11' viewBox='0 0 40 11' fill='none'><path d='M5.097 10.249c2.815 0 5.097-2.294 5.097-5.125C10.194 2.294 7.912 0 5.097 0 2.282 0 0 2.294 0 5.124c0 2.83 2.282 5.125 5.097 5.125Zm14.846 0c2.814 0 5.096-2.294 5.096-5.125C25.04 2.294 22.757 0 19.943 0c-2.815 0-5.097 2.294-5.097 5.124 0 2.83 2.282 5.125 5.097 5.125Zm14.961 0c2.814 0 5.096-2.294 5.096-5.125C40 2.294 37.718 0 34.904 0c-2.815 0-5.097 2.294-5.097 5.124 0 2.83 2.282 5.125 5.097 5.125Z' fill='#E4032E'\/><\/svg>\n<h2\tdata-slug=\"xn-podnikn-mwa3i\"\n\tclass=\"font-display text-balance font-synthesis-none scroll-m-20 break-words hyphens-auto text-6xl md:text-7xl leading-tight text-start text-white [&amp;&gt;a]:text-blue-700 mt-2\"\n>\n\tPodnik\u00e1n\u00ed<\/h2><\/div>\n\n<div\n\tclass=\"scroll-my-24 mt-0 mb-4 pt-0 pb-0 w-full\"\n\t>\n\t<p class=\"font-sans [&amp;&gt;a]:underline font-synthesis-none break-words hyphens-auto text-base leading-normal text-start text-white [&amp;&gt;a]:text-blue-700\">\n\tP\u0159ij\u00edm\u00e1me odpov\u011bdnost za v\u0161echny aspekty udr\u017eitelnosti: \u017eivotn\u00ed prost\u0159ed\u00ed, soci\u00e1ln\u00ed oblast a \u0159\u00edzen\u00ed. S ohledem na to za\u010dle\u0148ujeme z\u00e1sady udr\u017eitelnosti ESG do v\u0161ech na\u0161ich podnikatelsk\u00fdch aktivit a proces\u016f, a to na v\u0161ech \u00farovn\u00edch: od strategick\u00e9 po provozn\u00ed.<\/p><\/div>\n\t<\/div>\n<\/div><\/div>\n\n<div\n\tclass=\"scroll-my-24 bg-blue-900 wrapper-contained-wide mt-0 mb-0 pt-4 pb-20 w-full\"\n\t>\n\t<div class=\"grid grid-cols-8 md:grid-cols-5 md:gap-14\">\n\t<picture\n\t\t\tclass=\"col-span-7 md:translate-x-0 -translate-x-4 md:col-span-3\"\n\t>\n\t\t\t\t\t\t\t\n\t<img\n\t\tsrc=\"https:\/\/www.pewag.com\/wp-content\/uploads\/2024\/08\/928552495f37e7c33a3ce2567de52549.jpg\"\n\t\talt=\"\"\n\t\tclass=\"object-cover aspect-3\/2 object-center\"\n\t\/>\n<\/picture>\n\t<div class=\"col-span-8 mt-8 md:mt-16 lg:mt-7 md:col-span-2\">\n\t\t\n<div\n\tclass=\"scroll-my-24 mt-0 mb-4 pt-0 pb-0 w-full\"\n\t>\n\t<svg xmlns='http:\/\/www.w3.org\/2000\/svg' width='40' height='11' viewBox='0 0 40 11' fill='none'><path d='M5.097 10.249c2.815 0 5.097-2.294 5.097-5.125C10.194 2.294 7.912 0 5.097 0 2.282 0 0 2.294 0 5.124c0 2.83 2.282 5.125 5.097 5.125Zm14.846 0c2.814 0 5.096-2.294 5.096-5.125C25.04 2.294 22.757 0 19.943 0c-2.815 0-5.097 2.294-5.097 5.124 0 2.83 2.282 5.125 5.097 5.125Zm14.961 0c2.814 0 5.096-2.294 5.096-5.125C40 2.294 37.718 0 34.904 0c-2.815 0-5.097 2.294-5.097 5.124 0 2.83 2.282 5.125 5.097 5.125Z' fill='#E4032E'\/><\/svg>\n<h2\tdata-slug=\"technologie\"\n\tclass=\"font-display text-balance font-synthesis-none scroll-m-20 break-words hyphens-auto text-6xl md:text-7xl leading-tight text-start text-white [&amp;&gt;a]:text-blue-700 mt-2\"\n>\n\tTechnologie<\/h2><\/div>\n\n<div\n\tclass=\"scroll-my-24 mt-0 mb-4 pt-0 pb-0 w-full\"\n\t>\n\t<p class=\"font-sans [&amp;&gt;a]:underline font-synthesis-none break-words hyphens-auto text-base leading-normal text-start text-white [&amp;&gt;a]:text-blue-700\">\n\tP\u0159ij\u00edm\u00e1me odpov\u011bdnost za v\u0161echny aspekty udr\u017eitelnosti: \u017eivotn\u00ed prost\u0159ed\u00ed, soci\u00e1ln\u00ed oblast a spr\u00e1vu a \u0159\u00edzen\u00ed. S ohledem na to za\u010dle\u0148ujeme z\u00e1sady udr\u017eitelnosti ESG do v\u0161ech na\u0161ich obchodn\u00edch \u010dinnost\u00ed a proces\u016f, a to na v\u0161ech \u00farovn\u00edch: od strategick\u00e9 po provozn\u00ed.<\/p><\/div>\n\t<\/div>\n<\/div><\/div>\n\n<div\n\tclass=\"scroll-my-24 wrapper-contained-wide mt-12 mb-0 pt-4 pb-0 w-full\"\n\t>\n\t<div class=\"grid grid-cols-12 max-sm:grid-cols-1 max-md:grid-cols-4 gap-y-4 gap-x-4\" >\n\t\n<div class=\"flex flex-col col-start-1 max-sm:col-start-1 max-md:col-start-3 col-end-span-12 max-sm:col-end-span-1 max-md:col-end-span-2 row-end-span-1 justify-stretch h-full [&amp;&gt;*:only-child]:h-full items-stretch w-full [&amp;&gt;*:only-child]:w-full pl-0 pr-0 pt-0 pb-0 bg-gradient-to-r overflow-visible\" >\n\t\n<div\n\tclass=\"scroll-my-24 mt-0 mb-4 pt-0 pb-0 w-full\"\n\t>\n\t<h2\tdata-slug=\"\"\n\tclass=\"font-display text-balance font-synthesis-none scroll-m-20 break-words hyphens-auto text-6xl md:text-7xl leading-tight text-center text-blue-900 [&amp;&gt;a]:text-blue-700\"\n>\n\tZ Rakouska po cel\u00e9m sv\u011bt\u011b &#8230;<\/h2><\/div>\n\n<div\n\tclass=\"scroll-my-24 mt-0 mb-4 pt-12 pb-0 w-full\"\n\t>\n\t<picture\n\t>\n\t\t\t\t\t\t\t\n\t<img\n\t\tsrc=\"https:\/\/www.pewag.com\/wp-content\/uploads\/2024\/09\/csm_globe_c2f8eb2eaf.jpg\"\n\t\talt=\"\"\n\t\tclass=\"object-cover object-center\"\n\t\/>\n<\/picture><\/div>\n<\/div>\n<\/div><\/div>\n\n<div\n\tclass=\"scroll-my-24 wrapper-contained-wide mt-12 mb-0 pt-0 pb-0 w-full\"\n\t>\n\t<div class=\"grid grid-cols-12 max-sm:grid-cols-1 max-md:grid-cols-4 gap-y-4 gap-x-4\" >\n\t\n<div class=\"flex flex-col col-start-1 max-sm:col-start-1 max-md:col-start-3 col-end-span-12 max-sm:col-end-span-1 max-md:col-end-span-2 row-end-span-1 justify-stretch h-full [&amp;&gt;*:only-child]:h-full items-stretch w-full [&amp;&gt;*:only-child]:w-full pl-0 pr-0 pt-0 pb-0 bg-gradient-to-r overflow-visible\" >\n\t\n<div\n\tclass=\"scroll-my-24 mt-0 mb-4 pt-0 pb-0 w-full\"\n\t>\n\t<h2\tdata-slug=\"\"\n\tclass=\"font-display text-balance font-synthesis-none scroll-m-20 break-words hyphens-auto text-6xl md:text-7xl leading-tight text-center text-blue-900 [&amp;&gt;a]:text-blue-700\"\n>\n\t&#8230; udr\u017eiteln\u00fdm zp\u016fsobem<\/h2><\/div>\n<\/div>\n<\/div><\/div>\n\n<div\n\tclass=\"scroll-my-24 wrapper-contained-wide mt-0 mb-0 pt-4 pb-0 w-full\"\n\t>\n\t<div class=\"grid grid-cols-12 max-sm:grid-cols-1 max-md:grid-cols-4 gap-y-4 gap-x-16\" >\n\t\n<div class=\"flex flex-col col-start-1 max-sm:col-start-1 max-md:col-start-3 col-end-span-6 max-sm:col-end-span-1 max-md:col-end-span-2 row-end-span-1 justify-stretch h-full [&amp;&gt;*:only-child]:h-full items-stretch w-full [&amp;&gt;*:only-child]:w-full pl-0 pr-0 pt-0 pb-0 bg-gradient-to-r overflow-visible\" >\n\t\n<div\n\tclass=\"scroll-my-24 mt-0 mb-4 pt-0 pb-0 w-full\"\n\t>\n\t<h2\tdata-slug=\"xn-sociln-excelence-imb2t\"\n\tclass=\"font-display text-balance font-synthesis-none scroll-m-20 break-words hyphens-auto text-xl md:text-2xl lg:text-lg leading-normal text-start text-black [&amp;&gt;a]:text-blue-700\"\n>\n\tSoci\u00e1ln\u00ed excelence<\/h2><\/div>\n\n<div\n\tclass=\"scroll-my-24 mt-0 mb-4 pt-0 pb-0 w-full\"\n\t>\n\t<p class=\"font-sans [&amp;&gt;a]:underline font-synthesis-none break-words hyphens-auto text-base leading-normal text-start text-black [&amp;&gt;a]:text-blue-700\">\n\tFiremn\u00ed etika skupiny pewag vych\u00e1z\u00ed z na\u0161eho jasn\u00e9ho z\u00e1vazku k dodr\u017eov\u00e1n\u00ed univerz\u00e1ln\u00edch lidsk\u00fdch pr\u00e1v. Jako glob\u00e1ln\u011b p\u016fsob\u00edc\u00ed skupina spole\u010dnost\u00ed neseme soci\u00e1ln\u00ed a korpor\u00e1tn\u00ed odpov\u011bdnost. To se t\u00fdk\u00e1 zejm\u00e9na na\u0161ich zam\u011bstnanc\u016f.<\/p><\/div>\n<\/div>\n\n<div class=\"flex flex-col col-start-7 max-sm:col-start-1 max-md:col-start-3 col-end-span-6 max-sm:col-end-span-1 max-md:col-end-span-2 row-end-span-1 justify-stretch h-full [&amp;&gt;*:only-child]:h-full items-stretch w-full [&amp;&gt;*:only-child]:w-full pl-0 pr-0 pt-0 pb-0 bg-gradient-to-r overflow-visible\" >\n\t\n<div\n\tclass=\"scroll-my-24 mt-0 mb-4 pt-0 pb-0 w-full\"\n\t>\n\t<h2\tdata-slug=\"xn-ekologick-dokonalost-qxb\"\n\tclass=\"font-display text-balance font-synthesis-none scroll-m-20 break-words hyphens-auto text-xl md:text-2xl lg:text-lg leading-normal text-start text-black [&amp;&gt;a]:text-blue-700\"\n>\n\tEkologick\u00e1 dokonalost<\/h2><\/div>\n\n<div\n\tclass=\"scroll-my-24 mt-0 mb-4 pt-0 pb-0 w-full\"\n\t>\n\t<p class=\"font-sans [&amp;&gt;a]:underline font-synthesis-none break-words hyphens-auto text-base leading-normal text-start text-black [&amp;&gt;a]:text-blue-700\">\n\tZavazujeme se k \u0161etrn\u00e9mu a udr\u017eiteln\u00e9mu p\u0159\u00edstupu k \u017eivotn\u00edmu prost\u0159ed\u00ed. To se t\u00fdk\u00e1 v\u0161ech oblast\u00ed a \u010dinnost\u00ed na\u0161\u00ed skupiny spole\u010dnost\u00ed. Je pro n\u00e1s samoz\u0159ejmost\u00ed vyu\u017e\u00edvat zdroje co nejefektivn\u011bji a zajistit to i do budoucna prost\u0159ednictv\u00edm nov\u00fdch ekologick\u00fdch a efektivn\u00edch proces\u016f.<\/p><\/div>\n<\/div>\n<\/div><\/div>\n\n<div\n\tclass=\"scroll-my-24 wrapper-contained-wide mt-12 mb-0 pt-0 pb-0 w-full\"\n\t>\n\t<div class=\"grid grid-cols-12 max-sm:grid-cols-1 max-md:grid-cols-4 gap-y-4 gap-x-4\" >\n\t\n<div class=\"flex flex-col col-start-1 max-sm:col-start-1 max-md:col-start-3 col-end-span-12 max-sm:col-end-span-1 max-md:col-end-span-2 row-end-span-1 justify-stretch h-full [&amp;&gt;*:only-child]:h-full items-stretch w-full [&amp;&gt;*:only-child]:w-full pl-0 pr-0 pt-0 pb-0 bg-gradient-to-r overflow-visible\" >\n\t\n<div\n\tclass=\"scroll-my-24 mt-0 mb-4 pt-0 pb-0 w-full\"\n\t>\n\t<h2\tdata-slug=\"xn-co-ns-definuje-ygb\"\n\tclass=\"font-display text-balance font-synthesis-none scroll-m-20 break-words hyphens-auto text-6xl md:text-7xl leading-tight text-center text-blue-900 [&amp;&gt;a]:text-blue-700\"\n>\n\tCo n\u00e1s definuje<\/h2><\/div>\n<\/div>\n<\/div><\/div>\n\n<div\n\tclass=\"scroll-my-24 wrapper-contained-wide mt-12 mb-0 pt-4 pb-0 w-full\"\n\t>\n\t<div class=\"grid grid-cols-3 max-sm:grid-cols-1 max-md:grid-cols-4 gap-y-4 gap-x-4\" >\n\t\n<div class=\"flex flex-col col-start-1 max-sm:col-start-1 max-md:col-start-1 col-end-span-1 max-sm:col-end-span-1 max-md:col-end-span-2 row-end-span-1 max-sm:row-end-span-1 justify-stretch h-full [&amp;&gt;*:only-child]:h-full items-center max-sm:items-stretch max-sm:w-full max-sm:[&amp;&gt;*:only-child]:w-full max-md:items-center pl-0 pr-0 pt-0 pb-0 bg-gradient-to-r overflow-visible\" >\n\t\n<div\n\tclass=\"scroll-my-24 mt-0 mb-4 pt-0 pb-0 w-full\"\n\t>\n\t<picture\n\t>\n\t\t\t\t\t\t\t\n\t<img\n\t\tsrc=\"https:\/\/www.pewag.com\/wp-content\/uploads\/2024\/09\/csm_1_our_experience_28eb0bf195.jpg\"\n\t\talt=\"\"\n\t\tclass=\"object-cover object-center\"\n\t\/>\n<\/picture><\/div>\n<\/div>\n\n<div class=\"flex flex-col col-start-2 max-sm:col-start-1 max-md:col-start-3 col-end-span-1 max-sm:col-end-span-1 max-md:col-end-span-2 row-end-span-1 justify-stretch h-full [&amp;&gt;*:only-child]:h-full items-center max-md:items-center max-sm:items-stretch max-sm:w-full max-sm:[&amp;&gt;*:only-child]:w-full pl-0 pr-0 pt-0 pb-0 bg-gradient-to-r overflow-visible\" >\n\t\n<div\n\tclass=\"scroll-my-24 mt-0 mb-4 pt-0 pb-0 w-full\"\n\t>\n\t<picture\n\t>\n\t\t\t\t\t\t\t\n\t<img\n\t\tsrc=\"https:\/\/www.pewag.com\/wp-content\/uploads\/2024\/09\/csm_1_our_expertise_c647bd9642.jpg\"\n\t\talt=\"\"\n\t\tclass=\"object-cover object-center\"\n\t\/>\n<\/picture><\/div>\n<\/div>\n\n<div class=\"flex flex-col col-start-3 max-sm:col-start-1 max-md:col-start-2 col-end-span-1 max-sm:col-end-span-1 max-md:col-end-span-2 row-end-span-1 justify-stretch h-full [&amp;&gt;*:only-child]:h-full items-center max-md:items-center max-sm:items-stretch max-sm:w-full max-sm:[&amp;&gt;*:only-child]:w-full pl-0 pr-0 pt-0 pb-0 bg-gradient-to-r overflow-visible\" >\n\t\n<div\n\tclass=\"scroll-my-24 mt-0 mb-4 pt-0 pb-0 w-full\"\n\t>\n\t<picture\n\t>\n\t\t\t\t\t\t\t\n\t<img\n\t\tsrc=\"https:\/\/www.pewag.com\/wp-content\/uploads\/2024\/09\/csm_1_our_network_896e0988a5.jpg\"\n\t\talt=\"\"\n\t\tclass=\"object-cover object-center\"\n\t\/>\n<\/picture><\/div>\n<\/div>\n<\/div><\/div>\n\n<div\n\tclass=\"scroll-my-24 wrapper-contained mt-0 mb-4 pt-0 pb-0 w-full\"\n\t>\n\t<div class=\"flex flex-col flex-wrap justify-center max-w-2xl px-4 py-8 mx-auto gap-y-5 items-center text-center text-blue-900\">\n\t<h2\tdata-slug=\"xn-prozkoumejte-vestrannost-skupiny-pewag-egh\"\n\tclass=\"font-display text-balance font-synthesis-none scroll-m-20 break-words hyphens-auto text-6xl md:text-7xl leading-tight\"\n>\n\tProzkoumejte v\u0161estrannost skupiny pewag<\/h2><a\thref=\"https:\/\/www.pewag-group.com\/\"target=\"_blank\"rel=\"noopener noreferrer\"class=\"font-sans transition duration-300 flex w-fit items-center focus-visible:ring focus:outline-none text-lg disabled:cursor-default [&amp;&gt;svg]:flex-none max-w-full px-8 border [&amp;&gt;svg]:size-5 gap-2 py-2 rounded-full text-white bg-red-700 border-red-700 hover:bg-red-800 hover:border-red-800 disabled:bg-gray-300 disabled:border-gray-300 focus-visible:ring-red-500\/30 button mt-2\">\n\t\t\t<span class=\"min-w-0 break-words hyphens-auto\">pewag group<\/span>\n\t\n\t<\/a><\/div><\/div>","protected":false},"excerpt":{"rendered":"","protected":false},"author":12,"featured_media":0,"parent":0,"menu_order":0,"comment_status":"closed","ping_status":"closed","template":"","meta":{"pewag_navigation_theme_dark_use":true,"footnotes":""},"content-types":[24],"class_list":["post-10257","page","type-page","status-publish","hentry","content-type-about-pewag"],"yoast_head":"<!-- This site is optimized with the Yoast SEO plugin v27.4 - https:\/\/yoast.com\/product\/yoast-seo-wordpress\/ -->\n<title>Pewag Group - pewag<\/title>\n<meta name=\"robots\" content=\"index, follow, max-snippet:-1, max-image-preview:large, max-video-preview:-1\" \/>\n<link rel=\"canonical\" href=\"https:\/\/www.pewag.com\/cz\/pewag-group\/\" \/>\n<meta property=\"og:locale\" content=\"cs_CZ\" \/>\n<meta property=\"og:type\" content=\"article\" \/>\n<meta property=\"og:title\" content=\"Pewag Group - pewag\" \/>\n<meta property=\"og:url\" content=\"https:\/\/www.pewag.com\/cz\/pewag-group\/\" \/>\n<meta property=\"og:site_name\" content=\"pewag\" \/>\n<meta property=\"article:modified_time\" content=\"2025-01-20T14:38:51+00:00\" \/>\n<meta name=\"twitter:card\" content=\"summary_large_image\" \/>\n<meta name=\"twitter:label1\" content=\"Est. reading time\" \/>\n\t<meta name=\"twitter:data1\" content=\"4 minutes\" \/>\n<script type=\"application\/ld+json\" class=\"yoast-schema-graph\">{\"@context\":\"https:\\\/\\\/schema.org\",\"@graph\":[{\"@type\":\"WebPage\",\"@id\":\"https:\\\/\\\/www.pewag.com\\\/cz\\\/pewag-group\\\/\",\"url\":\"https:\\\/\\\/www.pewag.com\\\/cz\\\/pewag-group\\\/\",\"name\":\"Pewag Group - pewag\",\"isPartOf\":{\"@id\":\"https:\\\/\\\/www.pewag.com\\\/#website\"},\"datePublished\":\"2024-09-19T12:45:41+00:00\",\"dateModified\":\"2025-01-20T14:38:51+00:00\",\"breadcrumb\":{\"@id\":\"https:\\\/\\\/www.pewag.com\\\/cz\\\/pewag-group\\\/#breadcrumb\"},\"inLanguage\":\"pe-CZ\",\"potentialAction\":[{\"@type\":\"ReadAction\",\"target\":[\"https:\\\/\\\/www.pewag.com\\\/cz\\\/pewag-group\\\/\"]}]},{\"@type\":\"BreadcrumbList\",\"@id\":\"https:\\\/\\\/www.pewag.com\\\/cz\\\/pewag-group\\\/#breadcrumb\",\"itemListElement\":[{\"@type\":\"ListItem\",\"position\":1,\"name\":\"Home\",\"item\":\"https:\\\/\\\/www.pewag.com\\\/cz\\\/\"},{\"@type\":\"ListItem\",\"position\":2,\"name\":\"Pewag Group\"}]},{\"@type\":\"WebSite\",\"@id\":\"https:\\\/\\\/www.pewag.com\\\/#website\",\"url\":\"https:\\\/\\\/www.pewag.com\\\/\",\"name\":\"pewag\",\"description\":\"\",\"potentialAction\":[{\"@type\":\"SearchAction\",\"target\":{\"@type\":\"EntryPoint\",\"urlTemplate\":\"https:\\\/\\\/www.pewag.com\\\/?s={search_term_string}\"},\"query-input\":{\"@type\":\"PropertyValueSpecification\",\"valueRequired\":true,\"valueName\":\"search_term_string\"}}],\"inLanguage\":\"pe-CZ\"}]}<\/script>\n<!-- \/ Yoast SEO plugin. -->","yoast_head_json":{"title":"Pewag Group - pewag","robots":{"index":"index","follow":"follow","max-snippet":"max-snippet:-1","max-image-preview":"max-image-preview:large","max-video-preview":"max-video-preview:-1"},"canonical":"https:\/\/www.pewag.com\/cz\/pewag-group\/","og_locale":"cs_CZ","og_type":"article","og_title":"Pewag Group - pewag","og_url":"https:\/\/www.pewag.com\/cz\/pewag-group\/","og_site_name":"pewag","article_modified_time":"2025-01-20T14:38:51+00:00","twitter_card":"summary_large_image","twitter_misc":{"Est. reading time":"4 minutes"},"schema":{"@context":"https:\/\/schema.org","@graph":[{"@type":"WebPage","@id":"https:\/\/www.pewag.com\/cz\/pewag-group\/","url":"https:\/\/www.pewag.com\/cz\/pewag-group\/","name":"Pewag Group - pewag","isPartOf":{"@id":"https:\/\/www.pewag.com\/#website"},"datePublished":"2024-09-19T12:45:41+00:00","dateModified":"2025-01-20T14:38:51+00:00","breadcrumb":{"@id":"https:\/\/www.pewag.com\/cz\/pewag-group\/#breadcrumb"},"inLanguage":"pe-CZ","potentialAction":[{"@type":"ReadAction","target":["https:\/\/www.pewag.com\/cz\/pewag-group\/"]}]},{"@type":"BreadcrumbList","@id":"https:\/\/www.pewag.com\/cz\/pewag-group\/#breadcrumb","itemListElement":[{"@type":"ListItem","position":1,"name":"Home","item":"https:\/\/www.pewag.com\/cz\/"},{"@type":"ListItem","position":2,"name":"Pewag Group"}]},{"@type":"WebSite","@id":"https:\/\/www.pewag.com\/#website","url":"https:\/\/www.pewag.com\/","name":"pewag","description":"","potentialAction":[{"@type":"SearchAction","target":{"@type":"EntryPoint","urlTemplate":"https:\/\/www.pewag.com\/?s={search_term_string}"},"query-input":{"@type":"PropertyValueSpecification","valueRequired":true,"valueName":"search_term_string"}}],"inLanguage":"pe-CZ"}]}},"_links":{"self":[{"href":"https:\/\/www.pewag.com\/cz\/wp-json\/wp\/v2\/pages\/10257","targetHints":{"allow":["GET"]}}],"collection":[{"href":"https:\/\/www.pewag.com\/cz\/wp-json\/wp\/v2\/pages"}],"about":[{"href":"https:\/\/www.pewag.com\/cz\/wp-json\/wp\/v2\/types\/page"}],"author":[{"embeddable":true,"href":"https:\/\/www.pewag.com\/cz\/wp-json\/wp\/v2\/users\/12"}],"replies":[{"embeddable":true,"href":"https:\/\/www.pewag.com\/cz\/wp-json\/wp\/v2\/comments?post=10257"}],"version-history":[{"count":1,"href":"https:\/\/www.pewag.com\/cz\/wp-json\/wp\/v2\/pages\/10257\/revisions"}],"predecessor-version":[{"id":10265,"href":"https:\/\/www.pewag.com\/cz\/wp-json\/wp\/v2\/pages\/10257\/revisions\/10265"}],"wp:attachment":[{"href":"https:\/\/www.pewag.com\/cz\/wp-json\/wp\/v2\/media?parent=10257"}],"wp:term":[{"taxonomy":"content-type","embeddable":true,"href":"https:\/\/www.pewag.com\/cz\/wp-json\/wp\/v2\/content-types?post=10257"}],"curies":[{"name":"wp","href":"https:\/\/api.w.org\/{rel}","templated":true}]}}