{"id":15694,"date":"2024-10-10T16:04:12","date_gmt":"2024-10-10T14:04:12","guid":{"rendered":"https:\/\/www.pewag.com\/?page_id=15694"},"modified":"2026-04-09T18:02:14","modified_gmt":"2026-04-09T16:02:14","slug":"agricultura-y-silvicultura","status":"publish","type":"page","link":"https:\/\/www.pewag.com\/co\/industrias\/agricultura-y-silvicultura\/","title":{"rendered":"Agricultura y Silvicultura"},"content":{"rendered":"<div\n\tclass=\"scroll-my-24 bg-blue-900 wrapper-full mt-0 mb-0 pt-20 max-sm:pt-16 pb-8 w-full\"\n\t>\n\t<div class=\"grid md:grid-rows-1 md:grid-cols-[minmax(min-content,1fr)_1fr_1fr]\">\n\t<div class=\"px-4 md:px-10 pb-12 md:pb-24 grid md:flex md:flex-col grid-rows-1 grid-cols-4 order-2 md:order-none justify-end items-start\">\n\t\t<div class='text-md\/5 flex items-baseline gap-1.5 [&amp;&gt;*:nth-child(n+3)]:truncate text-gray-300 mb-4 md:mb-auto md:mt-4 col-span-4'><a href='https:\/\/www.pewag.com\/co\/' aria-label='Home link'>\n\t\t\t<svg xmlns='http:\/\/www.w3.org\/2000\/svg' width='12' height='12' viewBox='0 0 12 12' fill='none'><path d='M2 10.667h2v-4h4v4h2v-6l-4-3-4 3v6ZM.667 12V4L6 0l5.333 4v8H6.667V8H5.333v4H.667Z' fill='currentColor'\/><\/svg> <span><a href=\" https:\/\/www.pewag.com\/co\/ \">Home<\/a><\/span>\n\t\t<\/a><\/div><p class=\"font-sans [&amp;&gt;a]:underline font-synthesis-none break-words hyphens-auto text-3xl md:text-4xl lg:text-5xl leading-normal md:mb-2 col-start-1 col-span-3 text-blue-500\">\n\tAGRICULTURA Y SILVICULTURA<\/p><h2\tdata-slug=\"resistencia-en-terrenos-inclinados\"\n\tclass=\"font-display text-balance font-synthesis-none scroll-m-20 break-words hyphens-auto text-9xl md:text-10xl lg:text-11xl leading-none col-start-1 col-span-3 text-white\"\n>\n\tResistencia en terrenos inclinados.<\/h2><a\thref=\"#start\"class=\"font-sans transition duration-300 flex w-fit items-center focus-visible:ring focus:outline-none text-lg disabled:cursor-default [&amp;&gt;svg]:flex-none max-w-full px-6 border [&amp;&gt;svg]:size-5 gap-2 py-2 rounded-full text-white [&amp;&gt;svg]:text-red-700 border-white border-opacity-50 hover:text-blue-100 hover:border-opacity-100 disabled:text-gray-300 disabled:border-gray-300 disabled:border focus-visible:ring-blue-500\/30 button mt-6 col-start-1 col-span-3 justify-self-start\">\n\t\t\t<span class=\"min-w-0 break-words hyphens-auto\">Explore<\/span>\n\t\n\t<svg width='24' height='24' viewBox='0 0 24 24' fill='none' xmlns='http:\/\/www.w3.org\/2000\/svg'><path d='M5 14.283 12 21l7-6.717' stroke='currentColor' stroke-width='2' stroke-linecap='round' stroke-linejoin='round' fill='none'\/><path stroke='currentColor' stroke-width='2' stroke-linecap='round' d='M12.032 19.733V4' fill='none'\/><\/svg><\/a>\t<\/div>\n\t<div class=\"video !aspect-square lg:h-[90vh] lg:w-full object-cover md:col-start-2 md:col-span-2 mb-5 md:mb-0\">\n\t\t\t<video\n\t\t\tclass=\"aspect-video object-cover w-full js-video\"\n\t\t\tloop autoplay playsinline muted\t\t\tpreload=\"metadata\"\n\t\t\tposter=\"\"\n\t\t\t\t\t>\n\t\t\t<source src=\"https:\/\/www.pewag.com\/wp-content\/uploads\/2024\/11\/forst-industry-header.mp4\" type=\"video\/mp4\" \/>\n\n\t\t\t\t\t<\/video>\n\t\n\t<\/div><\/div><\/div>\n\n<div\n\tclass=\"scroll-my-24 bg-blue-900 wrapper-contained-wide mt-0 mb-0 pt-20 max-md:pt-16 max-sm:pt-8 pb-16 w-full max-md:w-full max-sm:w-full\"\n\t\t\tid=\"start\"\n\t>\n\t<div class=\"grid grid-cols-8 md:grid-cols-5 md:gap-14\">\n\t<picture\n\t\t\tclass=\"col-span-7 md:translate-x-0 -translate-x-4 md:col-span-3\"\n\t>\n\t\t\t\t\t\t\t\n\t<img\n\t\tsrc=\"https:\/\/www.pewag.com\/wp-content\/uploads\/2024\/08\/e1a2251cc1841388c98db69a351deb7c.jpg\"\n\t\talt=\"\"\n\t\tclass=\"object-cover aspect-3\/2 object-center\"\n\t\/>\n<\/picture>\n\t<div class=\"col-span-8 mt-8 md:mt-16 lg:mt-7 md:col-span-2\">\n\t\t\n<div\n\tclass=\"scroll-my-24 mt-0 mb-4 pt-0 pb-0 w-full\"\n\t>\n\t<svg xmlns='http:\/\/www.w3.org\/2000\/svg' width='40' height='11' viewBox='0 0 40 11' fill='none'><path d='M5.097 10.249c2.815 0 5.097-2.294 5.097-5.125C10.194 2.294 7.912 0 5.097 0 2.282 0 0 2.294 0 5.124c0 2.83 2.282 5.125 5.097 5.125Zm14.846 0c2.814 0 5.096-2.294 5.096-5.125C25.04 2.294 22.757 0 19.943 0c-2.815 0-5.097 2.294-5.097 5.124 0 2.83 2.282 5.125 5.097 5.125Zm14.961 0c2.814 0 5.096-2.294 5.096-5.125C40 2.294 37.718 0 34.904 0c-2.815 0-5.097 2.294-5.097 5.124 0 2.83 2.282 5.125 5.097 5.125Z' fill='#E4032E'\/><\/svg>\n<h2\tdata-slug=\"operaciones-forestales-seguras-con-productos-forestales-pewag\"\n\tclass=\"font-display text-balance font-synthesis-none scroll-m-20 break-words hyphens-auto text-6xl md:text-7xl leading-tight text-start text-white [&amp;&gt;a]:text-blue-700 mt-2\"\n>\n\tOperaciones forestales seguras con productos forestales pewag<\/h2><\/div>\n\n<div\n\tclass=\"scroll-my-24 mt-0 mb-4 pt-0 pb-0 w-full\"\n\t>\n\t<p class=\"font-sans [&amp;&gt;a]:underline font-synthesis-none break-words hyphens-auto text-xl md:text-2xl leading-normal text-start text-white [&amp;&gt;a]:text-blue-700\">\n\tpewag es su socio de confianza para pistas forestales y cadenas de tracci\u00f3n para m\u00e1quinas forestales y sistemas de cadenas para la tracci\u00f3n y el transporte de mercanc\u00edas voluminosas en los bosques.<br>pewag trabaja en la fabricaci\u00f3n de cadenas y componentes desde hace varios siglos. Para garantizar la excelente calidad de nuestra gama, todas nuestras instalaciones de producci\u00f3n siguen estando ubicadas en Europa Central. De este modo, pewag puede mantener una visi\u00f3n general de toda la cadena de fabricaci\u00f3n y garantizar los m\u00e1s altos est\u00e1ndares de calidad, longevidad y relaci\u00f3n calidad-precio para sus usuarios.<\/p><\/div>\n\t<\/div>\n<\/div><\/div>\n\n<div\n\tclass=\"scroll-my-24 bg-blue-900 wrapper-contained-wide mt-0 mb-4 pt-12 pb-20 w-full\"\n\t>\n\t<div\n\tclass=\"flex flex-col relative js-carousel\"\n\t\n\t\t\tdata-disable\n\t>\n\t\n\t<div class=\"overflow-hidden py-2 js-carousel-container\">\n\t\t<div class=\"grid grid-flow-col justify-items-center items-start *:select-none max-w-[90vw] md:max-w-auto gap-x-10\">\n\t\t\t\n<div class=\"max-w-52 w-max flex flex-col items-center justify-center text-center\" >\n\t\t\t<img\n\t\t\tsrc=\"https:\/\/www.pewag.com\/wp-content\/uploads\/2024\/11\/USP-Icons-FIN_Handwerk-Kopie.png\"\n\t\t\talt=\"\"\n\t\t\tclass=\"object-cover mb-5 mx-auto max-w-20 aspect-[3\/4]\"\n\t\t\/>\n\t\t\n\t<p class=\"font-sans [&amp;&gt;a]:underline font-synthesis-none break-words hyphens-auto text-base leading-normal transition duration-300 max-w-52 w-max text-white group-hover:text-blue-200\">\n\tArtesan\u00eda e innovaci\u00f3n<\/p><\/div>\n\n<div class=\"max-w-52 w-max flex flex-col items-center justify-center text-center\" >\n\t\t\t<img\n\t\t\tsrc=\"https:\/\/www.pewag.com\/wp-content\/uploads\/2024\/11\/USP-Icons-FIN_Premium-Quality-Materials-Kopie.png\"\n\t\t\talt=\"\"\n\t\t\tclass=\"object-cover mb-5 mx-auto max-w-20 aspect-[3\/4]\"\n\t\t\/>\n\t\t\n\t<p class=\"font-sans [&amp;&gt;a]:underline font-synthesis-none break-words hyphens-auto text-base leading-normal transition duration-300 max-w-52 w-max text-white group-hover:text-blue-200\">\n\tMateriales de alta <br>calidad<\/p><\/div>\n\n<div class=\"max-w-52 w-max flex flex-col items-center justify-center text-center\" >\n\t\t\t<img\n\t\t\tsrc=\"https:\/\/www.pewag.com\/wp-content\/uploads\/2024\/11\/USP-Icons-FIN_Qualitatsstandards-Kopie.png\"\n\t\t\talt=\"\"\n\t\t\tclass=\"object-cover mb-5 mx-auto max-w-20 aspect-[3\/4]\"\n\t\t\/>\n\t\t\n\t<p class=\"font-sans [&amp;&gt;a]:underline font-synthesis-none break-words hyphens-auto text-base leading-normal transition duration-300 max-w-52 w-max text-white group-hover:text-blue-200\">\n\tM\u00e1ximos est\u00e1ndares<br>de calidad<\/p><\/div>\n\n<div class=\"max-w-52 w-max flex flex-col items-center justify-center text-center\" >\n\t\t\t<img\n\t\t\tsrc=\"https:\/\/www.pewag.com\/wp-content\/uploads\/2024\/11\/USP-Icons-FIN_Sustainability-Responsible-business-practice-Kopie.png\"\n\t\t\talt=\"\"\n\t\t\tclass=\"object-cover mb-5 mx-auto max-w-20 aspect-[3\/4]\"\n\t\t\/>\n\t\t\n\t<p class=\"font-sans [&amp;&gt;a]:underline font-synthesis-none break-words hyphens-auto text-base leading-normal transition duration-300 max-w-52 w-max text-white group-hover:text-blue-200\">\n\tProcesos sostenibles<\/p><\/div>\n\n<div class=\"max-w-52 w-max flex flex-col items-center justify-center text-center\" >\n\t\t\t<img\n\t\t\tsrc=\"https:\/\/www.pewag.com\/wp-content\/uploads\/2024\/11\/USP-Icons-FIN_Partnerschaft-Kopie.png\"\n\t\t\talt=\"\"\n\t\t\tclass=\"object-cover mb-5 mx-auto max-w-20 aspect-[3\/4]\"\n\t\t\/>\n\t\t\n\t<p class=\"font-sans [&amp;&gt;a]:underline font-synthesis-none break-words hyphens-auto text-base leading-normal transition duration-300 max-w-52 w-max text-white group-hover:text-blue-200\">\n\tSocio fiable<\/p><\/div>\n\t\t<\/div>\n\t<\/div>\n\t\n<\/div><\/div>\n\n<div\n\tclass=\"scroll-my-24 wrapper-contained mt-12 mb-0 pt-0 pb-0 w-full max-md:w-full max-sm:w-full\"\n\t>\n\t<div class=\"grid grid-cols-2 max-sm:grid-cols-1 max-md:grid-cols-1 gap-y-4 gap-x-4 max-md:gap-x-2\" >\n\t\n<div class=\"flex flex-col col-start-1 max-sm:col-start-1 max-md:col-start-1 col-end-span-2 max-sm:col-end-span-1 max-md:col-end-span-1 row-end-span-1 max-md:row-end-span-1 max-sm:row-end-span-1 justify-stretch h-full [&amp;&gt;*:only-child]:h-full items-stretch w-full [&amp;&gt;*:only-child]:w-full max-md:items-stretch max-md:w-full max-md:[&amp;&gt;*:only-child]:w-full max-sm:items-stretch max-sm:w-full max-sm:[&amp;&gt;*:only-child]:w-full pl-0 pr-0 pt-0 pb-0 bg-gradient-to-r overflow-visible\" >\n\t\n<div\n\tclass=\"scroll-my-24 mt-0 mb-0 pt-0 pb-0 w-full\"\n\t>\n\t<h2\tdata-slug=\"xn-por-qu-confiar-en-pewag-osd\"\n\tclass=\"font-display text-balance font-synthesis-none scroll-m-20 break-words hyphens-auto text-3xl md:text-4xl lg:text-5xl leading-normal text-start text-blue-900 [&amp;&gt;a]:text-blue-700\"\n>\n\t<strong>Por qu\u00e9 confiar en pewa<\/strong>g<\/h2><\/div>\n<\/div>\n<\/div><\/div>\n\n<div\n\tclass=\"scroll-my-24 wrapper-contained mt-8 mb-16 pt-0 pb-8 w-full\"\n\t>\n\t<div class=\"grid grid-cols-2 max-sm:grid-cols-1 gap-x-8\" >\n\t\n<div class=\"flex flex-col col-start-1 max-sm:col-start-1 col-end-span-1 max-sm:col-end-span-1 row-end-span-2 justify-stretch h-full [&amp;&gt;*:only-child]:h-full items-stretch w-full [&amp;&gt;*:only-child]:w-full pl-0 pr-0 pt-0 pb-0 bg-gradient-to-r overflow-visible\" >\n\t\n<div\n\tclass=\"scroll-my-24 mt-0 mb-4 pt-0 pb-0 w-full\"\n\t>\n\t<ul\tclass=\"font-sans [&amp;&gt;a]:underline font-synthesis-none text-xl md:text-2xl leading-normal list-[&#039;\u2713_&#039;] ml-[1em] marker:text-red-700 text-black\"\n>\n\t<li><strong>Made in Europe.<\/strong> Desarrollado y fabricado en Europa<\/li><li><strong>Calidad excepcional.<\/strong> Acero de alta calidad<\/li><li><strong>Durabilidad y longevidad.<\/strong> Materiales de alta calidad<\/li><li><strong>Riesgo reducido.<\/strong> Fragilizaci\u00f3n por hidr\u00f3geno y corrosi\u00f3n<\/li><li><strong>Procesos de producci\u00f3n innovadores.<\/strong> Granallado y galvanizado<\/li><\/ul><\/div>\n<\/div>\n\n<div class=\"flex flex-col col-start-2 max-sm:col-start-1 col-end-span-1 max-sm:col-end-span-1 row-end-span-1 justify-stretch h-full [&amp;&gt;*:only-child]:h-full items-stretch w-full [&amp;&gt;*:only-child]:w-full pl-0 pr-0 pt-0 pb-0 bg-gradient-to-r overflow-visible\" >\n\t\n<div\n\tclass=\"scroll-my-24 mt-0 mb-4 pt-0 pb-0 w-full\"\n\t>\n\t<ul\tclass=\"font-sans [&amp;&gt;a]:underline font-synthesis-none text-xl md:text-2xl leading-normal list-[&#039;\u2713_&#039;] ml-[1em] marker:text-red-700 text-black\"\n>\n\t<li><strong>Prolongaci\u00f3n de la vida \u00fatil del producto.<\/strong> Menos mantenimiento en condiciones ambientales dif\u00edciles<\/li><li><strong>Calidad y rendimiento.<\/strong> Supervisi\u00f3n constante.<\/li><li><strong>Seguridad.<\/strong> Cumplimiento de todos los requisitos cr\u00edticos de seguridad.<\/li><\/ul><\/div>\n<\/div>\n<\/div><\/div>\n\n<div\n\tclass=\"scroll-my-24 wrapper-contained !hidden mt-0 mb-12 pt-0 pb-0 w-full\"\n\t>\n\t<h2\tdata-slug=\"xn-pewag-soluciones-agrcolas-y-forestales-brd\"\n\tclass=\"font-display text-balance font-synthesis-none scroll-m-20 break-words hyphens-auto text-3xl md:text-4xl lg:text-5xl leading-normal text-start text-blue-900 [&amp;&gt;a]:text-blue-700\"\n>\n\tpewag Soluciones agr\u00edcolas y forestales<\/h2><\/div>\n\n<div\n\tclass=\"scroll-my-24 wrapper-contained-wide !hidden mt-0 mb-8 pt-0 pb-0 w-full max-md:w-full max-sm:w-full\"\n\t>\n\t<div class=\"grid grid-cols-3 max-md:grid-cols-2 max-sm:grid-cols-1 gap-y-4 max-md:gap-y-2 max-sm:gap-y-2 gap-x-4 max-md:gap-x-2\" >\n\t\n<div class=\"flex flex-col col-start-1 max-sm:col-start-1 max-md:col-start-1 col-end-span-1 max-sm:col-end-span-1 max-md:col-end-span-1 row-end-span-1 max-sm:row-end-span-1 max-md:row-end-span-1 justify-stretch h-full [&amp;&gt;*:only-child]:h-full items-stretch w-full [&amp;&gt;*:only-child]:w-full max-md:items-stretch max-md:w-full max-md:[&amp;&gt;*:only-child]:w-full max-sm:items-stretch max-sm:w-full max-sm:[&amp;&gt;*:only-child]:w-full pl-0 pr-0 pt-0 pb-0 bg-gradient-to-r overflow-visible\" >\n\t\n<div\n\tclass=\"scroll-my-24 !grid mt-0 mb-4 pt-0 pb-0 w-full\"\n\t>\n\t<a class=\"grid grid-cols-1 grid-rows-1 w-full overflow-hidden group\" href=\"https:\/\/shop.pewag.com\/co\">\n\t<picture\n\t\t\tclass=\"w-full h-full row-start-1 col-start-1 col-span-1 row-span-1 object-cover overflow-hidden !block\"\n\t>\n\t\t\t\t\t\t\t\n\t<img\n\t\tsrc=\"https:\/\/www.pewag.com\/wp-content\/uploads\/2024\/11\/Shop-GIF-blau-sharp.gif\"\n\t\talt=\"\"\n\t\tclass=\"object-cover aspect-5\/4 size-full object-center group-hover:scale-110 transition-transform duration-300\"\n\t\/>\n<\/picture><button\tclass=\"font-sans transition duration-300 flex w-fit items-center focus-visible:ring focus:outline-none text-lg disabled:cursor-default [&amp;&gt;svg]:flex-none max-w-full leading-tight cursor-pointer [&amp;&gt;svg]:size-6 gap-3 text-left text-blue-900 hover:text-blue-700 button row-start-1 col-start-1 col-span-1 row-span-1 justify-self-center font-display text-white hover:!text-white font-bold text-left mb-2 !text-8xl md:!text-11xl [&amp;&gt;svg]:size-8 md:[&amp;&gt;svg]:size-11 z-10 p-4 md:p-8 w-max\">\n\t\t\t<span class=\"min-w-0 break-words hyphens-auto\">Productos<\/span>\n\t\n\t<svg xmlns='http:\/\/www.w3.org\/2000\/svg' width='24' height='24' viewBox='0 0 24 24' fill='none'><circle cx='12' cy='12' r='12' fill='#E20031'\/><path fill-rule='evenodd' clip-rule='evenodd' d='m13.757 6.697 4.773 4.773a.75.75 0 0 1 0 1.06l-4.773 4.774a.75.75 0 0 1-1.06-1.061l3.492-3.493H5.25v-1.5h10.94l-3.493-3.492a.75.75 0 1 1 1.06-1.061Z' fill='#fff'\/><\/svg><\/button><\/a><\/div>\n\n<div\n\tclass=\"scroll-my-24 mt-0 mb-0 pt-0 pb-2 w-full\"\n\t>\n\t<a class=\"grid grid-cols-1 grid-rows-2 w-full overflow-hidden group\" href=\"https:\/\/www.pewag.com\/co\/quienes-somos\/tradicion-e-innovacion\/\">\n\t<picture\n\t\t\tclass=\"w-full h-full row-start-1 col-start-1 col-span-1 row-span-2 object-cover overflow-hidden !block -z-10\"\n\t>\n\t\t\t\t\t\t\t\n\t<img\n\t\tsrc=\"https:\/\/www.pewag.com\/wp-content\/uploads\/2024\/09\/csm_BR_Ankerkettenschmiede-mit-drei-Fallhaemmern-wie-im-Kettenwerk-Brueckl_844dbc6041.jpg\"\n\t\talt=\"\"\n\t\tclass=\"object-cover aspect-5\/4 size-full object-center group-hover:scale-110 transition-transform duration-300\"\n\t\/>\n<\/picture>\n\t<div class=\"row-start-1 col-start-1 col-span-1 row-span-1 pt-4 md:pt-10 px-4 md:px-10 pb-6 md:pb-14 flex flex-col h-max bg-gradient-to-b from-blue-950\/80 to-blue-950\/0\">\n\t\t<button\tclass=\"font-sans transition duration-300 flex w-fit items-center focus-visible:ring focus:outline-none text-lg disabled:cursor-default [&amp;&gt;svg]:flex-none max-w-full leading-tight cursor-pointer [&amp;&gt;svg]:size-6 gap-3 text-left text-blue-900 hover:text-blue-700 button font-display text-white hover:!text-white font-bold text-left mb-2 !text-5xl\">\n\t\t\t<span class=\"min-w-0 break-words hyphens-auto\">Tradici\u00f3n e innovaci\u00f3n<\/span>\n\t\n\t<svg xmlns='http:\/\/www.w3.org\/2000\/svg' width='24' height='24' viewBox='0 0 24 24' fill='none'><circle cx='12' cy='12' r='12' fill='#E20031'\/><path fill-rule='evenodd' clip-rule='evenodd' d='m13.757 6.697 4.773 4.773a.75.75 0 0 1 0 1.06l-4.773 4.774a.75.75 0 0 1-1.06-1.061l3.492-3.493H5.25v-1.5h10.94l-3.493-3.492a.75.75 0 1 1 1.06-1.061Z' fill='#fff'\/><\/svg><\/button>\t<\/div>\n\n\t<\/a><\/div>\n<\/div>\n\n<div class=\"flex flex-col col-start-2 max-sm:col-start-1 max-md:col-start-2 col-end-span-2 max-md:col-end-span-1 max-sm:col-end-span-1 row-end-span-1 justify-stretch h-full [&amp;&gt;*:only-child]:h-full items-stretch w-full [&amp;&gt;*:only-child]:w-full pl-0 pr-0 pt-0 pb-0 bg-gradient-to-r overflow-visible\" >\n\t\n<div\n\tclass=\"scroll-my-24 mt-0 mb-4 pt-0 pb-0 w-full\"\n\t>\n\t<a class=\"grid grid-cols-1 grid-rows-2 w-full overflow-hidden group\" href=\"https:\/\/shop.pewag.com\/co\/productos\/soluciones-de-elevacion\/\">\n\t<picture\n\t\t\tclass=\"w-full h-full row-start-1 col-start-1 col-span-1 row-span-2 object-cover overflow-hidden !block -z-10\"\n\t>\n\t\t\t\t\t\t\t\n\t<img\n\t\tsrc=\"https:\/\/www.pewag.com\/wp-content\/uploads\/2024\/11\/Kategoriebanner_Seg_F_liftinglashing-1.jpg\"\n\t\talt=\"A range of pewag lifting chains and accessories\"\n\t\tclass=\"object-cover aspect-3\/2 size-full object-center group-hover:scale-110 transition-transform duration-300\"\n\t\/>\n<\/picture>\n\t<div class=\"row-start-1 col-start-1 col-span-1 row-span-1 pt-4 md:pt-10 px-4 md:px-10 pb-6 md:pb-14 flex flex-col h-max bg-gradient-to-b from-blue-950\/80 to-blue-950\/0\">\n\t\t<button\tclass=\"font-sans transition duration-300 flex w-fit items-center focus-visible:ring focus:outline-none text-lg disabled:cursor-default [&amp;&gt;svg]:flex-none max-w-full leading-tight cursor-pointer [&amp;&gt;svg]:size-6 gap-3 text-left text-blue-900 hover:text-blue-700 button font-display text-white hover:!text-white font-bold text-left mb-2 !text-5xl\">\n\t\t\t<span class=\"min-w-0 break-words hyphens-auto\">Sistemas de elevaci\u00f3n y amarre<\/span>\n\t\n\t<svg xmlns='http:\/\/www.w3.org\/2000\/svg' width='24' height='24' viewBox='0 0 24 24' fill='none'><circle cx='12' cy='12' r='12' fill='#E20031'\/><path fill-rule='evenodd' clip-rule='evenodd' d='m13.757 6.697 4.773 4.773a.75.75 0 0 1 0 1.06l-4.773 4.774a.75.75 0 0 1-1.06-1.061l3.492-3.493H5.25v-1.5h10.94l-3.493-3.492a.75.75 0 1 1 1.06-1.061Z' fill='#fff'\/><\/svg><\/button>\t<\/div>\n\n\t<\/a><\/div>\n<\/div>\n<\/div><\/div>\n\n<div\n\tclass=\"scroll-my-24 bg-gray-50 wrapper-contained-wide mt-0 mb-0 pt-16 pb-20 w-full\"\n\t>\n\t<div class=\"flex flex-col flex-wrap justify-center max-w-2xl px-4 py-8 mx-auto gap-y-5 items-center text-center text-blue-900\">\n\t<h2\tdata-slug=\"xn-pngase-en-contacto-con-nosotros-g9c\"\n\tclass=\"font-display text-balance font-synthesis-none scroll-m-20 break-words hyphens-auto text-7xl md:text-8xl leading-[1.125]\"\n>\n\tP\u00f3ngase en contacto con nosotros<\/h2><p class=\"font-sans [&amp;&gt;a]:underline font-synthesis-none break-words hyphens-auto text-xl md:text-2xl leading-normal\">\n\tNuestros expertos estar\u00e1n encantados de asesorarle.<\/p><a\thref=\"https:\/\/www.pewag.com\/co\/formulario-de-contacto\/\"class=\"font-sans transition duration-300 flex w-fit items-center focus-visible:ring focus:outline-none text-lg disabled:cursor-default [&amp;&gt;svg]:flex-none max-w-full px-8 border [&amp;&gt;svg]:size-5 gap-2 py-2 rounded-full text-white bg-red-700 border-red-700 hover:bg-red-800 hover:border-red-800 disabled:bg-gray-300 disabled:border-gray-300 focus-visible:ring-red-500\/30 button mt-2\">\n\t\t\t<span class=\"min-w-0 break-words hyphens-auto\">Enviar una consulta<\/span>\n\t\n\t<\/a><\/div><\/div>","protected":false},"excerpt":{"rendered":"","protected":false},"author":8,"featured_media":0,"parent":15117,"menu_order":0,"comment_status":"closed","ping_status":"closed","template":"","meta":{"pewag_navigation_theme_dark_use":true,"footnotes":""},"content-types":[22],"class_list":["post-15694","page","type-page","status-publish","hentry","content-type-industry"],"yoast_head":"<!-- This site is optimized with the Yoast SEO plugin v27.2 - https:\/\/yoast.com\/product\/yoast-seo-wordpress\/ -->\n<title>Agricultura y Silvicultura - pewag<\/title>\n<meta name=\"robots\" content=\"index, follow, max-snippet:-1, max-image-preview:large, max-video-preview:-1\" \/>\n<link rel=\"canonical\" href=\"https:\/\/www.pewag.com\/co\/industrias\/agricultura-y-silvicultura\/\" \/>\n<meta property=\"og:locale\" content=\"es_ES\" \/>\n<meta property=\"og:type\" content=\"article\" \/>\n<meta property=\"og:title\" content=\"Agricultura y Silvicultura - pewag\" \/>\n<meta property=\"og:url\" content=\"https:\/\/www.pewag.com\/co\/industrias\/agricultura-y-silvicultura\/\" \/>\n<meta property=\"og:site_name\" content=\"pewag\" \/>\n<meta property=\"article:modified_time\" content=\"2026-04-09T16:02:14+00:00\" \/>\n<meta name=\"twitter:card\" content=\"summary_large_image\" \/>\n<meta name=\"twitter:label1\" content=\"Est. reading time\" \/>\n\t<meta name=\"twitter:data1\" content=\"5 minutes\" \/>\n<script type=\"application\/ld+json\" class=\"yoast-schema-graph\">{\"@context\":\"https:\/\/schema.org\",\"@graph\":[{\"@type\":\"WebPage\",\"@id\":\"https:\/\/www.pewag.com\/co\/industrias\/agricultura-y-silvicultura\/\",\"url\":\"https:\/\/www.pewag.com\/co\/industrias\/agricultura-y-silvicultura\/\",\"name\":\"Agricultura y Silvicultura - pewag\",\"isPartOf\":{\"@id\":\"https:\/\/www.pewag.com\/#website\"},\"datePublished\":\"2024-10-10T14:04:12+00:00\",\"dateModified\":\"2026-04-09T16:02:14+00:00\",\"breadcrumb\":{\"@id\":\"https:\/\/www.pewag.com\/co\/industrias\/agricultura-y-silvicultura\/#breadcrumb\"},\"inLanguage\":\"co-CO\",\"potentialAction\":[{\"@type\":\"ReadAction\",\"target\":[\"https:\/\/www.pewag.com\/co\/industrias\/agricultura-y-silvicultura\/\"]}]},{\"@type\":\"BreadcrumbList\",\"@id\":\"https:\/\/www.pewag.com\/co\/industrias\/agricultura-y-silvicultura\/#breadcrumb\",\"itemListElement\":[{\"@type\":\"ListItem\",\"position\":1,\"name\":\"Home\",\"item\":\"https:\/\/www.pewag.com\/co\/\"},{\"@type\":\"ListItem\",\"position\":2,\"name\":\"Industrias\",\"item\":\"https:\/\/www.pewag.com\/co\/industrias\/\"},{\"@type\":\"ListItem\",\"position\":3,\"name\":\"Agricultura y Silvicultura\"}]},{\"@type\":\"WebSite\",\"@id\":\"https:\/\/www.pewag.com\/#website\",\"url\":\"https:\/\/www.pewag.com\/\",\"name\":\"pewag\",\"description\":\"\",\"potentialAction\":[{\"@type\":\"SearchAction\",\"target\":{\"@type\":\"EntryPoint\",\"urlTemplate\":\"https:\/\/www.pewag.com\/?s={search_term_string}\"},\"query-input\":{\"@type\":\"PropertyValueSpecification\",\"valueRequired\":true,\"valueName\":\"search_term_string\"}}],\"inLanguage\":\"co-CO\"}]}<\/script>\n<!-- \/ Yoast SEO plugin. -->","yoast_head_json":{"title":"Agricultura y Silvicultura - pewag","robots":{"index":"index","follow":"follow","max-snippet":"max-snippet:-1","max-image-preview":"max-image-preview:large","max-video-preview":"max-video-preview:-1"},"canonical":"https:\/\/www.pewag.com\/co\/industrias\/agricultura-y-silvicultura\/","og_locale":"es_ES","og_type":"article","og_title":"Agricultura y Silvicultura - pewag","og_url":"https:\/\/www.pewag.com\/co\/industrias\/agricultura-y-silvicultura\/","og_site_name":"pewag","article_modified_time":"2026-04-09T16:02:14+00:00","twitter_card":"summary_large_image","twitter_misc":{"Est. reading time":"5 minutes"},"schema":{"@context":"https:\/\/schema.org","@graph":[{"@type":"WebPage","@id":"https:\/\/www.pewag.com\/co\/industrias\/agricultura-y-silvicultura\/","url":"https:\/\/www.pewag.com\/co\/industrias\/agricultura-y-silvicultura\/","name":"Agricultura y Silvicultura - pewag","isPartOf":{"@id":"https:\/\/www.pewag.com\/#website"},"datePublished":"2024-10-10T14:04:12+00:00","dateModified":"2026-04-09T16:02:14+00:00","breadcrumb":{"@id":"https:\/\/www.pewag.com\/co\/industrias\/agricultura-y-silvicultura\/#breadcrumb"},"inLanguage":"co-CO","potentialAction":[{"@type":"ReadAction","target":["https:\/\/www.pewag.com\/co\/industrias\/agricultura-y-silvicultura\/"]}]},{"@type":"BreadcrumbList","@id":"https:\/\/www.pewag.com\/co\/industrias\/agricultura-y-silvicultura\/#breadcrumb","itemListElement":[{"@type":"ListItem","position":1,"name":"Home","item":"https:\/\/www.pewag.com\/co\/"},{"@type":"ListItem","position":2,"name":"Industrias","item":"https:\/\/www.pewag.com\/co\/industrias\/"},{"@type":"ListItem","position":3,"name":"Agricultura y Silvicultura"}]},{"@type":"WebSite","@id":"https:\/\/www.pewag.com\/#website","url":"https:\/\/www.pewag.com\/","name":"pewag","description":"","potentialAction":[{"@type":"SearchAction","target":{"@type":"EntryPoint","urlTemplate":"https:\/\/www.pewag.com\/?s={search_term_string}"},"query-input":{"@type":"PropertyValueSpecification","valueRequired":true,"valueName":"search_term_string"}}],"inLanguage":"co-CO"}]}},"_links":{"self":[{"href":"https:\/\/www.pewag.com\/co\/wp-json\/wp\/v2\/pages\/15694","targetHints":{"allow":["GET"]}}],"collection":[{"href":"https:\/\/www.pewag.com\/co\/wp-json\/wp\/v2\/pages"}],"about":[{"href":"https:\/\/www.pewag.com\/co\/wp-json\/wp\/v2\/types\/page"}],"author":[{"embeddable":true,"href":"https:\/\/www.pewag.com\/co\/wp-json\/wp\/v2\/users\/8"}],"replies":[{"embeddable":true,"href":"https:\/\/www.pewag.com\/co\/wp-json\/wp\/v2\/comments?post=15694"}],"version-history":[{"count":7,"href":"https:\/\/www.pewag.com\/co\/wp-json\/wp\/v2\/pages\/15694\/revisions"}],"predecessor-version":[{"id":23702,"href":"https:\/\/www.pewag.com\/co\/wp-json\/wp\/v2\/pages\/15694\/revisions\/23702"}],"up":[{"embeddable":true,"href":"https:\/\/www.pewag.com\/co\/wp-json\/wp\/v2\/pages\/15117"}],"wp:attachment":[{"href":"https:\/\/www.pewag.com\/co\/wp-json\/wp\/v2\/media?parent=15694"}],"wp:term":[{"taxonomy":"content-type","embeddable":true,"href":"https:\/\/www.pewag.com\/co\/wp-json\/wp\/v2\/content-types?post=15694"}],"curies":[{"name":"wp","href":"https:\/\/api.w.org\/{rel}","templated":true}]}}