{"id":9650,"date":"2024-08-26T13:32:08","date_gmt":"2024-08-26T11:32:08","guid":{"rendered":"https:\/\/www.pewag.com\/?page_id=9650"},"modified":"2025-05-07T13:55:08","modified_gmt":"2025-05-07T11:55:08","slug":"news","status":"publish","type":"page","link":"https:\/\/www.pewag.com\/ch\/ueber-uns\/news\/","title":{"rendered":"News"},"content":{"rendered":"<div\n\tclass=\"scroll-my-24 bg-blue-50 wrapper-contained-wide mt-0 mb-0 pt-0 pb-8 w-full\"\n\t>\n\t<\/div>\n\n<div\n\tclass=\"scroll-my-24 bg-blue-50 wrapper-contained-wide mt-0 mb-0 pt-20 max-sm:pt-16 pb-8 w-full\"\n\t>\n\t<div class='text-md\/5 flex items-baseline gap-1.5 [&amp;&gt;*:nth-child(n+3)]:truncate text-gray-700'><a href='https:\/\/www.pewag.com\/ch\/' aria-label='Home link'>\n\t\t\t<svg xmlns='http:\/\/www.w3.org\/2000\/svg' width='12' height='12' viewBox='0 0 12 12' fill='none'><path d='M2 10.667h2v-4h4v4h2v-6l-4-3-4 3v6ZM.667 12V4L6 0l5.333 4v8H6.667V8H5.333v4H.667Z' fill='currentColor'\/><\/svg> <span><a href=\" https:\/\/www.pewag.com\/ch\/ \">Home<\/a><\/span>\n\t\t<\/a><\/div><\/div>\n\n<div\n\tclass=\"scroll-my-24 wrapper-contained-wide mt-12 max-sm:mt-8 mb-4 pt-0 pb-20 w-full\"\n\t>\n\t<div>\n\t\t\t<div class=\"flex flex-wrap gap-2 items-start\">\n\t\t\t<div class=\"flex flex-wrap items-center justify-between gap-y-8 mb-5\" >\n\t\n\t<div class=\"w-full flex flex-row flex-wrap gap-2\">\n\t\t<a\thref=\"?page=1&amp;year-filter=2025\"class=\"font-sans transition duration-300 flex w-fit items-center focus-visible:ring focus:outline-none text-lg disabled:cursor-default [&amp;&gt;svg]:flex-none max-w-full px-6 border [&amp;&gt;svg]:size-5 gap-2 py-2 rounded-full text-blue-800 border-gray-200 hover:text-blue-900 hover:border-gray-300 disabled:text-gray-300 disabled:border-gray-300 disabled:border focus-visible:ring-blue-500\/30 button\">\n\t\t\t<span class=\"min-w-0 break-words hyphens-auto\">2025<\/span>\n\t\n\t<\/a><a\thref=\"?page=1&amp;year-filter=2024\"class=\"font-sans transition duration-300 flex w-fit items-center focus-visible:ring focus:outline-none text-lg disabled:cursor-default [&amp;&gt;svg]:flex-none max-w-full px-6 border [&amp;&gt;svg]:size-5 gap-2 py-2 rounded-full text-blue-800 border-gray-200 hover:text-blue-900 hover:border-gray-300 disabled:text-gray-300 disabled:border-gray-300 disabled:border focus-visible:ring-blue-500\/30 button\">\n\t\t\t<span class=\"min-w-0 break-words hyphens-auto\">2024<\/span>\n\t\n\t<\/a>\t<\/div>\n<\/div>\n\t\t\t<a\thref=\"https:\/\/www.pewag.com\/ch\/ueber-uns\/news\/\"class=\"font-sans transition duration-300 flex w-fit items-center focus-visible:ring focus:outline-none text-lg disabled:cursor-default [&amp;&gt;svg]:flex-none max-w-full px-8 border [&amp;&gt;svg]:size-5 gap-2 py-2 rounded-full text-white bg-red-700 border-red-700 hover:bg-red-800 hover:border-red-800 disabled:bg-gray-300 disabled:border-gray-300 focus-visible:ring-red-500\/30 button mb-5\">\n\t\t\t<span class=\"min-w-0 break-words hyphens-auto\">Reset<\/span>\n\t\n\t<\/a>\t\t<\/div>\n\t\n\t<div class=\"flex flex-wrap items-center justify-between gap-y-8 mb-5\" >\n\t\n\t<div class=\"w-full flex flex-row flex-wrap gap-2\">\n\t\t<a\thref=\"?page=1&amp;category-filter=248\"class=\"font-sans transition duration-300 flex w-fit items-center focus-visible:ring focus:outline-none text-lg disabled:cursor-default [&amp;&gt;svg]:flex-none max-w-full px-6 border [&amp;&gt;svg]:size-5 gap-2 py-2 rounded-full text-blue-800 border-gray-200 hover:text-blue-900 hover:border-gray-300 disabled:text-gray-300 disabled:border-gray-300 disabled:border focus-visible:ring-blue-500\/30 button\">\n\t\t\t<span class=\"min-w-0 break-words hyphens-auto\">Innovation<\/span>\n\t\n\t<\/a><a\thref=\"?page=1&amp;category-filter=249\"class=\"font-sans transition duration-300 flex w-fit items-center focus-visible:ring focus:outline-none text-lg disabled:cursor-default [&amp;&gt;svg]:flex-none max-w-full px-6 border [&amp;&gt;svg]:size-5 gap-2 py-2 rounded-full text-blue-800 border-gray-200 hover:text-blue-900 hover:border-gray-300 disabled:text-gray-300 disabled:border-gray-300 disabled:border focus-visible:ring-blue-500\/30 button\">\n\t\t\t<span class=\"min-w-0 break-words hyphens-auto\">Nachhaltigkeit<\/span>\n\t\n\t<\/a><a\thref=\"?page=1&amp;category-filter=250\"class=\"font-sans transition duration-300 flex w-fit items-center focus-visible:ring focus:outline-none text-lg disabled:cursor-default [&amp;&gt;svg]:flex-none max-w-full px-6 border [&amp;&gt;svg]:size-5 gap-2 py-2 rounded-full text-blue-800 border-gray-200 hover:text-blue-900 hover:border-gray-300 disabled:text-gray-300 disabled:border-gray-300 disabled:border focus-visible:ring-blue-500\/30 button\">\n\t\t\t<span class=\"min-w-0 break-words hyphens-auto\">Karriere<\/span>\n\t\n\t<\/a><a\thref=\"?page=1&amp;category-filter=305\"class=\"font-sans transition duration-300 flex w-fit items-center focus-visible:ring focus:outline-none text-lg disabled:cursor-default [&amp;&gt;svg]:flex-none max-w-full px-6 border [&amp;&gt;svg]:size-5 gap-2 py-2 rounded-full text-blue-800 border-gray-200 hover:text-blue-900 hover:border-gray-300 disabled:text-gray-300 disabled:border-gray-300 disabled:border focus-visible:ring-blue-500\/30 button\">\n\t\t\t<span class=\"min-w-0 break-words hyphens-auto\">News &amp; Stories<\/span>\n\t\n\t<\/a>\t<\/div>\n<\/div>\n\t<div\n\t\tid=\"featured-content-es-98\"\n\t\tclass=\"grid gap-6 grid-cols-1 sm:grid-cols-2 md:grid-cols-3\"\n\t\taria-live=\"polite\"\n\t>\n\t\t<a class=\"w-full md:max-w-md overflow-hidden group text-start text-black\" href=\"https:\/\/www.pewag.com\/ch\/news\/serea-am-slowup-brugg-regio\/\">\n\t<picture\n\t\t\tclass=\"w-full !block bg-gray-100 overflow-hidden\"\n\t>\n\t\t\t\t\t\t\t\n\t<img\n\t\tsrc=\"https:\/\/www.pewag.com\/wp-content\/uploads\/2025\/04\/zabezpieczenia-rowerowe-serea-2-mp4-image-1024x576.png\"\n\t\talt=\"\"\n\t\tclass=\"object-cover object-center w-full aspect-3\/2 group-hover:scale-110 transition-transform duration-300\"\n\t\/>\n<\/picture>\n\t<div class=\"py-4 pr-2\">\n\t\t<button\tclass=\"font-sans transition duration-300 flex w-fit items-center focus-visible:ring focus:outline-none text-lg disabled:cursor-default [&amp;&gt;svg]:flex-none max-w-full leading-tight cursor-pointer [&amp;&gt;svg]:size-6 gap-3 text-left button mt-2 !text-bold !font-display [&amp;&gt;svg]:size-5\">\n\t\t\t<span class=\"min-w-0 break-words hyphens-auto\">SEREA am slowUp Brugg Regio<\/span>\n\t\n\t<svg xmlns='http:\/\/www.w3.org\/2000\/svg' width='24' height='24' viewBox='0 0 24 24' fill='none'><circle cx='12' cy='12' r='12' fill='#E20031'\/><path fill-rule='evenodd' clip-rule='evenodd' d='m13.757 6.697 4.773 4.773a.75.75 0 0 1 0 1.06l-4.773 4.774a.75.75 0 0 1-1.06-1.061l3.492-3.493H5.25v-1.5h10.94l-3.493-3.492a.75.75 0 1 1 1.06-1.061Z' fill='#fff'\/><\/svg><\/button><p class=\"font-sans [&amp;&gt;a]:underline font-synthesis-none break-words hyphens-auto text-base leading-normal mt-2\">\n\tStrahlender Sonnenschein, heisse Temperaturen und beste Stimmung: Der slowUp-Event in Brugg am 10.08.2025 war ein voller Erfolg! <\/p>\t<\/div>\n<\/a><a class=\"w-full md:max-w-md overflow-hidden group text-start text-black\" href=\"https:\/\/www.pewag.com\/ch\/news\/trikot-sponsoring-beim-ubs-football-cup-2025\/\">\n\t<picture\n\t\t\tclass=\"w-full !block bg-gray-100 overflow-hidden\"\n\t>\n\t\t\t\t\t\t\t\n\t<img\n\t\tsrc=\"https:\/\/www.pewag.com\/wp-content\/uploads\/2025\/06\/Bild-1024x683.jpg\"\n\t\talt=\"\"\n\t\tclass=\"object-cover object-center w-full aspect-3\/2 group-hover:scale-110 transition-transform duration-300\"\n\t\/>\n<\/picture>\n\t<div class=\"py-4 pr-2\">\n\t\t<button\tclass=\"font-sans transition duration-300 flex w-fit items-center focus-visible:ring focus:outline-none text-lg disabled:cursor-default [&amp;&gt;svg]:flex-none max-w-full leading-tight cursor-pointer [&amp;&gt;svg]:size-6 gap-3 text-left button mt-2 !text-bold !font-display [&amp;&gt;svg]:size-5\">\n\t\t\t<span class=\"min-w-0 break-words hyphens-auto\">Trikot-Sponsoring beim UBS Football Cup 2025<\/span>\n\t\n\t<svg xmlns='http:\/\/www.w3.org\/2000\/svg' width='24' height='24' viewBox='0 0 24 24' fill='none'><circle cx='12' cy='12' r='12' fill='#E20031'\/><path fill-rule='evenodd' clip-rule='evenodd' d='m13.757 6.697 4.773 4.773a.75.75 0 0 1 0 1.06l-4.773 4.774a.75.75 0 0 1-1.06-1.061l3.492-3.493H5.25v-1.5h10.94l-3.493-3.492a.75.75 0 1 1 1.06-1.061Z' fill='#fff'\/><\/svg><\/button><p class=\"font-sans [&amp;&gt;a]:underline font-synthesis-none break-words hyphens-auto text-base leading-normal mt-2\">\n\tEs war uns eine Freude, die Schulklasse 4-United aus Meisterschwanden mit gesponserten Trikots f\u00fcr den UBS Football Cup 2025 zu unterst\u00fctzen. <\/p>\t<\/div>\n<\/a><a class=\"w-full md:max-w-md overflow-hidden group text-start text-black\" href=\"https:\/\/www.pewag.com\/ch\/news\/%f0%9f%86%95-jetzt-live-unser-neuer-kettengehange-konfigurator\/\">\n\t<picture\n\t\t\tclass=\"w-full !block bg-gray-100 overflow-hidden\"\n\t>\n\t\t\t\t\t\t\t\n\t<img\n\t\tsrc=\"https:\/\/www.pewag.com\/wp-content\/uploads\/2025\/06\/ISO-Web-Banner-Chain-sling-config.jpg\"\n\t\talt=\"\"\n\t\tclass=\"object-cover object-center w-full aspect-3\/2 group-hover:scale-110 transition-transform duration-300\"\n\t\/>\n<\/picture>\n\t<div class=\"py-4 pr-2\">\n\t\t<button\tclass=\"font-sans transition duration-300 flex w-fit items-center focus-visible:ring focus:outline-none text-lg disabled:cursor-default [&amp;&gt;svg]:flex-none max-w-full leading-tight cursor-pointer [&amp;&gt;svg]:size-6 gap-3 text-left button mt-2 !text-bold !font-display [&amp;&gt;svg]:size-5\">\n\t\t\t<span class=\"min-w-0 break-words hyphens-auto\">\ud83c\udd95 Jetzt live: Unser neuer Kettengeh\u00e4nge-Konfigurator!<\/span>\n\t\n\t<svg xmlns='http:\/\/www.w3.org\/2000\/svg' width='24' height='24' viewBox='0 0 24 24' fill='none'><circle cx='12' cy='12' r='12' fill='#E20031'\/><path fill-rule='evenodd' clip-rule='evenodd' d='m13.757 6.697 4.773 4.773a.75.75 0 0 1 0 1.06l-4.773 4.774a.75.75 0 0 1-1.06-1.061l3.492-3.493H5.25v-1.5h10.94l-3.493-3.492a.75.75 0 1 1 1.06-1.061Z' fill='#fff'\/><\/svg><\/button><p class=\"font-sans [&amp;&gt;a]:underline font-synthesis-none break-words hyphens-auto text-base leading-normal mt-2\">\n\tAb sofort steht Ihnen unser innovativer Kettengeh\u00e4nge-Konfigurator online zur Verf\u00fcgung. In wenigen Schritten konfigurieren Sie individuelle Kettengeh\u00e4nge nach Ihren Anforderungen \u2013 schnell, einfach und rund um die Uhr.<\/p>\t<\/div>\n<\/a><a class=\"w-full md:max-w-md overflow-hidden group text-start text-black\" href=\"https:\/\/www.pewag.com\/ch\/news\/unser-imagevideo-zeitlos-kraftvoll-verbunden-%f0%9f%8e%ac\/\">\n\t<picture\n\t\t\tclass=\"w-full !block bg-gray-100 overflow-hidden\"\n\t>\n\t\t\t\t\t\t\t\n\t<img\n\t\tsrc=\"https:\/\/www.pewag.com\/wp-content\/uploads\/2025\/05\/Aussenansicht-Firma-1024x768.jpg\"\n\t\talt=\"\"\n\t\tclass=\"object-cover object-center w-full aspect-3\/2 group-hover:scale-110 transition-transform duration-300\"\n\t\/>\n<\/picture>\n\t<div class=\"py-4 pr-2\">\n\t\t<button\tclass=\"font-sans transition duration-300 flex w-fit items-center focus-visible:ring focus:outline-none text-lg disabled:cursor-default [&amp;&gt;svg]:flex-none max-w-full leading-tight cursor-pointer [&amp;&gt;svg]:size-6 gap-3 text-left button mt-2 !text-bold !font-display [&amp;&gt;svg]:size-5\">\n\t\t\t<span class=\"min-w-0 break-words hyphens-auto\">Unser Imagevideo \u2013 Zeitlos. Kraftvoll. Verbunden. \ud83c\udfac<\/span>\n\t\n\t<svg xmlns='http:\/\/www.w3.org\/2000\/svg' width='24' height='24' viewBox='0 0 24 24' fill='none'><circle cx='12' cy='12' r='12' fill='#E20031'\/><path fill-rule='evenodd' clip-rule='evenodd' d='m13.757 6.697 4.773 4.773a.75.75 0 0 1 0 1.06l-4.773 4.774a.75.75 0 0 1-1.06-1.061l3.492-3.493H5.25v-1.5h10.94l-3.493-3.492a.75.75 0 1 1 1.06-1.061Z' fill='#fff'\/><\/svg><\/button><p class=\"font-sans [&amp;&gt;a]:underline font-synthesis-none break-words hyphens-auto text-base leading-normal mt-2\">\n\tVor zwei Jahren gedreht, heute noch voller Ausdrucksst\u00e4rke! Unser Imagevideo zeigt in wenigen Momenten, wer wir sind, wof\u00fcr wir stehen und was uns ausmacht: Leidenschaft, Teamgeist und Qualit\u00e4t.\n\nEntdecken Sie die pewag Suisse in bewegten Bildern \ud83c\udfa5 <\/p>\t<\/div>\n<\/a><a class=\"w-full md:max-w-md overflow-hidden group text-start text-black\" href=\"https:\/\/www.pewag.com\/ch\/news\/verantwortungsvoll-fuer-kuenftige-generationen\/\">\n\t<picture\n\t\t\tclass=\"w-full !block bg-gray-100 overflow-hidden\"\n\t>\n\t\t\t\t\t\t\t\n\t<img\n\t\tsrc=\"https:\/\/www.pewag.com\/wp-content\/uploads\/2024\/11\/IMG_1584_bearb-1-1024x671.jpg\"\n\t\talt=\"\"\n\t\tclass=\"object-cover object-center w-full aspect-3\/2 group-hover:scale-110 transition-transform duration-300\"\n\t\/>\n<\/picture>\n\t<div class=\"py-4 pr-2\">\n\t\t<button\tclass=\"font-sans transition duration-300 flex w-fit items-center focus-visible:ring focus:outline-none text-lg disabled:cursor-default [&amp;&gt;svg]:flex-none max-w-full leading-tight cursor-pointer [&amp;&gt;svg]:size-6 gap-3 text-left button mt-2 !text-bold !font-display [&amp;&gt;svg]:size-5\">\n\t\t\t<span class=\"min-w-0 break-words hyphens-auto\">Verantwortungsvoll f\u00fcr k\u00fcnftige Generationen<\/span>\n\t\n\t<svg xmlns='http:\/\/www.w3.org\/2000\/svg' width='24' height='24' viewBox='0 0 24 24' fill='none'><circle cx='12' cy='12' r='12' fill='#E20031'\/><path fill-rule='evenodd' clip-rule='evenodd' d='m13.757 6.697 4.773 4.773a.75.75 0 0 1 0 1.06l-4.773 4.774a.75.75 0 0 1-1.06-1.061l3.492-3.493H5.25v-1.5h10.94l-3.493-3.492a.75.75 0 1 1 1.06-1.061Z' fill='#fff'\/><\/svg><\/button><p class=\"font-sans [&amp;&gt;a]:underline font-synthesis-none break-words hyphens-auto text-base leading-normal mt-2\">\n\tBei pewag (group) ist Nachhaltigkeit nicht nur ein Ziel, sondern auch eine Verantwortung. Unser Ziel ist klar: CO2-neutrale Produktion bis 2030. <\/p>\t<\/div>\n<\/a><a class=\"w-full md:max-w-md overflow-hidden group text-start text-black\" href=\"https:\/\/www.pewag.com\/ch\/news\/gestalten-sie-die-zukunft-bei-pewag\/\">\n\t<picture\n\t\t\tclass=\"w-full !block bg-gray-100 overflow-hidden\"\n\t>\n\t\t\t\t\t\t\t\n\t<img\n\t\tsrc=\"https:\/\/www.pewag.com\/wp-content\/uploads\/2024\/11\/csm_Lehrling01_94a834ad9c.jpg\"\n\t\talt=\"\"\n\t\tclass=\"object-cover object-center w-full aspect-3\/2 group-hover:scale-110 transition-transform duration-300\"\n\t\/>\n<\/picture>\n\t<div class=\"py-4 pr-2\">\n\t\t<button\tclass=\"font-sans transition duration-300 flex w-fit items-center focus-visible:ring focus:outline-none text-lg disabled:cursor-default [&amp;&gt;svg]:flex-none max-w-full leading-tight cursor-pointer [&amp;&gt;svg]:size-6 gap-3 text-left button mt-2 !text-bold !font-display [&amp;&gt;svg]:size-5\">\n\t\t\t<span class=\"min-w-0 break-words hyphens-auto\">Gestalten Sie die Zukunft bei pewag<\/span>\n\t\n\t<svg xmlns='http:\/\/www.w3.org\/2000\/svg' width='24' height='24' viewBox='0 0 24 24' fill='none'><circle cx='12' cy='12' r='12' fill='#E20031'\/><path fill-rule='evenodd' clip-rule='evenodd' d='m13.757 6.697 4.773 4.773a.75.75 0 0 1 0 1.06l-4.773 4.774a.75.75 0 0 1-1.06-1.061l3.492-3.493H5.25v-1.5h10.94l-3.493-3.492a.75.75 0 1 1 1.06-1.061Z' fill='#fff'\/><\/svg><\/button><p class=\"font-sans [&amp;&gt;a]:underline font-synthesis-none break-words hyphens-auto text-base leading-normal mt-2\">\n\tWenn Sie bei pewag anfangen, nehmen Sie nicht nur einen Job an &#8211; Sie bauen eine Karriere in einem Unternehmen auf, das Wachstum, Innovation und langfristige Stabilit\u00e4t sch\u00e4tzt. <\/p>\t<\/div>\n<\/a><a class=\"w-full md:max-w-md overflow-hidden group text-start text-black\" href=\"https:\/\/www.pewag.com\/ch\/news\/innovation-bei-pewag\/\">\n\t<picture\n\t\t\tclass=\"w-full !block bg-gray-100 overflow-hidden\"\n\t>\n\t\t\t\t\t\t\t\n\t<img\n\t\tsrc=\"https:\/\/www.pewag.com\/wp-content\/uploads\/2024\/08\/928552495f37e7c33a3ce2567de52549.jpg\"\n\t\talt=\"\"\n\t\tclass=\"object-cover object-center w-full aspect-3\/2 group-hover:scale-110 transition-transform duration-300\"\n\t\/>\n<\/picture>\n\t<div class=\"py-4 pr-2\">\n\t\t<button\tclass=\"font-sans transition duration-300 flex w-fit items-center focus-visible:ring focus:outline-none text-lg disabled:cursor-default [&amp;&gt;svg]:flex-none max-w-full leading-tight cursor-pointer [&amp;&gt;svg]:size-6 gap-3 text-left button mt-2 !text-bold !font-display [&amp;&gt;svg]:size-5\">\n\t\t\t<span class=\"min-w-0 break-words hyphens-auto\">Innovation bei pewag<\/span>\n\t\n\t<svg xmlns='http:\/\/www.w3.org\/2000\/svg' width='24' height='24' viewBox='0 0 24 24' fill='none'><circle cx='12' cy='12' r='12' fill='#E20031'\/><path fill-rule='evenodd' clip-rule='evenodd' d='m13.757 6.697 4.773 4.773a.75.75 0 0 1 0 1.06l-4.773 4.774a.75.75 0 0 1-1.06-1.061l3.492-3.493H5.25v-1.5h10.94l-3.493-3.492a.75.75 0 1 1 1.06-1.061Z' fill='#fff'\/><\/svg><\/button><p class=\"font-sans [&amp;&gt;a]:underline font-synthesis-none break-words hyphens-auto text-base leading-normal mt-2\">\n\tSeit mehr als f\u00fcnf Jahrhunderten sind wir f\u00fchrend in der Branche, wenn es um innovative L\u00f6sungen geht, die Tradition und fortschrittliche Technologie nahtlos miteinander verbinden. <\/p>\t<\/div>\n<\/a>\t<\/div>\n\n\t\n\t\n\t<\/div><\/div>","protected":false},"excerpt":{"rendered":"","protected":false},"author":8,"featured_media":0,"parent":9643,"menu_order":0,"comment_status":"closed","ping_status":"closed","template":"","meta":{"pewag_navigation_theme_dark_use":true,"footnotes":""},"content-types":[24],"class_list":["post-9650","page","type-page","status-publish","hentry","content-type-about-pewag"],"yoast_head":"<!-- This site is optimized with the Yoast SEO plugin v27.2 - https:\/\/yoast.com\/product\/yoast-seo-wordpress\/ -->\n<title>News - pewag<\/title>\n<meta name=\"robots\" content=\"index, follow, max-snippet:-1, max-image-preview:large, max-video-preview:-1\" \/>\n<link rel=\"canonical\" href=\"https:\/\/www.pewag.com\/ch\/ueber-uns\/news\/\" \/>\n<meta property=\"og:locale\" content=\"de_DE\" \/>\n<meta property=\"og:type\" content=\"article\" \/>\n<meta property=\"og:title\" content=\"News - pewag\" \/>\n<meta property=\"og:url\" content=\"https:\/\/www.pewag.com\/ch\/ueber-uns\/news\/\" \/>\n<meta property=\"og:site_name\" content=\"pewag\" \/>\n<meta property=\"article:modified_time\" content=\"2025-05-07T11:55:08+00:00\" \/>\n<meta name=\"twitter:card\" content=\"summary_large_image\" \/>\n<meta name=\"twitter:label1\" content=\"Est. reading time\" \/>\n\t<meta name=\"twitter:data1\" content=\"3 minutes\" \/>\n<script type=\"application\/ld+json\" class=\"yoast-schema-graph\">{\"@context\":\"https:\/\/schema.org\",\"@graph\":[{\"@type\":\"WebPage\",\"@id\":\"https:\/\/www.pewag.com\/ch\/ueber-uns\/news\/\",\"url\":\"https:\/\/www.pewag.com\/ch\/ueber-uns\/news\/\",\"name\":\"News - pewag\",\"isPartOf\":{\"@id\":\"https:\/\/www.pewag.com\/#website\"},\"datePublished\":\"2024-08-26T11:32:08+00:00\",\"dateModified\":\"2025-05-07T11:55:08+00:00\",\"breadcrumb\":{\"@id\":\"https:\/\/www.pewag.com\/ch\/ueber-uns\/news\/#breadcrumb\"},\"inLanguage\":\"de-CH\",\"potentialAction\":[{\"@type\":\"ReadAction\",\"target\":[\"https:\/\/www.pewag.com\/ch\/ueber-uns\/news\/\"]}]},{\"@type\":\"BreadcrumbList\",\"@id\":\"https:\/\/www.pewag.com\/ch\/ueber-uns\/news\/#breadcrumb\",\"itemListElement\":[{\"@type\":\"ListItem\",\"position\":1,\"name\":\"Home\",\"item\":\"https:\/\/www.pewag.com\/ch\/\"},{\"@type\":\"ListItem\",\"position\":2,\"name\":\"\u00dcber uns\",\"item\":\"https:\/\/www.pewag.com\/ch\/ueber-uns\/\"},{\"@type\":\"ListItem\",\"position\":3,\"name\":\"News\"}]},{\"@type\":\"WebSite\",\"@id\":\"https:\/\/www.pewag.com\/#website\",\"url\":\"https:\/\/www.pewag.com\/\",\"name\":\"pewag\",\"description\":\"\",\"potentialAction\":[{\"@type\":\"SearchAction\",\"target\":{\"@type\":\"EntryPoint\",\"urlTemplate\":\"https:\/\/www.pewag.com\/?s={search_term_string}\"},\"query-input\":{\"@type\":\"PropertyValueSpecification\",\"valueRequired\":true,\"valueName\":\"search_term_string\"}}],\"inLanguage\":\"de-CH\"}]}<\/script>\n<!-- \/ Yoast SEO plugin. -->","yoast_head_json":{"title":"News - pewag","robots":{"index":"index","follow":"follow","max-snippet":"max-snippet:-1","max-image-preview":"max-image-preview:large","max-video-preview":"max-video-preview:-1"},"canonical":"https:\/\/www.pewag.com\/ch\/ueber-uns\/news\/","og_locale":"de_DE","og_type":"article","og_title":"News - pewag","og_url":"https:\/\/www.pewag.com\/ch\/ueber-uns\/news\/","og_site_name":"pewag","article_modified_time":"2025-05-07T11:55:08+00:00","twitter_card":"summary_large_image","twitter_misc":{"Est. reading time":"3 minutes"},"schema":{"@context":"https:\/\/schema.org","@graph":[{"@type":"WebPage","@id":"https:\/\/www.pewag.com\/ch\/ueber-uns\/news\/","url":"https:\/\/www.pewag.com\/ch\/ueber-uns\/news\/","name":"News - pewag","isPartOf":{"@id":"https:\/\/www.pewag.com\/#website"},"datePublished":"2024-08-26T11:32:08+00:00","dateModified":"2025-05-07T11:55:08+00:00","breadcrumb":{"@id":"https:\/\/www.pewag.com\/ch\/ueber-uns\/news\/#breadcrumb"},"inLanguage":"de-CH","potentialAction":[{"@type":"ReadAction","target":["https:\/\/www.pewag.com\/ch\/ueber-uns\/news\/"]}]},{"@type":"BreadcrumbList","@id":"https:\/\/www.pewag.com\/ch\/ueber-uns\/news\/#breadcrumb","itemListElement":[{"@type":"ListItem","position":1,"name":"Home","item":"https:\/\/www.pewag.com\/ch\/"},{"@type":"ListItem","position":2,"name":"\u00dcber uns","item":"https:\/\/www.pewag.com\/ch\/ueber-uns\/"},{"@type":"ListItem","position":3,"name":"News"}]},{"@type":"WebSite","@id":"https:\/\/www.pewag.com\/#website","url":"https:\/\/www.pewag.com\/","name":"pewag","description":"","potentialAction":[{"@type":"SearchAction","target":{"@type":"EntryPoint","urlTemplate":"https:\/\/www.pewag.com\/?s={search_term_string}"},"query-input":{"@type":"PropertyValueSpecification","valueRequired":true,"valueName":"search_term_string"}}],"inLanguage":"de-CH"}]}},"_links":{"self":[{"href":"https:\/\/www.pewag.com\/ch\/wp-json\/wp\/v2\/pages\/9650","targetHints":{"allow":["GET"]}}],"collection":[{"href":"https:\/\/www.pewag.com\/ch\/wp-json\/wp\/v2\/pages"}],"about":[{"href":"https:\/\/www.pewag.com\/ch\/wp-json\/wp\/v2\/types\/page"}],"author":[{"embeddable":true,"href":"https:\/\/www.pewag.com\/ch\/wp-json\/wp\/v2\/users\/8"}],"replies":[{"embeddable":true,"href":"https:\/\/www.pewag.com\/ch\/wp-json\/wp\/v2\/comments?post=9650"}],"version-history":[{"count":5,"href":"https:\/\/www.pewag.com\/ch\/wp-json\/wp\/v2\/pages\/9650\/revisions"}],"predecessor-version":[{"id":19532,"href":"https:\/\/www.pewag.com\/ch\/wp-json\/wp\/v2\/pages\/9650\/revisions\/19532"}],"up":[{"embeddable":true,"href":"https:\/\/www.pewag.com\/ch\/wp-json\/wp\/v2\/pages\/9643"}],"wp:attachment":[{"href":"https:\/\/www.pewag.com\/ch\/wp-json\/wp\/v2\/media?parent=9650"}],"wp:term":[{"taxonomy":"content-type","embeddable":true,"href":"https:\/\/www.pewag.com\/ch\/wp-json\/wp\/v2\/content-types?post=9650"}],"curies":[{"name":"wp","href":"https:\/\/api.w.org\/{rel}","templated":true}]}}