{"id":9570,"date":"2024-09-17T14:06:31","date_gmt":"2024-09-17T12:06:31","guid":{"rendered":"https:\/\/www.pewag.com\/?page_id=9570"},"modified":"2026-03-26T16:06:15","modified_gmt":"2026-03-26T15:06:15","slug":"impressum","status":"publish","type":"page","link":"https:\/\/www.pewag.com\/ch\/impressum\/","title":{"rendered":"Impressum"},"content":{"rendered":"<div\n\tclass=\"scroll-my-24 wrapper-contained mt-0 mb-0 pt-0 pb-20 max-sm:pb-16 w-full\"\n\t>\n\t<\/div>\n\n<div\n\tclass=\"scroll-my-24 wrapper-contained mt-20 mb-4 pt-0 pb-0 w-full\"\n\t>\n\t<h2\tdata-slug=\"impressum\"\n\tclass=\"font-display text-balance font-synthesis-none scroll-m-20 break-words hyphens-auto text-6xl md:text-7xl leading-tight text-start text-black [&amp;&gt;a]:text-blue-700\"\n>\n\tImpressum<\/h2><\/div>\n\n<div\n\tclass=\"scroll-my-24 wrapper-contained mt-8 mb-4 pt-0 pb-0 w-full\"\n\t>\n\t<p class=\"font-sans [&amp;&gt;a]:underline font-synthesis-none break-words hyphens-auto text-base leading-normal text-start text-black [&amp;&gt;a]:text-blue-700\">\n\t<strong>Rechtliche Information<br><\/strong><br>pewag Suisse AG<br>Hasentalstrasse 8<br>8934 Knonau, Schweiz<br>\u00a0<br>Telefon: +41 44 768 55 55<br>E-Mail:\u00a0info@pewag-suisse.ch<br>\u00a0<br>Gesch\u00e4ftsf\u00fchrer: Marc Hefti<br>Eingetragen im Handelsregister des Kantons Z\u00fcrich<br>UID: CHE-101.871.512 MWST<br><br><br><strong>Verantwortlich f\u00fcr diese Website<br><\/strong><br>pewag International GmbH<br>Gaslaternenweg 4<br>8041 Graz, Austria<br>Telefon: +43 505011 &#8211; 0\u00a0<br>Fax: +43 505011 &#8211; 400<br>Email: <a href=\"mailto:office-pwg(at)pewag-group.com\">office-pwg(at)pewag-group.com<\/a><br>Website: <a href=\"http:\/\/www.pewag-group.com\/\" target=\"_blank\" rel=\"noreferrer noopener\">www.pewag-group.com<\/a><br><br><strong>Umsetzung<br><\/strong>pewag International GmbH and <a href=\"http:\/\/engarde.net\" target=\"_blank\" rel=\"noreferrer noopener nofollow\">EN GARDE<\/a><br><br><br><\/p><\/div>\n\n<div\n\tclass=\"scroll-my-24 wrapper-contained mt-20 mb-4 pt-0 pb-0 w-full\"\n\t\t\tid=\"general-terms\"\n\t>\n\t<h2\tdata-slug=\"xn-allgemeine-geschftsbedingungen-btc\"\n\tclass=\"font-display text-balance font-synthesis-none scroll-m-20 break-words hyphens-auto text-6xl md:text-7xl leading-tight text-start text-black [&amp;&gt;a]:text-blue-700\"\n>\n\tAllgemeine Gesch\u00e4ftsbedingungen<\/h2><\/div>\n\n<div\n\tclass=\"scroll-my-24 wrapper-contained mt-0 mb-4 pt-0 pb-20 w-full\"\n\t>\n\t<p class=\"font-sans [&amp;&gt;a]:underline font-synthesis-none break-words hyphens-auto text-base leading-normal text-start text-black [&amp;&gt;a]:text-blue-700\">\n\tAuf dieser Seite finden Sie die Allgemeinen Gesch\u00e4ftsbedingungen aller auf www.pewag.com t\u00e4tigen Unternehmen.<br><br><a href=\"https:\/\/www.pewag.com\/wp-content\/uploads\/2025\/02\/AGB_pewag_Suisse_AG_de.pdf\">Allgemeine Gesch\u00e4ftsbedingungen pewag Suisse AG<br><\/a><a href=\"https:\/\/www.pewag.com\/wp-content\/uploads\/2025\/02\/AGB_pewag_Suisse_AG_en.pdf\">Generel Terms of Business of pewag Suisse AG<\/a><br><a href=\"https:\/\/www.pewag.com\/wp-content\/uploads\/2025\/02\/AGB_pewag_Suisse_AG_fr.pdf\">Conditions g\u00e9n\u00e9rales de vente (CGV) de pewag Suisse AG<br><\/a><a href=\"https:\/\/www.pewag.com\/wp-content\/uploads\/2025\/02\/AGB_pewag_Suisse_AG_it.pdf\">Condizioni generali di vendita (CGV) della pewag Suisse AG<\/a><br><br><a href=\"https:\/\/www.pewag.com\/wp-content\/uploads\/2026\/03\/AGB_pewag_Suisse_2025_Webshop_DE.pdf\" id=\"22411\">Allgemeine Gesch\u00e4ftsbedingungen pewag Suisse AG &#8211; Webshop<br><\/a><a href=\"https:\/\/www.pewag.com\/wp-content\/uploads\/2026\/03\/AGB_pewag_Suisse_Webshop_FR.pdf\" id=\"22412\">Conditions g\u00e9n\u00e9rales de vente de pewag Suisse \u2013 Boutique en ligne<br><\/a><br><a href=\"https:\/\/www.pewag.com\/wp-content\/uploads\/2025\/02\/ALB_pewag_Suisse_allgemein_04_2024_de.pdf\">Allgemeine Lieferbedingungen pewag Suisse AG<\/a><br><a href=\"https:\/\/www.pewag.com\/wp-content\/uploads\/2025\/02\/ALB_pewag_Suisse_allgemein_04_2024_en.pdf\">General delivery conditions of pewag Suisse AG<br><\/a><a href=\"https:\/\/www.pewag.com\/wp-content\/uploads\/2025\/02\/ALB_pewag_Suisse_allgemein_04_2024_fr.pdf\">Conditions g\u00e9n\u00e9rales de livraison pewag Suisse AG<br><\/a><a href=\"https:\/\/www.pewag.com\/wp-content\/uploads\/2025\/02\/ALB_pewag_Suisse_allgemein_04_2024_it.pdf\">Condizioni generali di fornitura della pewag Suisse AG<\/a><br><br><a href=\"https:\/\/www.pewag.com\/wp-content\/uploads\/2025\/01\/Allgemeine_Einkaufsbedingungen_PWI_20191024.pdf\">Allgemeine Einkaufsbedingungen pewag International GmbH<\/a><br><a href=\"https:\/\/www.pewag.com\/wp-content\/uploads\/2025\/01\/Allgemeine_Liefer-_und_Verkaufsbedingungen_PWI_20191024.pdf\">Allgemeine Liefer- und Verkaufsbedingungen pewag International GmbH<\/a><br><a href=\"https:\/\/www.pewag.com\/wp-content\/uploads\/2025\/01\/Allgemeine_Einkaufsbedingungen_PWA_20191024.pdf\">Allgemeine Einkaufsbedingungen pewag austria GmbH<\/a><br><a href=\"https:\/\/www.pewag.com\/wp-content\/uploads\/2025\/01\/Allgemeine_Liefer-_und_Verkaufsbedingungen_PWA_20191024.pdf\">Allgemeine Liefer- und Verkaufsbedingungen pewag austria GmbH<\/a><br><a href=\"https:\/\/www.pewag.com\/wp-content\/uploads\/2025\/01\/Allgemeine_Einkaufsbedingungen_AMG_20191024.pdf\">Allgemeine Einkaufsbedinungen pewag austria Vertriebs GmbH<\/a><br><a href=\"https:\/\/www.pewag.com\/wp-content\/uploads\/2025\/01\/Allgemeine_Liefer-_und_Verkaufsbedingungen_AMG_20191024.pdf\">Allgemeine Liefer- und Verkaufsbedingungen pewag austria Vertriebs GmbH<\/a><br><a href=\"https:\/\/www.pewag.com\/wp-content\/uploads\/2025\/01\/Einkaufsbedingungen_PWS_20191024.pdf\">Allgemeine Einkaufsbedingungen pewag Schneeketten GmbH<\/a><br><a href=\"https:\/\/www.pewag.com\/wp-content\/uploads\/2025\/01\/Verkaufs-_und_Lieferbedingungen_PWS_20191024.pdf\">Allgemeine Liefer- und Verkaufsbedingungen pewag Schneeketten GmbH<\/a><br><a href=\"https:\/\/www.pewag.com\/wp-content\/uploads\/2025\/01\/Allgemeine_Einkaufsbedingungen_KWA_20191024.pdf\">Allgemeine Einkaufsbedingungen KWB Ketten GmbH<\/a><br><a href=\"https:\/\/www.pewag.com\/wp-content\/uploads\/2025\/01\/AGB_KWA_2022_Deutsch_final.pdf\">Allgemeine Liefer- und Verkaufsbedingungen KWB Ketten Austria Gmbh<\/a><br><a href=\"https:\/\/www.pewag.com\/wp-content\/uploads\/2025\/01\/Allgemeine_Einkaufsbedingungen_MWB_20191024.pdf\">Allgemeine Einkaufsbedingungen Metallwaren Beteiligungs GmbH<\/a><br><a href=\"https:\/\/www.pewag.com\/wp-content\/uploads\/2025\/01\/Allgemeine_Liefer-_und_Verkaufsbedingungen_MWB_20191024.pdf\">Allgemeine Liefer- und Verkaufsbedingungen Metallwaren Beteiligungs GmbH<\/a><br><a href=\"https:\/\/www.pewag.com\/wp-content\/uploads\/2025\/01\/Einkaufsbedingungen_PWE_20191028.pdf\">Allgemeine Einkaufsbedingungen pewag engineering<\/a><br><a href=\"https:\/\/www.pewag.com\/wp-content\/uploads\/2025\/01\/Verkaufs-_und_Lieferbedingungen_PWE_20191028.pdf\">Allgemeine Liefer- und Verkaufsbedingungen pewag engineering<\/a><br><a href=\"https:\/\/www.pewag.com\/wp-content\/uploads\/2025\/01\/Allgemeine_Geschaeftsbedingungen_Online_Shop_pewag_Racing_Team.pdf\">Allgemeine Gesch\u00e4ftsbedingungen Racing Team Webshop<\/a><br><a href=\"https:\/\/www.pewag.com\/wp-content\/uploads\/2025\/01\/Allgemeine_Geschaeftsbedingungen_Webshop_Schneekette_1.12.23.pdf\">Allgemeine Gesch\u00e4ftsbedingungen Schneeketten Webshop<\/a><br><a href=\"https:\/\/www.pewag.com\/wp-content\/uploads\/2025\/01\/AGB_pewag_Deutschland_GmbH.pdf\">Allgemeine Gesch\u00e4ftsbedingungen pewag Deutschland GmbH<\/a><br><a href=\"https:\/\/www.pewag.com\/wp-content\/uploads\/2025\/01\/pewag-skd-agbs.pdf\">Allgemeine Gesch\u00e4ftsbedingungen pewag Schneeketten Deutschland GmbH<\/a><br><a href=\"https:\/\/www.pewag.com\/wp-content\/uploads\/2025\/01\/Allgemeine_Geschaeftsbedingungen_Webshop.pdf\">Allgemeine Gesch\u00e4ftsbedingungen Webshop Deutschland<\/a><\/p><\/div>\n\n<div\n\tclass=\"scroll-my-24 wrapper-contained mt-0 mb-4 pt-0 pb-20 w-full\"\n\t>\n\t<\/div>","protected":false},"excerpt":{"rendered":"","protected":false},"author":14,"featured_media":0,"parent":0,"menu_order":0,"comment_status":"closed","ping_status":"closed","template":"","meta":{"pewag_navigation_theme_dark_use":true,"footnotes":""},"content-types":[27],"class_list":["post-9570","page","type-page","status-publish","hentry","content-type-legal-content"],"yoast_head":"<!-- This site is optimized with the Yoast SEO plugin v27.2 - https:\/\/yoast.com\/product\/yoast-seo-wordpress\/ -->\n<title>Impressum - pewag<\/title>\n<meta name=\"robots\" content=\"index, follow, max-snippet:-1, max-image-preview:large, max-video-preview:-1\" \/>\n<link rel=\"canonical\" href=\"https:\/\/www.pewag.com\/ch\/impressum\/\" \/>\n<meta property=\"og:locale\" content=\"de_DE\" \/>\n<meta property=\"og:type\" content=\"article\" \/>\n<meta property=\"og:title\" content=\"Impressum - pewag\" \/>\n<meta property=\"og:url\" content=\"https:\/\/www.pewag.com\/ch\/impressum\/\" \/>\n<meta property=\"og:site_name\" content=\"pewag\" \/>\n<meta property=\"article:modified_time\" content=\"2026-03-26T15:06:15+00:00\" \/>\n<meta name=\"twitter:card\" content=\"summary_large_image\" \/>\n<meta name=\"twitter:label1\" content=\"Est. reading time\" \/>\n\t<meta name=\"twitter:data1\" content=\"2 minutes\" \/>\n<script type=\"application\/ld+json\" class=\"yoast-schema-graph\">{\"@context\":\"https:\/\/schema.org\",\"@graph\":[{\"@type\":\"WebPage\",\"@id\":\"https:\/\/www.pewag.com\/ch\/impressum\/\",\"url\":\"https:\/\/www.pewag.com\/ch\/impressum\/\",\"name\":\"Impressum - pewag\",\"isPartOf\":{\"@id\":\"https:\/\/www.pewag.com\/#website\"},\"datePublished\":\"2024-09-17T12:06:31+00:00\",\"dateModified\":\"2026-03-26T15:06:15+00:00\",\"breadcrumb\":{\"@id\":\"https:\/\/www.pewag.com\/ch\/impressum\/#breadcrumb\"},\"inLanguage\":\"de-CH\",\"potentialAction\":[{\"@type\":\"ReadAction\",\"target\":[\"https:\/\/www.pewag.com\/ch\/impressum\/\"]}]},{\"@type\":\"BreadcrumbList\",\"@id\":\"https:\/\/www.pewag.com\/ch\/impressum\/#breadcrumb\",\"itemListElement\":[{\"@type\":\"ListItem\",\"position\":1,\"name\":\"Home\",\"item\":\"https:\/\/www.pewag.com\/ch\/\"},{\"@type\":\"ListItem\",\"position\":2,\"name\":\"Impressum\"}]},{\"@type\":\"WebSite\",\"@id\":\"https:\/\/www.pewag.com\/#website\",\"url\":\"https:\/\/www.pewag.com\/\",\"name\":\"pewag\",\"description\":\"\",\"potentialAction\":[{\"@type\":\"SearchAction\",\"target\":{\"@type\":\"EntryPoint\",\"urlTemplate\":\"https:\/\/www.pewag.com\/?s={search_term_string}\"},\"query-input\":{\"@type\":\"PropertyValueSpecification\",\"valueRequired\":true,\"valueName\":\"search_term_string\"}}],\"inLanguage\":\"de-CH\"}]}<\/script>\n<!-- \/ Yoast SEO plugin. -->","yoast_head_json":{"title":"Impressum - pewag","robots":{"index":"index","follow":"follow","max-snippet":"max-snippet:-1","max-image-preview":"max-image-preview:large","max-video-preview":"max-video-preview:-1"},"canonical":"https:\/\/www.pewag.com\/ch\/impressum\/","og_locale":"de_DE","og_type":"article","og_title":"Impressum - pewag","og_url":"https:\/\/www.pewag.com\/ch\/impressum\/","og_site_name":"pewag","article_modified_time":"2026-03-26T15:06:15+00:00","twitter_card":"summary_large_image","twitter_misc":{"Est. reading time":"2 minutes"},"schema":{"@context":"https:\/\/schema.org","@graph":[{"@type":"WebPage","@id":"https:\/\/www.pewag.com\/ch\/impressum\/","url":"https:\/\/www.pewag.com\/ch\/impressum\/","name":"Impressum - pewag","isPartOf":{"@id":"https:\/\/www.pewag.com\/#website"},"datePublished":"2024-09-17T12:06:31+00:00","dateModified":"2026-03-26T15:06:15+00:00","breadcrumb":{"@id":"https:\/\/www.pewag.com\/ch\/impressum\/#breadcrumb"},"inLanguage":"de-CH","potentialAction":[{"@type":"ReadAction","target":["https:\/\/www.pewag.com\/ch\/impressum\/"]}]},{"@type":"BreadcrumbList","@id":"https:\/\/www.pewag.com\/ch\/impressum\/#breadcrumb","itemListElement":[{"@type":"ListItem","position":1,"name":"Home","item":"https:\/\/www.pewag.com\/ch\/"},{"@type":"ListItem","position":2,"name":"Impressum"}]},{"@type":"WebSite","@id":"https:\/\/www.pewag.com\/#website","url":"https:\/\/www.pewag.com\/","name":"pewag","description":"","potentialAction":[{"@type":"SearchAction","target":{"@type":"EntryPoint","urlTemplate":"https:\/\/www.pewag.com\/?s={search_term_string}"},"query-input":{"@type":"PropertyValueSpecification","valueRequired":true,"valueName":"search_term_string"}}],"inLanguage":"de-CH"}]}},"_links":{"self":[{"href":"https:\/\/www.pewag.com\/ch\/wp-json\/wp\/v2\/pages\/9570","targetHints":{"allow":["GET"]}}],"collection":[{"href":"https:\/\/www.pewag.com\/ch\/wp-json\/wp\/v2\/pages"}],"about":[{"href":"https:\/\/www.pewag.com\/ch\/wp-json\/wp\/v2\/types\/page"}],"author":[{"embeddable":true,"href":"https:\/\/www.pewag.com\/ch\/wp-json\/wp\/v2\/users\/14"}],"replies":[{"embeddable":true,"href":"https:\/\/www.pewag.com\/ch\/wp-json\/wp\/v2\/comments?post=9570"}],"version-history":[{"count":6,"href":"https:\/\/www.pewag.com\/ch\/wp-json\/wp\/v2\/pages\/9570\/revisions"}],"predecessor-version":[{"id":22674,"href":"https:\/\/www.pewag.com\/ch\/wp-json\/wp\/v2\/pages\/9570\/revisions\/22674"}],"wp:attachment":[{"href":"https:\/\/www.pewag.com\/ch\/wp-json\/wp\/v2\/media?parent=9570"}],"wp:term":[{"taxonomy":"content-type","embeddable":true,"href":"https:\/\/www.pewag.com\/ch\/wp-json\/wp\/v2\/content-types?post=9570"}],"curies":[{"name":"wp","href":"https:\/\/api.w.org\/{rel}","templated":true}]}}