{"id":14633,"date":"2024-09-10T10:00:58","date_gmt":"2024-09-10T08:00:58","guid":{"rendered":"https:\/\/www.pewag.com\/?page_id=14633"},"modified":"2026-04-07T15:46:42","modified_gmt":"2026-04-07T13:46:42","slug":"administracao-publica","status":"publish","type":"page","link":"https:\/\/www.pewag.com\/br\/industrias\/administracao-publica\/","title":{"rendered":"Administra\u00e7\u00e3o p\u00fablica"},"content":{"rendered":"<div\n\tclass=\"scroll-my-24 bg-blue-900 wrapper-full mt-0 mb-0 pt-20 max-sm:pt-16 pb-8 w-full\"\n\t>\n\t<div class=\"grid md:grid-rows-1 md:grid-cols-[minmax(min-content,1fr)_1fr_1fr]\">\n\t<div class=\"px-4 md:px-10 pb-12 md:pb-24 grid md:flex md:flex-col grid-rows-1 grid-cols-4 order-2 md:order-none justify-end items-start\">\n\t\t<div class='text-md\/5 flex items-baseline gap-1.5 [&amp;&gt;*:nth-child(n+3)]:truncate text-gray-300 mb-4 md:mb-auto md:mt-4 col-span-4'><a href='https:\/\/www.pewag.com\/br\/' aria-label='Home link'>\n\t\t\t<svg xmlns='http:\/\/www.w3.org\/2000\/svg' width='12' height='12' viewBox='0 0 12 12' fill='none'><path d='M2 10.667h2v-4h4v4h2v-6l-4-3-4 3v6ZM.667 12V4L6 0l5.333 4v8H6.667V8H5.333v4H.667Z' fill='currentColor'\/><\/svg> <span><a href=\" https:\/\/www.pewag.com\/br\/ \">Home<\/a><\/span>\n\t\t<\/a><\/div><p class=\"font-sans [&amp;&gt;a]:underline font-synthesis-none break-words hyphens-auto text-3xl md:text-4xl lg:text-5xl leading-normal md:mb-2 col-start-1 col-span-3 text-blue-500\">\n\tADMINISTRA\u00c7\u00c3O P\u00daBLICA<\/p><h2\tdata-slug=\"melhorar-a-mobilidade\"\n\tclass=\"font-display text-balance font-synthesis-none scroll-m-20 break-words hyphens-auto text-9xl md:text-10xl lg:text-11xl leading-none col-start-1 col-span-3 text-white\"\n>\n\tMelhorar a mobilidade.<\/h2><a\thref=\"https:\/\/www.pewag.com\/br\/industrias\/administracao-publica\/#start\"class=\"font-sans transition duration-300 flex w-fit items-center focus-visible:ring focus:outline-none text-lg disabled:cursor-default [&amp;&gt;svg]:flex-none max-w-full px-6 border [&amp;&gt;svg]:size-5 gap-2 py-2 rounded-full text-white [&amp;&gt;svg]:text-red-700 border-white border-opacity-50 hover:text-blue-100 hover:border-opacity-100 disabled:text-gray-300 disabled:border-gray-300 disabled:border focus-visible:ring-blue-500\/30 button mt-6 col-start-1 col-span-3 justify-self-start\">\n\t\t\t<span class=\"min-w-0 break-words hyphens-auto\">Explorar<\/span>\n\t\n\t<svg width='24' height='24' viewBox='0 0 24 24' fill='none' xmlns='http:\/\/www.w3.org\/2000\/svg'><path d='M5 14.283 12 21l7-6.717' stroke='currentColor' stroke-width='2' stroke-linecap='round' stroke-linejoin='round' fill='none'\/><path stroke='currentColor' stroke-width='2' stroke-linecap='round' d='M12.032 19.733V4' fill='none'\/><\/svg><\/a>\t<\/div>\n\t<div class=\"video !aspect-square lg:h-[90vh] lg:w-full object-cover md:col-start-2 md:col-span-2 mb-5 md:mb-0\">\n\t\t\t<video\n\t\t\tclass=\"aspect-video object-cover w-full js-video\"\n\t\t\tloop autoplay playsinline muted\t\t\tpreload=\"metadata\"\n\t\t\tposter=\"\"\n\t\t\t\t\t>\n\t\t\t<source src=\"https:\/\/www.pewag.com\/wp-content\/uploads\/2024\/11\/public-administration-industry_1.mp4\" type=\"video\/mp4\" \/>\n\n\t\t\t\t\t<\/video>\n\t\n\t<\/div><\/div><\/div>\n\n<div\n\tclass=\"scroll-my-24 bg-blue-900 wrapper-contained-wide mt-0 mb-0 pt-20 max-md:pt-16 max-sm:pt-8 pb-16 w-full\"\n\t\t\tid=\"start\"\n\t>\n\t<div class=\"grid grid-cols-8 md:grid-cols-5 md:gap-14\">\n\t<picture\n\t\t\tclass=\"col-span-7 md:translate-x-0 -translate-x-4 md:col-span-3\"\n\t>\n\t\t\t\t\t\t\t\n\t<img\n\t\tsrc=\"https:\/\/www.pewag.com\/wp-content\/uploads\/2024\/11\/public-administration-road-service-scaled.jpg\"\n\t\talt=\"\"\n\t\tclass=\"object-cover aspect-3\/2 size-full object-center\"\n\t\/>\n<\/picture>\n\t<div class=\"col-span-8 mt-8 md:mt-16 lg:mt-7 md:col-span-2\">\n\t\t\n<div\n\tclass=\"scroll-my-24 mt-0 mb-4 pt-0 pb-0 w-full\"\n\t>\n\t<svg xmlns='http:\/\/www.w3.org\/2000\/svg' width='40' height='11' viewBox='0 0 40 11' fill='none'><path d='M5.097 10.249c2.815 0 5.097-2.294 5.097-5.125C10.194 2.294 7.912 0 5.097 0 2.282 0 0 2.294 0 5.124c0 2.83 2.282 5.125 5.097 5.125Zm14.846 0c2.814 0 5.096-2.294 5.096-5.125C25.04 2.294 22.757 0 19.943 0c-2.815 0-5.097 2.294-5.097 5.124 0 2.83 2.282 5.125 5.097 5.125Zm14.961 0c2.814 0 5.096-2.294 5.096-5.125C40 2.294 37.718 0 34.904 0c-2.815 0-5.097 2.294-5.097 5.124 0 2.83 2.282 5.125 5.097 5.125Z' fill='#E4032E'\/><\/svg>\n<h2\tdata-slug=\"\"\n\tclass=\"font-display text-balance font-synthesis-none scroll-m-20 break-words hyphens-auto text-6xl md:text-7xl leading-tight text-start text-white [&amp;&gt;a]:text-blue-700 mt-2\"\n>\n\t<strong><strong>Melhor tra\u00e7\u00e3o em condi\u00e7\u00f5es meteorol\u00f3gicas extremas no servi\u00e7o p\u00fablico rodovi\u00e1rio e no transporte em autocarro<\/strong><\/strong><\/h2><\/div>\n\n<div\n\tclass=\"scroll-my-24 mt-0 mb-4 pt-0 pb-0 w-full\"\n\t>\n\t<p class=\"font-sans [&amp;&gt;a]:underline font-synthesis-none break-words hyphens-auto text-xl md:text-2xl leading-normal text-start text-white [&amp;&gt;a]:text-blue-700\">\n\tA pewag produz correntes para a neve para ve\u00edculos comerciais, tais como tratores, autocarros e ve\u00edculos de remo\u00e7\u00e3o de neve. O foco \u00e9 a seguran\u00e7a de todos os utilizadores da estrada e a durabilidade dos produtos. Mesmo em condi\u00e7\u00f5es clim\u00e1ticas extremas, as correntes de neve pewag oferecem ao utilizador a melhor tra\u00e7\u00e3o e dist\u00e2ncias de travagem mais curtas.<\/p><\/div>\n\t<\/div>\n<\/div><\/div>\n\n<div\n\tclass=\"scroll-my-24 wrapper-contained mt-12 mb-0 pt-0 pb-0 w-full\"\n\t>\n\t<div class=\"grid grid-cols-1 max-sm:grid-cols-1 gap-y-4 gap-x-4\" >\n\t\n<div class=\"flex flex-col col-start-1 max-sm:col-start-1 max-md:col-start-1 col-end-span-1 max-sm:col-end-span-1 max-md:col-end-span-1 row-end-span-1 justify-stretch h-full [&amp;&gt;*:only-child]:h-full items-stretch w-full [&amp;&gt;*:only-child]:w-full pl-0 pr-0 pt-0 pb-0 bg-gradient-to-r overflow-visible\" >\n\t\n<div\n\tclass=\"scroll-my-24 mt-0 mb-0 pt-0 pb-0 w-full\"\n\t>\n\t<h2\tdata-slug=\"\"\n\tclass=\"font-display text-balance font-synthesis-none scroll-m-20 break-words hyphens-auto text-3xl md:text-4xl lg:text-5xl leading-normal text-start text-blue-900 [&amp;&gt;a]:text-blue-700\"\n>\n\t<strong><strong>Porqu\u00ea confiar na pewag<\/strong><\/strong><\/h2><\/div>\n<\/div>\n<\/div><\/div>\n\n<div\n\tclass=\"scroll-my-24 wrapper-contained mt-8 mb-20 pt-0 pb-0 w-full\"\n\t>\n\t<div class=\"grid grid-cols-2 max-sm:grid-cols-1 gap-x-8\" >\n\t\n<div class=\"flex flex-col col-start-1 max-sm:col-start-1 col-end-span-1 max-sm:col-end-span-1 row-end-span-1 justify-stretch h-full [&amp;&gt;*:only-child]:h-full items-stretch w-full [&amp;&gt;*:only-child]:w-full pl-0 pr-0 pt-0 pb-0 bg-gradient-to-r overflow-visible\" >\n\t\n<div\n\tclass=\"scroll-my-24 mt-0 mb-0 pt-0 pb-0 w-full\"\n\t>\n\t<ul\tclass=\"font-sans [&amp;&gt;a]:underline font-synthesis-none text-xl md:text-2xl leading-normal list-[&#039;\u2713_&#039;] ml-[1em] marker:text-red-700 text-black\"\n>\n\t<li><strong>Fabricado na Europa. <\/strong>Desenvolvido e fabricado na Europa<\/li><li><strong>Durabilidade e longevidade. <\/strong>Materiais de alta qualidade<\/li><\/ul><\/div>\n<\/div>\n\n<div class=\"flex flex-col col-start-2 max-sm:col-start-1 col-end-span-1 max-sm:col-end-span-1 row-end-span-2 justify-stretch h-full [&amp;&gt;*:only-child]:h-full items-stretch w-full [&amp;&gt;*:only-child]:w-full pl-0 pr-0 pt-0 pb-0 bg-gradient-to-r overflow-visible\" >\n\t\n<div\n\tclass=\"scroll-my-24 mt-0 mb-0 pt-0 pb-0 w-full\"\n\t>\n\t<ul\tclass=\"font-sans [&amp;&gt;a]:underline font-synthesis-none text-xl md:text-2xl leading-normal list-[&#039;\u2713_&#039;] ml-[1em] marker:text-red-700 text-black\"\n>\n\t<li><strong>Qualidade certificada.<\/strong> Conformidade com todos os requisitos \u00d6NORM<\/li><li><strong>Aumento da vida \u00fatil do produto.<\/strong> Menos manuten\u00e7\u00e3o em condi\u00e7\u00f5es ambientais dif\u00edceis<\/li><\/ul><\/div>\n<\/div>\n<\/div><\/div>\n\n<div\n\tclass=\"scroll-my-24 wrapper-contained !hidden mt-8 mb-12 pt-0 pb-0 w-full\"\n\t>\n\t<h2\tdata-slug=\"xn-solues-pewag-para-a-administrao-pblica-ggd7k0a57c3h\"\n\tclass=\"font-display text-balance font-synthesis-none scroll-m-20 break-words hyphens-auto text-3xl md:text-4xl lg:text-5xl leading-normal text-start text-blue-900 [&amp;&gt;a]:text-blue-700\"\n>\n\tSolu\u00e7\u00f5es pewag para a administra\u00e7\u00e3o p\u00fablica<\/h2><\/div>\n\n<div\n\tclass=\"scroll-my-24 wrapper-contained-wide !hidden mt-0 mb-8 pt-0 pb-0 w-full\"\n\t>\n\t<div class=\"grid grid-cols-3 max-sm:grid-cols-1 gap-y-4 gap-x-4\" >\n\t\n<div class=\"flex flex-col col-start-1 max-sm:col-start-1 col-end-span-1 max-sm:col-end-span-1 row-end-span-1 justify-stretch h-full [&amp;&gt;*:only-child]:h-full items-stretch w-full [&amp;&gt;*:only-child]:w-full pl-0 pr-0 pt-0 pb-0 bg-gradient-to-r overflow-visible\" >\n\t\n<div\n\tclass=\"scroll-my-24 !hidden max-md:!hidden max-sm:!hidden mt-0 mb-4 pt-0 pb-0 w-full\"\n\t>\n\t<a class=\"grid grid-cols-1 grid-rows-2 w-full overflow-hidden group\" href=\"https:\/\/shop.pewag.com\/pt\/products\/correntes-de-neve\/veiculos-todo-o-terreno\/\">\n\t<picture\n\t\t\tclass=\"w-full h-full row-start-1 col-start-1 col-span-1 row-span-2 object-cover overflow-hidden !block -z-10\"\n\t>\n\t\t\t\t\t\t\t\n\t<img\n\t\tsrc=\"https:\/\/www.pewag.com\/wp-content\/uploads\/2024\/11\/Kategoriebanner_Seg_A_SK_gelaendefahzeug.jpg\"\n\t\talt=\"\"\n\t\tclass=\"object-cover aspect-3\/2 size-full object-center group-hover:scale-110 transition-transform duration-300\"\n\t\/>\n<\/picture>\n\t<div class=\"row-start-1 col-start-1 col-span-1 row-span-1 pt-4 md:pt-10 px-4 md:px-10 pb-6 md:pb-14 flex flex-col h-max bg-gradient-to-b from-blue-950\/80 to-blue-950\/0\">\n\t\t<button\tclass=\"font-sans transition duration-300 flex w-fit items-center focus-visible:ring focus:outline-none text-lg disabled:cursor-default [&amp;&gt;svg]:flex-none max-w-full leading-tight cursor-pointer [&amp;&gt;svg]:size-6 gap-3 text-left text-blue-900 hover:text-blue-700 button font-display text-white hover:!text-white font-bold text-left mb-2 !text-5xl\">\n\t\t\t<span class=\"min-w-0 break-words hyphens-auto\">Ve\u00edculos todo-o-terreno&lt;br&gt;<\/span>\n\t\n\t<svg xmlns='http:\/\/www.w3.org\/2000\/svg' width='24' height='24' viewBox='0 0 24 24' fill='none'><circle cx='12' cy='12' r='12' fill='#E20031'\/><path fill-rule='evenodd' clip-rule='evenodd' d='m13.757 6.697 4.773 4.773a.75.75 0 0 1 0 1.06l-4.773 4.774a.75.75 0 0 1-1.06-1.061l3.492-3.493H5.25v-1.5h10.94l-3.493-3.492a.75.75 0 1 1 1.06-1.061Z' fill='#fff'\/><\/svg><\/button>\t<\/div>\n\n\t<\/a><\/div>\n\n<div\n\tclass=\"scroll-my-24 !grid mt-0 mb-4 pt-0 pb-0 w-full\"\n\t>\n\t<a class=\"grid grid-cols-1 grid-rows-1 w-full overflow-hidden group\" href=\"https:\/\/shop.pewag.com\/br\/\">\n\t<picture\n\t\t\tclass=\"w-full h-full row-start-1 col-start-1 col-span-1 row-span-1 object-cover overflow-hidden !block\"\n\t>\n\t\t\t\t\t\t\t\n\t<img\n\t\tsrc=\"https:\/\/www.pewag.com\/wp-content\/uploads\/2024\/11\/Shop-GIF-blau-sharp.gif\"\n\t\talt=\"\"\n\t\tclass=\"object-cover aspect-5\/4 object-center group-hover:scale-110 transition-transform duration-300\"\n\t\/>\n<\/picture><button\tclass=\"font-sans transition duration-300 flex w-fit items-center focus-visible:ring focus:outline-none text-lg disabled:cursor-default [&amp;&gt;svg]:flex-none max-w-full leading-tight cursor-pointer [&amp;&gt;svg]:size-6 gap-3 text-left text-blue-900 hover:text-blue-700 button row-start-1 col-start-1 col-span-1 row-span-1 justify-self-center font-display text-white hover:!text-white font-bold text-left mb-2 !text-8xl md:!text-11xl [&amp;&gt;svg]:size-8 md:[&amp;&gt;svg]:size-11 z-10 p-4 md:p-8 w-max\">\n\t\t\t<span class=\"min-w-0 break-words hyphens-auto\">Produtos<\/span>\n\t\n\t<svg xmlns='http:\/\/www.w3.org\/2000\/svg' width='24' height='24' viewBox='0 0 24 24' fill='none'><circle cx='12' cy='12' r='12' fill='#E20031'\/><path fill-rule='evenodd' clip-rule='evenodd' d='m13.757 6.697 4.773 4.773a.75.75 0 0 1 0 1.06l-4.773 4.774a.75.75 0 0 1-1.06-1.061l3.492-3.493H5.25v-1.5h10.94l-3.493-3.492a.75.75 0 1 1 1.06-1.061Z' fill='#fff'\/><\/svg><\/button><\/a><\/div>\n\n<div\n\tclass=\"scroll-my-24 mt-0 mb-0 pt-0 pb-0 w-full\"\n\t>\n\t<a class=\"grid grid-cols-1 grid-rows-2 w-full overflow-hidden group\" href=\"https:\/\/www.pewag.com\/br\/sobre-nos\/tradicao-e-inovacao\/\">\n\t<picture\n\t\t\tclass=\"w-full h-full row-start-1 col-start-1 col-span-1 row-span-2 object-cover overflow-hidden !block -z-10\"\n\t>\n\t\t\t\t\t\t\t\n\t<img\n\t\tsrc=\"https:\/\/www.pewag.com\/wp-content\/uploads\/2024\/09\/startpage-bento4-placeholder.jpg\"\n\t\talt=\"\"\n\t\tclass=\"object-cover aspect-3\/2 size-full object-center group-hover:scale-110 transition-transform duration-300\"\n\t\/>\n<\/picture>\n\t<div class=\"row-start-1 col-start-1 col-span-1 row-span-1 pt-4 md:pt-10 px-4 md:px-10 pb-6 md:pb-14 flex flex-col h-max bg-gradient-to-b from-blue-950\/80 to-blue-950\/0\">\n\t\t<button\tclass=\"font-sans transition duration-300 flex w-fit items-center focus-visible:ring focus:outline-none text-lg disabled:cursor-default [&amp;&gt;svg]:flex-none max-w-full leading-tight cursor-pointer [&amp;&gt;svg]:size-6 gap-3 text-left text-blue-900 hover:text-blue-700 button font-display text-white hover:!text-white font-bold text-left mb-2 !text-5xl\">\n\t\t\t<span class=\"min-w-0 break-words hyphens-auto\">Tradi\u00e7\u00e3o e Inova\u00e7\u00e3o<\/span>\n\t\n\t<svg xmlns='http:\/\/www.w3.org\/2000\/svg' width='24' height='24' viewBox='0 0 24 24' fill='none'><circle cx='12' cy='12' r='12' fill='#E20031'\/><path fill-rule='evenodd' clip-rule='evenodd' d='m13.757 6.697 4.773 4.773a.75.75 0 0 1 0 1.06l-4.773 4.774a.75.75 0 0 1-1.06-1.061l3.492-3.493H5.25v-1.5h10.94l-3.493-3.492a.75.75 0 1 1 1.06-1.061Z' fill='#fff'\/><\/svg><\/button>\t<\/div>\n\n\t<\/a><\/div>\n<\/div>\n\n<div class=\"flex flex-col col-start-2 max-sm:col-start-1 col-end-span-2 max-sm:col-end-span-1 max-md:col-end-span-2 row-end-span-1 justify-stretch h-full [&amp;&gt;*:only-child]:h-full items-stretch w-full [&amp;&gt;*:only-child]:w-full pl-0 pr-0 pt-0 pb-0 bg-gradient-to-r overflow-visible\" >\n\t\n<div\n\tclass=\"scroll-my-24 !hidden max-md:!hidden max-sm:!hidden mt-0 mb-4 pt-0 pb-0 w-full\"\n\t>\n\t<a class=\"grid grid-cols-1 grid-rows-2 w-full overflow-hidden group\" href=\"https:\/\/shop.pewag.com\/pt\/products\/correntes-de-neve\/autocarros-e-veiculos-comerciais\/\">\n\t<picture\n\t\t\tclass=\"w-full h-full row-start-1 col-start-1 col-span-1 row-span-2 object-cover overflow-hidden !block -z-10\"\n\t>\n\t\t\t\t\t\t\t\n\t<img\n\t\tsrc=\"https:\/\/www.pewag.com\/wp-content\/uploads\/2024\/11\/Kategoriebanner_Seg_A_SK_bus.jpg\"\n\t\talt=\"\"\n\t\tclass=\"object-cover aspect-3\/2 size-full object-center group-hover:scale-110 transition-transform duration-300\"\n\t\/>\n<\/picture>\n\t<div class=\"row-start-1 col-start-1 col-span-1 row-span-1 pt-4 md:pt-10 px-4 md:px-10 pb-6 md:pb-14 flex flex-col h-max bg-gradient-to-b from-blue-950\/80 to-blue-950\/0\">\n\t\t<button\tclass=\"font-sans transition duration-300 flex w-fit items-center focus-visible:ring focus:outline-none text-lg disabled:cursor-default [&amp;&gt;svg]:flex-none max-w-full leading-tight cursor-pointer [&amp;&gt;svg]:size-6 gap-3 text-left text-blue-900 hover:text-blue-700 button font-display text-white hover:!text-white font-bold text-left mb-2 !text-5xl\">\n\t\t\t<span class=\"min-w-0 break-words hyphens-auto\">Autocarros e ve\u00edculos comerciais&lt;br&gt;<\/span>\n\t\n\t<svg xmlns='http:\/\/www.w3.org\/2000\/svg' width='24' height='24' viewBox='0 0 24 24' fill='none'><circle cx='12' cy='12' r='12' fill='#E20031'\/><path fill-rule='evenodd' clip-rule='evenodd' d='m13.757 6.697 4.773 4.773a.75.75 0 0 1 0 1.06l-4.773 4.774a.75.75 0 0 1-1.06-1.061l3.492-3.493H5.25v-1.5h10.94l-3.493-3.492a.75.75 0 1 1 1.06-1.061Z' fill='#fff'\/><\/svg><\/button>\t<\/div>\n\n\t<\/a><\/div>\n\n<div\n\tclass=\"scroll-my-24 !hidden max-sm:!hidden max-md:!hidden mt-0 mb-4 pt-0 pb-0 w-full\"\n\t>\n\t<a class=\"grid grid-cols-1 grid-rows-2 w-full overflow-hidden group\" href=\"https:\/\/shop.pewag.com\/br\/produtos\/correntes-de-neve\/veiculos-especiais\/\">\n\t<picture\n\t\t\tclass=\"w-full h-full row-start-1 col-start-1 col-span-1 row-span-2 object-cover overflow-hidden !block -z-10\"\n\t>\n\t\t\t\t\t\t\t\n\t<img\n\t\tsrc=\"https:\/\/www.pewag.com\/wp-content\/uploads\/2024\/11\/Kategoriebanner_Seg_A_SK_sonderfahrzeug.jpg\"\n\t\talt=\"\"\n\t\tclass=\"object-cover aspect-3\/2 size-full object-center group-hover:scale-110 transition-transform duration-300\"\n\t\/>\n<\/picture>\n\t<div class=\"row-start-1 col-start-1 col-span-1 row-span-1 pt-4 md:pt-10 px-4 md:px-10 pb-6 md:pb-14 flex flex-col h-max bg-gradient-to-b from-blue-950\/80 to-blue-950\/0\">\n\t\t<button\tclass=\"font-sans transition duration-300 flex w-fit items-center focus-visible:ring focus:outline-none text-lg disabled:cursor-default [&amp;&gt;svg]:flex-none max-w-full leading-tight cursor-pointer [&amp;&gt;svg]:size-6 gap-3 text-left text-blue-900 hover:text-blue-700 button font-display text-white hover:!text-white font-bold text-left mb-2 !text-5xl\">\n\t\t\t<span class=\"min-w-0 break-words hyphens-auto\">Ve\u00edculos especiais&lt;br&gt;<\/span>\n\t\n\t<svg xmlns='http:\/\/www.w3.org\/2000\/svg' width='24' height='24' viewBox='0 0 24 24' fill='none'><circle cx='12' cy='12' r='12' fill='#E20031'\/><path fill-rule='evenodd' clip-rule='evenodd' d='m13.757 6.697 4.773 4.773a.75.75 0 0 1 0 1.06l-4.773 4.774a.75.75 0 0 1-1.06-1.061l3.492-3.493H5.25v-1.5h10.94l-3.493-3.492a.75.75 0 1 1 1.06-1.061Z' fill='#fff'\/><\/svg><\/button>\t<\/div>\n\n\t<\/a><\/div>\n<\/div>\n<\/div><\/div>\n\n<div\n\tclass=\"scroll-my-24 bg-blue-50 wrapper-full mt-20 mb-0 pt-0 pb-0 w-full\"\n\t>\n\t<div class=\"grid w-full h-60 md:h-96 lg:h-[33rem]\">\n\t<picture\n\t\t\tclass=\"col-span-full row-span-full overflow-hidden\"\n\t>\n\t\t\t\t\t\t\t\n\t<img\n\t\tsrc=\"https:\/\/www.pewag.com\/wp-content\/uploads\/2024\/11\/pewag_snow-chains-solution-solution-1.jpg\"\n\t\talt=\"\"\n\t\tclass=\"object-cover object-center size-full object-cover object-center\"\n\t\/>\n<\/picture>\n\t<div class=\"grid layout-base col-span-full row-span-full lg:max-w-screen-lg place-self-start mx-auto px-8 lg:px-4 text-white mt-10 md:mt-14 lg:mt-20\">\n\t\t<h2\tdata-slug=\"explorar-tudo-sobre-as-correntes-de-neve-pewag\"\n\tclass=\"font-display text-balance font-synthesis-none scroll-m-20 break-words hyphens-auto text-7xl md:text-8xl leading-[1.125] mb-8\"\n>\n\tExplorar tudo sobre as correntes de neve pewag<\/h2><a\thref=\"https:\/\/www.pewag.com\/br\/solucoes\/correntes-para-neve\/\"class=\"font-sans transition duration-300 flex w-fit items-center focus-visible:ring focus:outline-none text-lg disabled:cursor-default [&amp;&gt;svg]:flex-none max-w-full px-8 border [&amp;&gt;svg]:size-5 gap-2 py-2 rounded-full text-white bg-red-700 border-red-700 hover:bg-red-800 hover:border-red-800 disabled:bg-gray-300 disabled:border-gray-300 focus-visible:ring-red-500\/30 button justify-self-start\">\n\t\t\t<span class=\"min-w-0 break-words hyphens-auto\">Visitar<\/span>\n\t\n\t<svg width='24' height='24' viewBox='0 0 24 24' fill='none' xmlns='http:\/\/www.w3.org\/2000\/svg'><path d='M14.283 5 21 12l-6.717 7' stroke='currentColor' stroke-width='2' stroke-linecap='round' stroke-linejoin='round' fill='none'\/><path stroke='currentColor' stroke-width='2' stroke-linecap='round' d='M19.733 12.032H4' fill='none'\/><\/svg><\/a>\t<\/div>\n<\/div><\/div>\n\n<div\n\tclass=\"scroll-my-24 bg-gray-50 wrapper-contained-wide mt-0 mb-0 pt-16 pb-20 w-full\"\n\t>\n\t<div class=\"flex flex-col flex-wrap justify-center max-w-2xl px-4 py-8 mx-auto gap-y-5 items-center text-center text-blue-900\">\n\t<h2\tdata-slug=\"entre-em-contato-conosco\"\n\tclass=\"font-display text-balance font-synthesis-none scroll-m-20 break-words hyphens-auto text-7xl md:text-8xl leading-[1.125]\"\n>\n\tEntre em contato conosco<\/h2><p class=\"font-sans [&amp;&gt;a]:underline font-synthesis-none break-words hyphens-auto text-xl md:text-2xl leading-normal\">\n\tOs nossos especialistas ter\u00e3o todo o prazer em o aconselhar.<\/p><a\thref=\"https:\/\/www.pewag.com\/news\/eightshift-forms\/contact-form-pt-copy\/\"class=\"font-sans transition duration-300 flex w-fit items-center focus-visible:ring focus:outline-none text-lg disabled:cursor-default [&amp;&gt;svg]:flex-none max-w-full px-8 border [&amp;&gt;svg]:size-5 gap-2 py-2 rounded-full text-white bg-red-700 border-red-700 hover:bg-red-800 hover:border-red-800 disabled:bg-gray-300 disabled:border-gray-300 focus-visible:ring-red-500\/30 button mt-2\">\n\t\t\t<span class=\"min-w-0 break-words hyphens-auto\">Enviar um pedido de informa\u00e7\u00e3o<\/span>\n\t\n\t<\/a><\/div><\/div>","protected":false},"excerpt":{"rendered":"","protected":false},"author":7,"featured_media":0,"parent":14631,"menu_order":0,"comment_status":"closed","ping_status":"closed","template":"","meta":{"pewag_navigation_theme_dark_use":true,"footnotes":""},"content-types":[22],"class_list":["post-14633","page","type-page","status-publish","hentry","content-type-industry"],"yoast_head":"<!-- This site is optimized with the Yoast SEO plugin v27.2 - https:\/\/yoast.com\/product\/yoast-seo-wordpress\/ -->\n<title>Administra\u00e7\u00e3o p\u00fablica - pewag<\/title>\n<meta name=\"robots\" content=\"index, follow, max-snippet:-1, max-image-preview:large, max-video-preview:-1\" \/>\n<link rel=\"canonical\" href=\"https:\/\/www.pewag.com\/br\/industrias\/administracao-publica\/\" \/>\n<meta property=\"og:locale\" content=\"pt_BR\" \/>\n<meta property=\"og:type\" content=\"article\" \/>\n<meta property=\"og:title\" content=\"Administra\u00e7\u00e3o p\u00fablica - pewag\" \/>\n<meta property=\"og:url\" content=\"https:\/\/www.pewag.com\/br\/industrias\/administracao-publica\/\" \/>\n<meta property=\"og:site_name\" content=\"pewag\" \/>\n<meta property=\"article:modified_time\" content=\"2026-04-07T13:46:42+00:00\" \/>\n<meta name=\"twitter:card\" content=\"summary_large_image\" \/>\n<meta name=\"twitter:label1\" content=\"Est. reading time\" \/>\n\t<meta name=\"twitter:data1\" content=\"4 minutes\" \/>\n<script type=\"application\/ld+json\" class=\"yoast-schema-graph\">{\"@context\":\"https:\/\/schema.org\",\"@graph\":[{\"@type\":\"WebPage\",\"@id\":\"https:\/\/www.pewag.com\/br\/industrias\/administracao-publica\/\",\"url\":\"https:\/\/www.pewag.com\/br\/industrias\/administracao-publica\/\",\"name\":\"Administra\u00e7\u00e3o p\u00fablica - pewag\",\"isPartOf\":{\"@id\":\"https:\/\/www.pewag.com\/#website\"},\"datePublished\":\"2024-09-10T08:00:58+00:00\",\"dateModified\":\"2026-04-07T13:46:42+00:00\",\"breadcrumb\":{\"@id\":\"https:\/\/www.pewag.com\/br\/industrias\/administracao-publica\/#breadcrumb\"},\"inLanguage\":\"pe-BR\",\"potentialAction\":[{\"@type\":\"ReadAction\",\"target\":[\"https:\/\/www.pewag.com\/br\/industrias\/administracao-publica\/\"]}]},{\"@type\":\"BreadcrumbList\",\"@id\":\"https:\/\/www.pewag.com\/br\/industrias\/administracao-publica\/#breadcrumb\",\"itemListElement\":[{\"@type\":\"ListItem\",\"position\":1,\"name\":\"Home\",\"item\":\"https:\/\/www.pewag.com\/br\/\"},{\"@type\":\"ListItem\",\"position\":2,\"name\":\"Industrias\",\"item\":\"https:\/\/www.pewag.com\/br\/industrias\/\"},{\"@type\":\"ListItem\",\"position\":3,\"name\":\"Administra\u00e7\u00e3o p\u00fablica\"}]},{\"@type\":\"WebSite\",\"@id\":\"https:\/\/www.pewag.com\/#website\",\"url\":\"https:\/\/www.pewag.com\/\",\"name\":\"pewag\",\"description\":\"\",\"potentialAction\":[{\"@type\":\"SearchAction\",\"target\":{\"@type\":\"EntryPoint\",\"urlTemplate\":\"https:\/\/www.pewag.com\/?s={search_term_string}\"},\"query-input\":{\"@type\":\"PropertyValueSpecification\",\"valueRequired\":true,\"valueName\":\"search_term_string\"}}],\"inLanguage\":\"pe-BR\"}]}<\/script>\n<!-- \/ Yoast SEO plugin. -->","yoast_head_json":{"title":"Administra\u00e7\u00e3o p\u00fablica - pewag","robots":{"index":"index","follow":"follow","max-snippet":"max-snippet:-1","max-image-preview":"max-image-preview:large","max-video-preview":"max-video-preview:-1"},"canonical":"https:\/\/www.pewag.com\/br\/industrias\/administracao-publica\/","og_locale":"pt_BR","og_type":"article","og_title":"Administra\u00e7\u00e3o p\u00fablica - pewag","og_url":"https:\/\/www.pewag.com\/br\/industrias\/administracao-publica\/","og_site_name":"pewag","article_modified_time":"2026-04-07T13:46:42+00:00","twitter_card":"summary_large_image","twitter_misc":{"Est. reading time":"4 minutes"},"schema":{"@context":"https:\/\/schema.org","@graph":[{"@type":"WebPage","@id":"https:\/\/www.pewag.com\/br\/industrias\/administracao-publica\/","url":"https:\/\/www.pewag.com\/br\/industrias\/administracao-publica\/","name":"Administra\u00e7\u00e3o p\u00fablica - pewag","isPartOf":{"@id":"https:\/\/www.pewag.com\/#website"},"datePublished":"2024-09-10T08:00:58+00:00","dateModified":"2026-04-07T13:46:42+00:00","breadcrumb":{"@id":"https:\/\/www.pewag.com\/br\/industrias\/administracao-publica\/#breadcrumb"},"inLanguage":"pe-BR","potentialAction":[{"@type":"ReadAction","target":["https:\/\/www.pewag.com\/br\/industrias\/administracao-publica\/"]}]},{"@type":"BreadcrumbList","@id":"https:\/\/www.pewag.com\/br\/industrias\/administracao-publica\/#breadcrumb","itemListElement":[{"@type":"ListItem","position":1,"name":"Home","item":"https:\/\/www.pewag.com\/br\/"},{"@type":"ListItem","position":2,"name":"Industrias","item":"https:\/\/www.pewag.com\/br\/industrias\/"},{"@type":"ListItem","position":3,"name":"Administra\u00e7\u00e3o p\u00fablica"}]},{"@type":"WebSite","@id":"https:\/\/www.pewag.com\/#website","url":"https:\/\/www.pewag.com\/","name":"pewag","description":"","potentialAction":[{"@type":"SearchAction","target":{"@type":"EntryPoint","urlTemplate":"https:\/\/www.pewag.com\/?s={search_term_string}"},"query-input":{"@type":"PropertyValueSpecification","valueRequired":true,"valueName":"search_term_string"}}],"inLanguage":"pe-BR"}]}},"_links":{"self":[{"href":"https:\/\/www.pewag.com\/br\/wp-json\/wp\/v2\/pages\/14633","targetHints":{"allow":["GET"]}}],"collection":[{"href":"https:\/\/www.pewag.com\/br\/wp-json\/wp\/v2\/pages"}],"about":[{"href":"https:\/\/www.pewag.com\/br\/wp-json\/wp\/v2\/types\/page"}],"author":[{"embeddable":true,"href":"https:\/\/www.pewag.com\/br\/wp-json\/wp\/v2\/users\/7"}],"replies":[{"embeddable":true,"href":"https:\/\/www.pewag.com\/br\/wp-json\/wp\/v2\/comments?post=14633"}],"version-history":[{"count":7,"href":"https:\/\/www.pewag.com\/br\/wp-json\/wp\/v2\/pages\/14633\/revisions"}],"predecessor-version":[{"id":23353,"href":"https:\/\/www.pewag.com\/br\/wp-json\/wp\/v2\/pages\/14633\/revisions\/23353"}],"up":[{"embeddable":true,"href":"https:\/\/www.pewag.com\/br\/wp-json\/wp\/v2\/pages\/14631"}],"wp:attachment":[{"href":"https:\/\/www.pewag.com\/br\/wp-json\/wp\/v2\/media?parent=14633"}],"wp:term":[{"taxonomy":"content-type","embeddable":true,"href":"https:\/\/www.pewag.com\/br\/wp-json\/wp\/v2\/content-types?post=14633"}],"curies":[{"name":"wp","href":"https:\/\/api.w.org\/{rel}","templated":true}]}}