{"id":14619,"date":"2024-11-28T13:20:25","date_gmt":"2024-11-28T12:20:25","guid":{"rendered":"https:\/\/www.pewag.com\/?page_id=14619"},"modified":"2025-05-05T11:36:42","modified_gmt":"2025-05-05T09:36:42","slug":"emprego","status":"publish","type":"page","link":"https:\/\/www.pewag.com\/br\/emprego\/","title":{"rendered":"Emprego"},"content":{"rendered":"<div\n\tclass=\"scroll-my-24 bg-blue-900 wrapper-full mt-0 mb-0 pt-20 max-sm:pt-16 pb-0 w-full\"\n\t>\n\t<div class=\"grid md:grid-rows-1 md:grid-cols-[minmax(min-content,1fr)_1fr_1fr]\">\n\t<div class=\"px-4 md:px-10 pb-12 md:pb-24 grid md:flex md:flex-col grid-rows-1 grid-cols-4 order-2 md:order-none justify-end items-start\">\n\t\t<div class='text-md\/5 flex items-baseline gap-1.5 [&amp;&gt;*:nth-child(n+3)]:truncate text-gray-300 mb-4 md:mb-auto md:mt-4 col-span-4'><a href='https:\/\/www.pewag.com\/br\/' aria-label='Home link'>\n\t\t\t<svg xmlns='http:\/\/www.w3.org\/2000\/svg' width='12' height='12' viewBox='0 0 12 12' fill='none'><path d='M2 10.667h2v-4h4v4h2v-6l-4-3-4 3v6ZM.667 12V4L6 0l5.333 4v8H6.667V8H5.333v4H.667Z' fill='currentColor'\/><\/svg> <span><a href=\" https:\/\/www.pewag.com\/br\/ \">Home<\/a><\/span>\n\t\t<\/a><\/div><p class=\"font-sans [&amp;&gt;a]:underline font-synthesis-none break-words hyphens-auto text-3xl md:text-4xl lg:text-5xl leading-normal md:mb-2 col-start-1 col-span-3 text-blue-500\">\n\tEMPREGO<\/p><h2\tdata-slug=\"xn-as-pessoas-so-a-base-do-nosso-sucesso-3cd\"\n\tclass=\"font-display text-balance font-synthesis-none scroll-m-20 break-words hyphens-auto text-9xl md:text-10xl lg:text-11xl leading-none col-start-1 col-span-3 text-white\"\n>\n\tAs pessoas s\u00e3o a base do nosso sucesso.<\/h2>\t<\/div>\n\t<picture\n\t\t\tclass=\"md:col-start-2 md:col-span-2 mb-5 md:mb-0\"\n\t>\n\t\t\t\t\t\t\t\n\t<img\n\t\tsrc=\"https:\/\/www.pewag.com\/wp-content\/uploads\/2024\/12\/Social-Responsibility-and-Corporate-Ethics-at-pewag-scaled-1.jpg\"\n\t\talt=\"\"\n\t\tclass=\"object-cover object-center !aspect-square lg:h-[90vh] lg:w-full object-cover\"\n\t\/>\n<\/picture><\/div><\/div>\n\n<div\n\tclass=\"scroll-my-24 bg-gray-50 wrapper-contained-wide mt-0 mb-0 pt-20 pb-0 w-full\"\n\t>\n\t<\/div>\n\n<div\n\tclass=\"scroll-my-24 bg-gray-50 wrapper-contained-wide mt-0 mb-0 pt-20 pb-20 w-full\"\n\t>\n\t<div class=\"grid grid-cols-8 md:grid-cols-5 md:gap-14\">\n\t<picture\n\t\t\tclass=\"col-span-7 md:translate-x-0 -translate-x-4 md:col-span-3\"\n\t>\n\t\t\t\t\t\t\t\n\t<img\n\t\tsrc=\"https:\/\/www.pewag.com\/wp-content\/uploads\/2024\/11\/Austria-Czech-Germany.jpg\"\n\t\talt=\"\"\n\t\tclass=\"object-cover aspect-3\/2 size-full object-center\"\n\t\/>\n<\/picture>\n\t<div class=\"col-span-8 mt-8 md:mt-16 lg:mt-7 md:col-span-2\">\n\t\t\n<div\n\tclass=\"scroll-my-24 mt-0 mb-0 pt-0 pb-0 w-full\"\n\t>\n\t<svg xmlns='http:\/\/www.w3.org\/2000\/svg' width='40' height='11' viewBox='0 0 40 11' fill='none'><path d='M5.097 10.249c2.815 0 5.097-2.294 5.097-5.125C10.194 2.294 7.912 0 5.097 0 2.282 0 0 2.294 0 5.124c0 2.83 2.282 5.125 5.097 5.125Zm14.846 0c2.814 0 5.096-2.294 5.096-5.125C25.04 2.294 22.757 0 19.943 0c-2.815 0-5.097 2.294-5.097 5.124 0 2.83 2.282 5.125 5.097 5.125Zm14.961 0c2.814 0 5.096-2.294 5.096-5.125C40 2.294 37.718 0 34.904 0c-2.815 0-5.097 2.294-5.097 5.124 0 2.83 2.282 5.125 5.097 5.125Z' fill='#E4032E'\/><\/svg>\n<h2\tdata-slug=\"\"\n\tclass=\"font-display text-balance font-synthesis-none scroll-m-20 break-words hyphens-auto text-3xl md:text-4xl lg:text-5xl leading-normal text-start text-blue-900 [&amp;&gt;a]:text-blue-700 mt-2\"\n>\n\t\u00c9 apaixonado, orientado para o cliente, inovador e tecnicamente orientado?<\/h2><\/div>\n\n<div\n\tclass=\"scroll-my-24 mt-4 mb-4 pt-0 pb-0 w-full\"\n\t>\n\t<p class=\"font-sans [&amp;&gt;a]:underline font-synthesis-none break-words hyphens-auto text-base leading-normal text-start text-black [&amp;&gt;a]:text-blue-700\">\n\tEnt\u00e3o, d\u00ea uma vista de olhos \u00e0s nossas vagas e candidate-se hoje mesmo. As nossas vagas e candidaturas s\u00e3o geridas pelas nossas filiais locais, por isso, para mais informa\u00e7\u00f5es e candidaturas, visite as nossas p\u00e1ginas locais:<\/p><\/div>\n\n<div\n\tclass=\"scroll-my-24 mt-4 mb-4 pt-0 pb-0 w-full\"\n\t>\n\t<a\thref=\"https:\/\/www.pewag.com\/at\/jobs\/#offene-stellen\"target=\"_blank\"rel=\"noopener noreferrer\"class=\"font-sans transition duration-300 flex w-fit items-center focus-visible:ring focus:outline-none text-lg disabled:cursor-default [&amp;&gt;svg]:flex-none max-w-full px-6 border [&amp;&gt;svg]:size-5 gap-2 py-2 rounded-full text-blue-700 border-blue-700 hover:text-blue-800 hover:border-blue-800 disabled:text-gray-300 disabled:border-gray-300 disabled:border focus-visible:ring-blue-500\/30 button\">\n\t\t\t<span class=\"min-w-0 break-words hyphens-auto\">Empregos na \u00c1ustria  \ud83c\udde6\ud83c\uddf9<\/span>\n\t\n\t<\/a><\/div>\n\n<div\n\tclass=\"scroll-my-24 mt-0 mb-4 pt-0 pb-0 w-full\"\n\t>\n\t<a\thref=\"https:\/\/www.pewag.cz\/kariera\/volna-pracovni-mista\/\"target=\"_blank\"rel=\"noopener noreferrer\"class=\"font-sans transition duration-300 flex w-fit items-center focus-visible:ring focus:outline-none text-lg disabled:cursor-default [&amp;&gt;svg]:flex-none max-w-full px-6 border [&amp;&gt;svg]:size-5 gap-2 py-2 rounded-full text-blue-700 border-blue-700 hover:text-blue-800 hover:border-blue-800 disabled:text-gray-300 disabled:border-gray-300 disabled:border focus-visible:ring-blue-500\/30 button\">\n\t\t\t<span class=\"min-w-0 break-words hyphens-auto\">Empregos na Rep\u00fablica Checa  \ud83c\udde8\ud83c\uddff <\/span>\n\t\n\t<\/a><\/div>\n\n<div\n\tclass=\"scroll-my-24 mt-2 mb-4 pt-0 pb-0 w-full\"\n\t>\n\t<a\thref=\"https:\/\/www.pewag.com\/de\/jobs\/#offene-stellen\"target=\"_blank\"rel=\"noopener noreferrer\"class=\"font-sans transition duration-300 flex w-fit items-center focus-visible:ring focus:outline-none text-lg disabled:cursor-default [&amp;&gt;svg]:flex-none max-w-full px-6 border [&amp;&gt;svg]:size-5 gap-2 py-2 rounded-full text-blue-700 border-blue-700 hover:text-blue-800 hover:border-blue-800 disabled:text-gray-300 disabled:border-gray-300 disabled:border focus-visible:ring-blue-500\/30 button\">\n\t\t\t<span class=\"min-w-0 break-words hyphens-auto\">Empregos na Alemanha \ud83c\udde9\ud83c\uddea<\/span>\n\t\n\t<\/a><\/div>\n\n<div\n\tclass=\"scroll-my-24 mt-4 mb-0 pt-0 pb-0 w-full\"\n\t>\n\t<p class=\"font-sans [&amp;&gt;a]:underline font-synthesis-none break-words hyphens-auto text-base leading-normal text-start text-black [&amp;&gt;a]:text-blue-700\">\n\tSe n\u00e3o existir uma vaga adequada, aguardamos com expetativa a sua candidatura espont\u00e2nea.<\/p><\/div>\n\t<\/div>\n<\/div><\/div>\n\n<div\n\tclass=\"scroll-my-24 bg-gray-50 wrapper-contained-wide mt-0 mb-0 pt-20 pb-0 w-full\"\n\t>\n\t<\/div>","protected":false},"excerpt":{"rendered":"","protected":false},"author":7,"featured_media":0,"parent":0,"menu_order":0,"comment_status":"closed","ping_status":"closed","template":"","meta":{"pewag_navigation_theme_dark_use":true,"footnotes":""},"content-types":[],"class_list":["post-14619","page","type-page","status-publish","hentry"],"yoast_head":"<!-- This site is optimized with the Yoast SEO plugin v27.2 - https:\/\/yoast.com\/product\/yoast-seo-wordpress\/ -->\n<title>Emprego - pewag<\/title>\n<meta name=\"robots\" content=\"index, follow, max-snippet:-1, max-image-preview:large, max-video-preview:-1\" \/>\n<link rel=\"canonical\" href=\"https:\/\/www.pewag.com\/br\/emprego\/\" \/>\n<meta property=\"og:locale\" content=\"pt_BR\" \/>\n<meta property=\"og:type\" content=\"article\" \/>\n<meta property=\"og:title\" content=\"Emprego - pewag\" \/>\n<meta property=\"og:url\" content=\"https:\/\/www.pewag.com\/br\/emprego\/\" \/>\n<meta property=\"og:site_name\" content=\"pewag\" \/>\n<meta property=\"article:modified_time\" content=\"2025-05-05T09:36:42+00:00\" \/>\n<meta name=\"twitter:card\" content=\"summary_large_image\" \/>\n<meta name=\"twitter:label1\" content=\"Est. reading time\" \/>\n\t<meta name=\"twitter:data1\" content=\"2 minutes\" \/>\n<script type=\"application\/ld+json\" class=\"yoast-schema-graph\">{\"@context\":\"https:\/\/schema.org\",\"@graph\":[{\"@type\":\"WebPage\",\"@id\":\"https:\/\/www.pewag.com\/br\/emprego\/\",\"url\":\"https:\/\/www.pewag.com\/br\/emprego\/\",\"name\":\"Emprego - pewag\",\"isPartOf\":{\"@id\":\"https:\/\/www.pewag.com\/#website\"},\"datePublished\":\"2024-11-28T12:20:25+00:00\",\"dateModified\":\"2025-05-05T09:36:42+00:00\",\"breadcrumb\":{\"@id\":\"https:\/\/www.pewag.com\/br\/emprego\/#breadcrumb\"},\"inLanguage\":\"pe-BR\",\"potentialAction\":[{\"@type\":\"ReadAction\",\"target\":[\"https:\/\/www.pewag.com\/br\/emprego\/\"]}]},{\"@type\":\"BreadcrumbList\",\"@id\":\"https:\/\/www.pewag.com\/br\/emprego\/#breadcrumb\",\"itemListElement\":[{\"@type\":\"ListItem\",\"position\":1,\"name\":\"Home\",\"item\":\"https:\/\/www.pewag.com\/br\/\"},{\"@type\":\"ListItem\",\"position\":2,\"name\":\"Emprego\"}]},{\"@type\":\"WebSite\",\"@id\":\"https:\/\/www.pewag.com\/#website\",\"url\":\"https:\/\/www.pewag.com\/\",\"name\":\"pewag\",\"description\":\"\",\"potentialAction\":[{\"@type\":\"SearchAction\",\"target\":{\"@type\":\"EntryPoint\",\"urlTemplate\":\"https:\/\/www.pewag.com\/?s={search_term_string}\"},\"query-input\":{\"@type\":\"PropertyValueSpecification\",\"valueRequired\":true,\"valueName\":\"search_term_string\"}}],\"inLanguage\":\"pe-BR\"}]}<\/script>\n<!-- \/ Yoast SEO plugin. -->","yoast_head_json":{"title":"Emprego - pewag","robots":{"index":"index","follow":"follow","max-snippet":"max-snippet:-1","max-image-preview":"max-image-preview:large","max-video-preview":"max-video-preview:-1"},"canonical":"https:\/\/www.pewag.com\/br\/emprego\/","og_locale":"pt_BR","og_type":"article","og_title":"Emprego - pewag","og_url":"https:\/\/www.pewag.com\/br\/emprego\/","og_site_name":"pewag","article_modified_time":"2025-05-05T09:36:42+00:00","twitter_card":"summary_large_image","twitter_misc":{"Est. reading time":"2 minutes"},"schema":{"@context":"https:\/\/schema.org","@graph":[{"@type":"WebPage","@id":"https:\/\/www.pewag.com\/br\/emprego\/","url":"https:\/\/www.pewag.com\/br\/emprego\/","name":"Emprego - pewag","isPartOf":{"@id":"https:\/\/www.pewag.com\/#website"},"datePublished":"2024-11-28T12:20:25+00:00","dateModified":"2025-05-05T09:36:42+00:00","breadcrumb":{"@id":"https:\/\/www.pewag.com\/br\/emprego\/#breadcrumb"},"inLanguage":"pe-BR","potentialAction":[{"@type":"ReadAction","target":["https:\/\/www.pewag.com\/br\/emprego\/"]}]},{"@type":"BreadcrumbList","@id":"https:\/\/www.pewag.com\/br\/emprego\/#breadcrumb","itemListElement":[{"@type":"ListItem","position":1,"name":"Home","item":"https:\/\/www.pewag.com\/br\/"},{"@type":"ListItem","position":2,"name":"Emprego"}]},{"@type":"WebSite","@id":"https:\/\/www.pewag.com\/#website","url":"https:\/\/www.pewag.com\/","name":"pewag","description":"","potentialAction":[{"@type":"SearchAction","target":{"@type":"EntryPoint","urlTemplate":"https:\/\/www.pewag.com\/?s={search_term_string}"},"query-input":{"@type":"PropertyValueSpecification","valueRequired":true,"valueName":"search_term_string"}}],"inLanguage":"pe-BR"}]}},"_links":{"self":[{"href":"https:\/\/www.pewag.com\/br\/wp-json\/wp\/v2\/pages\/14619","targetHints":{"allow":["GET"]}}],"collection":[{"href":"https:\/\/www.pewag.com\/br\/wp-json\/wp\/v2\/pages"}],"about":[{"href":"https:\/\/www.pewag.com\/br\/wp-json\/wp\/v2\/types\/page"}],"author":[{"embeddable":true,"href":"https:\/\/www.pewag.com\/br\/wp-json\/wp\/v2\/users\/7"}],"replies":[{"embeddable":true,"href":"https:\/\/www.pewag.com\/br\/wp-json\/wp\/v2\/comments?post=14619"}],"version-history":[{"count":2,"href":"https:\/\/www.pewag.com\/br\/wp-json\/wp\/v2\/pages\/14619\/revisions"}],"predecessor-version":[{"id":19300,"href":"https:\/\/www.pewag.com\/br\/wp-json\/wp\/v2\/pages\/14619\/revisions\/19300"}],"wp:attachment":[{"href":"https:\/\/www.pewag.com\/br\/wp-json\/wp\/v2\/media?parent=14619"}],"wp:term":[{"taxonomy":"content-type","embeddable":true,"href":"https:\/\/www.pewag.com\/br\/wp-json\/wp\/v2\/content-types?post=14619"}],"curies":[{"name":"wp","href":"https:\/\/api.w.org\/{rel}","templated":true}]}}