{"id":17773,"date":"2024-09-17T14:30:33","date_gmt":"2024-09-17T12:30:33","guid":{"rendered":"https:\/\/www.pewag.com\/?page_id=17773"},"modified":"2025-03-26T10:21:50","modified_gmt":"2025-03-26T09:21:50","slug":"datenschutzerklarung","status":"publish","type":"page","link":"https:\/\/www.pewag.com\/at\/datenschutzerklarung\/","title":{"rendered":"Datenschutzerkl\u00e4rung"},"content":{"rendered":"<div\n\tclass=\"scroll-my-24 wrapper-contained mt-20 mb-4 pt-0 pb-0 w-full\"\n\t>\n\t<h2\tdata-slug=\"xn-datenschutzerklrung-uwb\"\n\tclass=\"font-display text-balance font-synthesis-none scroll-m-20 break-words hyphens-auto text-6xl md:text-7xl leading-tight text-start text-black [&amp;&gt;a]:text-blue-700\"\n>\n\tDatenschutzerkl\u00e4rung<\/h2><\/div>\n\n<div\n\tclass=\"scroll-my-24 wrapper-contained mt-8 mb-0 pt-0 pb-0 w-3\/4\"\n\t>\n\t<p class=\"font-sans [&amp;&gt;a]:underline font-synthesis-none break-words hyphens-auto text-base leading-normal text-start text-black [&amp;&gt;a]:text-blue-700\">\n\tCopyright \u00a9 by pewag International GmbH.<br>All rights reserved, worldwide.<br><br><a href=\"https:\/\/www.pewag.com\/at\/impressum\/\" target=\"_blank\" rel=\"noreferrer noopener\">Impressum<\/a><br><br><strong>Hinweis zum Datenschutz<br><\/strong>Diese Website wird von der pewag International GmbH, Gaslaternenweg 4, 8041 Graz (\u201ewir\u201c oder \u201euns\u201c) betrieben. Dieser Hinweis beschreibt, wie wir als Verantwortlicher Ihre personenbezogenen Daten im Zusammenhang mit dieser Website verarbeiten.<br><br><strong>1. Welche Sie betreffenden Daten verarbeiten wir?<\/strong><br><strong><br><\/strong>Im Zuge Ihres Besuchs auf dieser Website erheben wir die folgenden Informationen: <\/p><\/div>\n\n<div\n\tclass=\"scroll-my-24 wrapper-contained mt-0 mb-0 pt-0 pb-0 w-full\"\n\t>\n\t<ul\tclass=\"font-sans [&amp;&gt;a]:underline font-synthesis-none text-base leading-normal list-disc ml-[1.125em] marker:text-red-700 text-black\"\n>\n\t<li>Datum und Uhrzeit des Zugriffs<\/li><li>Ihre IP-Adresse<\/li><li>Name und Version des Browsers<\/li><li>die URL der Website, die Sie zuvor besucht haben<\/li><li>Cookies (siehe Abschnitt 2 unten)<\/li><li>Informationen, die Sie \u00fcber Kontaktformulare oder durch die Registrierung in unserem Online-Shop bereitstellen<\/li><\/ul><\/div>\n\n<div\n\tclass=\"scroll-my-24 wrapper-contained mt-0 mb-4 pt-0 pb-0 w-3\/4\"\n\t>\n\t<p class=\"font-sans [&amp;&gt;a]:underline font-synthesis-none break-words hyphens-auto text-base leading-normal text-start text-black [&amp;&gt;a]:text-blue-700\">\n\tDie Angabe der angeforderten Daten ist freiwillig; wenn Sie dies jedoch nicht tun, kann dies Ihre M\u00f6glichkeiten einschr\u00e4nken, auf bestimmte Funktionen der Website zuzugreifen.<br><\/p><\/div>\n\n<div\n\tclass=\"scroll-my-24 wrapper-contained mt-8 mb-2 pt-0 pb-0 w-3\/4\"\n\t>\n\t<p class=\"font-sans [&amp;&gt;a]:underline font-synthesis-none break-words hyphens-auto text-base leading-normal text-start text-black [&amp;&gt;a]:text-blue-700\">\n\t<strong>2. Cookies<br><\/strong><br>Wir verwenden Cookies, um Ihre Erfahrung auf unserer Website zu verbessern. Ein Cookie ist eine kleine Textdatei, die auf Ihrem Computer gespeichert wird. Diese Cookies erleichtern die Navigation auf der Website, merken sich, wo Sie aufgeh\u00f6rt haben, und speichern Ihre Einstellungen f\u00fcr zuk\u00fcnftige Besuche. Cookies k\u00f6nnen nicht auf Daten auf Ihrem Ger\u00e4t zugreifen oder diese \u00e4ndern.<\/p><\/div>\n\n<div\n\tclass=\"scroll-my-24 wrapper-contained mt-0 mb-2 pt-0 pb-2 w-full\"\n\t>\n\t<ul\tclass=\"font-sans [&amp;&gt;a]:underline font-synthesis-none text-base leading-normal list-disc ml-[1.125em] marker:text-red-700 text-black\"\n>\n\t<li>Die meisten Cookies sind Sitzungscookies und werden gel\u00f6scht, sobald Sie unsere Website verlassen.<\/li><li>Permanente Cookies bleiben bis zur manuellen L\u00f6schung in Ihrem Browser bestehen und helfen uns, Sie bei zuk\u00fcnftigen Besuchen wiederzuerkennen.<\/li><\/ul><\/div>\n\n<div\n\tclass=\"scroll-my-24 wrapper-contained mt-0 mb-0 pt-0 pb-0 w-3\/4\"\n\t>\n\t<p class=\"font-sans [&amp;&gt;a]:underline font-synthesis-none break-words hyphens-auto text-base leading-normal text-start text-black [&amp;&gt;a]:text-blue-700\">\n\tUm Cookies zu verwalten, passen Sie Ihre Browsereinstellungen an, um Benachrichtigungen zu erhalten, Cookies zu blockieren oder zu l\u00f6schen. Beachten Sie, dass die Deaktivierung von Cookies Ihre Online-Erfahrung beeintr\u00e4chtigen und die Funktionalit\u00e4t der Website einschr\u00e4nken kann.<br><br><br>Wir verwenden die folgenden Arten von Cookies:<\/p><\/div>\n\n<div\n\tclass=\"scroll-my-24 wrapper-contained mt-0 mb-4 pt-0 pb-0 w-full\"\n\t>\n\t<ul\tclass=\"font-sans [&amp;&gt;a]:underline font-synthesis-none text-base leading-normal list-disc ml-[1.125em] marker:text-red-700 text-black\"\n>\n\t<li>Notwendige Cookies<\/li><li>Analytische Cookies<\/li><li>Marketing Cookies<\/li><\/ul><\/div>\n\n<div\n\tclass=\"scroll-my-24 wrapper-contained mt-0 mb-4 pt-0 pb-0 w-full\"\n\t>\n\t<\/div>\n\n<div\n\tclass=\"scroll-my-24 wrapper-contained mt-8 mb-0 pt-0 pb-0 w-3\/4\"\n\t>\n\t<p class=\"font-sans [&amp;&gt;a]:underline font-synthesis-none break-words hyphens-auto text-base leading-normal text-start text-black [&amp;&gt;a]:text-blue-700\">\n\t<strong>3. Zweck der Datenverarbeitung<br><\/strong><br>Ihre personenbezogenen Daten werden f\u00fcr folgende Zwecke verarbeitet:<\/p><\/div>\n\n<div\n\tclass=\"scroll-my-24 wrapper-contained mt-0 mb-4 pt-0 pb-0 w-full\"\n\t>\n\t<ul\tclass=\"font-sans [&amp;&gt;a]:underline font-synthesis-none text-base leading-normal list-disc ml-[1.125em] marker:text-red-700 text-black\"\n>\n\t<li>Bereitstellung, Verbesserung und Weiterentwicklung unserer Website<\/li><li>Erfassung von Nutzungsstatistiken<\/li><li>Erkennung, Verhinderung und Untersuchung von Verst\u00f6\u00dfen gegen die Website<\/li><li>Beantwortung Ihrer Anfragen<\/li><li>Identifizierung als Browser oder Kunde in unserem Online-Shop<\/li><\/ul><\/div>\n\n<div\n\tclass=\"scroll-my-24 wrapper-contained mt-8 mb-0 pt-0 pb-0 w-3\/4\"\n\t>\n\t<p class=\"font-sans [&amp;&gt;a]:underline font-synthesis-none break-words hyphens-auto text-base leading-normal text-start text-black [&amp;&gt;a]:text-blue-700\">\n\t<br><strong>4. <strong>Rechtsgrundlagen f\u00fcr die Verarbeitung<\/strong><br><\/strong><br>Die Verarbeitung Ihrer personenbezogenen Daten basiert auf unseren berechtigten Interessen gem\u00e4\u00df Artikel 6 Absatz 1 Buchstabe f der EU-Datenschutz-Grundverordnung (DSGVO), wie in Abschnitt 3 oben dargelegt.<br><br><br><strong><strong>5. \u00dcbermittlung Ihrer personenbezogenen Daten<\/strong><\/strong><br><br>Zu den genannten Zwecken k\u00f6nnen wir Ihre Daten an folgende Empf\u00e4nger weitergeben:<\/p><\/div>\n\n<div\n\tclass=\"scroll-my-24 wrapper-contained mt-0 mb-0 pt-0 pb-0 w-full\"\n\t>\n\t<ul\tclass=\"font-sans [&amp;&gt;a]:underline font-synthesis-none text-base leading-normal list-disc ml-[1.125em] marker:text-red-700 text-black\"\n>\n\t<li>IT-Dienstleister, die wir beauftragen<\/li><li>[Weitere Empf\u00e4ngerkategorien nach Bedarf]<\/li><\/ul><\/div>\n\n<div\n\tclass=\"scroll-my-24 wrapper-contained mt-0 mb-0 pt-0 pb-0 w-3\/4\"\n\t>\n\t<p class=\"font-sans [&amp;&gt;a]:underline font-synthesis-none break-words hyphens-auto text-base leading-normal text-start text-black [&amp;&gt;a]:text-blue-700\">\n\t<br>Einige Empf\u00e4nger k\u00f6nnen sich au\u00dferhalb Ihres Landes befinden. Wir \u00fcbermitteln Daten nur in L\u00e4nder, die nach Ansicht der EU-Kommission \u00fcber einen angemessenen Datenschutz verf\u00fcgen, oder wir setzen Sicherheitsvorkehrungen wie Standardvertragsklauseln (2010\/87\/EG und\/oder 2004\/915\/EG) ein. Diese k\u00f6nnen unter dataprotection@pewag.com angefordert werden.<br><br><strong><strong>6. Dauer der Speicherung<\/strong><\/strong><br><br>Wir speichern Ihre Daten maximal drei Monate lang, es sei denn, eine l\u00e4ngere Speicherung ist f\u00fcr die Untersuchung von Verst\u00f6\u00dfen gegen die Website erforderlich. Bei registrierten Benutzern speichern wir die Daten f\u00fcr die Dauer des Bestehens Ihres Kontos und danach nur so lange, wie gesetzlich vorgeschrieben.<br><br><br><strong><strong>7. Ihre Rechte in Bezug auf personenbezogene Daten<\/strong><\/strong><br><br>Sie haben das Recht auf:<\/p><\/div>\n\n<div\n\tclass=\"scroll-my-24 wrapper-contained mt-0 mb-4 pt-0 pb-0 w-full\"\n\t>\n\t<ul\tclass=\"font-sans [&amp;&gt;a]:underline font-synthesis-none text-base leading-normal list-disc ml-[1.125em] marker:text-red-700 text-black\"\n>\n\t<li>Best\u00e4tigen, ob wir Ihre personenbezogenen Daten speichern, und Kopien davon erhalten<\/li><li>Die Berichtigung, Erg\u00e4nzung oder L\u00f6schung Ihrer Daten verlangen, wenn diese falsch sind oder unrechtm\u00e4\u00dfig verarbeitet werden<\/li><li>Die Einschr\u00e4nkung der Verarbeitung verlangen<\/li><li>Die Identit\u00e4t von Dritten kennen, an die Ihre Daten \u00fcbermittelt wurden<\/li><li>Eine Beschwerde bei der zust\u00e4ndigen Datenschutzbeh\u00f6rde einreichen<br><\/li><\/ul><\/div>\n\n<div\n\tclass=\"scroll-my-24 wrapper-contained mt-8 mb-0 pt-0 pb-20 w-3\/4\"\n\t>\n\t<p class=\"font-sans [&amp;&gt;a]:underline font-synthesis-none break-words hyphens-auto text-base leading-normal text-start text-black [&amp;&gt;a]:text-blue-700\">\n\t<strong><strong>8. Unsere Kontaktinformationen<\/strong><\/strong><br><br>Bei Fragen oder Bedenken bez\u00fcglich Ihrer personenbezogenen Daten kontaktieren Sie uns bitte unter:<br><br>pewag International GmbH<br>Gaslaternenweg 4, 8041 Graz, \u00d6sterreich<br>E-Mail: webmaster(at)pewag.com<br><br>Bei Fragen zum Datenschutz wenden Sie sich bitte an unseren Datenschutzkoordinator: dataprotection(at)pewag.com.<br><br><strong>Zuletzt aktualisiert: 20. Mai 2018<\/strong><\/p><\/div>","protected":false},"excerpt":{"rendered":"","protected":false},"author":3,"featured_media":0,"parent":0,"menu_order":0,"comment_status":"closed","ping_status":"closed","template":"","meta":{"pewag_navigation_theme_dark_use":false,"footnotes":""},"content-types":[27],"class_list":["post-17773","page","type-page","status-publish","hentry","content-type-legal-content"],"yoast_head":"<!-- This site is optimized with the Yoast SEO plugin v27.2 - https:\/\/yoast.com\/product\/yoast-seo-wordpress\/ -->\n<title>Datenschutzerkl\u00e4rung - pewag<\/title>\n<meta name=\"robots\" content=\"index, follow, max-snippet:-1, max-image-preview:large, max-video-preview:-1\" \/>\n<link rel=\"canonical\" href=\"https:\/\/www.pewag.com\/at\/datenschutzerklarung\/\" \/>\n<meta property=\"og:locale\" content=\"de_DE\" \/>\n<meta property=\"og:type\" content=\"article\" \/>\n<meta property=\"og:title\" content=\"Datenschutzerkl\u00e4rung - pewag\" \/>\n<meta property=\"og:url\" content=\"https:\/\/www.pewag.com\/at\/datenschutzerklarung\/\" \/>\n<meta property=\"og:site_name\" content=\"pewag\" \/>\n<meta property=\"article:modified_time\" content=\"2025-03-26T09:21:50+00:00\" \/>\n<meta name=\"twitter:card\" content=\"summary_large_image\" \/>\n<script type=\"application\/ld+json\" class=\"yoast-schema-graph\">{\"@context\":\"https:\/\/schema.org\",\"@graph\":[{\"@type\":\"WebPage\",\"@id\":\"https:\/\/www.pewag.com\/at\/datenschutzerklarung\/\",\"url\":\"https:\/\/www.pewag.com\/at\/datenschutzerklarung\/\",\"name\":\"Datenschutzerkl\u00e4rung - pewag\",\"isPartOf\":{\"@id\":\"https:\/\/www.pewag.com\/#website\"},\"datePublished\":\"2024-09-17T12:30:33+00:00\",\"dateModified\":\"2025-03-26T09:21:50+00:00\",\"breadcrumb\":{\"@id\":\"https:\/\/www.pewag.com\/at\/datenschutzerklarung\/#breadcrumb\"},\"inLanguage\":\"at-DE\",\"potentialAction\":[{\"@type\":\"ReadAction\",\"target\":[\"https:\/\/www.pewag.com\/at\/datenschutzerklarung\/\"]}]},{\"@type\":\"BreadcrumbList\",\"@id\":\"https:\/\/www.pewag.com\/at\/datenschutzerklarung\/#breadcrumb\",\"itemListElement\":[{\"@type\":\"ListItem\",\"position\":1,\"name\":\"Home\",\"item\":\"https:\/\/www.pewag.com\/at\/\"},{\"@type\":\"ListItem\",\"position\":2,\"name\":\"Datenschutzerkl\u00e4rung\"}]},{\"@type\":\"WebSite\",\"@id\":\"https:\/\/www.pewag.com\/#website\",\"url\":\"https:\/\/www.pewag.com\/\",\"name\":\"pewag\",\"description\":\"\",\"potentialAction\":[{\"@type\":\"SearchAction\",\"target\":{\"@type\":\"EntryPoint\",\"urlTemplate\":\"https:\/\/www.pewag.com\/?s={search_term_string}\"},\"query-input\":{\"@type\":\"PropertyValueSpecification\",\"valueRequired\":true,\"valueName\":\"search_term_string\"}}],\"inLanguage\":\"at-DE\"}]}<\/script>\n<!-- \/ Yoast SEO plugin. -->","yoast_head_json":{"title":"Datenschutzerkl\u00e4rung - pewag","robots":{"index":"index","follow":"follow","max-snippet":"max-snippet:-1","max-image-preview":"max-image-preview:large","max-video-preview":"max-video-preview:-1"},"canonical":"https:\/\/www.pewag.com\/at\/datenschutzerklarung\/","og_locale":"de_DE","og_type":"article","og_title":"Datenschutzerkl\u00e4rung - pewag","og_url":"https:\/\/www.pewag.com\/at\/datenschutzerklarung\/","og_site_name":"pewag","article_modified_time":"2025-03-26T09:21:50+00:00","twitter_card":"summary_large_image","schema":{"@context":"https:\/\/schema.org","@graph":[{"@type":"WebPage","@id":"https:\/\/www.pewag.com\/at\/datenschutzerklarung\/","url":"https:\/\/www.pewag.com\/at\/datenschutzerklarung\/","name":"Datenschutzerkl\u00e4rung - pewag","isPartOf":{"@id":"https:\/\/www.pewag.com\/#website"},"datePublished":"2024-09-17T12:30:33+00:00","dateModified":"2025-03-26T09:21:50+00:00","breadcrumb":{"@id":"https:\/\/www.pewag.com\/at\/datenschutzerklarung\/#breadcrumb"},"inLanguage":"at-DE","potentialAction":[{"@type":"ReadAction","target":["https:\/\/www.pewag.com\/at\/datenschutzerklarung\/"]}]},{"@type":"BreadcrumbList","@id":"https:\/\/www.pewag.com\/at\/datenschutzerklarung\/#breadcrumb","itemListElement":[{"@type":"ListItem","position":1,"name":"Home","item":"https:\/\/www.pewag.com\/at\/"},{"@type":"ListItem","position":2,"name":"Datenschutzerkl\u00e4rung"}]},{"@type":"WebSite","@id":"https:\/\/www.pewag.com\/#website","url":"https:\/\/www.pewag.com\/","name":"pewag","description":"","potentialAction":[{"@type":"SearchAction","target":{"@type":"EntryPoint","urlTemplate":"https:\/\/www.pewag.com\/?s={search_term_string}"},"query-input":{"@type":"PropertyValueSpecification","valueRequired":true,"valueName":"search_term_string"}}],"inLanguage":"at-DE"}]}},"_links":{"self":[{"href":"https:\/\/www.pewag.com\/at\/wp-json\/wp\/v2\/pages\/17773","targetHints":{"allow":["GET"]}}],"collection":[{"href":"https:\/\/www.pewag.com\/at\/wp-json\/wp\/v2\/pages"}],"about":[{"href":"https:\/\/www.pewag.com\/at\/wp-json\/wp\/v2\/types\/page"}],"author":[{"embeddable":true,"href":"https:\/\/www.pewag.com\/at\/wp-json\/wp\/v2\/users\/3"}],"replies":[{"embeddable":true,"href":"https:\/\/www.pewag.com\/at\/wp-json\/wp\/v2\/comments?post=17773"}],"version-history":[{"count":1,"href":"https:\/\/www.pewag.com\/at\/wp-json\/wp\/v2\/pages\/17773\/revisions"}],"predecessor-version":[{"id":17774,"href":"https:\/\/www.pewag.com\/at\/wp-json\/wp\/v2\/pages\/17773\/revisions\/17774"}],"wp:attachment":[{"href":"https:\/\/www.pewag.com\/at\/wp-json\/wp\/v2\/media?parent=17773"}],"wp:term":[{"taxonomy":"content-type","embeddable":true,"href":"https:\/\/www.pewag.com\/at\/wp-json\/wp\/v2\/content-types?post=17773"}],"curies":[{"name":"wp","href":"https:\/\/api.w.org\/{rel}","templated":true}]}}